{"id":116,"date":"2022-04-13T03:25:59","date_gmt":"2022-04-13T03:25:59","guid":{"rendered":"https:\/\/demo3.drfuri.com\/motta\/?page_id=116"},"modified":"2026-05-02T00:53:14","modified_gmt":"2026-05-02T00:53:14","slug":"kontakti","status":"publish","type":"page","link":"https:\/\/emeniro.lovehorses.lv\/ru\/kontakti\/","title":{"rendered":"\u041a\u043e\u043d\u0442\u0430\u043a\u0442\u044b"},"content":{"rendered":"<div data-elementor-type=\"wp-page\" data-elementor-id=\"116\" class=\"elementor elementor-116\">\n\t\t\t\t\t\t<section class=\"elementor-section elementor-top-section elementor-element elementor-element-78d90eb1 elementor-section-stretched elementor-section-boxed elementor-section-height-default elementor-section-height-default motta-responsive-column motta-tablet-column--default motta-responsive-column motta-mobile-column--default\" data-id=\"78d90eb1\" data-element_type=\"section\" data-e-type=\"section\" data-settings=\"{&quot;stretch_section&quot;:&quot;section-stretched&quot;,&quot;background_background&quot;:&quot;classic&quot;}\">\n\t\t\t\t\t\t<div class=\"elementor-container elementor-column-gap-default\">\n\t\t\t\t\t<div class=\"elementor-column elementor-col-100 elementor-top-column elementor-element elementor-element-71889d4b\" data-id=\"71889d4b\" data-element_type=\"column\" data-e-type=\"column\">\n\t\t\t<div class=\"elementor-widget-wrap elementor-element-populated\">\n\t\t\t\t\t\t<div class=\"elementor-element elementor-element-6e818139 elementor-widget elementor-widget-motta-heading\" data-id=\"6e818139\" data-element_type=\"widget\" data-e-type=\"widget\" data-widget_type=\"motta-heading.default\">\n\t\t\t\t<div class=\"elementor-widget-container\">\n\t\t\t\t\t\t\t<div class=\"motta-heading-elementor motta-heading__button-on\">\n\t\t\t\t<h2 class=\"motta-heading motta-heading--default\">\n\t\t\t\t\t\u041a\u043e\u043d\u0442\u0430\u043a\u0442\u044b\t\t\t\t<\/h2>\n\t\t\t\t\t\t\t<\/div>\n\t\t\t\t\t\t<\/div>\n\t\t\t\t<\/div>\n\t\t\t\t\t<\/div>\n\t\t<\/div>\n\t\t\t\t\t<\/div>\n\t\t<\/section>\n\t\t\t\t<section class=\"elementor-section elementor-top-section elementor-element elementor-element-5ea66e89 elementor-section-boxed elementor-section-height-default elementor-section-height-default motta-responsive-column motta-tablet-column--default motta-responsive-column motta-mobile-column--default\" data-id=\"5ea66e89\" data-element_type=\"section\" data-e-type=\"section\">\n\t\t\t\t\t\t<div class=\"elementor-container elementor-column-gap-default\">\n\t\t\t\t\t<div class=\"elementor-column elementor-col-33 elementor-top-column elementor-element elementor-element-52a4b572\" data-id=\"52a4b572\" data-element_type=\"column\" data-e-type=\"column\">\n\t\t\t<div class=\"elementor-widget-wrap elementor-element-populated\">\n\t\t\t\t\t\t<div class=\"elementor-element elementor-element-993e01d elementor-widget elementor-widget-image\" data-id=\"993e01d\" data-element_type=\"widget\" data-e-type=\"widget\" data-widget_type=\"image.default\">\n\t\t\t\t\t\t\t\t\t\t\t\t\t\t\t<img decoding=\"async\" width=\"221\" height=\"50\" src=\"https:\/\/emeniro.lovehorses.lv\/wp-content\/uploads\/2026\/05\/logo_continent_5nwv-jh.jpg\" class=\"attachment-large size-large wp-image-48271\" alt=\"\" \/>\t\t\t\t\t\t\t\t\t\t\t\t\t\t\t<\/div>\n\t\t\t\t\t<\/div>\n\t\t<\/div>\n\t\t\t\t<div class=\"elementor-column elementor-col-33 elementor-top-column elementor-element elementor-element-3abe5718\" data-id=\"3abe5718\" data-element_type=\"column\" data-e-type=\"column\">\n\t\t\t<div class=\"elementor-widget-wrap elementor-element-populated\">\n\t\t\t\t\t\t<div class=\"elementor-element elementor-element-400f9fe3 elementor-widget elementor-widget-motta-heading\" data-id=\"400f9fe3\" data-element_type=\"widget\" data-e-type=\"widget\" data-widget_type=\"motta-heading.default\">\n\t\t\t\t<div class=\"elementor-widget-container\">\n\t\t\t\t\t\t\t<div class=\"motta-heading-elementor motta-heading__button-on\">\n\t\t\t\t<h2 class=\"motta-heading motta-heading--default\">\n\t\t\t\t\tSIA \u201eINTERSOLES\u201d\t\t\t\t<\/h2>\n\t\t\t\t\t\t\t<\/div>\n\t\t\t\t\t\t<\/div>\n\t\t\t\t<\/div>\n\t\t\t\t<div class=\"elementor-element elementor-element-6214f187 elementor-widget elementor-widget-motta-heading\" data-id=\"6214f187\" data-element_type=\"widget\" data-e-type=\"widget\" data-widget_type=\"motta-heading.default\">\n\t\t\t\t<div class=\"elementor-widget-container\">\n\t\t\t\t\t\t\t<div class=\"motta-heading-elementor motta-heading__button-on\">\n\t\t\t\t<h3 class=\"motta-heading motta-heading--default\">\n\t\t\t\t\t\u0410\u0434\u0440\u0435\u0441: J\u016brmala, Nomet\u0146u 11-92\t\t\t\t<\/h3>\n\t\t\t\t\t\t\t<\/div>\n\t\t\t\t\t\t<\/div>\n\t\t\t\t<\/div>\n\t\t\t\t<div class=\"elementor-element elementor-element-450b7531 elementor-widget elementor-widget-motta-heading\" data-id=\"450b7531\" data-element_type=\"widget\" data-e-type=\"widget\" data-widget_type=\"motta-heading.default\">\n\t\t\t\t<div class=\"elementor-widget-container\">\n\t\t\t\t\t\t\t<div class=\"motta-heading-elementor motta-heading__button-on\">\n\t\t\t\t<h2 class=\"motta-heading motta-heading--default\">\n\t\t\t\t\t\u042d-\u043f\u043e\u0447\u0442\u0430:  <a href=\"mailto:info@continent.lv\" style=\"text-decoration: underline\">info@continent.lv<\/a><br>\n\u0422\u0435\u043b\u0435\u0444\u043e\u043d:<a href=\"tel:+37127793450\" style=\"text-decoration: underline\">+37127793450<\/a>\n<a href=\"tel:+37127793451\" style=\"text-decoration: underline\">+37127793451<\/a>\t\t\t\t<\/h2>\n\t\t\t\t\t\t\t<\/div>\n\t\t\t\t\t\t<\/div>\n\t\t\t\t<\/div>\n\t\t\t\t\t<\/div>\n\t\t<\/div>\n\t\t\t\t<div class=\"elementor-column elementor-col-33 elementor-top-column elementor-element elementor-element-f53c154\" data-id=\"f53c154\" data-element_type=\"column\" data-e-type=\"column\">\n\t\t\t<div class=\"elementor-widget-wrap elementor-element-populated\">\n\t\t\t\t\t\t<div class=\"elementor-element elementor-element-c046747 elementor-widget elementor-widget-motta-heading\" data-id=\"c046747\" data-element_type=\"widget\" data-e-type=\"widget\" data-widget_type=\"motta-heading.default\">\n\t\t\t\t<div class=\"elementor-widget-container\">\n\t\t\t\t\t\t\t<div class=\"motta-heading-elementor motta-heading__button-on\">\n\t\t\t\t<h2 class=\"motta-heading motta-heading--default\">\n\t\t\t\t\tVeikala konsultantu darba laiks:\t\t\t\t<\/h2>\n\t\t\t\t\t\t\t<\/div>\n\t\t\t\t\t\t<\/div>\n\t\t\t\t<\/div>\n\t\t\t\t<div class=\"elementor-element elementor-element-63839d6 elementor-widget elementor-widget-motta-heading\" data-id=\"63839d6\" data-element_type=\"widget\" data-e-type=\"widget\" data-widget_type=\"motta-heading.default\">\n\t\t\t\t<div class=\"elementor-widget-container\">\n\t\t\t\t\t\t\t<div class=\"motta-heading-elementor motta-heading__button-on\">\n\t\t\t\t<h2 class=\"motta-heading motta-heading--default\">\n\t\t\t\t\t\n09:00 \u2014 17:00\n<br>\n\u041f\u043e\u043d\u0435\u0434\u0435\u043b\u044c\u043d\u0438\u043a \u2014 \u041f\u044f\u0442\u043d\u0438\u0446\u0430\t\t\t\t<\/h2>\n\t\t\t\t\t\t\t<\/div>\n\t\t\t\t\t\t<\/div>\n\t\t\t\t<\/div>\n\t\t\t\t\t<\/div>\n\t\t<\/div>\n\t\t\t\t\t<\/div>\n\t\t<\/section>\n\t\t\t\t<section class=\"elementor-section elementor-top-section elementor-element elementor-element-621bb9c elementor-section-boxed elementor-section-height-default elementor-section-height-default motta-responsive-column motta-tablet-column--default motta-responsive-column motta-mobile-column--default\" data-id=\"621bb9c\" data-element_type=\"section\" data-e-type=\"section\" data-settings=\"{&quot;background_background&quot;:&quot;classic&quot;}\">\n\t\t\t\t\t\t<div class=\"elementor-container elementor-column-gap-default\">\n\t\t\t\t\t<div class=\"elementor-column elementor-col-100 elementor-top-column elementor-element elementor-element-1c70d9f0\" data-id=\"1c70d9f0\" data-element_type=\"column\" data-e-type=\"column\">\n\t\t\t<div class=\"elementor-widget-wrap elementor-element-populated\">\n\t\t\t\t\t\t<section class=\"elementor-section elementor-inner-section elementor-element elementor-element-7bc9f0d8 elementor-section-boxed elementor-section-height-default elementor-section-height-default motta-responsive-column motta-tablet-column--default motta-responsive-column motta-mobile-column--default\" data-id=\"7bc9f0d8\" data-element_type=\"section\" data-e-type=\"section\">\n\t\t\t\t\t\t<div class=\"elementor-container elementor-column-gap-default\">\n\t\t\t\t\t<div class=\"elementor-column elementor-col-33 elementor-inner-column elementor-element elementor-element-d189b37\" data-id=\"d189b37\" data-element_type=\"column\" data-e-type=\"column\">\n\t\t\t<div class=\"elementor-widget-wrap\">\n\t\t\t\t\t\t\t<\/div>\n\t\t<\/div>\n\t\t\t\t<div class=\"elementor-column elementor-col-33 elementor-inner-column elementor-element elementor-element-7b40ebd7\" data-id=\"7b40ebd7\" data-element_type=\"column\" data-e-type=\"column\">\n\t\t\t<div class=\"elementor-widget-wrap elementor-element-populated\">\n\t\t\t\t\t\t<div class=\"elementor-element elementor-element-1c8b1028 motta-shape--sharp motta-skin--base elementor-widget elementor-widget-motta-contact-form\" data-id=\"1c8b1028\" data-element_type=\"widget\" data-e-type=\"widget\" data-widget_type=\"motta-contact-form.default\">\n\t\t\t\t<div class=\"elementor-widget-container\">\n\t\t\t\t\t\t\t<div class=\"motta-contact-form motta-custom-button--skin\">\n\t\t\t\n<div class=\"wpcf7 no-js\" id=\"wpcf7-f20465-o1\" lang=\"en-US\" dir=\"ltr\" data-wpcf7-id=\"20465\">\n<div class=\"screen-reader-response\"><p role=\"status\" aria-live=\"polite\" aria-atomic=\"true\"><\/p> <ul><\/ul><\/div>\n<form action=\"\/ru\/wp-json\/wp\/v2\/pages\/116#wpcf7-f20465-o1\" method=\"post\" class=\"wpcf7-form init\" aria-label=\"Contact form\" novalidate=\"novalidate\" data-status=\"init\" data-trp-original-action=\"\/ru\/wp-json\/wp\/v2\/pages\/116#wpcf7-f20465-o1\">\n<fieldset class=\"hidden-fields-container\"><input type=\"hidden\" name=\"_wpcf7\" value=\"20465\" \/><input type=\"hidden\" name=\"_wpcf7_version\" value=\"6.1.5\" \/><input type=\"hidden\" name=\"_wpcf7_locale\" value=\"en_US\" \/><input type=\"hidden\" name=\"_wpcf7_unit_tag\" value=\"wpcf7-f20465-o1\" \/><input type=\"hidden\" name=\"_wpcf7_container_post\" value=\"0\" \/><input type=\"hidden\" name=\"_wpcf7_posted_data_hash\" value=\"\" \/>\n<\/fieldset>\n<div class=\"motta-col2\">\n\t<div class=\"col-1\">\n\t\t<p><label>\u0418\u043c\u044f<\/label><br \/>\n<span class=\"wpcf7-form-control-wrap\" data-name=\"your-name\"><input size=\"40\" maxlength=\"400\" class=\"wpcf7-form-control wpcf7-text wpcf7-validates-as-required\" aria-required=\"true\" aria-invalid=\"false\" placeholder=\"\u0412\u0430\u0448\u0435 \u0438\u043c\u044f\" value=\"\" type=\"text\" name=\"your-name\" \/><\/span>\n\t\t<\/p>\n\t<\/div>\n\t<div class=\"col-2\">\n\t\t<p><label>\u042d\u043b\u0435\u043a\u0442\u0440\u043e\u043d\u043d\u0430\u044f \u043f\u043e\u0447\u0442\u0430<\/label><br \/>\n<span class=\"wpcf7-form-control-wrap\" data-name=\"your-email\"><input size=\"40\" maxlength=\"400\" class=\"wpcf7-form-control wpcf7-email wpcf7-validates-as-required wpcf7-text wpcf7-validates-as-email\" aria-required=\"true\" aria-invalid=\"false\" placeholder=\"\u0412\u0430\u0448 \u0430\u0434\u0440\u0435\u0441 \u044d\u043b\u0435\u043a\u0442\u0440\u043e\u043d\u043d\u043e\u0439 \u043f\u043e\u0447\u0442\u044b\" value=\"\" type=\"email\" name=\"your-email\" \/><\/span>\n\t\t<\/p>\n\t<\/div>\n<\/div>\n<p><label>\u0422\u0435\u043c\u0430<\/label><br \/>\n<span class=\"wpcf7-form-control-wrap\" data-name=\"your-subject\"><select class=\"wpcf7-form-control wpcf7-select wpcf7-validates-as-required\" aria-required=\"true\" aria-invalid=\"false\" name=\"your-subject\"><option value=\"Izv\u0113l\u0113ties t\u0113mu\">Izv\u0113l\u0113ties t\u0113mu<\/option><option value=\"Produkti\">Produkti<\/option><option value=\"Cita\">Cita<\/option><\/select><\/span>\n<\/p>\n<p><label>\u0421\u043e\u043e\u0431\u0449\u0435\u043d\u0438\u0435<\/label><br \/>\n<span class=\"wpcf7-form-control-wrap\" data-name=\"your-message\"><textarea cols=\"5\" rows=\"5\" maxlength=\"2000\" class=\"wpcf7-form-control wpcf7-textarea\" aria-invalid=\"false\" placeholder=\"\u041f\u043e\u0436\u0430\u043b\u0443\u0439\u0441\u0442\u0430, \u043d\u0430\u043f\u0438\u0448\u0438\u0442\u0435 \u0441\u043e\u043e\u0431\u0449\u0435\u043d\u0438\u0435\" name=\"your-message\"><\/textarea><\/span>\n<\/p>\n<p><input class=\"wpcf7-form-control wpcf7-submit has-spinner\" type=\"submit\" value=\"\u041e\u0442\u043f\u0440\u0430\u0432\u0438\u0442\u044c \u0441\u043e\u043e\u0431\u0449\u0435\u043d\u0438\u0435\" \/>\n<\/p><div class=\"wpcf7-response-output\" aria-hidden=\"true\"><\/div>\n<input type=\"hidden\" name=\"trp-form-language\" value=\"ru\"\/><\/form>\n<\/div>\n\t\t<\/div>\n\t\t\t\t\t\t<\/div>\n\t\t\t\t<\/div>\n\t\t\t\t\t<\/div>\n\t\t<\/div>\n\t\t\t\t<div class=\"elementor-column elementor-col-33 elementor-inner-column elementor-element elementor-element-1d83ad37\" data-id=\"1d83ad37\" data-element_type=\"column\" data-e-type=\"column\">\n\t\t\t<div class=\"elementor-widget-wrap\">\n\t\t\t\t\t\t\t<\/div>\n\t\t<\/div>\n\t\t\t\t\t<\/div>\n\t\t<\/section>\n\t\t\t\t\t<\/div>\n\t\t<\/div>\n\t\t\t\t\t<\/div>\n\t\t<\/section>\n\t\t\t\t<\/div>","protected":false},"excerpt":{"rendered":"<p>Kontakti SIA \u201eINTERSOLES\u201d Adrese: J\u016brmala, Nomet\u0146u 11-92 Epasts: info@continent.lv T\u0101lrunis:+37127793450 +37127793451 Veikala konsultantu darba laiks: 09:00 \u2014 17:00 Pirmdiena \u2013 Piektdiena Name Email Subject Select a topicTopic oneTopic two Message You agree to our friendly privacy policy.<\/p>","protected":false},"author":1,"featured_media":0,"parent":0,"menu_order":0,"comment_status":"closed","ping_status":"closed","template":"","meta":{"_joinchat":[],"footnotes":""},"class_list":["post-116","page","type-page","status-publish","hentry"],"_links":{"self":[{"href":"https:\/\/emeniro.lovehorses.lv\/ru\/wp-json\/wp\/v2\/pages\/116","targetHints":{"allow":["GET"]}}],"collection":[{"href":"https:\/\/emeniro.lovehorses.lv\/ru\/wp-json\/wp\/v2\/pages"}],"about":[{"href":"https:\/\/emeniro.lovehorses.lv\/ru\/wp-json\/wp\/v2\/types\/page"}],"author":[{"embeddable":true,"href":"https:\/\/emeniro.lovehorses.lv\/ru\/wp-json\/wp\/v2\/users\/1"}],"replies":[{"embeddable":true,"href":"https:\/\/emeniro.lovehorses.lv\/ru\/wp-json\/wp\/v2\/comments?post=116"}],"version-history":[{"count":10,"href":"https:\/\/emeniro.lovehorses.lv\/ru\/wp-json\/wp\/v2\/pages\/116\/revisions"}],"predecessor-version":[{"id":49593,"href":"https:\/\/emeniro.lovehorses.lv\/ru\/wp-json\/wp\/v2\/pages\/116\/revisions\/49593"}],"wp:attachment":[{"href":"https:\/\/emeniro.lovehorses.lv\/ru\/wp-json\/wp\/v2\/media?parent=116"}],"curies":[{"name":"wp","href":"https:\/\/api.w.org\/{rel}","templated":true}]}}