{"id":21229,"date":"2026-04-30T20:11:59","date_gmt":"2026-04-30T20:11:59","guid":{"rendered":"https:\/\/emeniro.lovehorses.lv\/product\/karcher-rcf-3-1-269-660-0\/"},"modified":"2026-04-30T21:34:12","modified_gmt":"2026-04-30T21:34:12","slug":"karcher-rcf-3-1-269-660-0","status":"publish","type":"product","link":"https:\/\/emeniro.lovehorses.lv\/ru\/product\/karcher-rcf-3-1-269-660-0\/","title":{"rendered":"Karcher RCF 3 (1.269-660.0)"},"content":{"rendered":"<p>Pre\u010du z\u012bme\u00a0 \u00a0 Karcher<\/p>\n<p>\u00a0 \u00a0 Putek\u013cu s\u016bc\u0113ja tips\u00a0 \u00a0 Mitr\u0101s uzkop\u0161anas robots<br \/>\u00a0 \u00a0 Atkritumu tips\u00a0 \u00a0 Mitrie<br \/>\u00a0 \u00a0 Kr\u0101sa\u00a0 \u00a0 Balta\/Melna<br \/>\u00a0 \u00a0 Uzl\u0101des ilgums (h)\u00a0 \u00a0 3<br \/>\u00a0 \u00a0 Baro\u0161anas avota tips\u00a0 \u00a0 Li-Ion<br \/>\u00a0 \u00a0 Akumulatora jauda, mAh\u00a0 \u00a0 5200<br \/>\u0420\u0430\u0437\u043c\u0435\u0440\u044b, \u0432\u0435\u0441<br \/>\u00a0 \u00a0 Augstums\u00a0 \u00a0 12.4 cm<br \/>\u00a0 \u00a0 Platums\u00a0 \u00a0 15.3 cm<br \/>\u00a0 \u00a0 Dzi\u013cums\u00a0 \u00a0 14.2 cm<br \/>\u00a0 \u00a0 Svars\u00a0 \u00a0 4.5 kg<br \/>\u00a0 \u00a0 Svars ar iepakojumu\u00a0 \u00a0 7.2 kg<br \/>\u0414\u0440\u0443\u0433\u0438\u0435 \u043f\u0430\u0440\u0430\u043c\u0435\u0442\u0440\u044b<br \/>\u00a0 \u00a0 \u016adens tvertnes tilpums\u00a0 \u00a0 430 ml<br \/>\u00a0 \u00a0 Net\u012br\u0101 \u016bdens tilpums\u00a0 \u00a0 115 ml<br \/>\u00a0 \u00a0 Komplekt\u0101\u00a0 \u00a0 Mikro\u0161\u0137iedras veltn\u012btis: 2 Gabals(i) T\u012br\u012b\u0161anas r\u012bks T\u012br\u0101 \u016bdens tvertne Net\u012br\u0101 \u016bdens tvertne Uzl\u0101des stacija<\/p><\/p>","protected":false},"excerpt":{"rendered":"<p>Pre\u010du z\u012bme\u00a0 \u00a0 Karcher \u00a0 \u00a0 Putek\u013cu s\u016bc\u0113ja tips\u00a0 \u00a0 Mitr\u0101s uzkop\u0161anas robots\u00a0 \u00a0 Atkritumu tips\u00a0 \u00a0 Mitrie\u00a0 \u00a0 Kr\u0101sa\u00a0 \u00a0 Balta\/Melna\u00a0 \u00a0 Uzl\u0101des ilgums (h)\u00a0 \u00a0 3\u00a0 \u00a0 Baro\u0161anas avota tips\u00a0 \u00a0 Li-Ion\u00a0 \u00a0 Akumulatora jauda, mAh\u00a0 \u00a0 5200Izm\u0113ri, svars\u00a0 \u00a0 Augstums\u00a0 \u00a0 12.4 cm\u00a0 \u00a0 Platums\u00a0 \u00a0 15.3 cm\u00a0 \u00a0 Dzi\u013cums\u00a0 \u00a0 14.2 [&hellip;]<\/p>\n","protected":false},"featured_media":23082,"comment_status":"open","ping_status":"closed","template":"","meta":{"_joinchat":[]},"product_brand":[283],"product_cat":[282],"product_tag":[],"class_list":{"0":"post-21229","1":"product","2":"type-product","3":"status-publish","4":"has-post-thumbnail","6":"product_brand-karcher","7":"product_cat-sadzives-tehnika-puteklu-suceji","9":"first","10":"instock","11":"shipping-taxable","12":"purchasable","13":"product-type-simple"},"_links":{"self":[{"href":"https:\/\/emeniro.lovehorses.lv\/ru\/wp-json\/wp\/v2\/product\/21229","targetHints":{"allow":["GET"]}}],"collection":[{"href":"https:\/\/emeniro.lovehorses.lv\/ru\/wp-json\/wp\/v2\/product"}],"about":[{"href":"https:\/\/emeniro.lovehorses.lv\/ru\/wp-json\/wp\/v2\/types\/product"}],"replies":[{"embeddable":true,"href":"https:\/\/emeniro.lovehorses.lv\/ru\/wp-json\/wp\/v2\/comments?post=21229"}],"wp:featuredmedia":[{"embeddable":true,"href":"https:\/\/emeniro.lovehorses.lv\/ru\/wp-json\/wp\/v2\/media\/23082"}],"wp:attachment":[{"href":"https:\/\/emeniro.lovehorses.lv\/ru\/wp-json\/wp\/v2\/media?parent=21229"}],"wp:term":[{"taxonomy":"product_brand","embeddable":true,"href":"https:\/\/emeniro.lovehorses.lv\/ru\/wp-json\/wp\/v2\/product_brand?post=21229"},{"taxonomy":"product_cat","embeddable":true,"href":"https:\/\/emeniro.lovehorses.lv\/ru\/wp-json\/wp\/v2\/product_cat?post=21229"},{"taxonomy":"product_tag","embeddable":true,"href":"https:\/\/emeniro.lovehorses.lv\/ru\/wp-json\/wp\/v2\/product_tag?post=21229"}],"curies":[{"name":"wp","href":"https:\/\/api.w.org\/{rel}","templated":true}]}}