{"id":21320,"date":"2026-04-30T20:14:02","date_gmt":"2026-04-30T20:14:02","guid":{"rendered":"https:\/\/emeniro.lovehorses.lv\/product\/siemens-sn615x03ee-60cm-iebuvejama\/"},"modified":"2026-04-30T21:35:55","modified_gmt":"2026-04-30T21:35:55","slug":"siemens-sn615x03ee-60cm-iebuvejama","status":"publish","type":"product","link":"https:\/\/emeniro.lovehorses.lv\/ru\/product\/siemens-sn615x03ee-60cm-iebuvejama\/","title":{"rendered":"Siemens SN615X03EE 60 \u0441\u043c \u0432\u0441\u0442\u0440\u0430\u0438\u0432\u0430\u0435\u043c\u0430\u044f!"},"content":{"rendered":"<\/p>\n<p>IZM\u0112RI<br \/>Izm\u0113ri (AxPxDz):81,5 \u2013 87,5 x 59.8 x 55 cm\u00a0\u00a0<br \/>\u042d\u041d\u0415\u0420\u0413\u041e\u041f\u041e\u0422\u0420\u0415\u0411\u041b\u0415\u041d\u0418\u0415 \u0418 \u041f\u041e\u0422\u0420\u0415\u0411\u041b\u0415\u041d\u0418\u0415 \u0412\u041e\u0414\u042b<br \/>\u041a\u043b\u0430\u0441\u0441 \u044d\u043d\u0435\u0440\u0433\u043e\u044d\u0444\u0444\u0435\u043a\u0442\u0438\u0432\u043d\u043e\u0441\u0442\u0438: E\u00a0\u00a0<br \/>\u041a\u043b\u0430\u0441\u0441 \u0448\u0443\u043c\u0430: C\u00a0\u00a0<br \/>\u0413\u043e\u0434\u043e\u0432\u043e\u0435 \u043f\u043e\u0442\u0440\u0435\u0431\u043b\u0435\u043d\u0438\u0435 \u044d\u043d\u0435\u0440\u0433\u0438\u0438 (100 \u0446\u0438\u043a\u043b\u043e\u0432): 94 \u043a\u0412\u0442\u0447\u00a0\u00a0<br \/>\u0413\u043e\u0434\u043e\u0432\u043e\u0435 \u043f\u043e\u0442\u0440\u0435\u0431\u043b\u0435\u043d\u0438\u0435 \u0432\u043e\u0434\u044b (100 \u0446\u0438\u043a\u043b\u043e\u0432): 950 \u043b\u00a0\u00a0<br \/>INDIKATORS<br \/>\u0418\u043d\u0434\u0438\u043a\u0430\u0442\u043e\u0440 \u043e\u043f\u043e\u043b\u0430\u0441\u043a\u0438\u0432\u0430\u0442\u0435\u043b\u044f: \u0415\u0441\u0442\u044c\u00a0\u00a0<br \/>\u0418\u043d\u0434\u0438\u043a\u0430\u0442\u043e\u0440 \u0441\u043e\u043b\u0438: \u0415\u0441\u0442\u044c\u00a0\u00a0<br \/>VAD\u012aBA<br \/>Vad\u012bba: Elektroniska\u00a0\u00a0<br \/>\u0414\u0438\u0441\u043f\u043b\u0435\u0439: \u0415\u0441\u0442\u044c\u00a0\u00a0<br \/>PROGRAMMAS UN FUNKCIJAS<br \/>\u041a\u043e\u043b\u0438\u0447\u0435\u0441\u0442\u0432\u043e \u043f\u0440\u043e\u0433\u0440\u0430\u043c\u043c: 5\u00a0\u00a0<br \/>\u041e\u0442\u0441\u0440\u043e\u0447\u043a\u0430 \u0437\u0430\u043f\u0443\u0441\u043a\u0430: \u0415\u0441\u0442\u044c\u00a0 \u00a0<br \/>\u0410\u0432\u0442\u043e\u043c\u0430\u0442\u0438\u0447\u0435\u0441\u043a\u0430\u044f \u043c\u043e\u0439\u043a\u0430: \u0415\u0441\u0442\u044c\u00a0\u00a0<br \/>DRO\u0160\u012aBAS SIST\u0112MA<br \/>Aqua stop: \u0415\u0441\u0442\u044c\u00a0\u00a0<br \/>UNIK\u0100L\u0100S \u012aPA\u0160\u012aBAS<br \/>\u0422\u0438\u0445\u0430\u044f \u0441\u0438\u0441\u0442\u0435\u043c\u0430: \u0415\u0441\u0442\u044c\u00a0\u00a0<br \/>\u0423\u0440\u043e\u0432\u0435\u043d\u044c \u0448\u0443\u043c\u0430: 46 \u0434\u0411\u00a0\u00a0<br \/>\u041f\u043e\u043b\u0443\u0433\u0440\u0443\u0437: \u0410\u0432\u0442\u043e\u043c\u0430\u0442\u0438\u0447\u0435\u0441\u043a\u0438\u00a0\u00a0<br \/>\u0414\u0430\u0442\u0447\u0438\u043a \u0447\u0438\u0441\u0442\u043e\u0442\u044b \u0432\u043e\u0434\u044b: \u0415\u0441\u0442\u044c\u00a0\u00a0<br \/>\u0421\u0438\u0441\u0442\u0435\u043c\u0430 \u0440\u0430\u0441\u043f\u044b\u043b\u0438\u0442\u0435\u043b\u0435\u0439: \u0421\u0442\u0430\u043d\u0434\u0430\u0440\u0442\u043d\u0430\u044f\u00a0\u00a0<br \/>\u0412\u0435\u0440\u0445\u043d\u0438\u0439 \u0440\u0430\u0441\u043f\u044b\u043b\u0438\u0442\u0435\u043b\u044c: \u0415\u0441\u0442\u044c\u00a0\u00a0<br \/>\u0422\u0440\u0435\u0431\u0443\u0435\u0442\u0441\u044f \u0443\u0441\u0442\u0430\u043d\u043e\u0432\u043a\u0430 \u0444\u0430\u0441\u0430\u0434\u043d\u043e\u0439 \u043f\u0430\u043d\u0435\u043b\u0438: \u0414\u0430\u00a0\u00a0<\/p>","protected":false},"excerpt":{"rendered":"<p>IZM\u0112RIIzm\u0113ri (AxPxDz):81,5 \u2013 87,5 x 59.8 x 55 cm\u00a0\u00a0ENER\u0122IJAS PAT\u0112RI\u0145\u0160 UN \u016aDENS PAT\u0112RI\u0145\u0160Energoefektivit\u0101tes klase:E\u00a0\u00a0Trok\u0161\u0146a klase:C\u00a0\u00a0Ener\u0123ijas gada pat\u0113ri\u0146a nov\u0113rt\u0113jums (100 cikli): 94 kWs\u00a0\u00a0\u016adens gada pat\u0113ri\u0146a nov\u0113rt\u0113jums (100 cikli): 950 l\u00a0\u00a0INDIKATORSSkalo\u0161anas l\u012bdzek\u013ca indikators: Ir\u00a0\u00a0S\u0101ls indikators: Ir\u00a0\u00a0VAD\u012aBAVad\u012bba: Elektroniska\u00a0\u00a0Displejs: Ir\u00a0\u00a0PROGRAMMAS UN FUNKCIJASProgrammu skaits: 5\u00a0\u00a0Atliktais starts:Ir\u00a0 \u00a0Autom\u0101tisk\u0101 mazg\u0101\u0161ana: Ir\u00a0\u00a0DRO\u0160\u012aBAS SIST\u0112MAAqua stop: Ir\u00a0\u00a0UNIK\u0100L\u0100S \u012aPA\u0160\u012aBASSilent system:Ir\u00a0\u00a0Trok\u0161\u0146a l\u012bmenis: 46 dB\u00a0\u00a0Pusslodze: Autom\u0101tiski\u00a0\u00a0\u016adens t\u012br\u012bbas sensors: [&hellip;]<\/p>\n","protected":false},"featured_media":23159,"comment_status":"open","ping_status":"closed","template":"","meta":{"_joinchat":[]},"product_brand":[291],"product_cat":[280],"product_tag":[],"class_list":{"0":"post-21320","1":"product","2":"type-product","3":"status-publish","4":"has-post-thumbnail","6":"product_brand-siemens","7":"product_cat-iebuvejama-sadzives-tehnika-iebuvejamas-trauku-mazgajamas-masinas","9":"first","10":"instock","11":"shipping-taxable","12":"purchasable","13":"product-type-simple"},"_links":{"self":[{"href":"https:\/\/emeniro.lovehorses.lv\/ru\/wp-json\/wp\/v2\/product\/21320","targetHints":{"allow":["GET"]}}],"collection":[{"href":"https:\/\/emeniro.lovehorses.lv\/ru\/wp-json\/wp\/v2\/product"}],"about":[{"href":"https:\/\/emeniro.lovehorses.lv\/ru\/wp-json\/wp\/v2\/types\/product"}],"replies":[{"embeddable":true,"href":"https:\/\/emeniro.lovehorses.lv\/ru\/wp-json\/wp\/v2\/comments?post=21320"}],"wp:featuredmedia":[{"embeddable":true,"href":"https:\/\/emeniro.lovehorses.lv\/ru\/wp-json\/wp\/v2\/media\/23159"}],"wp:attachment":[{"href":"https:\/\/emeniro.lovehorses.lv\/ru\/wp-json\/wp\/v2\/media?parent=21320"}],"wp:term":[{"taxonomy":"product_brand","embeddable":true,"href":"https:\/\/emeniro.lovehorses.lv\/ru\/wp-json\/wp\/v2\/product_brand?post=21320"},{"taxonomy":"product_cat","embeddable":true,"href":"https:\/\/emeniro.lovehorses.lv\/ru\/wp-json\/wp\/v2\/product_cat?post=21320"},{"taxonomy":"product_tag","embeddable":true,"href":"https:\/\/emeniro.lovehorses.lv\/ru\/wp-json\/wp\/v2\/product_tag?post=21320"}],"curies":[{"name":"wp","href":"https:\/\/api.w.org\/{rel}","templated":true}]}}