{"id":21323,"date":"2026-04-30T20:14:07","date_gmt":"2026-04-30T20:14:07","guid":{"rendered":"https:\/\/emeniro.lovehorses.lv\/product\/lg-f4wr513sbw-13kg-62cm\/"},"modified":"2026-04-30T21:35:58","modified_gmt":"2026-04-30T21:35:58","slug":"lg-f4wr513sbw-13kg-62cm","status":"publish","type":"product","link":"https:\/\/emeniro.lovehorses.lv\/ru\/product\/lg-f4wr513sbw-13kg-62cm\/","title":{"rendered":"LG F4WR513SBW 13 \u043a\u0433 62 \u0441\u043c"},"content":{"rendered":"<p class=\"translation-block\"><p>\u0411\u0440\u0435\u043d\u0434 LG<br>\u0426\u0432\u0435\u0442 \u0411\u0435\u043b\u044b\u0439<br>\u0422\u0438\u043f \u0443\u0441\u0442\u0430\u043d\u043e\u0432\u043a\u0438 \u041e\u0442\u0434\u0435\u043b\u044c\u043d\u043e \u0441\u0442\u043e\u044f\u0449\u0430\u044f<br>\u0422\u0438\u043f \u0441\u0442\u0438\u0440\u0430\u043b\u044c\u043d\u043e\u0439 \u043c\u0430\u0448\u0438\u043d\u044b \u0421 \u0444\u0440\u043e\u043d\u0442\u0430\u043b\u044c\u043d\u043e\u0439 \u0437\u0430\u0433\u0440\u0443\u0437\u043a\u043e\u0439<br>\u041d\u043e\u0432\u044b\u0439 \u044d\u043d\u0435\u0440\u0433\u0435\u0442\u0438\u0447\u0435\u0441\u043a\u0438\u0439 \u043a\u043b\u0430\u0441\u0441 \u0441 2021 \u0433\u043e\u0434\u0430<br>\u041a\u043b\u0430\u0441\u0441 \u044d\u043d\u0435\u0440\u0433\u043e\u044d\u0444\u0444\u0435\u043a\u0442\u0438\u0432\u043d\u043e\u0441\u0442\u0438 A<br>\u041f\u043e\u0442\u0440\u0435\u0431\u043b\u0435\u043d\u0438\u0435 \u044d\u043b\u0435\u043a\u0442\u0440\u043e\u044d\u043d\u0435\u0440\u0433\u0438\u0438 \u0437\u0430 100 \u0446\u0438\u043a\u043b\u043e\u0432 \u0441\u0442\u0438\u0440\u043a\u0438 44 \u043a\u0412\u0442\u22c5\u0447<br>\u0401\u043c\u043a\u043e\u0441\u0442\u044c<br>\u041c\u0430\u043a\u0441\u0438\u043c\u0430\u043b\u044c\u043d\u0430\u044f \u0437\u0430\u0433\u0440\u0443\u0437\u043a\u0430 13 \u043a\u0433<br>\u0421\u0442\u0438\u0440\u043a\u0430<br>\u0414\u043b\u0438\u0442\u0435\u043b\u044c\u043d\u043e\u0441\u0442\u044c \u0446\u0438\u043a\u043b\u0430 \u00abEco 40-60\u00bb 4:00<br>\u041f\u043e\u0442\u0440\u0435\u0431\u043b\u0435\u043d\u0438\u0435 \u0432\u043e\u0434\u044b \u043d\u0430 \u043e\u0434\u0438\u043d \u0446\u0438\u043a\u043b 58 \u043b<br>\u041e\u0442\u0436\u0438\u043c<br>\u0421\u043a\u043e\u0440\u043e\u0441\u0442\u044c \u043e\u0442\u0436\u0438\u043c\u0430 1400 \u043e\u0431\/\u043c\u0438\u043d<br>\u041a\u043b\u0430\u0441\u0441 \u044d\u043d\u0435\u0440\u0433\u043e\u044d\u0444\u0444\u0435\u043a\u0442\u0438\u0432\u043d\u043e\u0441\u0442\u0438 \u043e\u0442\u0436\u0438\u043c\u0430 A<br>\u0423\u0440\u043e\u0432\u0435\u043d\u044c \u0448\u0443\u043c\u0430 \u043f\u0440\u0438 \u043e\u0442\u0436\u0438\u043c\u0435 72 \u0434\u0411<br>\u041a\u043b\u0430\u0441\u0441 \u0430\u043a\u0443\u0441\u0442\u0438\u0447\u0435\u0441\u043a\u043e\u0439 \u044d\u043c\u0438\u0441\u0441\u0438\u0438 A<br>\u0420\u0430\u0437\u043c\u0435\u0440\u044b, \u0432\u0435\u0441<br>\u0412\u044b\u0441\u043e\u0442\u0430 85 \u0441\u043c<br>\u0428\u0438\u0440\u0438\u043d\u0430 60 \u0441\u043c<br>\u0413\u043b\u0443\u0431\u0438\u043d\u0430 62 \u0441\u043c<br>\u0412\u0435\u0441 73 \u043a\u0433<br>\u0412\u0435\u0441 \u0432 \u0443\u043f\u0430\u043a\u043e\u0432\u043a\u0435 77 \u043a\u0433<br>\u0423\u043f\u0440\u0430\u0432\u043b\u0435\u043d\u0438\u0435<br>\u042d\u043b\u0435\u043a\u0442\u0440\u043e\u043d\u043d\u044b\u0439 \u0434\u0438\u0441\u043f\u043b\u0435\u0439 \u0415\u0441\u0442\u044c<br>\u0422\u0438\u043f \u0443\u043f\u0440\u0430\u0432\u043b\u0435\u043d\u0438\u044f \u042d\u043b\u0435\u043a\u0442\u0440\u043e\u043d\u043d\u043e\u0435<br>\u0414\u0440\u0443\u0433\u0438\u0435 \u043f\u0430\u0440\u0430\u043c\u0435\u0442\u0440\u044b<br>\u041a\u043e\u043b\u0438\u0447\u0435\u0441\u0442\u0432\u043e \u043f\u0440\u043e\u0433\u0440\u0430\u043c\u043c 12<br>\u0422\u0430\u0439\u043c\u0435\u0440 \u043e\u0442\u0441\u0440\u043e\u0447\u043a\u0438 \u0441\u0442\u0438\u0440\u043a\u0438 \u0415\u0441\u0442\u044c<br>\u0417\u0430\u0449\u0438\u0442\u0430 \u043e\u0442 \u0434\u0435\u0442\u0435\u0439 \u0415\u0441\u0442\u044c<\/p><p><\/p><\/p><\/p>","protected":false},"excerpt":{"rendered":"<p>Pre\u010du z\u012bme LGKr\u0101sa BaltaIek\u0101rtas tips Br\u012bvst\u0101vo\u0161sVe\u013cas mazg\u0101jam\u0101s ma\u0161\u012bnas veids Ar front\u0101lo iel\u0101diJaunais energomar\u0137\u0113jums no 2021.gadaEnergoefektivit\u0101tes klase AElektroener\u0123ijas pat\u0113ri\u0146\u0161 100 mazg\u0101\u0161anas ciklos 44 kWhIetilp\u012bbaVe\u013cas ietilp\u012bba mazg\u0101jot 13 kgMazg\u0101\u0161anaMazg\u0101\u0161anas cikla \u201cEco 40-60\u201d ilgums 4:00\u016adens pat\u0113ri\u0146\u0161 vien\u0101 mazg\u0101\u0161anas cikl\u0101 58 lCentrif\u016bgaCentrif\u016bgas apgriezieni min\u016bt\u0113 1400Centrif\u016bgas energoefektivit\u0101tes klase ATrok\u0161\u0146a l\u012bmenis centrif\u016bgas re\u017e\u012bm\u0101 72 dBAkustisk\u0101 trok\u0161\u0146a emisijas klase AIzm\u0113ri, svarsAugstums 85 [&hellip;]<\/p>\n","protected":false},"featured_media":23166,"comment_status":"open","ping_status":"closed","template":"","meta":{"_joinchat":[]},"product_brand":[112],"product_cat":[285],"product_tag":[],"class_list":{"0":"post-21323","1":"product","2":"type-product","3":"status-publish","4":"has-post-thumbnail","6":"product_brand-lg","7":"product_cat-sadzives-tehnika-velas-masinas-ar-frontalo-ieladi","9":"first","10":"instock","11":"shipping-taxable","12":"purchasable","13":"product-type-simple"},"_links":{"self":[{"href":"https:\/\/emeniro.lovehorses.lv\/ru\/wp-json\/wp\/v2\/product\/21323","targetHints":{"allow":["GET"]}}],"collection":[{"href":"https:\/\/emeniro.lovehorses.lv\/ru\/wp-json\/wp\/v2\/product"}],"about":[{"href":"https:\/\/emeniro.lovehorses.lv\/ru\/wp-json\/wp\/v2\/types\/product"}],"replies":[{"embeddable":true,"href":"https:\/\/emeniro.lovehorses.lv\/ru\/wp-json\/wp\/v2\/comments?post=21323"}],"wp:featuredmedia":[{"embeddable":true,"href":"https:\/\/emeniro.lovehorses.lv\/ru\/wp-json\/wp\/v2\/media\/23166"}],"wp:attachment":[{"href":"https:\/\/emeniro.lovehorses.lv\/ru\/wp-json\/wp\/v2\/media?parent=21323"}],"wp:term":[{"taxonomy":"product_brand","embeddable":true,"href":"https:\/\/emeniro.lovehorses.lv\/ru\/wp-json\/wp\/v2\/product_brand?post=21323"},{"taxonomy":"product_cat","embeddable":true,"href":"https:\/\/emeniro.lovehorses.lv\/ru\/wp-json\/wp\/v2\/product_cat?post=21323"},{"taxonomy":"product_tag","embeddable":true,"href":"https:\/\/emeniro.lovehorses.lv\/ru\/wp-json\/wp\/v2\/product_tag?post=21323"}],"curies":[{"name":"wp","href":"https:\/\/api.w.org\/{rel}","templated":true}]}}