{"id":21401,"date":"2026-04-30T20:15:42","date_gmt":"2026-04-30T20:15:42","guid":{"rendered":"https:\/\/emeniro.lovehorses.lv\/product\/gorenje-meks5121s\/"},"modified":"2026-04-30T21:37:18","modified_gmt":"2026-04-30T21:37:18","slug":"gorenje-meks5121s","status":"publish","type":"product","link":"https:\/\/emeniro.lovehorses.lv\/ru\/product\/gorenje-meks5121s\/","title":{"rendered":"Gorenje MEKS5121S"},"content":{"rendered":"<\/p>\n<p class=\"translation-block\"><p><\/p><p>\u0411\u0440\u0435\u043d\u0434 Gorenje<br>\u0422\u0438\u043f \u043f\u043e\u0432\u0435\u0440\u0445\u043d\u043e\u0441\u0442\u0438 \u0413\u0430\u0437\u043e\u0432\u0430\u044f<br>\u0426\u0432\u0435\u0442 \u0421\u0435\u0440\u044b\u0439<br>\u041a\u043b\u0430\u0441\u0441 \u044d\u043d\u0435\u0440\u0433\u043e\u044d\u0444\u0444\u0435\u043a\u0442\u0438\u0432\u043d\u043e\u0441\u0442\u0438 A<br>\u041a\u043e\u043b\u0438\u0447\u0435\u0441\u0442\u0432\u043e \u0433\u0430\u0437\u043e\u0432\u044b\u0445 \u043a\u043e\u043d\u0444\u043e\u0440\u043e\u043a 4<br>\u042d\u043b\u0435\u043a\u0442\u0440\u043e\u043f\u043e\u0434\u0436\u0438\u0433 \u0415\u0441\u0442\u044c<br>EAN 3838782622144<br>\u0420\u0430\u0437\u043c\u0435\u0440\u044b, \u0432\u0435\u0441<br>\u0412\u044b\u0441\u043e\u0442\u0430 85 \u0441\u043c<br>\u0428\u0438\u0440\u0438\u043d\u0430 50 \u0441\u043c<br>\u0413\u043b\u0443\u0431\u0438\u043d\u0430 59.4 \u0441\u043c<br>\u0412\u0435\u0441 41.2 \u043a\u0433<br>\u0412\u0435\u0441 \u0441 \u0443\u043f\u0430\u043a\u043e\u0432\u043a\u043e\u0439 44.4 \u043a\u0433<br>\u041f\u0430\u0440\u0430\u043c\u0435\u0442\u0440\u044b \u0434\u0443\u0445\u043e\u0432\u043a\u0438<br>\u0422\u0438\u043f \u0434\u0443\u0445\u043e\u0432\u043a\u0438 \u042d\u043b\u0435\u043a\u0442\u0440\u0438\u0447\u0435\u0441\u043a\u0430\u044f<br>\u041e\u0431\u044a\u0435\u043c \u0434\u0443\u0445\u043e\u0432\u043a\u0438 70 \u043b<br>\u0420\u0435\u0436\u0438\u043c\u044b 11<br>\u0422\u0430\u0439\u043c\u0435\u0440 \u0434\u0443\u0445\u043e\u0432\u043a\u0438 \u0415\u0441\u0442\u044c<br>\u041a\u043e\u043d\u0432\u0435\u043a\u0446\u0438\u044f \u0415\u0441\u0442\u044c<br>\u0413\u0440\u0438\u043b\u044c \u0415\u0441\u0442\u044c<br>\u0424\u0443\u043d\u043a\u0446\u0438\u044f \u043e\u0447\u0438\u0441\u0442\u043a\u0438 \u0434\u0443\u0445\u043e\u0432\u043a\u0438 \u0413\u0438\u0434\u0440\u043e\u043b\u0438\u0442\u0438\u0447\u0435\u0441\u043a\u0430\u044f<br>\u041a\u0440\u044b\u0448\u043a\u0430 \u043f\u043b\u0438\u0442\u044b \u0421\u0442\u0435\u043a\u043b\u044f\u043d\u043d\u0430\u044f<br>\u0414\u0440\u0443\u0433\u0438\u0435 \u043f\u0430\u0440\u0430\u043c\u0435\u0442\u0440\u044b<br>\u0413\u0430\u0437\u043e\u0432\u044b\u0439 \u043a\u043e\u043d\u0442\u0440\u043e\u043b\u044c \u043f\u043e\u0432\u0435\u0440\u0445\u043d\u043e\u0441\u0442\u0438 \u043f\u043b\u0438\u0442\u044b \u0415\u0441\u0442\u044c<br>\u041a\u043e\u043c\u043f\u043b\u0435\u043a\u0442\u0430\u0446\u0438\u044f 1 \u0441\u0442\u0430\u043d\u0434\u0430\u0440\u0442\u043d\u0430\u044f \u0441\u043a\u043e\u0432\u043e\u0440\u043e\u0434\u0430, 1 \u0433\u043b\u0443\u0431\u043e\u043a\u0430\u044f \u0441\u043a\u043e\u0432\u043e\u0440\u043e\u0434\u0430, 1 \u0440\u0435\u0448\u0435\u0442\u043a\u0430<\/p><p><\/p><\/p><\/p>","protected":false},"excerpt":{"rendered":"<p>Pre\u010du z\u012bme GorenjeVirsmas tips G\u0101zesKr\u0101sa Pel\u0113kaEnergoefektivit\u0101tes klase AG\u0101zes deg\u013cu skaits 4Elektrisk\u0101 aizdedze IrEAN 3838782622144Izm\u0113ri, svarsAugstums 85 cmPlatums 50 cmDzi\u013cums 59.4 cmSvars 41.2 kgSvars ar iepakojumu 44.4 kgCepe\u0161kr\u0101sns parametriCepe\u0161kr\u0101sns veids ElektriskaCepe\u0161kr\u0101sns tilpums 70 lRe\u017e\u012bmi 11Taimeris cepe\u0161kr\u0101snij IrKonvekcija IrGrils IrCepe\u0161kr\u0101sns t\u012br\u012b\u0161anas funkcija Hidrol\u012btisk\u0101Pl\u012bts v\u0101ks StiklaCiti parametriG\u0101zes kontrole pl\u012bts virsmai IrPiederumi 1 standarta panna, 1 dzi\u013c\u0101 panna, 1 [&hellip;]<\/p>\n","protected":false},"featured_media":23231,"comment_status":"open","ping_status":"closed","template":"","meta":{"_joinchat":[]},"product_brand":[271],"product_cat":[277],"product_tag":[],"class_list":{"0":"post-21401","1":"product","2":"type-product","3":"status-publish","4":"has-post-thumbnail","6":"product_brand-gorenje","7":"product_cat-sadzives-tehnika-gazes-plitis","9":"first","10":"instock","11":"shipping-taxable","12":"purchasable","13":"product-type-simple"},"_links":{"self":[{"href":"https:\/\/emeniro.lovehorses.lv\/ru\/wp-json\/wp\/v2\/product\/21401","targetHints":{"allow":["GET"]}}],"collection":[{"href":"https:\/\/emeniro.lovehorses.lv\/ru\/wp-json\/wp\/v2\/product"}],"about":[{"href":"https:\/\/emeniro.lovehorses.lv\/ru\/wp-json\/wp\/v2\/types\/product"}],"replies":[{"embeddable":true,"href":"https:\/\/emeniro.lovehorses.lv\/ru\/wp-json\/wp\/v2\/comments?post=21401"}],"wp:featuredmedia":[{"embeddable":true,"href":"https:\/\/emeniro.lovehorses.lv\/ru\/wp-json\/wp\/v2\/media\/23231"}],"wp:attachment":[{"href":"https:\/\/emeniro.lovehorses.lv\/ru\/wp-json\/wp\/v2\/media?parent=21401"}],"wp:term":[{"taxonomy":"product_brand","embeddable":true,"href":"https:\/\/emeniro.lovehorses.lv\/ru\/wp-json\/wp\/v2\/product_brand?post=21401"},{"taxonomy":"product_cat","embeddable":true,"href":"https:\/\/emeniro.lovehorses.lv\/ru\/wp-json\/wp\/v2\/product_cat?post=21401"},{"taxonomy":"product_tag","embeddable":true,"href":"https:\/\/emeniro.lovehorses.lv\/ru\/wp-json\/wp\/v2\/product_tag?post=21401"}],"curies":[{"name":"wp","href":"https:\/\/api.w.org\/{rel}","templated":true}]}}