{"id":21470,"date":"2026-04-30T20:17:00","date_gmt":"2026-04-30T20:17:00","guid":{"rendered":"https:\/\/emeniro.lovehorses.lv\/product\/stiga-st-300e-30-cm-2s1330108-st1\/"},"modified":"2026-04-30T21:38:20","modified_gmt":"2026-04-30T21:38:20","slug":"stiga-st-300e-30-cm-2s1330108-st1","status":"publish","type":"product","link":"https:\/\/emeniro.lovehorses.lv\/ru\/product\/stiga-st-300e-30-cm-2s1330108-st1\/","title":{"rendered":"Stiga ST 300E 30 cm (2S1330108\/ST1)"},"content":{"rendered":"<p><span class=\"HwtZe\" lang=\"lv\"><span class=\"jCAhz ChMk0b\"><span class=\"ryNqvb\">Ra\u017eot\u0101js: Stiga<\/span><\/span><\/span><\/p>\n<p><span class=\"HwtZe\" lang=\"lv\"><span class=\"jCAhz ChMk0b\"><span class=\"ryNqvb\">Tips: Bezvadu sniega p\u016bt\u0113js<br \/>Paredz\u0113tais lietojums: sniega t\u012br\u012b\u0161ana<br \/>Materi\u0101ls: plastmasa<br \/>Komplekta saturs: l\u0101d\u0113t\u0101js, akumulators<br \/>Svars: 8,32 kg<br \/>Kr\u0101sa: Melna un dzeltena<br \/>Darb\u012bbas laiks: 19 min\u016btes<\/span><\/span><\/span><\/p><\/p>","protected":false},"excerpt":{"rendered":"<p>Ra\u017eot\u0101js: Stiga Tips: Bezvadu sniega p\u016bt\u0113jsParedz\u0113tais lietojums: sniega t\u012br\u012b\u0161anaMateri\u0101ls: plastmasaKomplekta saturs: l\u0101d\u0113t\u0101js, akumulatorsSvars: 8,32 kgKr\u0101sa: Melna un dzeltenaDarb\u012bbas laiks: 19 min\u016btes<\/p>","protected":false},"featured_media":23287,"comment_status":"open","ping_status":"closed","template":"","meta":[],"product_brand":[301],"product_cat":[300],"product_tag":[],"class_list":{"0":"post-21470","1":"product","2":"type-product","3":"status-publish","4":"has-post-thumbnail","6":"product_brand-stigatips-bezvadu-sniega-putejsparedzetais-lietojums-sniega-tirisanamaterials-plastmasakomplekta-saturs-ladetajs-akumulatorssvars-8-32-kgkrasa-melna-un-dzeltenadarbibas-laiks-19-minutes","7":"product_cat-darza-tehnika-sniega-puteji","9":"first","10":"instock","11":"shipping-taxable","12":"purchasable","13":"product-type-simple"},"_links":{"self":[{"href":"https:\/\/emeniro.lovehorses.lv\/ru\/wp-json\/wp\/v2\/product\/21470","targetHints":{"allow":["GET"]}}],"collection":[{"href":"https:\/\/emeniro.lovehorses.lv\/ru\/wp-json\/wp\/v2\/product"}],"about":[{"href":"https:\/\/emeniro.lovehorses.lv\/ru\/wp-json\/wp\/v2\/types\/product"}],"replies":[{"embeddable":true,"href":"https:\/\/emeniro.lovehorses.lv\/ru\/wp-json\/wp\/v2\/comments?post=21470"}],"wp:featuredmedia":[{"embeddable":true,"href":"https:\/\/emeniro.lovehorses.lv\/ru\/wp-json\/wp\/v2\/media\/23287"}],"wp:attachment":[{"href":"https:\/\/emeniro.lovehorses.lv\/ru\/wp-json\/wp\/v2\/media?parent=21470"}],"wp:term":[{"taxonomy":"product_brand","embeddable":true,"href":"https:\/\/emeniro.lovehorses.lv\/ru\/wp-json\/wp\/v2\/product_brand?post=21470"},{"taxonomy":"product_cat","embeddable":true,"href":"https:\/\/emeniro.lovehorses.lv\/ru\/wp-json\/wp\/v2\/product_cat?post=21470"},{"taxonomy":"product_tag","embeddable":true,"href":"https:\/\/emeniro.lovehorses.lv\/ru\/wp-json\/wp\/v2\/product_tag?post=21470"}],"curies":[{"name":"wp","href":"https:\/\/api.w.org\/{rel}","templated":true}]}}