{"id":21481,"date":"2026-04-30T20:17:34","date_gmt":"2026-04-30T20:17:34","guid":{"rendered":"https:\/\/emeniro.lovehorses.lv\/product\/beko-gno46623mxpn-gno-46623-mxpn\/"},"modified":"2026-04-30T21:38:50","modified_gmt":"2026-04-30T21:38:50","slug":"beko-gno46623mxpn-gno-46623-mxpn","status":"publish","type":"product","link":"https:\/\/emeniro.lovehorses.lv\/ru\/product\/beko-gno46623mxpn-gno-46623-mxpn\/","title":{"rendered":"Beko GNO46623MXPN ( GNO 46623 MXPN )"},"content":{"rendered":"<\/p>\n<p class=\"translation-block\"><p><\/p><p>\u041e\u0441\u043d\u043e\u0432\u043d\u0430\u044f \u0438\u043d\u0444\u043e\u0440\u043c\u0430\u0446\u0438\u044f<br>&nbsp;&nbsp;&nbsp; \u0422\u043e\u0440\u0433\u043e\u0432\u0430\u044f \u043c\u0430\u0440\u043a\u0430&nbsp;&nbsp;&nbsp; Beko<br>&nbsp;&nbsp;&nbsp; \u041a\u043e\u0434 \u043f\u0440\u043e\u0434\u0443\u043a\u0442\u0430&nbsp;&nbsp;&nbsp; 8996443200<br>&nbsp;&nbsp;&nbsp; \u0422\u0438\u043f \u0443\u0441\u0442\u0440\u043e\u0439\u0441\u0442\u0432\u0430&nbsp;&nbsp;&nbsp; \u041e\u0442\u0434\u0435\u043b\u044c\u043d\u043e\u0441\u0442\u043e\u044f\u0449\u0438\u0439<br>&nbsp;&nbsp;&nbsp; \u0422\u0438\u043f \u0445\u043e\u043b\u043e\u0434\u0438\u043b\u044c\u043d\u0438\u043a\u0430&nbsp;&nbsp;&nbsp; Side-by-side<br>&nbsp;&nbsp;&nbsp; No frost&nbsp;&nbsp;&nbsp; \u0415\u0441\u0442\u044c<br>&nbsp;&nbsp;&nbsp; \u0426\u0432\u0435\u0442&nbsp;&nbsp;&nbsp; \u041d\u0435\u0440\u0436\u0430\u0432\u0435\u044e\u0449\u0430\u044f \u0441\u0442\u0430\u043b\u044c\/\u0411\u0435\u0436\u0435\u0432\u043e\u0435 \u0441\u0442\u0435\u043a\u043b\u043e<br>&nbsp;&nbsp;&nbsp; EAN&nbsp;&nbsp;&nbsp; 8690842591655<br>\u041d\u043e\u0432\u0430\u044f \u044d\u043d\u0435\u0440\u0433\u0435\u0442\u0438\u0447\u0435\u0441\u043a\u0430\u044f \u043c\u0430\u0440\u043a\u0438\u0440\u043e\u0432\u043a\u0430 \u0441 2021 \u0433\u043e\u0434\u0430<br>&nbsp;&nbsp;&nbsp; \u041a\u043b\u0430\u0441\u0441 \u044d\u043d\u0435\u0440\u0433\u043e\u044d\u0444\u0444\u0435\u043a\u0442\u0438\u0432\u043d\u043e\u0441\u0442\u0438&nbsp;&nbsp;&nbsp; D<br>&nbsp;&nbsp;&nbsp; \u0413\u043e\u0434\u043e\u0432\u043e\u0435 \u043f\u043e\u0442\u0440\u0435\u0431\u043b\u0435\u043d\u0438\u0435 \u044d\u043b\u0435\u043a\u0442\u0440\u043e\u044d\u043d\u0435\u0440\u0433\u0438\u0438&nbsp;&nbsp;&nbsp; 225 \u043a\u0412\u0442\u0447<br>\u0412\u043c\u0435\u0441\u0442\u0438\u043c\u043e\u0441\u0442\u044c<br>&nbsp;&nbsp;&nbsp; \u041e\u0431\u0449\u0438\u0439 \u043e\u0431\u044a\u0435\u043c&nbsp;&nbsp;&nbsp; 466 \u043b<br>&nbsp;&nbsp;&nbsp; \u041e\u0431\u044a\u0435\u043c \u043e\u0442\u0434\u0435\u043b\u0435\u043d\u0438\u044f \u0441\u0432\u0435\u0436\u0438\u0445 \u043f\u0440\u043e\u0434\u0443\u043a\u0442\u043e\u0432&nbsp;&nbsp;&nbsp; 291 \u043b<br>&nbsp;&nbsp;&nbsp; \u041e\u0431\u044a\u0435\u043c \u043e\u0442\u0434\u0435\u043b\u0435\u043d\u0438\u044f \u0437\u0430\u043c\u043e\u0440\u043e\u0436\u0435\u043d\u043d\u044b\u0445 \u043f\u0440\u043e\u0434\u0443\u043a\u0442\u043e\u0432&nbsp;&nbsp;&nbsp; 175 \u043b<br>\u0423\u0440\u043e\u0432\u0435\u043d\u044c \u0448\u0443\u043c\u0430<br>&nbsp;&nbsp;&nbsp; \u0423\u0440\u043e\u0432\u0435\u043d\u044c \u0448\u0443\u043c\u0430&nbsp;&nbsp;&nbsp; 39 \u0434\u0411<br>&nbsp;&nbsp;&nbsp; \u041a\u043b\u0430\u0441\u0441 \u0430\u043a\u0443\u0441\u0442\u0438\u0447\u0435\u0441\u043a\u043e\u0439 \u0448\u0443\u043c\u043d\u043e\u0441\u0442\u0438&nbsp;&nbsp;&nbsp; C<br>\u0420\u0430\u0437\u043c\u0435\u0440\u044b, \u0432\u0435\u0441<br>&nbsp;&nbsp;&nbsp; \u0412\u044b\u0441\u043e\u0442\u0430&nbsp;&nbsp;&nbsp; 180 \u0441\u043c<br>&nbsp;&nbsp;&nbsp; \u0428\u0438\u0440\u0438\u043d\u0430&nbsp;&nbsp;&nbsp; 79 \u0441\u043c<br>&nbsp;&nbsp;&nbsp; \u0413\u043b\u0443\u0431\u0438\u043d\u0430&nbsp;&nbsp;&nbsp; 73 \u0441\u043c<br>&nbsp;&nbsp;&nbsp; \u0412\u0435\u0441&nbsp;&nbsp;&nbsp; 90 \u043a\u0433<br>&nbsp;&nbsp;&nbsp; \u0412\u0435\u0441 \u0441 \u0443\u043f\u0430\u043a\u043e\u0432\u043a\u043e\u0439&nbsp;&nbsp;&nbsp; 95 \u043a\u0433<br>\u0423\u043f\u0440\u0430\u0432\u043b\u0435\u043d\u0438\u0435<br>&nbsp;&nbsp;&nbsp; \u042d\u043b\u0435\u043a\u0442\u0440\u043e\u043d\u043d\u044b\u0439 \u0434\u0438\u0441\u043f\u043b\u0435\u0439&nbsp;&nbsp;&nbsp; \u0415\u0441\u0442\u044c<br>&nbsp;&nbsp;&nbsp; \u0422\u0438\u043f \u0443\u043f\u0440\u0430\u0432\u043b\u0435\u043d\u0438\u044f&nbsp;&nbsp;&nbsp; \u042d\u043b\u0435\u043a\u0442\u0440\u043e\u043d\u043d\u043e\u0435<br>\u0424\u0443\u043d\u043a\u0446\u0438\u0438<br>&nbsp;&nbsp;&nbsp; \u0411\u044b\u0441\u0442\u0440\u0430\u044f \u0437\u0430\u043c\u043e\u0440\u043e\u0437\u043a\u0430&nbsp;&nbsp;&nbsp; \u0415\u0441\u0442\u044c<br>\u0414\u0440\u0443\u0433\u0438\u0435 \u043f\u0430\u0440\u0430\u043c\u0435\u0442\u0440\u044b<br>&nbsp;&nbsp;&nbsp; \u041a\u043e\u043b\u0438\u0447\u0435\u0441\u0442\u0432\u043e \u0434\u0432\u0435\u0440\u0435\u0439&nbsp;&nbsp;&nbsp; 4<br>&nbsp;&nbsp;&nbsp; \u0420\u0443\u0447\u043a\u0430 \u0434\u0432\u0435\u0440\u0435\u0439&nbsp;&nbsp;&nbsp; \u0412\u0441\u0442\u0440\u043e\u0435\u043d\u043d\u0430\u044f<br>&nbsp;&nbsp;&nbsp; \u0422\u0438\u043f \u043f\u043e\u043b\u043e\u043a&nbsp;&nbsp;&nbsp; \u0417\u0430\u043a\u0430\u043b\u0435\u043d\u043d\u043e\u0435 \u0441\u0442\u0435\u043a\u043b\u043e<br>&nbsp;&nbsp;&nbsp; \u041f\u0440\u043e\u0438\u0437\u0432\u043e\u0434\u0438\u0442\u0435\u043b\u044c\u043d\u043e\u0441\u0442\u044c \u0437\u0430\u043c\u043e\u0440\u043e\u0437\u043a\u0438 \u043a\u0433\/24\u0447&nbsp;&nbsp;&nbsp; 13<br>&nbsp;&nbsp;&nbsp; \u041a\u043b\u0430\u0441\u0441 \u043c\u043e\u0440\u043e\u0437\u0438\u043b\u044c\u043d\u043e\u0439 \u043a\u0430\u043c\u0435\u0440\u044b&nbsp;&nbsp;&nbsp; ****<br>&nbsp;&nbsp;&nbsp; \u041a\u043b\u0438\u043c\u0430\u0442\u0438\u0447\u0435\u0441\u043a\u0438\u0439 \u043a\u043b\u0430\u0441\u0441&nbsp;&nbsp;&nbsp; SN-ST<\/p><p><\/p><\/p><\/p>","protected":false},"excerpt":{"rendered":"<p>Pamatinform\u0101cija\u00a0\u00a0\u00a0 Pre\u010du z\u012bme\u00a0\u00a0\u00a0 Beko\u00a0\u00a0\u00a0 Produkta kods\u00a0\u00a0\u00a0 8996443200\u00a0\u00a0\u00a0 Iek\u0101rtas tips\u00a0\u00a0\u00a0 Br\u012bvst\u0101vo\u0161s\u00a0\u00a0\u00a0 Ledusskapja veids\u00a0\u00a0\u00a0 Side-by-side\u00a0\u00a0\u00a0 No frost\u00a0\u00a0\u00a0 Ir\u00a0\u00a0\u00a0 Kr\u0101sa\u00a0\u00a0\u00a0 Ner\u016bs\u0113jo\u0161\u0101 t\u0113rauda\/B\u0113\u0161s stikls\u00a0\u00a0\u00a0 EAN\u00a0\u00a0\u00a0 8690842591655Jaunais energomar\u0137\u0113jums no 2021.gada\u00a0\u00a0\u00a0 Energoefektivit\u0101tes klase\u00a0\u00a0\u00a0 D\u00a0\u00a0\u00a0 Elektroener\u0123ijas pat\u0113ri\u0146\u0161 gad\u0101\u00a0\u00a0\u00a0 225 kWhIetilp\u012bba\u00a0\u00a0\u00a0 Kop\u0113jais tilpums\u00a0\u00a0\u00a0 466 l\u00a0\u00a0\u00a0 Svaigo p\u0101rtikas produktu nodal\u012bjuma tilpums\u00a0\u00a0\u00a0 291 l\u00a0\u00a0\u00a0 Sald\u0113to p\u0101rtikas produktu nodal\u012bjuma tilpums\u00a0\u00a0\u00a0 175 lTrok\u0161\u0146a l\u012bmenis\u00a0\u00a0\u00a0 Trok\u0161\u0146a l\u012bmenis\u00a0\u00a0\u00a0 39 [&hellip;]<\/p>\n","protected":false},"featured_media":23294,"comment_status":"open","ping_status":"closed","template":"","meta":{"_joinchat":[]},"product_brand":[269],"product_cat":[272],"product_tag":[],"class_list":{"0":"post-21481","1":"product","2":"type-product","3":"status-publish","4":"has-post-thumbnail","6":"product_brand-beko","7":"product_cat-sadzives-tehnika-ledusskapji","9":"first","10":"instock","11":"shipping-taxable","12":"purchasable","13":"product-type-simple"},"_links":{"self":[{"href":"https:\/\/emeniro.lovehorses.lv\/ru\/wp-json\/wp\/v2\/product\/21481","targetHints":{"allow":["GET"]}}],"collection":[{"href":"https:\/\/emeniro.lovehorses.lv\/ru\/wp-json\/wp\/v2\/product"}],"about":[{"href":"https:\/\/emeniro.lovehorses.lv\/ru\/wp-json\/wp\/v2\/types\/product"}],"replies":[{"embeddable":true,"href":"https:\/\/emeniro.lovehorses.lv\/ru\/wp-json\/wp\/v2\/comments?post=21481"}],"wp:featuredmedia":[{"embeddable":true,"href":"https:\/\/emeniro.lovehorses.lv\/ru\/wp-json\/wp\/v2\/media\/23294"}],"wp:attachment":[{"href":"https:\/\/emeniro.lovehorses.lv\/ru\/wp-json\/wp\/v2\/media?parent=21481"}],"wp:term":[{"taxonomy":"product_brand","embeddable":true,"href":"https:\/\/emeniro.lovehorses.lv\/ru\/wp-json\/wp\/v2\/product_brand?post=21481"},{"taxonomy":"product_cat","embeddable":true,"href":"https:\/\/emeniro.lovehorses.lv\/ru\/wp-json\/wp\/v2\/product_cat?post=21481"},{"taxonomy":"product_tag","embeddable":true,"href":"https:\/\/emeniro.lovehorses.lv\/ru\/wp-json\/wp\/v2\/product_tag?post=21481"}],"curies":[{"name":"wp","href":"https:\/\/api.w.org\/{rel}","templated":true}]}}