{"id":21505,"date":"2026-04-30T20:18:15","date_gmt":"2026-04-30T20:18:15","guid":{"rendered":"https:\/\/emeniro.lovehorses.lv\/product\/samsung-hw-s41t-en\/"},"modified":"2026-04-30T21:39:25","modified_gmt":"2026-04-30T21:39:25","slug":"samsung-hw-s41t-en","status":"publish","type":"product","link":"https:\/\/emeniro.lovehorses.lv\/ru\/product\/samsung-hw-s41t-en\/","title":{"rendered":"Samsung HW-S41T\/EN"},"content":{"rendered":"<\/p>\n<p><span class=\"VIiyi\" lang=\"lv\"><span class=\"JLqJ4b ChMk0b\" data-language-for-alternatives=\"lv\" data-language-to-translate-into=\"ru\" data-phrase-index=\"0\">Ska\u0146as jauda, RMS (W) 100<\/span><span class=\"JLqJ4b\" data-language-for-alternatives=\"lv\" data-language-to-translate-into=\"ru\" data-phrase-index=\"1\"><br \/><\/span><span class=\"JLqJ4b ChMk0b\" data-language-for-alternatives=\"lv\" data-language-to-translate-into=\"ru\" data-phrase-index=\"2\">Audio kan\u0101li 2.0<\/span><span class=\"JLqJ4b\" data-language-for-alternatives=\"lv\" data-language-to-translate-into=\"ru\" data-phrase-index=\"3\"><br \/><\/span><span class=\"JLqJ4b ChMk0b\" data-language-for-alternatives=\"lv\" data-language-to-translate-into=\"ru\" data-phrase-index=\"4\">Bluetooth<\/span><span class=\"JLqJ4b\" data-language-for-alternatives=\"lv\" data-language-to-translate-into=\"ru\" data-phrase-index=\"5\"><br \/><\/span><span class=\"JLqJ4b ChMk0b\" data-language-for-alternatives=\"lv\" data-language-to-translate-into=\"ru\" data-phrase-index=\"6\">Izm\u0113ri (redi\u0123\u0113t)<\/span><span class=\"JLqJ4b\" data-language-for-alternatives=\"lv\" data-language-to-translate-into=\"ru\" data-phrase-index=\"7\"><br \/><\/span><span class=\"JLqJ4b ChMk0b\" data-language-for-alternatives=\"lv\" data-language-to-translate-into=\"ru\" data-phrase-index=\"8\">Augstums (cm) 6.8<\/span><span class=\"JLqJ4b\" data-language-for-alternatives=\"lv\" data-language-to-translate-into=\"ru\" data-phrase-index=\"9\"><br \/><\/span><span class=\"JLqJ4b ChMk0b\" data-language-for-alternatives=\"lv\" data-language-to-translate-into=\"ru\" data-phrase-index=\"10\">Platums (cm) 68<\/span><span class=\"JLqJ4b\" data-language-for-alternatives=\"lv\" data-language-to-translate-into=\"ru\" data-phrase-index=\"11\"><br \/><\/span><span class=\"JLqJ4b ChMk0b\" data-language-for-alternatives=\"lv\" data-language-to-translate-into=\"ru\" data-phrase-index=\"12\">Dzi\u013cums (cm) 11.5<\/span><span class=\"JLqJ4b\" data-language-for-alternatives=\"lv\" data-language-to-translate-into=\"ru\" data-phrase-index=\"13\"><br \/><\/span><span class=\"JLqJ4b ChMk0b\" data-language-for-alternatives=\"lv\" data-language-to-translate-into=\"ru\" data-phrase-index=\"14\">Bruto svars (iepakojums kg) 3.1<\/span><\/span><\/p><\/p>","protected":false},"excerpt":{"rendered":"<p>Ska\u0146as jauda, RMS (W) 100Audio kan\u0101li 2.0BluetoothIzm\u0113ri (redi\u0123\u0113t)Augstums (cm) 6.8Platums (cm) 68Dzi\u013cums (cm) 11.5Bruto svars (iepakojums kg) 3.1<\/p>","protected":false},"featured_media":23310,"comment_status":"open","ping_status":"closed","template":"","meta":[],"product_brand":[139],"product_cat":[304],"product_tag":[],"class_list":{"0":"post-21505","1":"product","2":"type-product","3":"status-publish","4":"has-post-thumbnail","6":"product_brand-samsung","7":"product_cat-tv-foto-video-audio-audio-aparatura-skalruni","9":"first","10":"instock","11":"shipping-taxable","12":"purchasable","13":"product-type-simple"},"_links":{"self":[{"href":"https:\/\/emeniro.lovehorses.lv\/ru\/wp-json\/wp\/v2\/product\/21505","targetHints":{"allow":["GET"]}}],"collection":[{"href":"https:\/\/emeniro.lovehorses.lv\/ru\/wp-json\/wp\/v2\/product"}],"about":[{"href":"https:\/\/emeniro.lovehorses.lv\/ru\/wp-json\/wp\/v2\/types\/product"}],"replies":[{"embeddable":true,"href":"https:\/\/emeniro.lovehorses.lv\/ru\/wp-json\/wp\/v2\/comments?post=21505"}],"wp:featuredmedia":[{"embeddable":true,"href":"https:\/\/emeniro.lovehorses.lv\/ru\/wp-json\/wp\/v2\/media\/23310"}],"wp:attachment":[{"href":"https:\/\/emeniro.lovehorses.lv\/ru\/wp-json\/wp\/v2\/media?parent=21505"}],"wp:term":[{"taxonomy":"product_brand","embeddable":true,"href":"https:\/\/emeniro.lovehorses.lv\/ru\/wp-json\/wp\/v2\/product_brand?post=21505"},{"taxonomy":"product_cat","embeddable":true,"href":"https:\/\/emeniro.lovehorses.lv\/ru\/wp-json\/wp\/v2\/product_cat?post=21505"},{"taxonomy":"product_tag","embeddable":true,"href":"https:\/\/emeniro.lovehorses.lv\/ru\/wp-json\/wp\/v2\/product_tag?post=21505"}],"curies":[{"name":"wp","href":"https:\/\/api.w.org\/{rel}","templated":true}]}}