{"id":21593,"date":"2026-04-30T20:20:08","date_gmt":"2026-04-30T20:20:08","guid":{"rendered":"https:\/\/emeniro.lovehorses.lv\/product\/gorenje-mo20e1s\/"},"modified":"2026-04-30T21:41:08","modified_gmt":"2026-04-30T21:41:08","slug":"gorenje-mo20e1s","status":"publish","type":"product","link":"https:\/\/emeniro.lovehorses.lv\/ru\/product\/gorenje-mo20e1s\/","title":{"rendered":"Gorenje MO20E1S"},"content":{"rendered":"<p>\u0411\u0440\u0435\u043d\u0434 Gorenje<\/p>\n<p><span class=\"VIiyi\" lang=\"lv\"><span class=\"JLqJ4b ChMk0b\" data-language-for-alternatives=\"lv\" data-language-to-translate-into=\"ru\" data-phrase-index=\"2\" data-number-of-phrases=\"23\">\u0426\u0432\u0435\u0442 \u0421\u0435\u0440\u0435\u0431\u0440\u043e<\/span><span class=\"JLqJ4b\" data-language-for-alternatives=\"lv\" data-language-to-translate-into=\"ru\" data-phrase-index=\"3\" data-number-of-phrases=\"23\"><br \/><\/span><span class=\"JLqJ4b ChMk0b\" data-language-for-alternatives=\"lv\" data-language-to-translate-into=\"ru\" data-phrase-index=\"4\" data-number-of-phrases=\"23\">\u041e\u0431\u044a\u0435\u043c 20 \u043b<\/span><span class=\"JLqJ4b\" data-language-for-alternatives=\"lv\" data-language-to-translate-into=\"ru\" data-phrase-index=\"5\" data-number-of-phrases=\"23\"><br \/><\/span><span class=\"JLqJ4b ChMk0b\" data-language-for-alternatives=\"lv\" data-language-to-translate-into=\"ru\" data-phrase-index=\"6\" data-number-of-phrases=\"23\">EAN 3838782175398<\/span><span class=\"JLqJ4b\" data-language-for-alternatives=\"lv\" data-language-to-translate-into=\"ru\" data-phrase-index=\"7\" data-number-of-phrases=\"23\"><br \/><\/span><span class=\"JLqJ4b ChMk0b\" data-language-for-alternatives=\"lv\" data-language-to-translate-into=\"ru\" data-phrase-index=\"8\" data-number-of-phrases=\"23\">\u0420\u0430\u0437\u043c\u0435\u0440\u044b, \u0432\u0435\u0441<\/span><span class=\"JLqJ4b\" data-language-for-alternatives=\"lv\" data-language-to-translate-into=\"ru\" data-phrase-index=\"9\" data-number-of-phrases=\"23\"><br \/><\/span><span class=\"JLqJ4b ChMk0b\" data-language-for-alternatives=\"lv\" data-language-to-translate-into=\"ru\" data-phrase-index=\"10\" data-number-of-phrases=\"23\">Izm\u0113ri (WxHxD) mm 25,7\u00d745,1\u00d734,3<\/span><span class=\"JLqJ4b\" data-language-for-alternatives=\"lv\" data-language-to-translate-into=\"ru\" data-phrase-index=\"11\" data-number-of-phrases=\"23\"><br \/><\/span><span class=\"JLqJ4b ChMk0b\" data-language-for-alternatives=\"lv\" data-language-to-translate-into=\"ru\" data-phrase-index=\"12\" data-number-of-phrases=\"23\">\u0412\u0435\u0441 (\u0431\u0435\u0437 \u0443\u043f\u0430\u043a\u043e\u0432\u043a\u0438) 10,9 \u043a\u0433<\/span><span class=\"JLqJ4b\" data-language-for-alternatives=\"lv\" data-language-to-translate-into=\"ru\" data-phrase-index=\"13\" data-number-of-phrases=\"23\"><br \/><\/span><span class=\"JLqJ4b ChMk0b\" data-language-for-alternatives=\"lv\" data-language-to-translate-into=\"ru\" data-phrase-index=\"14\" data-number-of-phrases=\"23\">\u0411\u0420\u0423\u0422\u041e \u0432\u0435\u0441 (\u0432\u0435\u0441 \u0441 \u0443\u043f\u0430\u043a\u043e\u0432\u043a\u043e\u0439) 12,6 \u043a\u0433<\/span><span class=\"JLqJ4b\" data-language-for-alternatives=\"lv\" data-language-to-translate-into=\"ru\" data-phrase-index=\"15\" data-number-of-phrases=\"23\"><br \/><\/span><span class=\"JLqJ4b ChMk0b\" data-language-for-alternatives=\"lv\" data-language-to-translate-into=\"ru\" data-phrase-index=\"16\" data-number-of-phrases=\"23\">\u041f\u0430\u0440\u0430\u043c\u0435\u0442\u0440\u044b \u043c\u0438\u043a\u0440\u043e\u0432\u043e\u043b\u043d\u043e\u0432\u043a\u0438<\/span><span class=\"JLqJ4b\" data-language-for-alternatives=\"lv\" data-language-to-translate-into=\"ru\" data-phrase-index=\"17\" data-number-of-phrases=\"23\"><br \/><\/span><span class=\"JLqJ4b ChMk0b\" data-language-for-alternatives=\"lv\" data-language-to-translate-into=\"ru\" data-phrase-index=\"18\" data-number-of-phrases=\"23\">\u0422\u0438\u043f \u0443\u043f\u0440\u0430\u0432\u043b\u0435\u043d\u0438\u044f \u041c\u0435\u0445\u0430\u043d\u0438\u0447\u0435\u0441\u043a\u0438\u0439<\/span><span class=\"JLqJ4b\" data-language-for-alternatives=\"lv\" data-language-to-translate-into=\"ru\" data-phrase-index=\"19\" data-number-of-phrases=\"23\"><br \/><\/span><span class=\"JLqJ4b ChMk0b\" data-language-for-alternatives=\"lv\" data-language-to-translate-into=\"ru\" data-phrase-index=\"20\" data-number-of-phrases=\"23\">\u0412\u044b\u0445\u043e\u0434\u043d\u0430\u044f \u043c\u043e\u0449\u043d\u043e\u0441\u0442\u044c \u043c\u0438\u043a\u0440\u043e\u0432\u043e\u043b\u043d (\u0412\u0442) 800 W<\/span><span class=\"JLqJ4b\" data-language-for-alternatives=\"lv\" data-language-to-translate-into=\"ru\" data-phrase-index=\"21\" data-number-of-phrases=\"23\"><br \/><\/span><span class=\"JLqJ4b ChMk0b\" data-language-for-alternatives=\"lv\" data-language-to-translate-into=\"ru\" data-phrase-index=\"22\" data-number-of-phrases=\"23\">\u0422\u0430\u0439\u043c\u0435\u0440<\/span><\/span><\/p><\/p>","protected":false},"excerpt":{"rendered":"<p>Z\u012bmols Gorenje Kr\u0101sa SudrabaTilpums 20 lEAN 3838782175398Izm\u0113ri, svarsIzm\u0113ri (WxHxD) mm 25,7\u00d745,1\u00d734,3Svars (bez iepakojuma) 10,9 kgBRUTO svars (svars ar iepakojumu) 12,6 kgMikrovi\u013c\u0146u parametriVad\u012bbas veids Meh\u0101niskaisMikrovi\u013c\u0146u izejas jauda (W) 800 WTaimeris<\/p>","protected":false},"featured_media":23390,"comment_status":"open","ping_status":"closed","template":"","meta":{"_joinchat":[]},"product_brand":[271],"product_cat":[273],"product_tag":[],"class_list":{"0":"post-21593","1":"product","2":"type-product","3":"status-publish","4":"has-post-thumbnail","6":"product_brand-gorenje","7":"product_cat-sadzives-tehnika-mikrovilnu-krasnis","9":"first","10":"instock","11":"shipping-taxable","12":"purchasable","13":"product-type-simple"},"_links":{"self":[{"href":"https:\/\/emeniro.lovehorses.lv\/ru\/wp-json\/wp\/v2\/product\/21593","targetHints":{"allow":["GET"]}}],"collection":[{"href":"https:\/\/emeniro.lovehorses.lv\/ru\/wp-json\/wp\/v2\/product"}],"about":[{"href":"https:\/\/emeniro.lovehorses.lv\/ru\/wp-json\/wp\/v2\/types\/product"}],"replies":[{"embeddable":true,"href":"https:\/\/emeniro.lovehorses.lv\/ru\/wp-json\/wp\/v2\/comments?post=21593"}],"wp:featuredmedia":[{"embeddable":true,"href":"https:\/\/emeniro.lovehorses.lv\/ru\/wp-json\/wp\/v2\/media\/23390"}],"wp:attachment":[{"href":"https:\/\/emeniro.lovehorses.lv\/ru\/wp-json\/wp\/v2\/media?parent=21593"}],"wp:term":[{"taxonomy":"product_brand","embeddable":true,"href":"https:\/\/emeniro.lovehorses.lv\/ru\/wp-json\/wp\/v2\/product_brand?post=21593"},{"taxonomy":"product_cat","embeddable":true,"href":"https:\/\/emeniro.lovehorses.lv\/ru\/wp-json\/wp\/v2\/product_cat?post=21593"},{"taxonomy":"product_tag","embeddable":true,"href":"https:\/\/emeniro.lovehorses.lv\/ru\/wp-json\/wp\/v2\/product_tag?post=21593"}],"curies":[{"name":"wp","href":"https:\/\/api.w.org\/{rel}","templated":true}]}}