{"id":21634,"date":"2026-04-30T20:20:57","date_gmt":"2026-04-30T20:20:57","guid":{"rendered":"https:\/\/emeniro.lovehorses.lv\/product\/makita-drc200z\/"},"modified":"2026-04-30T21:41:48","modified_gmt":"2026-04-30T21:41:48","slug":"makita-drc200z","status":"publish","type":"product","link":"https:\/\/emeniro.lovehorses.lv\/ru\/product\/makita-drc200z\/","title":{"rendered":"Makita DRC200Z"},"content":{"rendered":"<\/p>\n<p>EAN 088381822916 \u00a0<br \/>Ra\u017eot\u0101js Makita \u00a0<br \/>Fizik\u0101l\u0101s \u00a0<br \/>Augstums [cm] 18 \u00a0<br \/>Diametrs [cm] 46 \u00a0<br \/>Svars [kg] Nav pieejams \u00a0<br \/>Funkcijas \u00a0<br \/>Auto atpaka\u013c uz b\u0101zi T\u0101 \u00a0<br \/>Darba grafiks Nav \u00a0<br \/>Intensit\u0101tes regul\u0113\u0161ana Nav pieejams \u00a0<br \/>Kart\u0113\u0161anas funkcija telpu Nav \u00a0<br \/>Programmu skaits 3 \u00a0<br \/>Virtual lighthouse Nav \u00a0<br \/>Virtu\u0101l\u0101 siena Nav \u00a0<br \/>Galven\u0101 inform\u0101cija \u00a0<br \/>Dzin\u0113ja jauda Nav pieejams \u00a0<br \/>Funkcijas Putek\u013cu s\u016bc\u0113ju \u00a0<br \/>Kr\u0101sa Za\u013ca \u00a0<br \/>Modelis MDRC200Z \u00a0<br \/>Tehniskie \u00a0<br \/>Maksim\u0101lais darba laiks 120 min\u016btes \u00a0<br \/>Rezervu\u0101ra putek\u013cu 2,5 l \u00a0<br \/>Trok\u0161\u0146a l\u012bmenis Nav pieejams \u00a0<br \/>Uzl\u0101des laiks Nav pieejams \u00a0<br \/>Vad\u012bba, izmantojot \u0161o programmu Nav \u00a0<br \/>Wi-Fi Nav \u00a0<br \/>\u00a0 Makita DRC200Z robots putek\u013cs\u016bc\u0113js ir apr\u012bkots ar praktisku taimeri<br \/>Makita DRC200Z robots putek\u013cs\u016bc\u0113js pied\u0101v\u0101 autom\u0101tisku starta aizkavi p\u0113c 1, 3 vai 5 stund\u0101m, izmantojot ieb\u016bv\u0113to taimeri. Tagad j\u016bsu biroju vai noliktavu var izs\u016bkt p\u0113c darba laika, kaddarbinieki vairs neatrodas uz\u0146\u0113mum\u0101.<\/p>\n<p>2 s\u0101nu sukas un 1 \u012bpa\u0161i liela galven\u0101 suka<br \/>Ir apr\u012bkots Makita DRC200Z robots putek\u013cs\u016bc\u0113js ar liel\u0101m suk\u0101m pus\u0113. To sari sniedzas t\u0101lu aiz robota mal\u0101m, kas \u013cauj sasniegt st\u016brus un putek\u013cain\u0101s malas. S\u0101nu sukas darbojas jebkur\u0101 darb\u012bbasre\u017e\u012bm\u0101. Galven\u0101 birste (\u2300 50 mm x 260 mm) absorb\u0113 rupjus net\u012brumus, nog\u0101d\u0101jot tos net\u012brumu tvertn\u0113 (groz\u0101).<\/p>\n<p>Izt\u012briet darbn\u012bcas, birojus, noliktavas, konferen\u010du telpas utt.<br \/>Makita DRC200Z Putek\u013cs\u016bc\u0113js robots ir ide\u0101li piem\u0113rots lielu komerci\u0101lo plat\u012bbu, piem\u0113ram: biroju, veikalu un izst\u0101\u017eu z\u0101\u013cu, r\u016bpn\u012bcu, noliktavu, darbn\u012bcu, viesn\u012bcu vestibilu, tera\u0161u un daudzu cituputek\u013cu s\u016bc\u0113\u0161anai.Robots t\u012bra da\u017e\u0101da veida gr\u012bdas, piem\u0113ram: pakl\u0101jus, pane\u013cus, gr\u012bdas fl\u012bzes, betona gr\u012bdas, koka gr\u012bdas.<\/p>\n","protected":false},"excerpt":{"rendered":"<p>EAN 088381822916 \u00a0Ra\u017eot\u0101js Makita \u00a0Fizik\u0101l\u0101s \u00a0Augstums [cm] 18 \u00a0Diametrs [cm] 46 \u00a0Svars [kg] Nav pieejams \u00a0Funkcijas \u00a0Auto atpaka\u013c uz b\u0101zi T\u0101 \u00a0Darba grafiks Nav \u00a0Intensit\u0101tes regul\u0113\u0161ana Nav pieejams \u00a0Kart\u0113\u0161anas funkcija telpu Nav \u00a0Programmu skaits 3 \u00a0Virtual lighthouse Nav \u00a0Virtu\u0101l\u0101 siena Nav \u00a0Galven\u0101 inform\u0101cija \u00a0Dzin\u0113ja jauda Nav pieejams \u00a0Funkcijas Putek\u013cu s\u016bc\u0113ju \u00a0Kr\u0101sa Za\u013ca \u00a0Modelis MDRC200Z \u00a0Tehniskie [&hellip;]<\/p>\n","protected":false},"featured_media":23426,"comment_status":"open","ping_status":"closed","template":"","meta":{"_joinchat":[]},"product_brand":[],"product_cat":[282],"product_tag":[],"class_list":{"0":"post-21634","1":"product","2":"type-product","3":"status-publish","4":"has-post-thumbnail","6":"product_cat-sadzives-tehnika-puteklu-suceji","8":"first","9":"instock","10":"shipping-taxable","11":"purchasable","12":"product-type-simple"},"_links":{"self":[{"href":"https:\/\/emeniro.lovehorses.lv\/ru\/wp-json\/wp\/v2\/product\/21634","targetHints":{"allow":["GET"]}}],"collection":[{"href":"https:\/\/emeniro.lovehorses.lv\/ru\/wp-json\/wp\/v2\/product"}],"about":[{"href":"https:\/\/emeniro.lovehorses.lv\/ru\/wp-json\/wp\/v2\/types\/product"}],"replies":[{"embeddable":true,"href":"https:\/\/emeniro.lovehorses.lv\/ru\/wp-json\/wp\/v2\/comments?post=21634"}],"wp:featuredmedia":[{"embeddable":true,"href":"https:\/\/emeniro.lovehorses.lv\/ru\/wp-json\/wp\/v2\/media\/23426"}],"wp:attachment":[{"href":"https:\/\/emeniro.lovehorses.lv\/ru\/wp-json\/wp\/v2\/media?parent=21634"}],"wp:term":[{"taxonomy":"product_brand","embeddable":true,"href":"https:\/\/emeniro.lovehorses.lv\/ru\/wp-json\/wp\/v2\/product_brand?post=21634"},{"taxonomy":"product_cat","embeddable":true,"href":"https:\/\/emeniro.lovehorses.lv\/ru\/wp-json\/wp\/v2\/product_cat?post=21634"},{"taxonomy":"product_tag","embeddable":true,"href":"https:\/\/emeniro.lovehorses.lv\/ru\/wp-json\/wp\/v2\/product_tag?post=21634"}],"curies":[{"name":"wp","href":"https:\/\/api.w.org\/{rel}","templated":true}]}}