{"id":21738,"date":"2026-04-30T20:25:17","date_gmt":"2026-04-30T20:25:17","guid":{"rendered":"https:\/\/emeniro.lovehorses.lv\/product\/daikin-emura-3-klimaanlage-ftxj42aw-rxj42a-mattweis-42-kw\/"},"modified":"2026-04-30T21:46:03","modified_gmt":"2026-04-30T21:46:03","slug":"daikin-emura-3-klimaanlage-ftxj42aw-rxj42a-mattweis-42-kw","status":"publish","type":"product","link":"https:\/\/emeniro.lovehorses.lv\/ru\/product\/daikin-emura-3-klimaanlage-ftxj42aw-rxj42a-mattweis-42-kw\/","title":{"rendered":"DAIKIN Emura 3 \u041a\u043e\u043d\u0434\u0438\u0446\u0438\u043e\u043d\u0435\u0440 FTXJ42AW + RXJ42A | \u041c\u0430\u0442\u043e\u0432\u044b\u0439 \u0431\u0435\u043b\u044b\u0439 | 4,2 \u043a\u0412\u0442"},"content":{"rendered":"<\/p>\n<p>\u0414\u043e\u043f\u043e\u043b\u043d\u0438\u0442\u0435\u043b\u044c\u043d\u0430\u044f \u0438\u043d\u0444\u043e\u0440\u043c\u0430\u0446\u0438\u044f<br \/>\u0415\u0434\u0438\u043d\u0438\u0446\u0430 \u043a\u043e\u043c\u043f\u043b\u0435\u043a\u0442\u0430 \u0442\u043e\u0432\u0430\u0440\u0430<br \/>EAN 4062852650983<br \/>\u0414\u0438\u0437\u0430\u0439\u043d \u0441\u043e\u0432\u0440\u0435\u043c\u0435\u043d\u043d\u044b\u0439<br \/>\u0427\u0435\u0440\u043d\u044b\u0439 \u0446\u0432\u0435\u0442<br \/>\u0412\u0435\u0441 \u043a\u0433 62<br \/>BTE 14300<br \/>BTA IG: 1 14300<br \/>\u0413\u043b\u0443\u0431\u0438\u043d\u0430 \u0432\u043d\u0443\u0442\u0440\u0435\u043d\u043d\u0435\u0433\u043e \u0431\u043b\u043e\u043a\u0430 214<br \/>\u0428\u0438\u0440\u0438\u043d\u0430 \u0432\u043d\u0443\u0442\u0440\u0435\u043d\u043d\u0435\u0433\u043e \u0431\u043b\u043e\u043a\u0430 900<br \/>\u0412\u044b\u0441\u043e\u0442\u0430 \u0432\u043d\u0443\u0442\u0440\u0435\u043d\u043d\u0435\u0433\u043e \u0431\u043b\u043e\u043a\u0430 305<br \/>\u0413\u043b\u0443\u0431\u0438\u043d\u0430 \u043d\u0430\u0440\u0443\u0436\u043d\u043e\u0433\u043e \u0431\u043b\u043e\u043a\u0430 408<br \/>\u0428\u0438\u0440\u0438\u043d\u0430 \u043d\u0430\u0440\u0443\u0436\u043d\u043e\u0433\u043e \u0431\u043b\u043e\u043a\u0430 954<br \/>\u0412\u044b\u0441\u043e\u0442\u0430 \u043d\u0430\u0440\u0443\u0436\u043d\u043e\u0433\u043e \u0431\u043b\u043e\u043a\u0430 734<br \/>\u0425\u043e\u043b\u043e\u0434\u043e\u043f\u0440\u043e\u0438\u0437\u0432\u043e\u0434\u0438\u0442\u0435\u043b\u044c\u043d\u043e\u0441\u0442\u044c **** 4,2 \u043a\u0412\u0442<br \/>\u041a\u043b\u0430\u0441\u0441 \u044d\u043d\u0435\u0440\u0433\u043e\u044d\u0444\u0444\u0435\u043a\u0442\u0438\u0432\u043d\u043e\u0441\u0442\u0438 \u043e\u0445\u043b\u0430\u0436\u0434\u0435\u043d\u0438\u044f A ++<br \/>\u0422\u0435\u043f\u043b\u043e\u043f\u0440\u043e\u0438\u0437\u0432\u043e\u0434\u0438\u0442\u0435\u043b\u044c\u043d\u043e\u0441\u0442\u044c ***** 5,4<br \/>\u041f\u041e\u0414\u0422\u0412\u0415\u0420\u0416\u0414\u0415\u041d\u0418\u0415 \u042d\u041d\u0415\u0420\u0413\u041e\u042d\u0424\u0424\u0415\u041a\u0422\u0418\u0412\u041d\u041e\u0421\u0422\u0418<br \/>\u0412\u0435\u0441 \u0432\u043d\u0443\u0442\u0440\u0435\u043d\u043d\u0435\u0433\u043e \u0431\u043b\u043e\u043a\u0430 12 \u043a\u0433<br \/>\u0412\u0435\u0441 \u043d\u0430\u0440\u0443\u0436\u043d\u043e\u0433\u043e \u0431\u043b\u043e\u043a\u0430 50 \u043a\u0433<br \/>\u0418\u0441\u0442\u043e\u0447\u043d\u0438\u043a \u043f\u0438\u0442\u0430\u043d\u0438\u044f 220-240 \u0412 \/ 50 \u0413\u0446 \/ 1 \u0444\u0430\u0437\u0430<br \/>\u0420\u0435\u0436\u0438\u043c \u0446\u0438\u0440\u043a\u0443\u043b\u044f\u0446\u0438\u0438 \u0432\u043e\u0437\u0434\u0443\u0445\u0430 \u0432\u044b\u0441\u043e\u043a\u0438\u0439\/\u0441\u0440\u0435\u0434\u043d\u0438\u0439\/\u043d\u0438\u0437\u043a\u0438\u0439\/\u0442\u0438\u0445\u0438\u0439 13\/9,5\/7,2\/4,6 \u043c\u00b3\/\u043c\u0438\u043d<br \/>\u0412\u043d\u0443\u0442\u0440\u0435\u043d\u043d\u0438\u0439 \u0431\u043b\u043e\u043a: \u0443\u0440\u043e\u0432\u0435\u043d\u044c \u0437\u0432\u0443\u043a\u043e\u0432\u043e\u0433\u043e \u0434\u0430\u0432\u043b\u0435\u043d\u0438\u044f * \u043e\u0445\u043b\u0430\u0436\u0434\u0435\u043d\u0438\u0435 \/ \u043d\u0430\u0433\u0440\u0435\u0432: \u0432\u044b\u0441\u043e\u043a\u0438\u0439 \/ \u043d\u0438\u0437\u043a\u0438\u0439 \/ \u0442\u0438\u0445\u0438\u0439 \u0440\u0435\u0436\u0438\u043c 45\/29\/21 \u0434\u0411 (\u0410)<br \/>\u041d\u0430\u0440\u0443\u0436\u043d\u044b\u0439 \u0431\u043b\u043e\u043a: \u0443\u0440\u043e\u0432\u0435\u043d\u044c \u0437\u0432\u0443\u043a\u043e\u0432\u043e\u0433\u043e \u0434\u0430\u0432\u043b\u0435\u043d\u0438\u044f ** \u043e\u0445\u043b\u0430\u0436\u0434\u0435\u043d\u0438\u0435: 48 \u0434\u0411 (\u0410) | \u043d\u0430\u0433\u0440\u0435\u0432: 48 \u0434\u0411 (\u0410)<br \/>\u0412\u043d\u0443\u0442\u0440\u0435\u043d\u043d\u0438\u0439 \u0431\u043b\u043e\u043a: \u0443\u0440\u043e\u0432\u0435\u043d\u044c \u0437\u0432\u0443\u043a\u043e\u0432\u043e\u0439 \u043c\u043e\u0449\u043d\u043e\u0441\u0442\u0438 *** \u043e\u0445\u043b\u0430\u0436\u0434\u0435\u043d\u0438\u0435: 60 \u0434\u0411 (\u0410)<br \/>\u041d\u0430\u0440\u0443\u0436\u043d\u044b\u0439 \u0431\u043b\u043e\u043a: \u0443\u0440\u043e\u0432\u0435\u043d\u044c \u0437\u0432\u0443\u043a\u043e\u0432\u043e\u0439 \u043c\u043e\u0449\u043d\u043e\u0441\u0442\u0438 *** \u043e\u0445\u043b\u0430\u0436\u0434\u0435\u043d\u0438\u0435: 62 \u0434\u0411 (\u0410) | \u043d\u0430\u0433\u0440\u0435\u0432: 62 \u0434\u0411 (\u0410)<br \/>\u041e\u0445\u043b\u0430\u0436\u0434\u0430\u044e\u0449\u0430\u044f \u0436\u0438\u0434\u043a\u043e\u0441\u0442\u044c ******* P32<br \/>\u0417\u043d\u0430\u0447\u0435\u043d\u0438\u0435 PGP \u0445\u043b\u0430\u0434\u0430\u0433\u0435\u043d\u0442\u0430 675<br \/>\u041a\u043e\u043b\u0438\u0447\u0435\u0441\u0442\u0432\u043e \u0434\u043e\u0431\u0430\u0432\u043b\u0435\u043d\u0438\u044f 0,02 \u043a\u0433\/\u043c (\u0438\u0441\u043f\u043e\u043b\u044c\u0437\u0443\u0435\u0442\u0441\u044f \u043d\u0430\u0447\u0438\u043d\u0430\u044f \u0441 11-\u0433\u043e \u043c\u0435\u0442\u0440\u0430, \u0442\u0430\u043a \u043a\u0430\u043a \u043d\u0430\u0440\u0443\u0436\u043d\u044b\u0439 \u0431\u043b\u043e\u043a \u043f\u0440\u0435\u0434\u0432\u0430\u0440\u0438\u0442\u0435\u043b\u044c\u043d\u043e \u0437\u0430\u043f\u043e\u043b\u043d\u0435\u043d \u0434\u043e 10 \u043c\u0435\u0442\u0440\u043e\u0432)<br \/>\u041e\u0445\u043b\u0430\u0436\u0434\u0430\u044e\u0449\u0430\u044f \u0436\u0438\u0434\u043a\u043e\u0441\u0442\u044c (\u043f\u0440\u0435\u0434\u0437\u0430\u043f\u0440\u0430\u0432\u043b\u0435\u043d\u043d\u0430\u044f) 1,1 \u043a\u0433<br \/>\u0414\u0438\u0430\u043c\u0435\u0442\u0440 \u0442\u0440\u0443\u0431\u043a\u0438 \u0441\u043b\u0435\u0432\u0430 1\/4 \u0434\u044e\u0439\u043c\u0430 \/ 6,35 \u043c\u043c<br \/>\u0414\u0438\u0430\u043c\u0435\u0442\u0440 \u0433\u0430\u0437\u043e\u0432\u043e\u0439 \u0442\u0440\u0443\u0431\u043a\u0438 1\/2 \u0434\u044e\u0439\u043c\u0430 \/ 12 \u043c\u043c<br \/>Cauru\u013cu garums Maksims min: 3m \u2013 maks.: 30m<br \/>\u041c\u0430\u043a\u0441\u0438\u043c\u0430\u043b\u044c\u043d\u0430\u044f \u0434\u043b\u0438\u043d\u0430 \u043f\u0435\u0440\u0435\u043f\u0430\u0434\u0430 20 \u043c<br \/>\u0420\u0430\u0431\u043e\u0447\u0430\u044f \u0442\u0435\u043c\u043f\u0435\u0440\u0430\u0442\u0443\u0440\u0430 \u043e\u0445\u043b\u0430\u0436\u0434\u0435\u043d\u0438\u044f \u043e\u0442 -10 \u0434\u043e +46 \u00b0C<br \/>\u0420\u0430\u0431\u043e\u0447\u0430\u044f \u0442\u0435\u043c\u043f\u0435\u0440\u0430\u0442\u0443\u0440\u0430 \u043d\u0430\u0433\u0440\u0435\u0432\u0430 \u043e\u0442 -15 \u0434\u043e +18 \u00b0C<br \/>\u041e\u043f\u0442\u0438\u043c\u0430\u043b\u044c\u043d\u0430\u044f \u043f\u043b\u043e\u0449\u0430\u0434\u044c \u043f\u0440\u0438\u043c\u0435\u0440\u043d\u043e 45 \u043c\u00b2<br \/>\u041f\u0440\u043e\u0442\u043e\u043a\u043e\u043b IP<br \/>\u0424\u0443\u043d\u043a\u0446\u0438\u0438 \u044d\u043a\u043e\u043d\u043e\u043c\u0438\u0447\u043d\u043e\u0433\u043e \u0440\u0435\u0436\u0438\u043c\u0430, \u044d\u043d\u0435\u0440\u0433\u043e\u0441\u0431\u0435\u0440\u0435\u0436\u0435\u043d\u0438\u0435 \u0432 \u0440\u0435\u0436\u0438\u043c\u0435 \u043e\u0436\u0438\u0434\u0430\u043d\u0438\u044f, \u043d\u043e\u0447\u043d\u043e\u0439 \u0440\u0435\u0436\u0438\u043c, \u0442\u043e\u043b\u044c\u043a\u043e \u0432\u0435\u043d\u0442\u0438\u043b\u044f\u0442\u043e\u0440<br \/>3D \u0430\u0432\u0442\u043e\u043c\u0430\u0442\u0438\u0447\u0435\u0441\u043a\u043e\u0435 \u0432\u0435\u0440\u0442\u0438\u043a\u0430\u043b\u044c\u043d\u043e\u0435 \u0438 \u0433\u043e\u0440\u0438\u0437\u043e\u043d\u0442\u0430\u043b\u044c\u043d\u043e\u0435 \u043a\u0430\u0447\u0430\u043d\u0438\u0435, \u0430\u0432\u0442\u043e\u043c\u0430\u0442\u0438\u0447\u0435\u0441\u043a\u043e\u0435 \u0433\u043e\u0440\u0438\u0437\u043e\u043d\u0442\u0430\u043b\u044c\u043d\u043e\u0435 \u043a\u0430\u0447\u0430\u043d\u0438\u0435, \u0430\u0432\u0442\u043e\u043c\u0430\u0442\u0438\u0447\u0435\u0441\u043a\u043e\u0435 \u0432\u0435\u0440\u0442\u0438\u043a\u0430\u043b\u044c\u043d\u043e\u0435 \u043a\u0430\u0447\u0430\u043d\u0438\u0435, \u0430\u0432\u0442\u043e\u043c\u0430\u0442\u0438\u0447\u0435\u0441\u043a\u0430\u044f \u0441\u043a\u043e\u0440\u043e\u0441\u0442\u044c \u0432\u0435\u043d\u0442\u0438\u043b\u044f\u0442\u043e\u0440\u0430, \u043e\u0445\u043b\u0430\u0436\u0434\u0435\u043d\u0438\u0435 \u0441 \u044d\u0444\u0444\u0435\u043a\u0442\u043e\u043c \u041a\u043e\u0430\u043d\u0434\u044b, \u0440\u0435\u0436\u0438\u043c\u044b \u0432\u0435\u043d\u0442\u0438\u043b\u044f\u0442\u043e\u0440\u0430<br \/>\u041f\u0440\u043e\u0433\u0440\u0430\u043c\u043c\u0430 \u043e\u0441\u0443\u0448\u0435\u043d\u0438\u044f \u043a\u0430\u043d\u0430\u043b\u0438\u0437\u0430\u0446\u0438\u043e\u043d\u043d\u044b\u0445 \u0437\u0430\u043f\u0430\u0445\u043e\u0432<br \/>\u041e\u0447\u0438\u0441\u0442\u043a\u0430 \u0432\u043e\u0437\u0434\u0443\u0445\u0430 \u0438\u043c\u043f\u0443\u043b\u044c\u0441\u0430\u043c\u0438, \u0444\u0438\u043b\u044c\u0442\u0440 \u0432\u043e\u0437\u0434\u0443\u0445\u0430, \u0444\u043e\u0442\u043e\u043a\u0430\u0442\u0430\u043b\u0438\u0442\u0438\u0447\u0435\u0441\u043a\u0438\u0439 \u0432\u043e\u0437\u0434\u0443\u0448\u043d\u044b\u0439 \u0444\u0438\u043b\u044c\u0442\u0440 \u0438\u0437 \u0442\u0438\u0442\u0430\u043d\u043e\u0432\u043e-\u0430\u043f\u0430\u0442\u0438\u0442\u043d\u043e\u0433\u043e \u043c\u0430\u0442\u0435\u0440\u0438\u0430\u043b\u0430<br \/>\u0423\u0434\u043e\u0431\u043d\u044b\u0435 \u0444\u0443\u043d\u043a\u0446\u0438\u0438: \u0430\u0432\u0442\u043e\u043c\u0430\u0442\u0438\u0447\u0435\u0441\u043a\u043e\u0435 \u043e\u0445\u043b\u0430\u0436\u0434\u0435\u043d\u0438\u0435\/\u043d\u0430\u0433\u0440\u0435\u0432, \u0431\u0435\u0441\u0448\u0443\u043c\u043d\u044b\u0439 \u0440\u0435\u0436\u0438\u043c, \u043f\u0435\u0440\u0435\u043a\u043b\u044e\u0447\u0435\u043d\u0438\u0435 \u043c\u043e\u0449\u043d\u043e\u0441\u0442\u0438, \u0442\u0438\u0445\u0430\u044f \u0440\u0430\u0431\u043e\u0442\u0430 \u0432\u043d\u0443\u0442\u0440\u0435\u043d\u043d\u0435\u0433\u043e \u0431\u043b\u043e\u043a\u0430, \u043a\u043e\u043c\u0444\u043e\u0440\u0442\u043d\u044b\u0439 \u0440\u0435\u0436\u0438\u043c, \u0440\u0435\u0436\u0438\u043c \u043f\u0438\u0442\u0430\u043d\u0438\u044f<br \/>\u041f\u0443\u043b\u044c\u0442 \u0434\u0438\u0441\u0442\u0430\u043d\u0446\u0438\u043e\u043d\u043d\u043e\u0433\u043e \u0443\u043f\u0440\u0430\u0432\u043b\u0435\u043d\u0438\u044f \u0438 \u0442\u0430\u0439\u043c\u0435\u0440 \u043d\u0430 24 \u0447\u0430\u0441\u0430, \u0438\u043d\u0444\u0440\u0430\u043a\u0440\u0430\u0441\u043d\u044b\u0439 \u043f\u0443\u043b\u044c\u0442, \u043e\u043d\u043b\u0430\u0439\u043d-\u0443\u043f\u0440\u0430\u0432\u043b\u0435\u043d\u0438\u0435 \u0447\u0435\u0440\u0435\u0437 \u043f\u0440\u0438\u043b\u043e\u0436\u0435\u043d\u0438\u0435<br \/>\u0414\u043e\u043f\u043e\u043b\u043d\u0438\u0442\u0435\u043b\u044c\u043d\u044b\u0435 \u0444\u0443\u043d\u043a\u0446\u0438\u0438: \u0430\u0432\u0442\u043e\u043c\u0430\u0442\u0438\u0447\u0435\u0441\u043a\u0438\u0439 \u043f\u0435\u0440\u0435\u0437\u0430\u043f\u0443\u0441\u043a, \u0440\u0430\u0431\u043e\u0442\u0430 \u0441 \u043d\u0435\u0441\u043a\u043e\u043b\u044c\u043a\u0438\u043c\u0438 \u0443\u0437\u043b\u0430\u043c\u0438, \u0441\u0430\u043c\u043e\u0434\u0438\u0430\u0433\u043d\u043e\u0441\u0442\u0438\u043a\u0430<br \/>\u0412\u0441\u044f \u0438\u043d\u0444\u043e\u0440\u043c\u0430\u0446\u0438\u044f \u043e\u0441\u043d\u043e\u0432\u0430\u043d\u0430 \u043d\u0430 \u0432\u043d\u0443\u0442\u0440\u0435\u043d\u043d\u0438\u0445 \u043b\u0430\u0431\u043e\u0440\u0430\u0442\u043e\u0440\u043d\u044b\u0445 \u0438\u0441\u0441\u043b\u0435\u0434\u043e\u0432\u0430\u043d\u0438\u044f\u0445 * \u0443\u043a\u0430\u0437\u0430\u043d\u0438\u0435 \u043d\u0430 \u0434\u0430\u043d\u043d\u044b\u0435 \u0438\u0437\u043c\u0435\u0440\u0435\u043d\u0438\u0439, \u0438\u0437\u043c\u0435\u0440\u0435\u043d\u043d\u044b\u0445 \u0432 \u043a\u0430\u043c\u0435\u0440\u0435 \u0430\u043c\u043f\u043b\u0438\u0442\u0443\u0434\u044b \u043d\u0430 \u0440\u0430\u0441\u0441\u0442\u043e\u044f\u043d\u0438\u0438 1 \u043c \u043f\u0435\u0440\u0435\u0434 \u0443\u0441\u0442\u0440\u043e\u0439\u0441\u0442\u0432\u043e\u043c \u0438 0,8 \u043c \u043d\u0438\u0436\u0435 \u043d\u0435\u0433\u043e.<br \/>** \u0423\u043a\u0430\u0437\u0430\u043d\u0438\u0435 \u043d\u0430 \u0434\u0430\u043d\u043d\u044b\u0435, \u0438\u0437\u043c\u0435\u0440\u0435\u043d\u043d\u044b\u0435 \u043d\u0430 \u043e\u0442\u043a\u0440\u044b\u0442\u043e\u043c \u0432\u043e\u0437\u0434\u0443\u0445\u0435 \u043d\u0430 \u0432\u044b\u0445\u043e\u0434\u0435 \u0432\u043e\u0437\u0434\u0443\u0445\u0430 \u043d\u0430 \u0440\u0430\u0441\u0441\u0442\u043e\u044f\u043d\u0438\u0438 1 \u043c \u043f\u0435\u0440\u0435\u0434 \u0443\u0441\u0442\u0440\u043e\u0439\u0441\u0442\u0432\u043e\u043c \u043d\u0430 \u0432\u044b\u0441\u043e\u0442\u0435 0,5 \u0445 \u0432\u044b\u0441\u043e\u0442\u044b \u0443\u0441\u0442\u0440\u043e\u0439\u0441\u0442\u0432\u0430.<br \/>\u0421\u043f\u0435\u0446\u0438\u0444\u0438\u043a\u0430\u0446\u0438\u044f \u0434\u0430\u043d\u043d\u044b\u0445 \u0438\u0441\u043f\u044b\u0442\u0430\u043d\u0438\u0439, \u0438\u0437\u043c\u0435\u0440\u0435\u043d\u043d\u044b\u0445 \u0432 \u043a\u0430\u043c\u0435\u0440\u0435 \u043e\u0445\u043b\u0430\u0436\u0434\u0435\u043d\u0438\u044f<br \/>: \u0432\u043d\u0443\u0442\u0440\u0435\u043d\u043d\u044f\u044f \u0442\u0435\u043c\u043f\u0435\u0440\u0430\u0442\u0443\u0440\u0430 27 \u00b0C DB \/ 19 \u00b0C PB; \u0432\u043d\u0435\u0448\u043d\u044f\u044f \u0442\u0435\u043c\u043f\u0435\u0440\u0430\u0442\u0443\u0440\u0430 35 \u00b0C DB \/ 24 \u00b0C PB<br \/>\u0420\u0435\u0436\u0438\u043c \u043d\u0430\u0433\u0440\u0435\u0432\u0430: \u0432\u043d\u0443\u0442\u0440\u0435\u043d\u043d\u044f\u044f \u0442\u0435\u043c\u043f\u0435\u0440\u0430\u0442\u0443\u0440\u0430 20 \u00b0C DB \/ 15 \u00b0C PB; \u0432\u043d\u0435\u0448\u043d\u044f\u044f \u0442\u0435\u043c\u043f\u0435\u0440\u0430\u0442\u0443\u0440\u0430 7 \u00b0C DB \/ 6 \u00b0C WB<br \/>\u0421\u043e\u0433\u043b\u0430\u0441\u043d\u043e \u0441\u0442\u0430\u043d\u0434\u0430\u0440\u0442\u0443 EN14511<br \/>\u0413\u0435\u0440\u043c\u0435\u0442\u0438\u0447\u043d\u043e \u0437\u0430\u043a\u0440\u044b\u0442\u0430\u044f \u0441\u0438\u0441\u0442\u0435\u043c\u0430, \u0441\u043e\u0434\u0435\u0440\u0436\u0430\u0449\u0430\u044f<br \/>\u0424\u0442\u043e\u0440\u0441\u043e\u0434\u0435\u0440\u0436\u0430\u0449\u0438\u0439 \u0433\u0430\u0437 RXX \u0441 XXXX PGP, \u0440\u0430\u0437\u043c\u0435\u0440\u044b \u044d\u043b\u0435\u043a\u0442\u0440\u0438\u0447\u0435\u0441\u043a\u043e\u0433\u043e \u043a\u0430\u0431\u0435\u043b\u044f \u0438 \u043f\u0440\u0435\u0434\u043e\u0445\u0440\u0430\u043d\u0438\u0442\u0435\u043b\u044f \u0434\u043e\u043b\u0436\u043d\u044b \u0441\u043e\u043e\u0442\u0432\u0435\u0442\u0441\u0442\u0432\u043e\u0432\u0430\u0442\u044c \u0441\u043e\u043e\u0442\u0432\u0435\u0442\u0441\u0442\u0432\u0443\u044e\u0449\u0438\u043c \u043c\u0435\u0441\u0442\u043d\u044b\u043c RU, \u043d\u0430\u0446\u0438\u043e\u043d\u0430\u043b\u044c\u043d\u044b\u043c \u0438 \u043c\u0435\u0436\u0434\u0443\u043d\u0430\u0440\u043e\u0434\u043d\u044b\u043c \u044e\u0440\u0438\u0434\u0438\u0447\u0435\u0441\u043a\u0438\u043c \u043d\u043e\u0440\u043c\u0430\u043c.<br \/>\u041f\u0440\u043e\u0438\u0437\u0432\u043e\u0434\u0438\u0442\u0435\u043b\u044c Daikin<br \/>\u041e\u0431\u044a\u0435\u043c \u0432\u043d\u0443\u0442\u0440\u0438 DB 60<br \/>Ener\u0123ijas pat\u0113ri\u0146a klase \u2013 A +++ dzes\u0113\u0161ana<br \/>\u041f\u0440\u0435\u0434\u0441\u043a\u0430\u0437\u0430\u0442\u0435\u043b\u044c ***** 7.5<br \/>SCOP ****** 5.15<br \/>\u0425\u043e\u043b\u043e\u0434\u043e\u043f\u0440\u043e\u0438\u0437\u0432\u043e\u0434\u0438\u0442\u0435\u043b\u044c\u043d\u043e\u0441\u0442\u044c \u043a\u0412\u0442 4.2<br \/>\u0412\u043d\u0435\u0448\u043d\u0438\u0439 \u043e\u0431\u044a\u0435\u043c db 62<\/p>","protected":false},"excerpt":{"rendered":"<p>Papildus inform\u0101cijaPre\u010du komplekta vien\u012bbaEAN 4062852650983Dizains modernsMelna kr\u0101saSvars kg 62BTE 14300BTA IG: 1 14300Dzi\u013cais iek\u0161\u0113jais bloks 214Pla\u0161s iek\u0161\u0113jais bloks 900Iek\u0161\u0113jais bloka augstums 305Dzi\u013cais \u0101r\u0113jais bloks 408Pla\u0161s \u0101ra bloks 954\u0100r\u0113j\u0101 bloka augstums 734Aukst\u0101 ra\u017eo\u0161ana **** 4,2 kWEnergoefektivit\u0101tes dzes\u0113\u0161anas klase A ++Siltuma ra\u017eo\u0161ana ***** 5.4ENGERIFIK\u0100CIJAS APSTIPRIN\u0100JUMA APSTIPRIN\u0100JUMSIek\u0161\u0113j\u0101 bloka svars 12 kg\u0100r\u0113j\u0101 vien\u012bbas svars 50 kgBaro\u0161anas avots 220-240 V [&hellip;]<\/p>\n","protected":false},"featured_media":23519,"comment_status":"open","ping_status":"closed","template":"","meta":{"_joinchat":[]},"product_brand":[317],"product_cat":[316],"product_tag":[],"class_list":{"0":"post-21738","1":"product","2":"type-product","3":"status-publish","4":"has-post-thumbnail","6":"product_brand-daikin","7":"product_cat-siltumtehnika-kondicionieri","9":"first","10":"instock","11":"shipping-taxable","12":"purchasable","13":"product-type-simple"},"_links":{"self":[{"href":"https:\/\/emeniro.lovehorses.lv\/ru\/wp-json\/wp\/v2\/product\/21738","targetHints":{"allow":["GET"]}}],"collection":[{"href":"https:\/\/emeniro.lovehorses.lv\/ru\/wp-json\/wp\/v2\/product"}],"about":[{"href":"https:\/\/emeniro.lovehorses.lv\/ru\/wp-json\/wp\/v2\/types\/product"}],"replies":[{"embeddable":true,"href":"https:\/\/emeniro.lovehorses.lv\/ru\/wp-json\/wp\/v2\/comments?post=21738"}],"wp:featuredmedia":[{"embeddable":true,"href":"https:\/\/emeniro.lovehorses.lv\/ru\/wp-json\/wp\/v2\/media\/23519"}],"wp:attachment":[{"href":"https:\/\/emeniro.lovehorses.lv\/ru\/wp-json\/wp\/v2\/media?parent=21738"}],"wp:term":[{"taxonomy":"product_brand","embeddable":true,"href":"https:\/\/emeniro.lovehorses.lv\/ru\/wp-json\/wp\/v2\/product_brand?post=21738"},{"taxonomy":"product_cat","embeddable":true,"href":"https:\/\/emeniro.lovehorses.lv\/ru\/wp-json\/wp\/v2\/product_cat?post=21738"},{"taxonomy":"product_tag","embeddable":true,"href":"https:\/\/emeniro.lovehorses.lv\/ru\/wp-json\/wp\/v2\/product_tag?post=21738"}],"curies":[{"name":"wp","href":"https:\/\/api.w.org\/{rel}","templated":true}]}}