{"id":21740,"date":"2026-04-30T20:25:20","date_gmt":"2026-04-30T20:25:20","guid":{"rendered":"https:\/\/emeniro.lovehorses.lv\/product\/elica-cfc0141571-ogles-filtrs\/"},"modified":"2026-04-30T21:46:04","modified_gmt":"2026-04-30T21:46:04","slug":"elica-cfc0141571-ogles-filtrs","status":"publish","type":"product","link":"https:\/\/emeniro.lovehorses.lv\/ru\/product\/elica-cfc0141571-ogles-filtrs\/","title":{"rendered":"Elica CFC0141571 \u0423\u0433\u043e\u043b\u044c\u043d\u044b\u0439 \u0444\u0438\u043b\u044c\u0442\u0440"},"content":{"rendered":"<p><\/p>\n<p><span class=\"VIiyi\" lang=\"lv\"><span class=\"JLqJ4b ChMk0b\" data-language-for-alternatives=\"lv\" data-language-to-translate-into=\"ru\" data-phrase-index=\"0\" data-number-of-phrases=\"9\">\u0421\u043f\u043e\u0441\u043e\u0431 \u0443\u0441\u0442\u0430\u043d\u043e\u0432\u043a\u0438: \u0444\u0438\u043b\u044c\u0442\u0440<\/span><span class=\"JLqJ4b\" data-language-for-alternatives=\"lv\" data-language-to-translate-into=\"ru\" data-phrase-index=\"1\" data-number-of-phrases=\"9\"><span><\/span><\/span><\/span><\/p>\n<p><span class=\"JLqJ4b ChMk0b\" data-language-for-alternatives=\"lv\" data-language-to-translate-into=\"ru\" data-phrase-index=\"2\" data-number-of-phrases=\"9\">\u0422\u0438\u043f \u0444\u0438\u043b\u044c\u0442\u0440\u0430: \u0423\u0433\u043e\u043b\u044c\u043d\u044b\u0439 \u0444\u0438\u043b\u044c\u0442\u0440<\/span><span class=\"JLqJ4b\" data-language-for-alternatives=\"lv\" data-language-to-translate-into=\"ru\" data-phrase-index=\"3\" data-number-of-phrases=\"9\"><br \/><\/span><span class=\"JLqJ4b ChMk0b\" data-language-for-alternatives=\"lv\" data-language-to-translate-into=\"ru\" data-phrase-index=\"4\" data-number-of-phrases=\"9\">\u041a\u043e\u043b\u0438\u0447\u0435\u0441\u0442\u0432\u043e \u0444\u0438\u043b\u044c\u0442\u0440\u043e\u0432 \u0432 \u0443\u043f\u0430\u043a\u043e\u0432\u043a\u0435: 2<\/span><span class=\"JLqJ4b\" data-language-for-alternatives=\"lv\" data-language-to-translate-into=\"ru\" data-phrase-index=\"5\" data-number-of-phrases=\"9\"><br \/><\/span><span class=\"JLqJ4b ChMk0b\" data-language-for-alternatives=\"lv\" data-language-to-translate-into=\"ru\" data-phrase-index=\"6\" data-number-of-phrases=\"9\">\u0414\u043b\u044f \u043c\u043e\u0434\u0435\u043b\u0438 \u043a\u043e\u0440\u043f\u0443\u0441\u0430:<\/span><span class=\"JLqJ4b\" data-language-for-alternatives=\"lv\" data-language-to-translate-into=\"ru\" data-phrase-index=\"7\" data-number-of-phrases=\"9\"><br \/><\/span><span class=\"JLqJ4b ChMk0b\" data-language-for-alternatives=\"lv\" data-language-to-translate-into=\"ru\" data-phrase-index=\"8\" data-number-of-phrases=\"9\">ERA, ERA S IX \/ A \/ 60, ERA S IX \/ A \/ 90, ERA C WH \/ A \/ 60, ERA C IX \/ A \/ 60, ELITE14<\/span><\/p><\/p>","protected":false},"excerpt":{"rendered":"<p>Uzst\u0101d\u012b\u0161anas veids: filtrs Filtra veids: Oglek\u013ca filtrsFiltru skaits iepakojum\u0101: 2P\u0101rsega modelim:ERA, ERA S IX \/ A \/ 60, ERA S IX \/ A \/ 90, ERA C WH \/ A \/ 60, ERA C IX \/ A \/ 60, ELITE14<\/p>","protected":false},"featured_media":23520,"comment_status":"open","ping_status":"closed","template":"","meta":{"_joinchat":[]},"product_brand":[],"product_cat":[298],"product_tag":[],"class_list":{"0":"post-21740","1":"product","2":"type-product","3":"status-publish","4":"has-post-thumbnail","6":"product_cat-iebuvejama-sadzives-tehnika-iebuvejamie-tvaika-nosuceji","8":"first","9":"instock","10":"shipping-taxable","11":"purchasable","12":"product-type-simple"},"_links":{"self":[{"href":"https:\/\/emeniro.lovehorses.lv\/ru\/wp-json\/wp\/v2\/product\/21740","targetHints":{"allow":["GET"]}}],"collection":[{"href":"https:\/\/emeniro.lovehorses.lv\/ru\/wp-json\/wp\/v2\/product"}],"about":[{"href":"https:\/\/emeniro.lovehorses.lv\/ru\/wp-json\/wp\/v2\/types\/product"}],"replies":[{"embeddable":true,"href":"https:\/\/emeniro.lovehorses.lv\/ru\/wp-json\/wp\/v2\/comments?post=21740"}],"wp:featuredmedia":[{"embeddable":true,"href":"https:\/\/emeniro.lovehorses.lv\/ru\/wp-json\/wp\/v2\/media\/23520"}],"wp:attachment":[{"href":"https:\/\/emeniro.lovehorses.lv\/ru\/wp-json\/wp\/v2\/media?parent=21740"}],"wp:term":[{"taxonomy":"product_brand","embeddable":true,"href":"https:\/\/emeniro.lovehorses.lv\/ru\/wp-json\/wp\/v2\/product_brand?post=21740"},{"taxonomy":"product_cat","embeddable":true,"href":"https:\/\/emeniro.lovehorses.lv\/ru\/wp-json\/wp\/v2\/product_cat?post=21740"},{"taxonomy":"product_tag","embeddable":true,"href":"https:\/\/emeniro.lovehorses.lv\/ru\/wp-json\/wp\/v2\/product_tag?post=21740"}],"curies":[{"name":"wp","href":"https:\/\/api.w.org\/{rel}","templated":true}]}}