{"id":21778,"date":"2026-04-30T20:26:09","date_gmt":"2026-04-30T20:26:09","guid":{"rendered":"https:\/\/emeniro.lovehorses.lv\/product\/electrolux-ehw-620\/"},"modified":"2026-04-30T21:46:48","modified_gmt":"2026-04-30T21:46:48","slug":"electrolux-ehw-620","status":"publish","type":"product","link":"https:\/\/emeniro.lovehorses.lv\/ru\/product\/electrolux-ehw-620\/","title":{"rendered":"Electrolux EHW-620"},"content":{"rendered":"<\/p>\n<p>\u0421\u043e\u0432\u0435\u0442\u044b<br \/>gaisa att\u012br\u012bt\u0101js<br \/>Sp\u0113ja lietot arom\u0101tisk\u0101s e\u013c\u013cas<br \/>Ap\u016bde\u0146o\u0161anas jauda (ml\/h)350<br \/>Mitrin\u0101\u0161ana<br \/>\u016adens tvertnes tilpums (L)6<br \/>balta kr\u0101sa<br \/>Ener\u0123ija<br \/>Trok\u0161\u0146a l\u012bmenis (dB)40<br \/>\u0420\u0430\u0437\u043c\u0435\u0440\u044b<br \/>Augstums (cm)46,5<br \/>Platums (cm)42<br \/>Dzi\u013cums (cm)28<br \/>Svars (kg)6.2<br \/>Bruto svars (iepakojuma kg)7.9<br \/>Ieteicamais telpas izm\u0113rs (M2)50<br \/>Speci\u0101las iesp\u0113jas:<br \/>Mitrin\u0101\u0161anas un gaisa mazg\u0101\u0161anas funkciju kombin\u0101cija, \u016bdens pievieno\u0161ana, izv\u0113les meh\u0101nisk\u0101s \/ elektronisk\u0101s vad\u012bbas veids, bez nomain\u0101miem filtriem un pal\u012bgmateri\u0101liem, aizsardz\u012bbas pak\u0101pe IPX0<\/p>","protected":false},"excerpt":{"rendered":"<p>Tipsgaisa att\u012br\u012bt\u0101jsSp\u0113ja lietot arom\u0101tisk\u0101s e\u013c\u013casAp\u016bde\u0146o\u0161anas jauda (ml\/h)350Mitrin\u0101\u0161ana\u016adens tvertnes tilpums (L)6balta kr\u0101saEner\u0123ijaTrok\u0161\u0146a l\u012bmenis (dB)40Izm\u0113riAugstums (cm)46,5Platums (cm)42Dzi\u013cums (cm)28Svars (kg)6.2Bruto svars (iepakojuma kg)7.9Ieteicamais telpas izm\u0113rs (M2)50Speci\u0101las iesp\u0113jas:Mitrin\u0101\u0161anas un gaisa mazg\u0101\u0161anas funkciju kombin\u0101cija, \u016bdens pievieno\u0161ana, izv\u0113les meh\u0101nisk\u0101s \/ elektronisk\u0101s vad\u012bbas veids, bez nomain\u0101miem filtriem un pal\u012bgmateri\u0101liem, aizsardz\u012bbas pak\u0101pe IPX0<\/p>","protected":false},"featured_media":23548,"comment_status":"open","ping_status":"closed","template":"","meta":[],"product_brand":[265],"product_cat":[319],"product_tag":[],"class_list":{"0":"post-21778","1":"product","2":"type-product","3":"status-publish","4":"has-post-thumbnail","6":"product_brand-electrolux","7":"product_cat-maza-sadzives-tehnika-gaisa-ventilatori","9":"first","10":"instock","11":"shipping-taxable","12":"purchasable","13":"product-type-simple"},"_links":{"self":[{"href":"https:\/\/emeniro.lovehorses.lv\/ru\/wp-json\/wp\/v2\/product\/21778","targetHints":{"allow":["GET"]}}],"collection":[{"href":"https:\/\/emeniro.lovehorses.lv\/ru\/wp-json\/wp\/v2\/product"}],"about":[{"href":"https:\/\/emeniro.lovehorses.lv\/ru\/wp-json\/wp\/v2\/types\/product"}],"replies":[{"embeddable":true,"href":"https:\/\/emeniro.lovehorses.lv\/ru\/wp-json\/wp\/v2\/comments?post=21778"}],"wp:featuredmedia":[{"embeddable":true,"href":"https:\/\/emeniro.lovehorses.lv\/ru\/wp-json\/wp\/v2\/media\/23548"}],"wp:attachment":[{"href":"https:\/\/emeniro.lovehorses.lv\/ru\/wp-json\/wp\/v2\/media?parent=21778"}],"wp:term":[{"taxonomy":"product_brand","embeddable":true,"href":"https:\/\/emeniro.lovehorses.lv\/ru\/wp-json\/wp\/v2\/product_brand?post=21778"},{"taxonomy":"product_cat","embeddable":true,"href":"https:\/\/emeniro.lovehorses.lv\/ru\/wp-json\/wp\/v2\/product_cat?post=21778"},{"taxonomy":"product_tag","embeddable":true,"href":"https:\/\/emeniro.lovehorses.lv\/ru\/wp-json\/wp\/v2\/product_tag?post=21778"}],"curies":[{"name":"wp","href":"https:\/\/api.w.org\/{rel}","templated":true}]}}