{"id":21845,"date":"2026-04-30T20:28:08","date_gmt":"2026-04-30T20:28:08","guid":{"rendered":"https:\/\/emeniro.lovehorses.lv\/product\/ecovacs-winbot-w3-omni\/"},"modified":"2026-04-30T20:28:08","modified_gmt":"2026-04-30T20:28:08","slug":"ecovacs-winbot-w3-omni","status":"publish","type":"product","link":"https:\/\/emeniro.lovehorses.lv\/ru\/product\/ecovacs-winbot-w3-omni\/","title":{"rendered":"Ecovacs WINBOT W3 OMNI"},"content":{"rendered":"<p>Pre\u010du z\u012bme\u00a0 \u00a0 Ecovacs<\/p>\n<p>\u00a0 \u00a0 Kr\u0101sa\u00a0 \u00a0 Balta\/Sudraba<br \/>\u00a0 \u00a0 Baro\u0161anas sist\u0113ma\u00a0 \u00a0 Akumulators\/No t\u012bkla<br \/>\u00a0 \u00a0 Baro\u0161anas avota tips\u00a0 \u00a0 Li-Ion<br \/>\u00a0 \u00a0 Akumulatora jauda, mAh\u00a0 \u00a0 4500<br \/>\u00a0 \u00a0 Spriegums (V)\u00a0 \u00a0 24<br \/>\u00a0 \u00a0 Uzl\u0101des ilgums (h)\u00a0 \u00a0 3<br \/>\u00a0 \u00a0 Maksim\u0101lais lieto\u0161anas laiks (min)\u00a0 \u00a0 70<br \/>\u00a0 \u00a0 \u016adens tvertnes tilpums\u00a0 \u00a0 0.08 l<br \/>\u00a0 \u00a0 Vada garums\u00a0 \u00a0 5.5 m<br \/>\u00a0 \u00a0 EAN\u00a0 \u00a0 6970135038725<br \/>\u0420\u0430\u0437\u043c\u0435\u0440\u044b \u0438 \u0432\u0435\u0441<br \/>\u00a0 \u00a0 Augstums\u00a0 \u00a0 7.7 cm<br \/>\u00a0 \u00a0 Platums\u00a0 \u00a0 27.1 cm<br \/>\u00a0 \u00a0 Dzi\u013cums\u00a0 \u00a0 27.1 cm<br \/>\u00a0 \u00a0 Svars\u00a0 \u00a0 12.22 kg<br \/>\u00a0 \u00a0 Svars ar iepakojumu\u00a0 \u00a0 14.73 kg<br \/>\u0414\u0440\u0443\u0433\u0438\u0435 \u043f\u0430\u0440\u0430\u043c\u0435\u0442\u0440\u044b<br \/>\u00a0 \u00a0 Trok\u0161\u0146a l\u012bmenis\u00a0 \u00a0 68 dB<\/p><\/p>","protected":false},"excerpt":{"rendered":"<p>Pre\u010du z\u012bme\u00a0 \u00a0 Ecovacs \u00a0 \u00a0 Kr\u0101sa\u00a0 \u00a0 Balta\/Sudraba\u00a0 \u00a0 Baro\u0161anas sist\u0113ma\u00a0 \u00a0 Akumulators\/No t\u012bkla\u00a0 \u00a0 Baro\u0161anas avota tips\u00a0 \u00a0 Li-Ion\u00a0 \u00a0 Akumulatora jauda, mAh\u00a0 \u00a0 4500\u00a0 \u00a0 Spriegums (V)\u00a0 \u00a0 24\u00a0 \u00a0 Uzl\u0101des ilgums (h)\u00a0 \u00a0 3\u00a0 \u00a0 Maksim\u0101lais lieto\u0161anas laiks (min)\u00a0 \u00a0 70\u00a0 \u00a0 \u016adens tvertnes tilpums\u00a0 \u00a0 0.08 l\u00a0 \u00a0 Vada garums\u00a0 [&hellip;]<\/p>\n","protected":false},"featured_media":21833,"comment_status":"open","ping_status":"closed","template":"","meta":[],"product_brand":[],"product_cat":[322],"product_tag":[],"class_list":{"0":"post-21845","1":"product","2":"type-product","3":"status-publish","4":"has-post-thumbnail","6":"product_cat-sadzives-tehnika-logu-tirisanas-roboti","8":"first","9":"instock","10":"shipping-taxable","11":"purchasable","12":"product-type-simple"},"_links":{"self":[{"href":"https:\/\/emeniro.lovehorses.lv\/ru\/wp-json\/wp\/v2\/product\/21845","targetHints":{"allow":["GET"]}}],"collection":[{"href":"https:\/\/emeniro.lovehorses.lv\/ru\/wp-json\/wp\/v2\/product"}],"about":[{"href":"https:\/\/emeniro.lovehorses.lv\/ru\/wp-json\/wp\/v2\/types\/product"}],"replies":[{"embeddable":true,"href":"https:\/\/emeniro.lovehorses.lv\/ru\/wp-json\/wp\/v2\/comments?post=21845"}],"wp:featuredmedia":[{"embeddable":true,"href":"https:\/\/emeniro.lovehorses.lv\/ru\/wp-json\/wp\/v2\/media\/21833"}],"wp:attachment":[{"href":"https:\/\/emeniro.lovehorses.lv\/ru\/wp-json\/wp\/v2\/media?parent=21845"}],"wp:term":[{"taxonomy":"product_brand","embeddable":true,"href":"https:\/\/emeniro.lovehorses.lv\/ru\/wp-json\/wp\/v2\/product_brand?post=21845"},{"taxonomy":"product_cat","embeddable":true,"href":"https:\/\/emeniro.lovehorses.lv\/ru\/wp-json\/wp\/v2\/product_cat?post=21845"},{"taxonomy":"product_tag","embeddable":true,"href":"https:\/\/emeniro.lovehorses.lv\/ru\/wp-json\/wp\/v2\/product_tag?post=21845"}],"curies":[{"name":"wp","href":"https:\/\/api.w.org\/{rel}","templated":true}]}}