{"id":21934,"date":"2026-04-30T20:29:55","date_gmt":"2026-04-30T20:29:55","guid":{"rendered":"https:\/\/emeniro.lovehorses.lv\/product\/beko-bdfn26520wq-60cm\/"},"modified":"2026-04-30T21:50:06","modified_gmt":"2026-04-30T21:50:06","slug":"beko-bdfn26520wq-60cm","status":"publish","type":"product","link":"https:\/\/emeniro.lovehorses.lv\/ru\/product\/beko-bdfn26520wq-60cm\/","title":{"rendered":"Beko BDFN26520WQ 60 \u0441\u043c"},"content":{"rendered":"<p>\u0411\u0440\u0435\u043d\u0434 Beko<\/p>\n<p>\u0420\u0430\u0437\u043c\u0435\u0440 60 \u0441\u043c \u0448\u0438\u0440\u0438\u043d\u0430<br \/>\u0426\u0432\u0435\u0442 \u0411\u0435\u043b\u044b\u0439<br \/>\u041a\u043e\u0434 \u043f\u0440\u043e\u0434\u0443\u043a\u0442\u0430 7618603977<br \/>\u041d\u043e\u0432\u0430\u044f \u044d\u043d\u0435\u0440\u0433\u0435\u0442\u0438\u0447\u0435\u0441\u043a\u0430\u044f \u043c\u0430\u0440\u043a\u0438\u0440\u043e\u0432\u043a\u0430 \u0441 2021 \u0433\u043e\u0434\u0430<br \/>\u041a\u043b\u0430\u0441\u0441 \u044d\u043d\u0435\u0440\u0433\u043e\u044d\u0444\u0444\u0435\u043a\u0442\u0438\u0432\u043d\u043e\u0441\u0442\u0438 E<br \/>\u041f\u043e\u0442\u0440\u0435\u0431\u043b\u0435\u043d\u0438\u0435 \u044d\u043b\u0435\u043a\u0442\u0440\u043e\u044d\u043d\u0435\u0440\u0433\u0438\u0438 \u0437\u0430 100 \u0446\u0438\u043a\u043b\u043e\u0432 \u0441\u0442\u0438\u0440\u043a\u0438 97 \u043a\u0412\u0442\u00b7\u0447<br \/>\u0401\u043c\u043a\u043e\u0441\u0442\u044c<br \/>\u041a\u043e\u043b\u0438\u0447\u0435\u0441\u0442\u0432\u043e \u043a\u043e\u043c\u043f\u043b\u0435\u043a\u0442\u043e\u0432 \u043f\u043e\u0441\u0443\u0434\u044b 15<br \/>\u041c\u043e\u0439\u043a\u0430<br \/>\u041f\u043e\u0442\u0440\u0435\u0431\u043b\u0435\u043d\u0438\u0435 \u0432\u043e\u0434\u044b \u0437\u0430 \u0446\u0438\u043a\u043b 9,5 \u043b<br \/>\u0414\u043b\u0438\u0442\u0435\u043b\u044c\u043d\u043e\u0441\u0442\u044c \u044d\u043a\u043e\u043d\u043e\u043c\u0438\u0447\u043d\u043e\u0439 \u043f\u0440\u043e\u0433\u0440\u0430\u043c\u043c\u044b (\u0447\u0430\u0441\u044b : \u043c\u0438\u043d\u0443\u0442\u044b) 4:05<br \/>\u0423\u0440\u043e\u0432\u0435\u043d\u044c \u0448\u0443\u043c\u0430 46 \u0434\u0411<br \/>\u041a\u043b\u0430\u0441\u0441 \u0430\u043a\u0443\u0441\u0442\u0438\u0447\u0435\u0441\u043a\u043e\u0433\u043e \u0448\u0443\u043c\u0430 \u044d\u043c\u0438\u0441\u0441\u0438\u0438 C<br \/>\u0420\u0430\u0437\u043c\u0435\u0440\u044b, \u0432\u0435\u0441<br \/>\u0412\u044b\u0441\u043e\u0442\u0430 85 \u0441\u043c<br \/>\u0428\u0438\u0440\u0438\u043d\u0430 60 \u0441\u043c<br \/>\u0413\u043b\u0443\u0431\u0438\u043d\u0430 60 \u0441\u043c<br \/>\u0412\u0435\u0441 48.7 \u043a\u0433<br \/>\u0412\u0435\u0441 \u0441 \u0443\u043f\u0430\u043a\u043e\u0432\u043a\u043e\u0439 50.7 \u043a\u0433<br \/>\u0423\u043f\u0440\u0430\u0432\u043b\u0435\u043d\u0438\u0435<br \/>\u0423\u043f\u0440\u0430\u0432\u043b\u0435\u043d\u0438\u0435 \u042d\u043b\u0435\u043a\u0442\u0440\u043e\u043d\u043d\u043e\u0435<br \/>\u0414\u0440\u0443\u0433\u0438\u0435 \u043f\u0430\u0440\u0430\u043c\u0435\u0442\u0440\u044b<br \/>\u041a\u043e\u043b\u0438\u0447\u0435\u0441\u0442\u0432\u043e \u043a\u043e\u0440\u0437\u0438\u043d 3<br \/>\u041a\u043e\u043b\u0438\u0447\u0435\u0441\u0442\u0432\u043e \u043f\u0440\u043e\u0433\u0440\u0430\u043c\u043c 6<br \/>\u0422\u0430\u0439\u043c\u0435\u0440 \u043e\u0442\u043b\u043e\u0436\u0435\u043d\u043d\u043e\u0433\u043e \u0441\u0442\u0430\u0440\u0442\u0430 \u0415\u0441\u0442\u044c<br \/>\u0417\u0430\u0449\u0438\u0442\u0430 \u043e\u0442 \u043f\u0440\u043e\u0442\u0435\u0447\u0435\u043a WaterSafe<br \/>\u0417\u0430\u0449\u0438\u0442\u0430 \u043e\u0442 \u0434\u0435\u0442\u0435\u0439 \u0415\u0441\u0442\u044c<\/p>","protected":false},"excerpt":{"rendered":"<p>Pre\u010du z\u012bme Beko Izm\u0113rs 60 cm platumsKr\u0101sa BaltaProdukta kods 7618603977Jaunais energomar\u0137\u0113jums no 2021.gadaEnergoefektivit\u0101tes klase EElektroener\u0123ijas pat\u0113ri\u0146\u0161 100 mazg\u0101\u0161anas ciklos 97 kWhIetilp\u012bbaTrauku komplektu skaits 15Mazg\u0101\u0161ana\u016adens pat\u0113ri\u0146\u0161 vien\u0101 mazg\u0101\u0161anas cikl\u0101 9.5 lEkonomisk\u0101s programmas ilgums (stundas : min\u016btes) 4:05Trok\u0161\u0146a l\u012bmenis 46 dBAkustisk\u0101 trok\u0161\u0146a emisijas klase CIzm\u0113ri, svarsAugstums 85 cmPlatums 60 cmDzi\u013cums 60 cmSvars 48.7 kgSvars ar iepakojumu 50.7 [&hellip;]<\/p>\n","protected":false},"featured_media":23670,"comment_status":"open","ping_status":"closed","template":"","meta":{"_joinchat":[]},"product_brand":[269],"product_cat":[324],"product_tag":[],"class_list":{"0":"post-21934","1":"product","2":"type-product","3":"status-publish","4":"has-post-thumbnail","6":"product_brand-beko","7":"product_cat-sadzives-tehnika-trauku-masinas","9":"first","10":"instock","11":"shipping-taxable","12":"purchasable","13":"product-type-simple"},"_links":{"self":[{"href":"https:\/\/emeniro.lovehorses.lv\/ru\/wp-json\/wp\/v2\/product\/21934","targetHints":{"allow":["GET"]}}],"collection":[{"href":"https:\/\/emeniro.lovehorses.lv\/ru\/wp-json\/wp\/v2\/product"}],"about":[{"href":"https:\/\/emeniro.lovehorses.lv\/ru\/wp-json\/wp\/v2\/types\/product"}],"replies":[{"embeddable":true,"href":"https:\/\/emeniro.lovehorses.lv\/ru\/wp-json\/wp\/v2\/comments?post=21934"}],"wp:featuredmedia":[{"embeddable":true,"href":"https:\/\/emeniro.lovehorses.lv\/ru\/wp-json\/wp\/v2\/media\/23670"}],"wp:attachment":[{"href":"https:\/\/emeniro.lovehorses.lv\/ru\/wp-json\/wp\/v2\/media?parent=21934"}],"wp:term":[{"taxonomy":"product_brand","embeddable":true,"href":"https:\/\/emeniro.lovehorses.lv\/ru\/wp-json\/wp\/v2\/product_brand?post=21934"},{"taxonomy":"product_cat","embeddable":true,"href":"https:\/\/emeniro.lovehorses.lv\/ru\/wp-json\/wp\/v2\/product_cat?post=21934"},{"taxonomy":"product_tag","embeddable":true,"href":"https:\/\/emeniro.lovehorses.lv\/ru\/wp-json\/wp\/v2\/product_tag?post=21934"}],"curies":[{"name":"wp","href":"https:\/\/api.w.org\/{rel}","templated":true}]}}