{"id":22026,"date":"2026-04-30T20:34:11","date_gmt":"2026-04-30T20:34:11","guid":{"rendered":"https:\/\/emeniro.lovehorses.lv\/product\/beko-gn163130sn-side-by-side-no-frost-179cm\/"},"modified":"2026-04-30T21:52:34","modified_gmt":"2026-04-30T21:52:34","slug":"beko-gn163130sn-side-by-side-no-frost-179cm","status":"publish","type":"product","link":"https:\/\/emeniro.lovehorses.lv\/ru\/product\/beko-gn163130sn-side-by-side-no-frost-179cm\/","title":{"rendered":"Beko GN163130SN Side by Side No Frost 179 \u0441\u043c"},"content":{"rendered":"<\/p>\n<p class=\"translation-block\"><p><\/p><p>\u0411\u0440\u0435\u043d\u0434 Beko<br>\u0422\u0438\u043f \u0443\u0441\u0442\u0440\u043e\u0439\u0441\u0442\u0432\u0430 \u041e\u0442\u0434\u0435\u043b\u044c\u043d\u043e\u0441\u0442\u043e\u044f\u0449\u0438\u0439<br>\u0422\u0438\u043f \u0445\u043e\u043b\u043e\u0434\u0438\u043b\u044c\u043d\u0438\u043a\u0430 Side-by-side<br>No frost \u0415\u0441\u0442\u044c<br>\u0426\u0432\u0435\u0442 \u041d\u0435\u0440\u0436\u0430\u0432\u0435\u044e\u0449\u0430\u044f \u0441\u0442\u0430\u043b\u044c<br>EAN 8690842398780<br>\u041d\u043e\u0432\u044b\u0439 \u044d\u043d\u0435\u0440\u0433\u0435\u0442\u0438\u0447\u0435\u0441\u043a\u0438\u0439 \u043a\u043b\u0430\u0441\u0441 \u0441 2021 \u0433\u043e\u0434\u0430<br>\u041a\u043b\u0430\u0441\u0441 \u044d\u043d\u0435\u0440\u0433\u043e\u044d\u0444\u0444\u0435\u043a\u0442\u0438\u0432\u043d\u043e\u0441\u0442\u0438 F<br>\u041f\u043e\u0442\u0440\u0435\u0431\u043b\u0435\u043d\u0438\u0435 \u044d\u043b\u0435\u043a\u0442\u0440\u043e\u044d\u043d\u0435\u0440\u0433\u0438\u0438 \u0432 \u0433\u043e\u0434 405 \u043a\u0412\u0442\u00b7\u0447<br>\u0412\u043c\u0435\u0441\u0442\u0438\u043c\u043e\u0441\u0442\u044c<br>\u041e\u0431\u0449\u0438\u0439 \u043e\u0431\u044a\u0435\u043c 580 \u043b<br>\u041e\u0431\u044a\u0435\u043c \u043e\u0442\u0434\u0435\u043b\u0435\u043d\u0438\u044f \u0434\u043b\u044f \u0441\u0432\u0435\u0436\u0438\u0445 \u043f\u0440\u043e\u0434\u0443\u043a\u0442\u043e\u0432 368 \u043b<br>\u041e\u0431\u044a\u0435\u043c \u043c\u043e\u0440\u043e\u0437\u0438\u043b\u044c\u043d\u043e\u0433\u043e \u043e\u0442\u0434\u0435\u043b\u0435\u043d\u0438\u044f 212 \u043b<br>\u0423\u0440\u043e\u0432\u0435\u043d\u044c \u0448\u0443\u043c\u0430<br>\u0423\u0440\u043e\u0432\u0435\u043d\u044c \u0448\u0443\u043c\u0430 38 \u0434\u0411<br>\u041a\u043b\u0430\u0441\u0441 \u0430\u043a\u0443\u0441\u0442\u0438\u0447\u0435\u0441\u043a\u0438\u0445 \u0448\u0443\u043c\u043e\u0432\u044b\u0445 \u0432\u044b\u0431\u0440\u043e\u0441\u043e\u0432 C<br>\u0420\u0430\u0437\u043c\u0435\u0440\u044b, \u0432\u0435\u0441<br>\u0412\u044b\u0441\u043e\u0442\u0430 179 \u0441\u043c<br>\u0428\u0438\u0440\u0438\u043d\u0430 91 \u0441\u043c<br>\u0413\u043b\u0443\u0431\u0438\u043d\u0430 70.5 \u0441\u043c<br>\u0412\u0435\u0441 \u0441 \u0443\u043f\u0430\u043a\u043e\u0432\u043a\u043e\u0439 108 \u043a\u0433<br>\u0423\u043f\u0440\u0430\u0432\u043b\u0435\u043d\u0438\u0435<br>\u042d\u043b\u0435\u043a\u0442\u0440\u043e\u043d\u043d\u044b\u0439 \u0434\u0438\u0441\u043f\u043b\u0435\u0439 \u0415\u0441\u0442\u044c<br>\u0423\u043f\u0440\u0430\u0432\u043b\u0435\u043d\u0438\u0435 \u042d\u043b\u0435\u043a\u0442\u0440\u043e\u043d\u043d\u043e\u0435<br>\u0424\u0443\u043d\u043a\u0446\u0438\u0438<br>\u0421\u0438\u0433\u043d\u0430\u043b\u0438\u0437\u0430\u0446\u0438\u044f \u043e\u0442\u043a\u0440\u044b\u0442\u043e\u0439 \u0434\u0432\u0435\u0440\u0438 \u0415\u0441\u0442\u044c<br>\u0411\u044b\u0441\u0442\u0440\u043e\u0435 \u043e\u0445\u043b\u0430\u0436\u0434\u0435\u043d\u0438\u0435 \u0415\u0441\u0442\u044c<br>\u0411\u044b\u0441\u0442\u0440\u0430\u044f \u0437\u0430\u043c\u043e\u0440\u043e\u0437\u043a\u0430 \u0415\u0441\u0442\u044c<br>\u0420\u0435\u0436\u0438\u043c \u043e\u0442\u043f\u0443\u0441\u043a\u0430 \u0415\u0441\u0442\u044c<br>\u0414\u0440\u0443\u0433\u0438\u0435 \u043f\u0430\u0440\u0430\u043c\u0435\u0442\u0440\u044b<br>\u041a\u043e\u043b\u0438\u0447\u0435\u0441\u0442\u0432\u043e \u0434\u0432\u0435\u0440\u0435\u0439 2<br>\u0420\u0443\u0447\u043a\u0438 \u0434\u0432\u0435\u0440\u0435\u0439 \u0412\u0441\u0442\u0440\u043e\u0435\u043d\u043d\u044b\u0435<br>\u0412\u0438\u0434 \u043f\u043e\u043b\u043e\u043a \u0417\u0430\u043a\u0430\u043b\u0435\u043d\u043d\u043e\u0435 \u0441\u0442\u0435\u043a\u043b\u043e<br>\u041f\u0440\u043e\u0438\u0437\u0432\u043e\u0434\u0438\u0442\u0435\u043b\u044c\u043d\u043e\u0441\u0442\u044c \u0437\u0430\u043c\u043e\u0440\u043e\u0437\u043a\u0438 \u043a\u0433\/24\u0447 13<br>\u041a\u043b\u0430\u0441\u0441 \u043c\u043e\u0440\u043e\u0437\u0438\u043b\u044c\u043d\u043e\u0439 \u043a\u0430\u043c\u0435\u0440\u044b ****<br>\u0421\u043e\u0445\u0440\u0430\u043d\u0435\u043d\u0438\u0435 \u0445\u043e\u043b\u043e\u0434\u0430 \u043f\u0440\u0438 \u043e\u0442\u043a\u043b\u044e\u0447\u0435\u043d\u0438\u0438 \u043f\u0438\u0442\u0430\u043d\u0438\u044f (\u0447) 9<br>\u041a\u043b\u0438\u043c\u0430\u0442\u0438\u0447\u0435\u0441\u043a\u0438\u0439 \u043a\u043b\u0430\u0441\u0441 SN-T<\/p><\/p>","protected":false},"excerpt":{"rendered":"<p>Pre\u010du z\u012bme BekoIek\u0101rtas tips Br\u012bvst\u0101vo\u0161sLedusskapja veids Side-by-sideNo frost IrKr\u0101sa Ner\u016bs\u0113jo\u0161a t\u0113raudaEAN 8690842398780Jaunais energomar\u0137\u0113jums no 2021.gadaEnergoefektivit\u0101tes klase FElektroener\u0123ijas pat\u0113ri\u0146\u0161 gad\u0101 405 kWhIetilp\u012bbaKop\u0113jais tilpums 580 lSvaigo p\u0101rtikas produktu nodal\u012bjuma tilpums 368 lSald\u0113to p\u0101rtikas produktu nodal\u012bjuma tilpums 212 lTrok\u0161\u0146a l\u012bmenisTrok\u0161\u0146a l\u012bmenis 38 dBAkustisk\u0101 trok\u0161\u0146a emisijas klase CIzm\u0113ri, svarsAugstums 179 cmPlatums 91 cmDzi\u013cums 70.5 cmSvars ar iepakojumu 108 kgVad\u012bbaElektroniskais [&hellip;]<\/p>\n","protected":false},"featured_media":23738,"comment_status":"open","ping_status":"closed","template":"","meta":{"_joinchat":[]},"product_brand":[269],"product_cat":[272],"product_tag":[],"class_list":{"0":"post-22026","1":"product","2":"type-product","3":"status-publish","4":"has-post-thumbnail","6":"product_brand-beko","7":"product_cat-sadzives-tehnika-ledusskapji","9":"first","10":"instock","11":"shipping-taxable","12":"purchasable","13":"product-type-simple"},"_links":{"self":[{"href":"https:\/\/emeniro.lovehorses.lv\/ru\/wp-json\/wp\/v2\/product\/22026","targetHints":{"allow":["GET"]}}],"collection":[{"href":"https:\/\/emeniro.lovehorses.lv\/ru\/wp-json\/wp\/v2\/product"}],"about":[{"href":"https:\/\/emeniro.lovehorses.lv\/ru\/wp-json\/wp\/v2\/types\/product"}],"replies":[{"embeddable":true,"href":"https:\/\/emeniro.lovehorses.lv\/ru\/wp-json\/wp\/v2\/comments?post=22026"}],"wp:featuredmedia":[{"embeddable":true,"href":"https:\/\/emeniro.lovehorses.lv\/ru\/wp-json\/wp\/v2\/media\/23738"}],"wp:attachment":[{"href":"https:\/\/emeniro.lovehorses.lv\/ru\/wp-json\/wp\/v2\/media?parent=22026"}],"wp:term":[{"taxonomy":"product_brand","embeddable":true,"href":"https:\/\/emeniro.lovehorses.lv\/ru\/wp-json\/wp\/v2\/product_brand?post=22026"},{"taxonomy":"product_cat","embeddable":true,"href":"https:\/\/emeniro.lovehorses.lv\/ru\/wp-json\/wp\/v2\/product_cat?post=22026"},{"taxonomy":"product_tag","embeddable":true,"href":"https:\/\/emeniro.lovehorses.lv\/ru\/wp-json\/wp\/v2\/product_tag?post=22026"}],"curies":[{"name":"wp","href":"https:\/\/api.w.org\/{rel}","templated":true}]}}