{"id":22095,"date":"2026-04-30T20:35:52","date_gmt":"2026-04-30T20:35:52","guid":{"rendered":"https:\/\/emeniro.lovehorses.lv\/product\/bosch-advancedshear-18-0600857000\/"},"modified":"2026-04-30T21:54:08","modified_gmt":"2026-04-30T21:54:08","slug":"bosch-advancedshear-18-0600857000","status":"publish","type":"product","link":"https:\/\/emeniro.lovehorses.lv\/ru\/product\/bosch-advancedshear-18-0600857000\/","title":{"rendered":"Bosch AdvancedShear 18 0600857000"},"content":{"rendered":"<p>Produkta veids\u00a0\u00a0\u00a0\u00a0 Dz\u012bv\u017eoga \u0161\u0137\u0113res<\/p>\n<p>Z\u012bmols\u00a0\u00a0\u00a0\u00a0 Bosch<br \/>Modelis\u00a0\u00a0\u00a0\u00a0 AdvancedShear 18<br \/>Kr\u0101sa\u00a0\u00a0\u00a0\u00a0 Melna, Za\u013ca<br \/>\u0160\u0137\u0113ru tips\u00a0\u00a0\u00a0\u00a0 Akumulatora<br \/>Svars\u00a0\u00a0\u00a0\u00a0 0.9 kg<br \/>Sliedes garums\u00a0\u00a0\u00a0\u00a0 20 cm<br \/>Att\u0101lums starp asme\u0146iem\u00a0\u00a0\u00a0\u00a0 0.8 cm<br \/>Akumulators iek\u013cauts komplekt\u0101\u00a0\u00a0\u00a0\u00a0 J\u0101<br \/>Akumulatora tips\u00a0\u00a0\u00a0\u00a0 Li-Ion<br \/>Akumulatora kapacit\u0101te\u00a0\u00a0\u00a0\u00a0 2000 mAh<br \/>Akumulatora spriegums\u00a0\u00a0\u00a0\u00a0 18 V<br \/>L\u0101d\u0113t\u0101js iek\u013cauts\u00a0\u00a0\u00a0\u00a0 J\u0101<br \/>Darb\u012bbas ilgums p\u0113c uzl\u0101des\u00a0\u00a0\u00a0\u00a0 100 min<br \/>Uzl\u0101des laiks\u00a0\u00a0\u00a0\u00a0 210 min<br \/>Regul\u0113jams rokturis\u00a0\u00a0\u00a0\u00a0 N\u0113<br \/>Na\u017ea maksts\u00a0\u00a0\u00a0\u00a0 N\u0113<br \/>Garantija\u00a0\u00a0\u00a0\u00a0 24 m\u0113n<br \/>Papildus inform\u0101cija\u00a0\u00a0\u00a0\u00a0 Komplekt\u0101 ietilpst birstes asmens (12 un 20 cm asmens garums) un z\u0101les asmens (10 cm asmens platums). Uzl\u0101des laiks 3,5 stundas. darb\u012bbas laiks l\u012bdz 100 min.<br \/>Izcelsmes valsts\u00a0\u00a0\u00a0\u00a0 Ung\u0101rija<\/p><\/p>","protected":false},"excerpt":{"rendered":"<p>Produkta veids\u00a0\u00a0\u00a0\u00a0 Dz\u012bv\u017eoga \u0161\u0137\u0113res Z\u012bmols\u00a0\u00a0\u00a0\u00a0 BoschModelis\u00a0\u00a0\u00a0\u00a0 AdvancedShear 18Kr\u0101sa\u00a0\u00a0\u00a0\u00a0 Melna, Za\u013ca\u0160\u0137\u0113ru tips\u00a0\u00a0\u00a0\u00a0 AkumulatoraSvars\u00a0\u00a0\u00a0\u00a0 0.9 kgSliedes garums\u00a0\u00a0\u00a0\u00a0 20 cmAtt\u0101lums starp asme\u0146iem\u00a0\u00a0\u00a0\u00a0 0.8 cmAkumulators iek\u013cauts komplekt\u0101\u00a0\u00a0\u00a0\u00a0 J\u0101Akumulatora tips\u00a0\u00a0\u00a0\u00a0 Li-IonAkumulatora kapacit\u0101te\u00a0\u00a0\u00a0\u00a0 2000 mAhAkumulatora spriegums\u00a0\u00a0\u00a0\u00a0 18 VL\u0101d\u0113t\u0101js iek\u013cauts\u00a0\u00a0\u00a0\u00a0 J\u0101Darb\u012bbas ilgums p\u0113c uzl\u0101des\u00a0\u00a0\u00a0\u00a0 100 minUzl\u0101des laiks\u00a0\u00a0\u00a0\u00a0 210 minRegul\u0113jams rokturis\u00a0\u00a0\u00a0\u00a0 N\u0113Na\u017ea maksts\u00a0\u00a0\u00a0\u00a0 N\u0113Garantija\u00a0\u00a0\u00a0\u00a0 24 m\u0113nPapildus inform\u0101cija\u00a0\u00a0\u00a0\u00a0 Komplekt\u0101 ietilpst birstes asmens (12 un [&hellip;]<\/p>\n","protected":false},"featured_media":23793,"comment_status":"open","ping_status":"closed","template":"","meta":{"_joinchat":[]},"product_brand":[281],"product_cat":[328],"product_tag":[],"class_list":{"0":"post-22095","1":"product","2":"type-product","3":"status-publish","4":"has-post-thumbnail","6":"product_brand-bosch","7":"product_cat-darza-tehnika-dzivzogu-skeres","9":"first","10":"instock","11":"shipping-taxable","12":"purchasable","13":"product-type-simple"},"_links":{"self":[{"href":"https:\/\/emeniro.lovehorses.lv\/ru\/wp-json\/wp\/v2\/product\/22095","targetHints":{"allow":["GET"]}}],"collection":[{"href":"https:\/\/emeniro.lovehorses.lv\/ru\/wp-json\/wp\/v2\/product"}],"about":[{"href":"https:\/\/emeniro.lovehorses.lv\/ru\/wp-json\/wp\/v2\/types\/product"}],"replies":[{"embeddable":true,"href":"https:\/\/emeniro.lovehorses.lv\/ru\/wp-json\/wp\/v2\/comments?post=22095"}],"wp:featuredmedia":[{"embeddable":true,"href":"https:\/\/emeniro.lovehorses.lv\/ru\/wp-json\/wp\/v2\/media\/23793"}],"wp:attachment":[{"href":"https:\/\/emeniro.lovehorses.lv\/ru\/wp-json\/wp\/v2\/media?parent=22095"}],"wp:term":[{"taxonomy":"product_brand","embeddable":true,"href":"https:\/\/emeniro.lovehorses.lv\/ru\/wp-json\/wp\/v2\/product_brand?post=22095"},{"taxonomy":"product_cat","embeddable":true,"href":"https:\/\/emeniro.lovehorses.lv\/ru\/wp-json\/wp\/v2\/product_cat?post=22095"},{"taxonomy":"product_tag","embeddable":true,"href":"https:\/\/emeniro.lovehorses.lv\/ru\/wp-json\/wp\/v2\/product_tag?post=22095"}],"curies":[{"name":"wp","href":"https:\/\/api.w.org\/{rel}","templated":true}]}}