{"id":22198,"date":"2026-04-30T20:42:15","date_gmt":"2026-04-30T20:42:15","guid":{"rendered":"https:\/\/emeniro.lovehorses.lv\/product\/lg-50ur781c-uhd-wifi\/"},"modified":"2026-04-30T21:56:50","modified_gmt":"2026-04-30T21:56:50","slug":"lg-50ur781c-uhd-wifi","status":"publish","type":"product","link":"https:\/\/emeniro.lovehorses.lv\/ru\/product\/lg-50ur781c-uhd-wifi\/","title":{"rendered":"LG 50UR781C UHD WiFi"},"content":{"rendered":"<\/p>\n<p>\u0422\u043e\u0440\u0433\u043e\u0432\u0430\u044f \u043c\u0430\u0440\u043a\u0430 LG<br \/>\u041e\u043f\u0435\u0440\u0430\u0446\u0438\u043e\u043d\u043d\u0430\u044f \u0441\u0438\u0441\u0442\u0435\u043c\u0430 webOS<br \/>\u041a\u043e\u043b\u0438\u0447\u0435\u0441\u0442\u0432\u043e \u044f\u0434\u0435\u0440 \u043f\u0440\u043e\u0446\u0435\u0441\u0441\u043e\u0440\u0430 4<br \/>\u0426\u0432\u0435\u0442 \u0427\u0435\u0440\u043d\u044b\u0439<br \/>\u041d\u043e\u0432\u0430\u044f \u044d\u043d\u0435\u0440\u0433\u0435\u0442\u0438\u0447\u0435\u0441\u043a\u0430\u044f \u043c\u0430\u0440\u043a\u0438\u0440\u043e\u0432\u043a\u0430 \u0441 2021 \u0433\u043e\u0434\u0430<br \/>\u041a\u043b\u0430\u0441\u0441 \u044d\u043d\u0435\u0440\u0433\u043e\u044d\u0444\u0444\u0435\u043a\u0442\u0438\u0432\u043d\u043e\u0441\u0442\u0438 (SDR) F<br \/>\u041f\u043e\u0442\u0440\u0435\u0431\u043b\u0435\u043d\u0438\u0435 \u044d\u043d\u0435\u0440\u0433\u0438\u0438 \u0432 \u0441\u0442\u0430\u043d\u0434\u0430\u0440\u0442\u043d\u043e\u043c \u0440\u0435\u0436\u0438\u043c\u0435 \u0441 \u0434\u0438\u043d\u0430\u043c\u0438\u0447\u0435\u0441\u043a\u0438\u043c \u0434\u0438\u0430\u043f\u0430\u0437\u043e\u043d\u043e\u043c (SDR), 1000 \u0447 65 \u043a\u0412\u0442\u00b7\u0447<br \/>\u041a\u043b\u0430\u0441\u0441 \u044d\u043d\u0435\u0440\u0433\u043e\u044d\u0444\u0444\u0435\u043a\u0442\u0438\u0432\u043d\u043e\u0441\u0442\u0438 (HDR) G<br \/>\u041f\u043e\u0442\u0440\u0435\u0431\u043b\u0435\u043d\u0438\u0435 \u044d\u043d\u0435\u0440\u0433\u0438\u0438 \u0432 \u0440\u0435\u0436\u0438\u043c\u0435 \u0441 \u0432\u044b\u0441\u043e\u043a\u0438\u043c \u0434\u0438\u043d\u0430\u043c\u0438\u0447\u0435\u0441\u043a\u0438\u043c \u0434\u0438\u0430\u043f\u0430\u0437\u043e\u043d\u043e\u043c (HDR), 1000 \u0447 99 \u043a\u0412\u0442\u00b7\u0447<br \/>\u0420\u0430\u0437\u043c\u0435\u0440 \u044d\u043a\u0440\u0430\u043d\u0430 (\u0434\u044e\u0439\u043c\u044b\/\u0441\u043c) 50\/127<br \/>\u0420\u0430\u0437\u0440\u0435\u0448\u0435\u043d\u0438\u0435 \u044d\u043a\u0440\u0430\u043d\u0430 3840 x 2160 (Ultra HD)<br \/>\u042d\u043a\u0440\u0430\u043d<br \/>\u0422\u0438\u043f \u044d\u043a\u0440\u0430\u043d\u0430 \u041f\u043b\u043e\u0441\u043a\u0438\u0439 (Flat)<br \/>\u0427\u0430\u0441\u0442\u043e\u0442\u0430 (\u0413\u0446) 50<br \/>\u0421\u043e\u0435\u0434\u0438\u043d\u0435\u043d\u0438\u044f<br \/>HDMI 3<br \/>USB \u0415\u0441\u0442\u044c<br \/>Ethernet (RJ45) \u0415\u0441\u0442\u044c<br \/>\u041e\u043f\u0442\u0438\u0447\u0435\u0441\u043a\u0438\u0439 \u0430\u0443\u0434\u0438\u043e\u0432\u044b\u0445\u043e\u0434 \u0415\u0441\u0442\u044c<br \/>\u0411\u0435\u0441\u043f\u0440\u043e\u0432\u043e\u0434\u043d\u044b\u0435 \u0441\u043e\u0435\u0434\u0438\u043d\u0435\u043d\u0438\u044f<br \/>Wi-Fi \u0415\u0441\u0442\u044c<br \/>Bluetooth \u0412\u043a\u043b.<br \/>\u0420\u0430\u0437\u043c\u0435\u0440\u044b, \u0432\u0435\u0441<br \/>\u0412\u044b\u0441\u043e\u0442\u0430 65.1 \u0441\u043c<br \/>\u0412\u044b\u0441\u043e\u0442\u0430 \u0441 \u043f\u043e\u0434\u0441\u0442\u0430\u0432\u043a\u043e\u0439 71.6 \u0441\u043c<br \/>\u0428\u0438\u0440\u0438\u043d\u0430 112.1 \u0441\u043c<br \/>\u0413\u043b\u0443\u0431\u0438\u043d\u0430 6 cm<br \/>\u0413\u043b\u0443\u0431\u0438\u043d\u0430 \u0441\u043e \u0448\u0442\u0430\u0442\u0438\u0432\u043e\u043c 23 \u043c<br \/>\u0412\u0435\u0441 11.7 \u043a\u0433<br \/>\u0412\u0435\u0441 \u0441 \u0443\u043f\u0430\u043a\u043e\u0432\u043a\u043e\u0439 14.5 \u043a\u0433<br \/>\u0414\u0440\u0443\u0433\u0438\u0435 \u043f\u0430\u0440\u0430\u043c\u0435\u0442\u0440\u044b<br \/>Att\u0101lums starp skr\u016bvju viet\u0101m stiprin\u0101\u0161ainai pie sienas (mm) 200\u00d7200<\/p>","protected":false},"excerpt":{"rendered":"<p>Pre\u010du z\u012bme LGOper\u0113t\u0101jsist\u0113ma webOSProcesora kodolu skaits 4Kr\u0101sa MelnaJaunais energomar\u0137\u0113jums no 2021.gadaEnergoefektivit\u0101tes klase (SDR) FEner\u0123ijas pat\u0113ri\u0146\u0161 standarta dinamisk\u0101 diapazona re\u017e\u012bm\u0101 (SDR), 1000 h 65 kWhEnergoefektivit\u0101tes klase (HDR) GEner\u0123ijas pat\u0113ri\u0146\u0161 augsta dinamisk\u0101 diapazona re\u017e\u012bm\u0101 (HDR), 1000 h 99 kWhEkr\u0101na izm\u0113rs (collas\/cm) 50\/127Ekr\u0101na iz\u0161\u0137irtsp\u0113ja 3840 x 2160 (Ultra HD)Ekr\u0101nsEkr\u0101na tips Plakans (Flat)Frekvence (Hz) 50SavienojumiHDMI 3USB IrEthernet (RJ45) IrOptisk\u0101 [&hellip;]<\/p>\n","protected":false},"featured_media":23853,"comment_status":"open","ping_status":"closed","template":"","meta":{"_joinchat":[]},"product_brand":[112],"product_cat":[294],"product_tag":[],"class_list":{"0":"post-22198","1":"product","2":"type-product","3":"status-publish","4":"has-post-thumbnail","6":"product_brand-lg","7":"product_cat-tv-foto-video-audio-televizori-un-aksesuari-led-televizori","9":"first","10":"instock","11":"shipping-taxable","12":"purchasable","13":"product-type-simple"},"_links":{"self":[{"href":"https:\/\/emeniro.lovehorses.lv\/ru\/wp-json\/wp\/v2\/product\/22198","targetHints":{"allow":["GET"]}}],"collection":[{"href":"https:\/\/emeniro.lovehorses.lv\/ru\/wp-json\/wp\/v2\/product"}],"about":[{"href":"https:\/\/emeniro.lovehorses.lv\/ru\/wp-json\/wp\/v2\/types\/product"}],"replies":[{"embeddable":true,"href":"https:\/\/emeniro.lovehorses.lv\/ru\/wp-json\/wp\/v2\/comments?post=22198"}],"wp:featuredmedia":[{"embeddable":true,"href":"https:\/\/emeniro.lovehorses.lv\/ru\/wp-json\/wp\/v2\/media\/23853"}],"wp:attachment":[{"href":"https:\/\/emeniro.lovehorses.lv\/ru\/wp-json\/wp\/v2\/media?parent=22198"}],"wp:term":[{"taxonomy":"product_brand","embeddable":true,"href":"https:\/\/emeniro.lovehorses.lv\/ru\/wp-json\/wp\/v2\/product_brand?post=22198"},{"taxonomy":"product_cat","embeddable":true,"href":"https:\/\/emeniro.lovehorses.lv\/ru\/wp-json\/wp\/v2\/product_cat?post=22198"},{"taxonomy":"product_tag","embeddable":true,"href":"https:\/\/emeniro.lovehorses.lv\/ru\/wp-json\/wp\/v2\/product_tag?post=22198"}],"curies":[{"name":"wp","href":"https:\/\/api.w.org\/{rel}","templated":true}]}}