{"id":22288,"date":"2026-04-30T20:44:26","date_gmt":"2026-04-30T20:44:26","guid":{"rendered":"https:\/\/emeniro.lovehorses.lv\/product\/aeg-a1wyhsk1\/"},"modified":"2026-04-30T21:59:02","modified_gmt":"2026-04-30T21:59:02","slug":"aeg-a1wyhsk1","status":"publish","type":"product","link":"https:\/\/emeniro.lovehorses.lv\/ru\/product\/aeg-a1wyhsk1\/","title":{"rendered":"AEG A1WYHSK1"},"content":{"rendered":"<\/p>\n<p>\u00a0\u00a0\u00a0 Pre\u010du z\u012bme\u00a0\u00a0\u00a0 AEG<br \/>\u00a0\u00a0\u00a0 Veids\u00a0\u00a0\u00a0 Stiprin\u0101jums<br \/>\u00a0\u00a0\u00a0 Kr\u0101sa\u00a0\u00a0\u00a0 Balta<br \/>\u00a0\u00a0\u00a0 Pielietojums\u00a0\u00a0\u00a0 Ve\u013cas mazg\u0101jamaj\u0101m ma\u0161\u012bn\u0101m, ve\u013cas \u017e\u0101v\u0113t\u0101jiem<br \/>\u00a0\u00a0\u00a0 Produkta kods\u00a0\u00a0\u00a0 902980378<br \/>\u00a0\u00a0\u00a0 Izm\u0113ri (cm)\u00a0\u00a0\u00a0 6.5x61x60.5<br \/>\u00a0\u00a0\u00a0 Svars\u00a0\u00a0\u00a0 3.7 kg<br \/>\u00a0\u00a0\u00a0 Papildus inform\u0101cija\u00a0\u00a0\u00a0 Savienojuma stiprin\u0101jums ve\u013cas \u017e\u0101v\u0113t\u0101ja novieto\u0161anai uz ve\u013cas mazg\u0101jam\u0101s ma\u0161\u012bnas \u201cve\u013cas ma\u0161\u012bnas \u2013 \u017e\u0101v\u0113t\u0101ja kolonnai\u201d. Piem\u0113rots 60 cm plat\u0101m un 52-67 cm dzi\u013c\u0101m ier\u012bc\u0113m.<br \/>\u00a0\u00a0\u00a0 EAN\u00a0\u00a0\u00a0 7332543987252<\/p><\/p>","protected":false},"excerpt":{"rendered":"<p>\u00a0\u00a0\u00a0 Pre\u010du z\u012bme\u00a0\u00a0\u00a0 AEG\u00a0\u00a0\u00a0 Veids\u00a0\u00a0\u00a0 Stiprin\u0101jums\u00a0\u00a0\u00a0 Kr\u0101sa\u00a0\u00a0\u00a0 Balta\u00a0\u00a0\u00a0 Pielietojums\u00a0\u00a0\u00a0 Ve\u013cas mazg\u0101jamaj\u0101m ma\u0161\u012bn\u0101m, ve\u013cas \u017e\u0101v\u0113t\u0101jiem\u00a0\u00a0\u00a0 Produkta kods\u00a0\u00a0\u00a0 902980378\u00a0\u00a0\u00a0 Izm\u0113ri (cm)\u00a0\u00a0\u00a0 6.5x61x60.5\u00a0\u00a0\u00a0 Svars\u00a0\u00a0\u00a0 3.7 kg\u00a0\u00a0\u00a0 Papildus inform\u0101cija\u00a0\u00a0\u00a0 Savienojuma stiprin\u0101jums ve\u013cas \u017e\u0101v\u0113t\u0101ja novieto\u0161anai uz ve\u013cas mazg\u0101jam\u0101s ma\u0161\u012bnas \u201cve\u013cas ma\u0161\u012bnas \u2013 \u017e\u0101v\u0113t\u0101ja kolonnai\u201d. Piem\u0113rots 60 cm plat\u0101m un 52-67 cm dzi\u013c\u0101m ier\u012bc\u0113m.\u00a0\u00a0\u00a0 EAN\u00a0\u00a0\u00a0 7332543987252<\/p>","protected":false},"featured_media":23932,"comment_status":"open","ping_status":"closed","template":"","meta":{"_joinchat":[]},"product_brand":[262],"product_cat":[331],"product_tag":[],"class_list":{"0":"post-22288","1":"product","2":"type-product","3":"status-publish","4":"has-post-thumbnail","6":"product_brand-aeg","7":"product_cat-sadzives-tehnika-velas-masinu-un-zavetaju-aksesuari","9":"first","10":"instock","11":"shipping-taxable","12":"purchasable","13":"product-type-simple"},"_links":{"self":[{"href":"https:\/\/emeniro.lovehorses.lv\/ru\/wp-json\/wp\/v2\/product\/22288","targetHints":{"allow":["GET"]}}],"collection":[{"href":"https:\/\/emeniro.lovehorses.lv\/ru\/wp-json\/wp\/v2\/product"}],"about":[{"href":"https:\/\/emeniro.lovehorses.lv\/ru\/wp-json\/wp\/v2\/types\/product"}],"replies":[{"embeddable":true,"href":"https:\/\/emeniro.lovehorses.lv\/ru\/wp-json\/wp\/v2\/comments?post=22288"}],"wp:featuredmedia":[{"embeddable":true,"href":"https:\/\/emeniro.lovehorses.lv\/ru\/wp-json\/wp\/v2\/media\/23932"}],"wp:attachment":[{"href":"https:\/\/emeniro.lovehorses.lv\/ru\/wp-json\/wp\/v2\/media?parent=22288"}],"wp:term":[{"taxonomy":"product_brand","embeddable":true,"href":"https:\/\/emeniro.lovehorses.lv\/ru\/wp-json\/wp\/v2\/product_brand?post=22288"},{"taxonomy":"product_cat","embeddable":true,"href":"https:\/\/emeniro.lovehorses.lv\/ru\/wp-json\/wp\/v2\/product_cat?post=22288"},{"taxonomy":"product_tag","embeddable":true,"href":"https:\/\/emeniro.lovehorses.lv\/ru\/wp-json\/wp\/v2\/product_tag?post=22288"}],"curies":[{"name":"wp","href":"https:\/\/api.w.org\/{rel}","templated":true}]}}