{"id":22340,"date":"2026-04-30T20:45:26","date_gmt":"2026-04-30T20:45:26","guid":{"rendered":"https:\/\/emeniro.lovehorses.lv\/product\/electrolux-lki64020ax-indukcijas\/"},"modified":"2026-04-30T22:00:00","modified_gmt":"2026-04-30T22:00:00","slug":"electrolux-lki64020ax-indukcijas","status":"publish","type":"product","link":"https:\/\/emeniro.lovehorses.lv\/ru\/product\/electrolux-lki64020ax-indukcijas\/","title":{"rendered":"Electrolux LKI64020AX \u0418\u043d\u0434\u0443\u043a\u0446\u0438\u043e\u043d\u043d\u0430\u044f \u043f\u043b\u0438\u0442\u0430"},"content":{"rendered":"<p>\u0411\u0440\u0435\u043d\u0434 Electrolux<br \/>\u0422\u0438\u043f \u0432\u0430\u0440\u043e\u0447\u043d\u043e\u0439 \u043f\u0430\u043d\u0435\u043b\u0438 \u0418\u043d\u0434\u0443\u043a\u0446\u0438\u043e\u043d\u043d\u0430\u044f<br \/>\u0426\u0432\u0435\u0442 \u041d\u0435\u0440\u0436\u0430\u0432\u0435\u044e\u0449\u0430\u044f \u0441\u0442\u0430\u043b\u044c<br \/>\u041a\u043b\u0430\u0441\u0441 \u044d\u043d\u0435\u0440\u0433\u043e\u044d\u0444\u0444\u0435\u043a\u0442\u0438\u0432\u043d\u043e\u0441\u0442\u0438 A<br \/>\u041a\u043e\u043b\u0438\u0447\u0435\u0441\u0442\u0432\u043e \u043a\u043e\u043d\u0444\u043e\u0440\u043e\u043a 4<br \/>\u041a\u043e\u0434 \u043f\u0440\u043e\u0434\u0443\u043a\u0442\u0430 940002947<br \/>EAN 7332543762910<br \/>\u0420\u0430\u0437\u043c\u0435\u0440\u044b, \u0432\u0435\u0441<br \/>\u0412\u044b\u0441\u043e\u0442\u0430 85 \u0441\u043c<br \/>\u0428\u0438\u0440\u0438\u043d\u0430 60 \u0441\u043c<br \/>\u0413\u043b\u0443\u0431\u0438\u043d\u0430 60 \u0441\u043c<br \/>\u0412\u0435\u0441 51 \u043a\u0433<br \/>\u0412\u0435\u0441 \u0441 \u0443\u043f\u0430\u043a\u043e\u0432\u043a\u043e\u0439 55 \u043a\u0433<br \/>\u041f\u0430\u0440\u0430\u043c\u0435\u0442\u0440\u044b \u0434\u0443\u0445\u043e\u0432\u043a\u0438<br \/>\u0422\u0438\u043f \u0434\u0443\u0445\u043e\u0432\u043a\u0438 \u042d\u043b\u0435\u043a\u0442\u0440\u0438\u0447\u0435\u0441\u043a\u0430\u044f<br \/>\u041e\u0431\u044a\u0435\u043c \u0434\u0443\u0445\u043e\u0432\u043a\u0438 73 \u043b<br \/>\u0420\u0435\u0436\u0438\u043c\u044b 7<br \/>\u0422\u0430\u0439\u043c\u0435\u0440 \u0434\u0443\u0445\u043e\u0432\u043a\u0438 \u0415\u0441\u0442\u044c<br \/>\u041a\u043e\u043d\u0432\u0435\u043a\u0446\u0438\u044f <br \/>\u0413\u0440\u0438\u043b\u044c \u0434\u0443\u0445\u043e\u0432\u043a\u0438 \u0415\u0441\u0442\u044c<br \/>\u041a\u043e\u043c\u043f\u043b\u0435\u043a\u0442\u0430\u0446\u0438\u044f 2 \u043f\u0440\u043e\u0442\u0438\u0432\u043d\u044f, 1 \u0440\u0435\u0448\u0435\u0442\u043a\u0430<br \/>\u0414\u0440\u0443\u0433\u0438\u0435 \u043f\u0430\u0440\u0430\u043c\u0435\u0442\u0440\u044b<br \/>\u0414\u043e\u043f\u043e\u043b\u043d\u0438\u0442\u0435\u043b\u044c\u043d\u0430\u044f \u0438\u043d\u0444\u043e\u0440\u043c\u0430\u0446\u0438\u044f \u0421\u043f\u0435\u0446\u0438\u0430\u043b\u044c\u043d\u044b\u0439 \u043f\u0435\u0440\u0444\u043e\u0440\u0438\u0440\u043e\u0432\u0430\u043d\u043d\u044b\u0439 \u043f\u0440\u043e\u0442\u0438\u0432\u0435\u043d\u044c AirFry<\/p>\n<ul><a href=\"https:\/\/media.flixcar.com\/f360cdn\/Electrolux-85499552-elurl-JPG-LKI64020AX-cs-zoom.jpg\"><\/a><\/ul>\n<ul>\n<li><img decoding=\"async\" class=\"flix-vid-play\" src=\"https:\/\/media.flixcar.com\/delivery\/static\/images\/video_thumb_play.png\" style=\"vertical-align: baseline;margin: 0px;padding: 0px;line-height: 1.4;box-shadow: initial;position: absolute;top: 0px;left: initial;z-index: 2;background: none !important;width: 120px !important;height: 70px !important\"><img decoding=\"async\" height=\"70\" width=\"120\" src=\"https:\/\/assets-jpcust.jwpsrv.com\/thumbs\/m7IqsTBz-1280.jpg\" style=\"vertical-align: baseline;margin: 0px;padding: 0px;line-height: 1.4;box-shadow: initial;background: none !important;width: 120px !important;height: 70px !important\"><\/li>\n<\/ul>\n<p><\/p>\n<ul>\n<li><img decoding=\"async\" src=\"https:\/\/media.flixcar.com\/delivery\/static\/inpage\/9\/images\/loading.gif\" data-flixsrcset=\"\/\/media.flixcar.com\/f360cdn\/Electrolux-85499534-PSEECO200PA0001D-LKI64020AX-lv-zoom.png 200w, \/\/media.flixcar.com\/f360cdn\/Electrolux-85499534-PSEECO200PA0001D-LKI64020AX-lv-zoom.png 400w, \/\/media.flixcar.com\/f360cdn\/Electrolux-85499534-PSEECO200PA0001D-LKI64020AX-lv-zoom.png 600w, \/\/media.flixcar.com\/f360cdn\/Electrolux-85499534-PSEECO200PA0001D-LKI64020AX-lv-zoom.png 800w, \/\/media.flixcar.com\/f360cdn\/Electrolux-85499534-PSEECO200PA0001D-LKI64020AX-lv-zoom.png 1000w\" data-sizes=\"auto\" class=\"flix-img-responsive\" alt=\"Image\" style=\"vertical-align: baseline;margin: 0px auto;padding: 0px;line-height: 1.4;background: transparent;box-shadow: initial;position: relative\"><\/li>\n<li><img decoding=\"async\" src=\"https:\/\/media.flixcar.com\/delivery\/static\/inpage\/9\/images\/loading.gif\" data-flixsrcset=\"\/\/media.flixcar.com\/f360cdn\/Electrolux-83882019-PSEBCO160F363001-LKR66020MX-bg-zoom.png 200w, \/\/media.flixcar.com\/f360cdn\/Electrolux-83882019-PSEBCO160F363001-LKR66020MX-bg-zoom.png 400w, \/\/media.flixcar.com\/f360cdn\/Electrolux-83882019-PSEBCO160F363001-LKR66020MX-bg-zoom.png 600w, \/\/media.flixcar.com\/f360cdn\/Electrolux-83882019-PSEBCO160F363001-LKR66020MX-bg-zoom.png 800w, \/\/media.flixcar.com\/f360cdn\/Electrolux-83882019-PSEBCO160F363001-LKR66020MX-bg-zoom.png 1000w\" data-sizes=\"auto\" class=\"flix-img-responsive\" alt=\"Image\" style=\"vertical-align: baseline;margin: 0px auto;padding: 0px;line-height: 1.4;background: transparent;box-shadow: initial;position: relative\"><\/li>\n<\/ul>\n<p>SurroundCook \u0418\u043d\u0434\u0443\u043a\u0446\u0438\u043e\u043d\u043d\u0430\u044f \u043f\u043b\u0438\u0442\u0430 596 \u043c\u043c \u041d\u0435\u0440\u0436\u0430\u0432\u0435\u044e\u0449\u0430\u044f \u0441\u0442\u0430\u043b\u044c<br \/>\u041f\u043e\u0437\u0432\u043e\u043b\u044c\u0442\u0435 \u0432\u0430\u0440\u043e\u0447\u043d\u043e\u0439 \u043f\u043e\u0432\u0435\u0440\u0445\u043d\u043e\u0441\u0442\u0438 \u0432\u044b\u043f\u043e\u043b\u043d\u044f\u0442\u044c \u0440\u0430\u0431\u043e\u0442\u0443<br \/>Atvieglojiet gatavo\u0161anas procesu ar Hob2Hood. Rea\u0123\u0113jot bez kav\u0113\u0161an\u0101s, pl\u012bts virsma autom\u0101tiski iesl\u0113dz un regul\u0113 tvaika nos\u016bc\u0113ja apgaismojumu un darb\u012bbas re\u017e\u012bmus, \u013caujot koncentr\u0113ties uz svar\u012bg\u0101ko\u00a0\u2014 gatavo\u0161anu.<\/p>\n<ul>\n<li>Hob2Hood \u0440\u0430\u0431\u043e\u0442\u0430\u0435\u0442, \u043f\u043e\u043a\u0430 \u0432\u044b \u0433\u043e\u0442\u043e\u0432\u0438\u0442\u0435. Hob2Hood \u2014 \u044d\u0442\u043e \u0431\u0435\u0441\u043f\u0440\u043e\u0432\u043e\u0434\u043d\u043e\u0435 \u0441\u043e\u0435\u0434\u0438\u043d\u0435\u043d\u0438\u0435 \u043c\u0435\u0436\u0434\u0443 \u0432\u0430\u0448\u0435\u0439 \u0432\u0430\u0440\u043e\u0447\u043d\u043e\u0439 \u043f\u043e\u0432\u0435\u0440\u0445\u043d\u043e\u0441\u0442\u044c\u044e \u0438 \u0432\u044b\u0442\u044f\u0436\u043a\u043e\u0439, \u043a\u043e\u0442\u043e\u0440\u043e\u0435 \u0430\u0432\u0442\u043e\u043c\u0430\u0442\u0438\u0447\u0435\u0441\u043a\u0438 \u0440\u0435\u0433\u0443\u043b\u0438\u0440\u0443\u0435\u0442 \u043c\u043e\u0449\u043d\u043e\u0441\u0442\u044c \u0432\u0435\u043d\u0442\u0438\u043b\u044f\u0442\u043e\u0440\u0430 \u0432\u044b\u0442\u044f\u0436\u043a\u0438 \u0432 \u0437\u0430\u0432\u0438\u0441\u0438\u043c\u043e\u0441\u0442\u0438 \u043e\u0442 \u0442\u0435\u043c\u043f\u0435\u0440\u0430\u0442\u0443\u0440\u044b \u043f\u0440\u0438\u0433\u043e\u0442\u043e\u0432\u043b\u0435\u043d\u0438\u044f. \u041c\u0433\u043d\u043e\u0432\u0435\u043d\u043d\u0430\u044f \u0440\u0435\u0430\u043a\u0446\u0438\u044f \u0434\u0435\u043b\u0430\u0435\u0442 \u044d\u0442\u0443 \u0444\u0443\u043d\u043a\u0446\u0438\u044e \u0432\u0430\u0448\u0438\u043c \u043f\u043e\u043c\u043e\u0449\u043d\u0438\u043a\u043e\u043c \u043d\u0430 \u043a\u0443\u0445\u043d\u0435.<\/li>\n<li>Jums piem\u0113rot\u0101k\u0101 pl\u012bts\u00a0\u2014 vienk\u0101r\u0161a, \u0101tra un dro\u0161aIndukcijas pl\u012bts virsmas tehnolo\u0123ija noz\u012bm\u0113, ka karstums tiek nodro\u0161in\u0101ts \u0101tri un prec\u012bzi, kam\u0113r apk\u0101rt\u0113j\u0101s zonas paliek v\u0113sas un dro\u0161as. T\u0101 ar\u012b acumirkl\u012b rea\u0123\u0113 uz temperat\u016bras izmai\u0146\u0101m. L\u012bdzena virsma padara to viegli t\u012br\u0101mu.<\/li>\n<li>\u0425\u0440\u0443\u0441\u0442\u044f\u0449\u0430\u044f \u0438 \u043f\u043e\u043b\u0435\u0437\u043d\u0430\u044f \u0435\u0434\u0430 \u0441 AirFry. \u041d\u0430\u0441\u043b\u0430\u0436\u0434\u0430\u0439\u0442\u0435\u0441\u044c \u0445\u0440\u0443\u0441\u0442\u044f\u0449\u0438\u043c \u043a\u0430\u0440\u0442\u043e\u0444\u0435\u043b\u0435\u043c \u0444\u0440\u0438 \u0438\u043b\u0438 \u043e\u0432\u043e\u0449\u0430\u043c\u0438 \u0441 \u043c\u0435\u043d\u044c\u0448\u0438\u043c \u043a\u043e\u043b\u0438\u0447\u0435\u0441\u0442\u0432\u043e\u043c \u043c\u0430\u0441\u043b\u0430 \u0431\u043b\u0430\u0433\u043e\u0434\u0430\u0440\u044f \u0441\u043f\u0435\u0446\u0438\u0430\u043b\u044c\u043d\u043e\u0439 \u043d\u0430\u0441\u0442\u0440\u043e\u0439\u043a\u0435 Air Fry \u0441 \u043f\u0435\u0440\u0444\u043e\u0440\u0438\u0440\u043e\u0432\u0430\u043d\u043d\u044b\u043c \u043f\u0440\u043e\u0442\u0438\u0432\u043d\u0435\u043c, \u0432\u0445\u043e\u0434\u044f\u0449\u0435\u043c\u0443 \u0432 \u043a\u043e\u043c\u043f\u043b\u0435\u043a\u0442 \u043f\u043b\u0438\u0442\u044b. \u041f\u0435\u0440\u0444\u043e\u0440\u0438\u0440\u043e\u0432\u0430\u043d\u043d\u044b\u0439 \u043f\u0440\u043e\u0442\u0438\u0432\u0435\u043d\u044c \u043f\u043e\u0437\u0432\u043e\u043b\u044f\u0435\u0442 \u0433\u043e\u0440\u044f\u0447\u0435\u043c\u0443 \u0432\u043e\u0437\u0434\u0443\u0445\u0443 \u043f\u043e\u0441\u0442\u043e\u044f\u043d\u043d\u043e \u0446\u0438\u0440\u043a\u0443\u043b\u0438\u0440\u043e\u0432\u0430\u0442\u044c \u0432\u043d\u0443\u0442\u0440\u0438 \u0434\u0443\u0445\u043e\u0432\u043a\u0438, \u043e\u0431\u0435\u0441\u043f\u0435\u0447\u0438\u0432\u0430\u044f \u0445\u0440\u0443\u0441\u0442\u044f\u0449\u0443\u044e \u043a\u043e\u0440\u043e\u0447\u043a\u0443 \u043a\u0430\u0436\u0434\u044b\u0439 \u0440\u0430\u0437.<\/li>\n<li>\u0422\u0435\u043b\u0435\u0441\u043a\u043e\u043f\u0438\u0447\u0435\u0441\u043a\u0438\u0435 \u043d\u0430\u043f\u0440\u0430\u0432\u043b\u044f\u044e\u0449\u0438\u0435 \u2014 \u043b\u0435\u0433\u043a\u043e \u0432\u044b\u0434\u0432\u0438\u0433\u0430\u044e\u0442\u0441\u044f, \u043e\u0431\u0435\u0441\u043f\u0435\u0447\u0438\u0432\u0430\u044f \u0443\u0434\u043e\u0431\u043d\u044b\u0439 \u0434\u043e\u0441\u0442\u0443\u043f. \u0421 \u043d\u0430\u0448\u0438\u043c\u0438 \u043f\u043e\u043b\u043d\u043e\u0441\u0442\u044c\u044e \u0432\u044b\u0434\u0432\u0438\u0436\u043d\u044b\u043c\u0438 \u0442\u0435\u043b\u0435\u0441\u043a\u043e\u043f\u0438\u0447\u0435\u0441\u043a\u0438\u043c\u0438 \u043d\u0430\u043f\u0440\u0430\u0432\u043b\u044f\u044e\u0449\u0438\u043c\u0438 \u043d\u0435 \u043d\u0443\u0436\u043d\u043e \u043d\u0430\u043a\u043b\u0430\u0434\u044b\u0432\u0430\u0442\u044c \u0440\u0443\u043a\u0438 \u0432 \u0433\u043e\u0440\u044f\u0447\u0443\u044e \u0434\u0443\u0445\u043e\u0432\u043a\u0443 \u2014 \u0432\u044b \u043b\u0435\u0433\u043a\u043e \u0434\u043e\u0441\u0442\u0430\u043d\u0435\u0442\u0435 \u0431\u043b\u044e\u0434\u043e \u043d\u0430\u0440\u0443\u0436\u0443. \u041d\u0430\u043f\u0440\u0430\u0432\u043b\u044f\u044e\u0449\u0438\u0435 \u043f\u043e\u0437\u0432\u043e\u043b\u044f\u044e\u0442 \u043f\u043e\u043b\u043d\u043e\u0441\u0442\u044c\u044e \u0432\u044b\u0434\u0432\u0438\u043d\u0443\u0442\u044c \u043f\u043e\u043b\u043a\u0438 \u0438 \u0437\u0430\u0444\u0438\u043a\u0441\u0438\u0440\u043e\u0432\u0430\u0442\u044c \u0438\u0445, \u043e\u0441\u0432\u043e\u0431\u043e\u0436\u0434\u0430\u044f \u0440\u0443\u043a\u0438 \u0434\u043b\u044f \u0440\u0430\u0431\u043e\u0442\u044b \u0441 \u0441\u043e\u0443\u0441\u0430\u043c\u0438 \u0438 \u043f\u0440\u0438\u043f\u0440\u0430\u0432\u0430\u043c\u0438.<\/li>\n<li>\u0414\u0432\u0435\u0440\u0446\u044b \u0441 \u043f\u043b\u0430\u0432\u043d\u044b\u043c \u0437\u0430\u043a\u0440\u044b\u0442\u0438\u0435\u043c \u2014 \u043c\u044f\u0433\u043a\u043e\u0435 \u0437\u0430\u043a\u0440\u044b\u0432\u0430\u043d\u0438\u0435 \u0441 \u043e\u0449\u0443\u0449\u0435\u043d\u0438\u0435\u043c \u0432\u044b\u0441\u043e\u043a\u043e\u0433\u043e \u043a\u0430\u0447\u0435\u0441\u0442\u0432\u0430. \u0421\u0438\u0441\u0442\u0435\u043c\u0430 \u043f\u043b\u0430\u0432\u043d\u043e\u0433\u043e \u0437\u0430\u043a\u0440\u044b\u0432\u0430\u043d\u0438\u044f \u0434\u0432\u0435\u0440\u0446\u044b \u0434\u0443\u0445\u043e\u0432\u043a\u0438 \u043e\u0431\u043b\u0435\u0433\u0447\u0430\u0435\u0442 \u0437\u0430\u043a\u0440\u044b\u0432\u0430\u043d\u0438\u0435 \u0434\u0432\u0435\u0440\u0446\u044b \u043f\u043b\u0438\u0442\u044b. \u041f\u043b\u0430\u0432\u043d\u043e\u0435 \u0434\u0432\u0438\u0436\u0435\u043d\u0438\u0435 \u0431\u0435\u0437 \u0448\u0443\u043c\u0430 \u0441\u043e\u0437\u0434\u0430\u0451\u0442 \u043e\u0449\u0443\u0449\u0435\u043d\u0438\u0435 \u0432\u044b\u0441\u043e\u043a\u043e\u0433\u043e \u043a\u0430\u0447\u0435\u0441\u0442\u0432\u0430.<\/li>\n<\/ul>\n<p>\u0424\u0443\u043d\u043a\u0446\u0438\u0438<\/p>\n<ul>\n<li>\u0422\u0438\u043f \u0434\u0443\u0445\u043e\u0432\u043a\u0438: \u044d\u043b\u0435\u043a\u0442\u0440\u0438\u0447\u0435\u0441\u043a\u0430\u044f<\/li>\n<li>\u0421\u0435\u043d\u0441\u043e\u0440\u043d\u0430\u044f \u043f\u0430\u043d\u0435\u043b\u044c \u0443\u043f\u0440\u0430\u0432\u043b\u0435\u043d\u0438\u044f<\/li>\n<li>\u041e\u0447\u0438\u0441\u0442\u043a\u0430 \u0434\u0443\u0445\u043e\u0432\u043a\u0438: \u0447\u0435\u0440\u043d\u0430\u044f \u044d\u043c\u0430\u043b\u044c<\/li>\n<li>\u0412\u044b\u0432\u043e\u0434 \u043f\u0430\u0440\u0430 \u0438\u0437 \u0434\u0443\u0445\u043e\u0432\u043a\u0438 \u043d\u0430 \u0437\u0430\u0434\u043d\u044e\u044e \u0447\u0430\u0441\u0442\u044c \u0443\u0441\u0442\u0440\u043e\u0439\u0441\u0442\u0432\u0430<\/li>\n<li>\u041e\u0445\u043b\u0430\u0436\u0434\u0430\u044e\u0449\u0438\u0439 \u0432\u0435\u043d\u0442\u0438\u043b\u044f\u0442\u043e\u0440<\/li>\n<\/ul>\n<p><\/p>\n<p>600 SurroundCook \u0418\u043d\u0434\u0443\u043a\u0446\u0438\u043e\u043d\u043d\u0430\u044f \u043f\u043b\u0438\u0442\u0430 596 \u043c\u043c \u041d\u0435\u0440\u0436\u0430\u0432\u0435\u044e\u0449\u0430\u044f \u0441\u0442\u0430\u043b\u044c<\/p>\n<p>\u0425\u0430\u0440\u0430\u043a\u0442\u0435\u0440\u0438\u0441\u0442\u0438\u043a\u0438<\/p>\n<table>\n<tbody>\n<tr>\n<td>\u0424\u0443\u043d\u043a\u0446\u0438\u0438 \u043f\u0440\u0438\u0433\u043e\u0442\u043e\u0432\u043b\u0435\u043d\u0438\u044f<\/td>\n<td>\u0442\u0440\u0430\u0434\u0438\u0446\u0438\u043e\u043d\u043d\u043e\u0435 \u043f\u0440\u0438\u0433\u043e\u0442\u043e\u0432\u043b\u0435\u043d\u0438\u0435|\u0441\u0443\u0448\u043a\u0430|\u0431\u044b\u0441\u0442\u0440\u044b\u0439 \u0433\u0440\u0438\u043b\u044c|\u043f\u043e\u0434\u043e\u0433\u0440\u0435\u0432 \u0441 \u0432\u0435\u043d\u0442\u0438\u043b\u044f\u0442\u043e\u0440\u043e\u043c \u0438 \u0432\u043b\u0430\u0436\u043d\u043e\u0441\u0442\u044c\u044e|\u043d\u0430\u0441\u0442\u0440\u043e\u0439\u043a\u0438 \u0434\u043b\u044f \u043f\u0438\u0446\u0446\u044b|\u043f\u0440\u0438\u0433\u043e\u0442\u043e\u0432\u043b\u0435\u043d\u0438\u0435 \u0441 \u0432\u0435\u043d\u0442\u0438\u043b\u044f\u0442\u043e\u0440\u043e\u043c|\u0442\u0443\u0440\u0431\u043e \u0433\u0440\u0438\u043b\u044c<\/td>\n<\/tr>\n<tr>\n<td>\u0412\u044b\u0441\u043e\u0442\u0430, \u043c\u043c<\/td>\n<td>850<\/td>\n<\/tr>\n<tr>\n<td>\u0412\u044b\u0441\u043e\u0442\u0430 \u0441 \u043e\u0442\u043a\u0440\u044b\u0442\u043e\u0439 \u043a\u0440\u044b\u0448\u043a\u043e\u0439, \u043c\u043c<\/td>\n<td>867<\/td>\n<\/tr>\n<tr>\n<td>\u0428\u0438\u0440\u0438\u043d\u0430, \u043c\u043c<\/td>\n<td>596<\/td>\n<\/tr>\n<tr>\n<td>\u0413\u043b\u0443\u0431\u0438\u043d\u0430, \u043c\u043c<\/td>\n<td>600<\/td>\n<\/tr>\n<tr>\n<td>\u041f\u043e\u043b\u0435\u0437\u043d\u044b\u0439 \u043e\u0431\u044a\u0435\u043c, \u043b<\/td>\n<td>73<\/td>\n<\/tr>\n<tr>\n<td>\u0426\u0432\u0435\u0442<\/td>\n<td>\u041d\u0435\u0440\u0436\u0430\u0432\u0435\u044e\u0449\u0430\u044f \u0441\u0442\u0430\u043b\u044c<\/td>\n<\/tr>\n<tr>\n<td>\u0422\u0438\u043f \u0432\u0430\u0440\u043e\u0447\u043d\u043e\u0439 \u043f\u043e\u0432\u0435\u0440\u0445\u043d\u043e\u0441\u0442\u0438<\/td>\n<td>indukcijas<\/td>\n<\/tr>\n<tr>\n<td>\u0422\u0438\u043f \u0434\u0443\u0445\u043e\u0432\u043a\u0438<\/td>\n<td>elektriska<\/td>\n<\/tr>\n<tr>\n<td>\u041e\u0431\u0449\u0430\u044f \u043c\u043e\u0449\u043d\u043e\u0441\u0442\u044c \u043f\u043e\u0434\u043a\u043b\u044e\u0447\u0435\u043d\u0438\u044f, \u0412\u0442<\/td>\n<td>10900<\/td>\n<\/tr>\n<tr>\n<td>\u041d\u0430\u043f\u0440\u044f\u0436\u0435\u043d\u0438\u0435 \u0432 \u0441\u0435\u0442\u0438, \u0412<\/td>\n<td>230<\/td>\n<\/tr>\n<tr>\n<td>\u041f\u0440\u0435\u0434\u043e\u0445\u0440\u0430\u043d\u0438\u0442\u0435\u043b\u044c, \u0410<\/td>\n<td>3\u00d716<\/td>\n<\/tr>\n<tr>\n<td>\u041d\u043e\u043c\u0435\u0440 \u0442\u043e\u0432\u0430\u0440\u0430<\/td>\n<td>940 002 947<\/td>\n<\/tr>\n<tr>\n<td>\u0414\u0438\u0430\u043f\u0430\u0437\u043e\u043d \u0442\u0435\u043c\u043f\u0435\u0440\u0430\u0442\u0443\u0440<\/td>\n<td>50\u00b0C-275\u00b0C<\/td>\n<\/tr>\n<tr>\n<td>\u0422\u0435\u043b\u0435\u0441\u043a\u043e\u043f\u0438\u0447\u0435\u0441\u043a\u0438\u0435 \u043d\u0430\u043f\u0440\u0430\u0432\u043b\u044f\u044e\u0449\u0438\u0435<\/td>\n<td>\u0425\u0440\u043e\u043c\u0438\u0440\u043e\u0432\u0430\u043d\u043d\u044b\u0435|\u0420\u0435\u0448\u0435\u0442\u043a\u0430<\/td>\n<\/tr>\n<\/tbody>\n<\/table>\n<p><\/p><\/p>","protected":false},"excerpt":{"rendered":"<p>Pre\u010du z\u012bme ElectroluxSildvirsma IndukcijasKr\u0101sa Ner\u016bs\u0113jo\u0161a t\u0113raudaEnergoefektivit\u0101tes klase ASildri\u0146\u0137u skaits 4Produkta kods 940002947EAN 7332543762910Izm\u0113ri, svarsAugstums 85 cmPlatums 60 cmDzi\u013cums 60 cmSvars 51 kgSvars ar iepakojumu 55 kgCepe\u0161kr\u0101sns parametriCepe\u0161kr\u0101sns veids ElektriskaCepe\u0161kr\u0101sns tilpums 73 lRe\u017e\u012bmi 7Taimeris cepe\u0161kr\u0101snij IrKonvekcija Grils cepe\u0161kr\u0101snij IrPiederumi 2 cepe\u0161pannas, 1 restesCiti parametriPapildus inform\u0101cija AirFry \u012bpa\u0161a perfor\u0113ta cepe\u0161panna SurroundCook Pl\u012bts indukcijas 596 mm Ner\u016bso\u0161a t\u0113rauda\u013baujiet [&hellip;]<\/p>\n","protected":false},"featured_media":23974,"comment_status":"open","ping_status":"closed","template":"","meta":{"_joinchat":[]},"product_brand":[265],"product_cat":[297],"product_tag":[],"class_list":{"0":"post-22340","1":"product","2":"type-product","3":"status-publish","4":"has-post-thumbnail","6":"product_brand-electrolux","7":"product_cat-sadzives-tehnika-elektriskas-plitis","9":"first","10":"instock","11":"shipping-taxable","12":"purchasable","13":"product-type-simple"},"_links":{"self":[{"href":"https:\/\/emeniro.lovehorses.lv\/ru\/wp-json\/wp\/v2\/product\/22340","targetHints":{"allow":["GET"]}}],"collection":[{"href":"https:\/\/emeniro.lovehorses.lv\/ru\/wp-json\/wp\/v2\/product"}],"about":[{"href":"https:\/\/emeniro.lovehorses.lv\/ru\/wp-json\/wp\/v2\/types\/product"}],"replies":[{"embeddable":true,"href":"https:\/\/emeniro.lovehorses.lv\/ru\/wp-json\/wp\/v2\/comments?post=22340"}],"wp:featuredmedia":[{"embeddable":true,"href":"https:\/\/emeniro.lovehorses.lv\/ru\/wp-json\/wp\/v2\/media\/23974"}],"wp:attachment":[{"href":"https:\/\/emeniro.lovehorses.lv\/ru\/wp-json\/wp\/v2\/media?parent=22340"}],"wp:term":[{"taxonomy":"product_brand","embeddable":true,"href":"https:\/\/emeniro.lovehorses.lv\/ru\/wp-json\/wp\/v2\/product_brand?post=22340"},{"taxonomy":"product_cat","embeddable":true,"href":"https:\/\/emeniro.lovehorses.lv\/ru\/wp-json\/wp\/v2\/product_cat?post=22340"},{"taxonomy":"product_tag","embeddable":true,"href":"https:\/\/emeniro.lovehorses.lv\/ru\/wp-json\/wp\/v2\/product_tag?post=22340"}],"curies":[{"name":"wp","href":"https:\/\/api.w.org\/{rel}","templated":true}]}}