{"id":22385,"date":"2026-04-30T20:46:16","date_gmt":"2026-04-30T20:46:16","guid":{"rendered":"https:\/\/emeniro.lovehorses.lv\/product\/robot-roborock-q5-pro\/"},"modified":"2026-04-30T22:00:46","modified_gmt":"2026-04-30T22:00:46","slug":"robot-roborock-q5-pro","status":"publish","type":"product","link":"https:\/\/emeniro.lovehorses.lv\/ru\/product\/robot-roborock-q5-pro\/","title":{"rendered":"\u0420\u043e\u0431\u043e\u0442 Roborock Q5 Pro"},"content":{"rendered":"<p>\u041e\u0431\u0449\u0438\u0435 \u043f\u0430\u0440\u0430\u043c\u0435\u0442\u0440\u044b<\/p>\n<p>Putek\u013cu s\u016bc\u0113ja tips:\u00a0 \u00a0 Robots\u00a0\u00a0<br \/>\u041f\u0438\u0442\u0430\u043d\u0438\u0435<br \/>Baro\u0161anas avots:\u00a0 \u00a0 Akumulators\u00a0 \u00a0<br \/>Akumulatora veids:\u00a0 \u00a0 Li-Ion\u00a0 \u00a0<br \/>Uzl\u0101des laiks:\u00a0 \u00a0 4 st\u00a0 \u00a0<br \/>Autonom\u0101s darb\u012bbas laiks:\u00a0 \u00a0 L\u012bdz 240 min\u00a0 \u00a0<br \/>Autom\u0101tisk\u0101 uzl\u0101de:\u00a0 \u00a0 Ir\u00a0\u00a0<br \/>Ies\u016bk\u0161anas jauda:\u00a0 \u00a0 5500 Pa W\u00a0 \u00a0<br \/>Jaudas regul\u0113\u0161ana:\u00a0 \u00a0 Caur aplik\u0101ciju\u00a0\u00a0<br \/>Uzkop\u0161ana<br \/>T\u012br\u012b\u0161anas veids:\u00a0 \u00a0 Mitr\u0101 un saus\u0101 t\u012br\u012b\u0161ana\u00a0\u00a0<br \/>Putek\u013cu tvertnes tips:\u00a0 \u00a0 Konteiners\u00a0\u00a0<br \/>Putek\u013cu ietilp\u012bba:\u00a0 \u00a0 0,77+0,18 l\u00a0 \u00a0<br \/>Pilnas putek\u013cu tvertnes indikators:\u00a0 \u00a0 Nav\u00a0 \u00a0<br \/>Gaisa izpl\u016bdes filtrs:\u00a0 \u00a0 EPA\u00a0 \u00a0<br \/>T\u012br\u012b\u0161ana ar tvaiku:\u00a0 \u00a0 Nav\u00a0\u00a0<br \/>Piem\u0113rots cilv\u0113kiem ar aler\u0123iju:\u00a0 \u00a0 N\u0113\u00a0\u00a0<br \/>T\u012br\u012b\u0161anas laika program\u0113\u0161ana:\u00a0 \u00a0 Ir\u00a0 \u00a0<br \/>Sadursmju nov\u0113r\u0161anas sensori:\u00a0 \u00a0 Ir\u00a0 \u00a0<br \/>Kritiena nov\u0113r\u0161anas sensori:\u00a0 \u00a0 Ir\u00a0 \u00a0<br \/>Savienojums ar komunik\u0101cij\u0101m:\u00a0 \u00a0 Nav\u00a0\u00a0<br \/>Uzga\u013ci<br \/>Uzgalis gr\u012bdai un pakl\u0101jiem:\u00a0 \u00a0 Ir\u00a0 \u00a0<br \/>Uzgalis spraug\u0101m:\u00a0 \u00a0 Nav\u00a0 \u00a0<br \/>Uzgalis m\u012bkstaj\u0101m m\u0113bel\u0113m:\u00a0 \u00a0 Nav\u00a0 \u00a0<br \/>Parketa birste:\u00a0 \u00a0 Nav\u00a0 \u00a0<br \/>Turbo birste:\u00a0 \u00a0 Ir\u00a0 \u00a0<br \/>Elektrobirste:\u00a0 \u00a0 Nav\u00a0 \u00a0<br \/>S\u0101nu birste:\u00a0 \u00a0 1\u00a0 \u00a0<br \/>P\u0101r\u0113jie raksturojumi<br \/>Kr\u0101sa:\u00a0 \u00a0 Melna\u00a0\u00a0<br \/>T\u0101lvad\u012bbas pults:\u00a0 \u00a0 Ir (caur aplik\u0101ciju)\u00a0\u00a0<br \/>Virtu\u0101l\u0101 siena:\u00a0 \u00a0 Ir (caur aplik\u0101ciju)\u00a0 \u00a0<br \/>Wi-Fi: ir<\/p><\/p>","protected":false},"excerpt":{"rendered":"<p>Kop\u0113jie parametri Putek\u013cu s\u016bc\u0113ja tips:\u00a0 \u00a0 Robots\u00a0\u00a0Baro\u0161anaBaro\u0161anas avots:\u00a0 \u00a0 Akumulators\u00a0 \u00a0Akumulatora veids:\u00a0 \u00a0 Li-Ion\u00a0 \u00a0Uzl\u0101des laiks:\u00a0 \u00a0 4 st\u00a0 \u00a0Autonom\u0101s darb\u012bbas laiks:\u00a0 \u00a0 L\u012bdz 240 min\u00a0 \u00a0Autom\u0101tisk\u0101 uzl\u0101de:\u00a0 \u00a0 Ir\u00a0\u00a0Ies\u016bk\u0161anas jauda:\u00a0 \u00a0 5500 Pa W\u00a0 \u00a0Jaudas regul\u0113\u0161ana:\u00a0 \u00a0 Caur aplik\u0101ciju\u00a0\u00a0Uzkop\u0161anaT\u012br\u012b\u0161anas veids:\u00a0 \u00a0 Mitr\u0101 un saus\u0101 t\u012br\u012b\u0161ana\u00a0\u00a0Putek\u013cu tvertnes tips:\u00a0 \u00a0 Konteiners\u00a0\u00a0Putek\u013cu ietilp\u012bba:\u00a0 \u00a0 0,77+0,18 l\u00a0 \u00a0Pilnas [&hellip;]<\/p>\n","protected":false},"featured_media":24012,"comment_status":"open","ping_status":"closed","template":"","meta":{"_joinchat":[]},"product_brand":[],"product_cat":[282],"product_tag":[],"class_list":{"0":"post-22385","1":"product","2":"type-product","3":"status-publish","4":"has-post-thumbnail","6":"product_cat-sadzives-tehnika-puteklu-suceji","8":"first","9":"instock","10":"shipping-taxable","11":"purchasable","12":"product-type-simple"},"_links":{"self":[{"href":"https:\/\/emeniro.lovehorses.lv\/ru\/wp-json\/wp\/v2\/product\/22385","targetHints":{"allow":["GET"]}}],"collection":[{"href":"https:\/\/emeniro.lovehorses.lv\/ru\/wp-json\/wp\/v2\/product"}],"about":[{"href":"https:\/\/emeniro.lovehorses.lv\/ru\/wp-json\/wp\/v2\/types\/product"}],"replies":[{"embeddable":true,"href":"https:\/\/emeniro.lovehorses.lv\/ru\/wp-json\/wp\/v2\/comments?post=22385"}],"wp:featuredmedia":[{"embeddable":true,"href":"https:\/\/emeniro.lovehorses.lv\/ru\/wp-json\/wp\/v2\/media\/24012"}],"wp:attachment":[{"href":"https:\/\/emeniro.lovehorses.lv\/ru\/wp-json\/wp\/v2\/media?parent=22385"}],"wp:term":[{"taxonomy":"product_brand","embeddable":true,"href":"https:\/\/emeniro.lovehorses.lv\/ru\/wp-json\/wp\/v2\/product_brand?post=22385"},{"taxonomy":"product_cat","embeddable":true,"href":"https:\/\/emeniro.lovehorses.lv\/ru\/wp-json\/wp\/v2\/product_cat?post=22385"},{"taxonomy":"product_tag","embeddable":true,"href":"https:\/\/emeniro.lovehorses.lv\/ru\/wp-json\/wp\/v2\/product_tag?post=22385"}],"curies":[{"name":"wp","href":"https:\/\/api.w.org\/{rel}","templated":true}]}}