{"id":22505,"date":"2026-04-30T20:48:33","date_gmt":"2026-04-30T20:48:33","guid":{"rendered":"https:\/\/emeniro.lovehorses.lv\/product\/beko-hs221530n\/"},"modified":"2026-04-30T22:03:00","modified_gmt":"2026-04-30T22:03:00","slug":"beko-hs221530n","status":"publish","type":"product","link":"https:\/\/emeniro.lovehorses.lv\/ru\/product\/beko-hs221530n\/","title":{"rendered":"Beko HS221530N"},"content":{"rendered":"<p>\u0411\u0440\u0435\u043d\u0434 Beko<\/p>\n<p>Produkta kods 7515120038<br \/>\u0426\u0432\u0435\u0442 \u0411\u0435\u043b\u044b\u0439<br \/>EAN 5944008924249<br \/>\u041d\u043e\u0432\u0430\u044f \u044d\u043d\u0435\u0440\u0433\u0435\u0442\u0438\u0447\u0435\u0441\u043a\u0430\u044f \u043c\u0430\u0440\u043a\u0438\u0440\u043e\u0432\u043a\u0430 \u0441 2021 \u0433\u043e\u0434\u0430<br \/>\u041a\u043b\u0430\u0441\u0441 \u044d\u043d\u0435\u0440\u0433\u043e\u044d\u0444\u0444\u0435\u043a\u0442\u0438\u0432\u043d\u043e\u0441\u0442\u0438 F<br \/>Elektroener\u0123ijas pat\u0113ri\u0146\u0161 gad\u0101 252 kWh<br \/>\u0401\u043c\u043a\u043e\u0441\u0442\u044c<br \/>Sald\u0113to p\u0101rtikas produktu nodal\u012bjuma tilpums 205 l<br \/>\u0423\u0440\u043e\u0432\u0435\u043d\u044c \u0448\u0443\u043c\u0430<br \/>\u0423\u0440\u043e\u0432\u0435\u043d\u044c \u0448\u0443\u043c\u0430 39 \u0434\u0411<br \/>\u041a\u043b\u0430\u0441\u0441 \u0430\u043a\u0443\u0441\u0442\u0438\u0447\u0435\u0441\u043a\u043e\u0433\u043e \u0448\u0443\u043c\u0430 \u044d\u043c\u0438\u0441\u0441\u0438\u0438 C<br \/>\u0420\u0430\u0437\u043c\u0435\u0440\u044b, \u0432\u0435\u0441<br \/>Augstums 91.2 cm<br \/>Platums 75.5 cm<br \/>\u0413\u043b\u0443\u0431\u0438\u043d\u0430 67.5 \u0441\u043c<br \/>\u0412\u0435\u0441 35 \u043a\u0433<br \/>\u0412\u0435\u0441 \u0441 \u0443\u043f\u0430\u043a\u043e\u0432\u043a\u043e\u0439 37 \u043a\u0433<br \/>\u0423\u043f\u0440\u0430\u0432\u043b\u0435\u043d\u0438\u0435<br \/>\u0423\u043f\u0440\u0430\u0432\u043b\u0435\u043d\u0438\u0435 \u041c\u0435\u0445\u0430\u043d\u0438\u0447\u0435\u0441\u043a\u043e\u0435<br \/>\u0414\u0440\u0443\u0433\u0438\u0435 \u043f\u0430\u0440\u0430\u043c\u0435\u0442\u0440\u044b<br \/>Grozu skaits 1<br \/>\u041c\u043e\u0449\u043d\u043e\u0441\u0442\u044c \u0437\u0430\u043c\u043e\u0440\u0430\u0436\u0438\u0432\u0430\u043d\u0438\u044f \u043a\u0433\/24\u0447 12<br \/>\u041a\u043b\u0430\u0441\u0441 \u043c\u043e\u0440\u043e\u0437\u0438\u043b\u044c\u043d\u043e\u0439 \u043a\u0430\u043c\u0435\u0440\u044b ****<br \/>\u041a\u043b\u0438\u043c\u0430\u0442\u0438\u0447\u0435\u0441\u043a\u0438\u0439 \u043a\u043b\u0430\u0441\u0441 SN-T<br \/>Aukstuma saglab\u0101\u0161ana str\u0101vas zuduma gad\u012bjum\u0101 (h) 36<br \/>\u041f\u043e\u0434\u0445\u043e\u0434\u0438\u0442 \u0434\u043b\u044f \u043d\u0438\u0437\u043a\u0438\u0445 \u0442\u0435\u043c\u043f\u0435\u0440\u0430\u0442\u0443\u0440 -15\u00b0C<\/p>\n<p><img decoding=\"async\" src=\"https:\/\/media.flixcar.com\/delivery\/static\/inpage\/1320\/images\/beko_logo.svg\" style=\"vertical-align: baseline;border-width: initial;border-style: none;line-height: initial;margin: 0px;padding: 0px;background: transparent;box-shadow: initial\"><\/p>\n<p><img decoding=\"async\" src=\"https:\/\/media.flixcar.com\/delivery\/static\/inpage\/9\/images\/loading.gif\" data-flixsrcset=\"\/\/media.flixcar.com\/f360cdn\/Beko-109138099-1614602111_7515120038_HS221530N_MDM_LOW_3.png 200w, \/\/media.flixcar.com\/f360cdn\/Beko-109138099-1614602111_7515120038_HS221530N_MDM_LOW_3.png 400w, \/\/media.flixcar.com\/f360cdn\/Beko-109138099-1614602111_7515120038_HS221530N_MDM_LOW_3.png 600w, \/\/media.flixcar.com\/f360cdn\/Beko-109138099-1614602111_7515120038_HS221530N_MDM_LOW_3.png 800w, \/\/media.flixcar.com\/f360cdn\/Beko-109138099-1614602111_7515120038_HS221530N_MDM_LOW_3.png 1000w\" data-sizes=\"auto\" alt=\"image\" style=\"vertical-align: baseline;border-width: initial;border-style: none;line-height: initial;margin: 0px;padding: 5px;background: transparent;box-shadow: initial;max-height: 500px;width: auto\"><br \/>HS221530N<\/p>\n<p>\u0424\u0443\u043d\u043a\u0446\u0438\u0438<br \/><img decoding=\"async\" src=\"https:\/\/media.flixcar.com\/delivery\/static\/inpage\/9\/images\/loading.gif\" data-flixsrcset=\"\/\/media.flixcar.com\/f360cdn\/Beko-109116387-1610542826_-15.jpg 200w, \/\/media.flixcar.com\/f360cdn\/Beko-109116387-1610542826_-15.jpg 400w, \/\/media.flixcar.com\/f360cdn\/Beko-109116387-1610542826_-15.jpg 600w, \/\/media.flixcar.com\/f360cdn\/Beko-109116387-1610542826_-15.jpg 800w, \/\/media.flixcar.com\/f360cdn\/Beko-109116387-1610542826_-15.jpg 1000w\" data-sizes=\"auto\" alt=\"beko\" style=\"vertical-align: baseline;border-width: initial;border-style: none;line-height: initial;margin: 0px;padding: 0px;background: transparent;box-shadow: initial\"><\/p>\n<p>FREEZER GUARD<br \/>\u0160o Beko sald\u0113tavu var uzst\u0101d\u012bt gar\u0101\u017e\u0101 vai pagrab\u0101, nesatraucoties par ier\u012bces boj\u0101jumiem \u0101rk\u0101rt\u012bgi zemas vides temperat\u016bras d\u0113\u013c. \u0160\u012b sald\u0113tava darbojas pat -15 gr\u0101du temperat\u016br\u0101, t\u0101p\u0113c varat to novietot telp\u0101s, kas ir v\u0101j\u0101k izol\u0113tas par j\u016bsu dz\u012bvok\u013ca vai m\u0101jas iek\u0161telp\u0101m.<\/p>\n<p><img decoding=\"async\" src=\"https:\/\/media.flixcar.com\/delivery\/static\/inpage\/9\/images\/loading.gif\" data-flixsrcset=\"\/\/media.flixcar.com\/f360cdn\/Beko-109116021-1610542903_fast-20freeze.jpg 200w, \/\/media.flixcar.com\/f360cdn\/Beko-109116021-1610542903_fast-20freeze.jpg 400w, \/\/media.flixcar.com\/f360cdn\/Beko-109116021-1610542903_fast-20freeze.jpg 600w, \/\/media.flixcar.com\/f360cdn\/Beko-109116021-1610542903_fast-20freeze.jpg 800w, \/\/media.flixcar.com\/f360cdn\/Beko-109116021-1610542903_fast-20freeze.jpg 1000w\" data-sizes=\"auto\" alt=\"beko\" style=\"vertical-align: baseline;border-width: initial;border-style: none;line-height: initial;margin: 0px;padding: 0px;background: transparent;box-shadow: initial\"><\/p>\n<p>FAST FREEZE<br \/>\u0100tr\u0101s sasald\u0113\u0161anas iestat\u012bjumu, kur\u0161 ir ide\u0101li piem\u0113rots p\u0101rtikas vitam\u012bnu un uzturvielu saglab\u0101\u0161anai, ieteicams izv\u0113l\u0113ties, uzreiz sasald\u0113jot lielu svaigas p\u0101rtikas daudzumu.<\/p>\n<p>Foto Galerija<\/p>\n<ul>\n<li><a href=\"https:\/\/media.flixcar.com\/f360cdn\/Beko-109138113-1614602111_7515120038_HS221530N_MDM_LOW_1-zoom.png\"><img decoding=\"async\" src=\"https:\/\/media.flixcar.com\/delivery\/static\/inpage\/9\/images\/loading.gif\" data-flixsrcset=\"\/\/media.flixcar.com\/f360cdn\/Beko-109138113-1614602111_7515120038_HS221530N_MDM_LOW_1-preview.png 200w, \/\/media.flixcar.com\/f360cdn\/Beko-109138113-1614602111_7515120038_HS221530N_MDM_LOW_1-preview.png 400w, \/\/media.flixcar.com\/f360cdn\/Beko-109138113-1614602111_7515120038_HS221530N_MDM_LOW_1-preview.png 600w, \/\/media.flixcar.com\/f360cdn\/Beko-109138113-1614602111_7515120038_HS221530N_MDM_LOW_1-preview.png 800w, \/\/media.flixcar.com\/f360cdn\/Beko-109138113-1614602111_7515120038_HS221530N_MDM_LOW_1-preview.png 1000w\" data-sizes=\"auto\" width=\"150\" style=\"vertical-align: baseline;border-width: initial;border-style: none;line-height: initial;margin: 0px;padding: 0px;background: transparent;box-shadow: initial;max-width: 150px;max-height: 150px;width: auto\"><\/a><\/li>\n<\/ul>\n<p>\u0425\u0430\u0440\u0430\u043a\u0442\u0435\u0440\u0438\u0441\u0442\u0438\u043a\u0438<\/p>\n<table>\n<tbody>\n<tr>\n<th colspan=\"2\">Basic<\/th>\n<\/tr>\n<tr>\n<td>\u0426\u0432\u0435\u0442<\/td>\n<td>balts<\/td>\n<\/tr>\n<tr>\n<td>Dzes\u0113\u0161anas sist\u0113mas tips<\/td>\n<td>Statisks<\/td>\n<\/tr>\n<tr>\n<td>Sald\u0113tavas neto tilpums (L)<\/td>\n<td>205 liters<\/td>\n<\/tr>\n<tr>\n<td>\u0412\u044b\u0441\u043e\u0442\u0430<\/td>\n<td>91,2 centimetri<\/td>\n<\/tr>\n<tr>\n<th colspan=\"2\">Pamata defin\u012bcijas<\/th>\n<\/tr>\n<tr>\n<td>M\u0101rketinga kods<\/td>\n<td>HS221530N<\/td>\n<\/tr>\n<tr>\n<td><\/td>\n<td><\/td>\n<\/tr>\n<tr>\n<td>SAP kods<\/td>\n<td>7515120038<\/td>\n<\/tr>\n<tr>\n<td>EAN kods<\/td>\n<td>5944008924249<\/td>\n<\/tr>\n<tr>\n<td>Vad\u012bbas sist\u0113ma<\/td>\n<td>Meh\u0101niski with Sensor<\/td>\n<\/tr>\n<tr>\n<th colspan=\"2\">Funkcijas un \u012bpa\u0161\u012bbas<\/th>\n<\/tr>\n<tr>\n<td><\/td>\n<td><\/td>\n<\/tr>\n<tr>\n<td>Apv\u0113r\u0161amas durvis<\/td>\n<td>Nav piem\u0113rojams<\/td>\n<\/tr>\n<tr>\n<td><\/td>\n<td><\/td>\n<\/tr>\n<tr>\n<th colspan=\"2\">\u0422\u0435\u0445\u043d\u0438\u0447\u0435\u0441\u043a\u0438\u0435 \u0445\u0430\u0440\u0430\u043a\u0442\u0435\u0440\u0438\u0441\u0442\u0438\u043a\u0438<\/th>\n<\/tr>\n<tr>\n<td>Ener\u0123ijas klase<\/td>\n<td>F<\/td>\n<\/tr>\n<tr>\n<td>Kop\u0113jais tilpums (L)<\/td>\n<td>205 liters<\/td>\n<\/tr>\n<tr>\n<td><\/td>\n<td><\/td>\n<\/tr>\n<tr>\n<td>Dienas ener\u0123ijas pat\u0113ri\u0146\u0161 25\u00b0C temperat\u016br\u0101(kWh\/24 h)<\/td>\n<td>0.621<\/td>\n<\/tr>\n<tr>\n<td>Dienas sald\u0113\u0161anas kapacit\u0101te (kg)<\/td>\n<td>12<\/td>\n<\/tr>\n<tr>\n<td>Trok\u0161\u0146a l\u012bmenis (dbA)<\/td>\n<td>39 dBA<\/td>\n<\/tr>\n<tr>\n<td>Temperat\u016bras pieauguma ilgums (stundas)<\/td>\n<td>36<\/td>\n<\/tr>\n<tr>\n<th colspan=\"2\">Sald\u0113tavas nodal\u012bjuma funkcijas<\/th>\n<\/tr>\n<tr>\n<td><\/td>\n<td><\/td>\n<\/tr>\n<tr>\n<th colspan=\"2\">Ledusskapja nodal\u012bjuma funkcijas<\/th>\n<\/tr>\n<tr>\n<td><\/td>\n<td><\/td>\n<\/tr>\n<tr>\n<td>Piena produktu p\u0101rsegs<\/td>\n<td>Nav piem\u0113rojams<\/td>\n<\/tr>\n<tr>\n<th colspan=\"2\">Iepakojums un izm\u0113ri<\/th>\n<\/tr>\n<tr>\n<td>\u0413\u043b\u0443\u0431\u0438\u043d\u0430<\/td>\n<td>67,5 centimetri<\/td>\n<\/tr>\n<tr>\n<td>\u0428\u0438\u0440\u0438\u043d\u0430<\/td>\n<td>75,5 centimetri<\/td>\n<\/tr>\n<tr>\n<td>\u0412\u0435\u0441<\/td>\n<td>35,000 kilogrami<\/td>\n<\/tr>\n<\/tbody>\n<\/table>","protected":false},"excerpt":{"rendered":"<p>Pre\u010du z\u012bme Beko Produkta kods 7515120038Kr\u0101sa BaltaEAN 5944008924249Jaunais energomar\u0137\u0113jums no 2021.gadaEnergoefektivit\u0101tes klase FElektroener\u0123ijas pat\u0113ri\u0146\u0161 gad\u0101 252 kWhIetilp\u012bbaSald\u0113to p\u0101rtikas produktu nodal\u012bjuma tilpums 205 lTrok\u0161\u0146a l\u012bmenisTrok\u0161\u0146a l\u012bmenis 39 dBAkustisk\u0101 trok\u0161\u0146a emisijas klase CIzm\u0113ri, svarsAugstums 91.2 cmPlatums 75.5 cmDzi\u013cums 67.5 cmSvars 35 kgSvars ar iepakojumu 37 kgVad\u012bbaVad\u012bba Meh\u0101niskaCiti parametriGrozu skaits 1Sasald\u0113\u0161anas jauda kg\/24h 12Sald\u0113tavas klases apz\u012bm\u0113jums ****Klimata klase [&hellip;]<\/p>\n","protected":false},"featured_media":24111,"comment_status":"open","ping_status":"closed","template":"","meta":[],"product_brand":[269],"product_cat":[289],"product_tag":[],"class_list":{"0":"post-22505","1":"product","2":"type-product","3":"status-publish","4":"has-post-thumbnail","6":"product_brand-beko","7":"product_cat-sadzives-tehnika-saldetavas","9":"first","10":"instock","11":"shipping-taxable","12":"purchasable","13":"product-type-simple"},"_links":{"self":[{"href":"https:\/\/emeniro.lovehorses.lv\/ru\/wp-json\/wp\/v2\/product\/22505","targetHints":{"allow":["GET"]}}],"collection":[{"href":"https:\/\/emeniro.lovehorses.lv\/ru\/wp-json\/wp\/v2\/product"}],"about":[{"href":"https:\/\/emeniro.lovehorses.lv\/ru\/wp-json\/wp\/v2\/types\/product"}],"replies":[{"embeddable":true,"href":"https:\/\/emeniro.lovehorses.lv\/ru\/wp-json\/wp\/v2\/comments?post=22505"}],"wp:featuredmedia":[{"embeddable":true,"href":"https:\/\/emeniro.lovehorses.lv\/ru\/wp-json\/wp\/v2\/media\/24111"}],"wp:attachment":[{"href":"https:\/\/emeniro.lovehorses.lv\/ru\/wp-json\/wp\/v2\/media?parent=22505"}],"wp:term":[{"taxonomy":"product_brand","embeddable":true,"href":"https:\/\/emeniro.lovehorses.lv\/ru\/wp-json\/wp\/v2\/product_brand?post=22505"},{"taxonomy":"product_cat","embeddable":true,"href":"https:\/\/emeniro.lovehorses.lv\/ru\/wp-json\/wp\/v2\/product_cat?post=22505"},{"taxonomy":"product_tag","embeddable":true,"href":"https:\/\/emeniro.lovehorses.lv\/ru\/wp-json\/wp\/v2\/product_tag?post=22505"}],"curies":[{"name":"wp","href":"https:\/\/api.w.org\/{rel}","templated":true}]}}