{"id":22534,"date":"2026-04-30T20:49:07","date_gmt":"2026-04-30T20:49:07","guid":{"rendered":"https:\/\/emeniro.lovehorses.lv\/product\/electrolux-e6hs1-2eg\/"},"modified":"2026-04-30T22:03:29","modified_gmt":"2026-04-30T22:03:29","slug":"electrolux-e6hs1-2eg","status":"publish","type":"product","link":"https:\/\/emeniro.lovehorses.lv\/ru\/product\/electrolux-e6hs1-2eg\/","title":{"rendered":"Electrolux E6HS1-2EG"},"content":{"rendered":"<p><\/p>\n<p><strong><\/strong><\/p>\n<p>\u0420\u0443\u0447\u043d\u043e\u0439 \u043e\u0442\u043f\u0430\u0440\u0438\u0432\u0430\u0442\u0435\u043b\u044c \u043e\u0434\u0435\u0436\u0434\u044b Refine 600!<br \/>\u0411\u0440\u0435\u043d\u0434 Electrolux<br \/>\u0426\u0432\u0435\u0442 \u0421\u0435\u0440\u044b\u0439<br \/>\u0422\u0438\u043f \u041e\u0442\u043f\u0430\u0440\u0438\u0432\u0430\u0442\u0435\u043b\u044c \u0434\u043b\u044f \u043e\u0434\u0435\u0436\u0434\u044b<br \/>\u041e\u0431\u044a\u0435\u043c \u0432\u043e\u0434\u043d\u043e\u0433\u043e \u0431\u0430\u043a\u0430 0.1 \u043b<br \/>Izm\u0113ri AxPxD (cm) 32\u00d712.5\u00d719<br \/>\u041c\u043e\u0449\u043d\u043e\u0441\u0442\u044c 1200 \u0412\u0442<br \/>\u0412\u0435\u0441 0.8 \u043a\u0433<br \/>\u0412\u0435\u0441 \u0441 \u0443\u043f\u0430\u043a\u043e\u0432\u043a\u043e\u0439 1.3 \u043a\u0433<br \/>EAN 7332543759415<\/p>\n<p><strong><\/strong><\/p>","protected":false},"excerpt":{"rendered":"<p>Refine 600 Handheld Garment Steamer!Pre\u010du z\u012bme ElectroluxKr\u0101sa Pel\u0113kaVeids Tvaic\u0113t\u0101js ap\u0123\u0113rbam\u016adens tvertnes tilpums 0.1 lIzm\u0113ri AxPxD (cm) 32\u00d712.5\u00d719Jauda 1200 WSvars 0.8 kgSvars ar iepakojumu 1.3 kgEAN 7332543759415<\/p>","protected":false},"featured_media":24135,"comment_status":"open","ping_status":"closed","template":"","meta":{"_joinchat":[]},"product_brand":[265],"product_cat":[306],"product_tag":[],"class_list":{"0":"post-22534","1":"product","2":"type-product","3":"status-publish","4":"has-post-thumbnail","6":"product_brand-electrolux","7":"product_cat-maza-sadzives-tehnika-gludekli","9":"first","10":"instock","11":"shipping-taxable","12":"purchasable","13":"product-type-simple"},"_links":{"self":[{"href":"https:\/\/emeniro.lovehorses.lv\/ru\/wp-json\/wp\/v2\/product\/22534","targetHints":{"allow":["GET"]}}],"collection":[{"href":"https:\/\/emeniro.lovehorses.lv\/ru\/wp-json\/wp\/v2\/product"}],"about":[{"href":"https:\/\/emeniro.lovehorses.lv\/ru\/wp-json\/wp\/v2\/types\/product"}],"replies":[{"embeddable":true,"href":"https:\/\/emeniro.lovehorses.lv\/ru\/wp-json\/wp\/v2\/comments?post=22534"}],"wp:featuredmedia":[{"embeddable":true,"href":"https:\/\/emeniro.lovehorses.lv\/ru\/wp-json\/wp\/v2\/media\/24135"}],"wp:attachment":[{"href":"https:\/\/emeniro.lovehorses.lv\/ru\/wp-json\/wp\/v2\/media?parent=22534"}],"wp:term":[{"taxonomy":"product_brand","embeddable":true,"href":"https:\/\/emeniro.lovehorses.lv\/ru\/wp-json\/wp\/v2\/product_brand?post=22534"},{"taxonomy":"product_cat","embeddable":true,"href":"https:\/\/emeniro.lovehorses.lv\/ru\/wp-json\/wp\/v2\/product_cat?post=22534"},{"taxonomy":"product_tag","embeddable":true,"href":"https:\/\/emeniro.lovehorses.lv\/ru\/wp-json\/wp\/v2\/product_tag?post=22534"}],"curies":[{"name":"wp","href":"https:\/\/api.w.org\/{rel}","templated":true}]}}