{"id":22538,"date":"2026-04-30T20:49:11","date_gmt":"2026-04-30T20:49:11","guid":{"rendered":"https:\/\/emeniro.lovehorses.lv\/product\/faber-inka-smart-c-lg-a52\/"},"modified":"2026-04-30T22:03:33","modified_gmt":"2026-04-30T22:03:33","slug":"faber-inka-smart-c-lg-a52","status":"publish","type":"product","link":"https:\/\/emeniro.lovehorses.lv\/ru\/product\/faber-inka-smart-c-lg-a52\/","title":{"rendered":"Faber INKA SMART C LG A52"},"content":{"rendered":"<p>\u0411\u0440\u0435\u043d\u0434 Faber<\/p>\n<p>\u041a\u043e\u0434 \u043f\u0440\u043e\u0434\u0443\u043a\u0442\u0430 305.0599.305<br \/>\u0422\u0438\u043f \u041f\u043e\u043b\u043d\u043e\u0441\u0442\u044c\u044e \u0432\u0441\u0442\u0440\u043e\u0435\u043d\u043d\u0430\u044f<br \/>\u0426\u0432\u0435\u0442 \u0421\u0435\u0440\u044b\u0439<br \/>\u041a\u043b\u0430\u0441\u0441 \u044d\u043d\u0435\u0440\u0433\u043e\u044d\u0444\u0444\u0435\u043a\u0442\u0438\u0432\u043d\u043e\u0441\u0442\u0438 C<br \/>\u041a\u043b\u0430\u0441\u0441 \u0433\u0438\u0434\u0440\u043e\u0434\u0438\u043d\u0430\u043c\u0438\u0447\u0435\u0441\u043a\u043e\u0439 \u044d\u0444\u0444\u0435\u043a\u0442\u0438\u0432\u043d\u043e\u0441\u0442\u0438 D<br \/>\u041a\u043b\u0430\u0441\u0441 \u044d\u0444\u0444\u0435\u043a\u0442\u0438\u0432\u043d\u043e\u0441\u0442\u0438 \u043e\u0441\u0432\u0435\u0449\u0435\u043d\u0438\u044f D<br \/>\u041a\u043b\u0430\u0441\u0441 \u044d\u0444\u0444\u0435\u043a\u0442\u0438\u0432\u043d\u043e\u0441\u0442\u0438 \u0436\u0438\u0440\u043e\u0443\u043b\u0430\u0432\u043b\u0438\u0432\u0430\u043d\u0438\u044f C<br \/>\u0420\u0430\u0437\u043c\u0435\u0440\u044b, \u0432\u0435\u0441<br \/>\u0412\u044b\u0441\u043e\u0442\u0430 214 \u0441\u043c<br \/>\u0428\u0438\u0440\u0438\u043d\u0430 52 \u0441\u043c<br \/>\u0413\u043b\u0443\u0431\u0438\u043d\u0430 28.6 \u0441\u043c<br \/>\u041f\u0440\u043e\u0438\u0437\u0432\u043e\u0434\u0438\u0442\u0435\u043b\u044c\u043d\u043e\u0441\u0442\u044c<br \/>\u041c\u043e\u0449\u043d\u043e\u0441\u0442\u044c \u0432\u0441\u0430\u0441\u044b\u0432\u0430\u043d\u0438\u044f 335 \u043c\u00b3\/\u0447<br \/>\u041a\u043e\u043b\u0438\u0447\u0435\u0441\u0442\u0432\u043e \u043c\u043e\u0442\u043e\u0440\u043e\u0432 1<br \/>\u0423\u043f\u0440\u0430\u0432\u043b\u0435\u043d\u0438\u0435<br \/>\u0423\u043f\u0440\u0430\u0432\u043b\u0435\u043d\u0438\u0435 \u041c\u0435\u0445\u0430\u043d\u0438\u0447\u0435\u0441\u043a\u043e\u0435<br \/>\u041a\u043e\u043b\u0438\u0447\u0435\u0441\u0442\u0432\u043e \u0441\u043a\u043e\u0440\u043e\u0441\u0442\u0435\u0439 3 + 1 \u0438\u043d\u0442\u0435\u043d\u0441\u0438\u0432\u043d\u044b\u0439 \u0440\u0435\u0436\u0438\u043c<br \/>\u0414\u0440\u0443\u0433\u0438\u0435 \u043f\u0430\u0440\u0430\u043c\u0435\u0442\u0440\u044b<br \/>\u0423\u0440\u043e\u0432\u0435\u043d\u044c \u0448\u0443\u043c\u0430 (\u0434\u0411) 66<br \/>\u041e\u0441\u0432\u0435\u0449\u0435\u043d\u0438\u0435 LED<br \/>\u0422\u0438\u043f \u0444\u0438\u043b\u044c\u0442\u0440\u0430 \u0410\u043b\u044e\u043c\u0438\u043d\u0438\u0435\u0432\u044b\u0439<br \/>\u0414\u043e\u043f\u043e\u043b\u043d\u0438\u0442\u0435\u043b\u044c\u043d\u043e\u0435 \u043e\u0431\u043e\u0440\u0443\u0434\u043e\u0432\u0430\u043d\u0438\u0435<br \/>\u041a\u043e\u0434 \u0443\u0433\u043e\u043b\u044c\u043d\u043e\u0433\u043e \u0444\u0438\u043b\u044c\u0442\u0440\u0430 112.0556.527, 112.0556.528<\/p>","protected":false},"excerpt":{"rendered":"<p>Pre\u010du z\u012bme Faber Produkta kods 305.0599.305Veids Piln\u012bb\u0101 ieb\u016bv\u0113jamsKr\u0101sa Pel\u0113kaEnergoefektivit\u0101tes klase CHidrodinamisk\u0101s efektivit\u0101tes klase DApgaismojuma efektivit\u0101tes klase DTauku filtr\u0113\u0161anas efektivit\u0101tes klase CIzm\u0113ri, svarsAugstums 214 cmPlatums 52 cmDzi\u013cums 28.6 cmVeiktsp\u0113jaNos\u016bk\u0161anas jauda 335 m\u00b3\/hMotoru skaits 1Vad\u012bbaVad\u012bba Meh\u0101niska\u0100trumu skaits 3 + 1 intens\u012bvais re\u017e\u012bmsCiti parametriTrok\u0161\u0146a l\u012bmenis (dB) 66Apgaismojums LEDFiltra veids Alum\u012bnijaPapildapr\u012bkojumsOgles filtra kods 112.0556.527, 112.0556.528<\/p>","protected":false},"featured_media":24136,"comment_status":"open","ping_status":"closed","template":"","meta":{"_joinchat":[]},"product_brand":[],"product_cat":[298],"product_tag":[],"class_list":{"0":"post-22538","1":"product","2":"type-product","3":"status-publish","4":"has-post-thumbnail","6":"product_cat-iebuvejama-sadzives-tehnika-iebuvejamie-tvaika-nosuceji","8":"first","9":"instock","10":"shipping-taxable","11":"purchasable","12":"product-type-simple"},"_links":{"self":[{"href":"https:\/\/emeniro.lovehorses.lv\/ru\/wp-json\/wp\/v2\/product\/22538","targetHints":{"allow":["GET"]}}],"collection":[{"href":"https:\/\/emeniro.lovehorses.lv\/ru\/wp-json\/wp\/v2\/product"}],"about":[{"href":"https:\/\/emeniro.lovehorses.lv\/ru\/wp-json\/wp\/v2\/types\/product"}],"replies":[{"embeddable":true,"href":"https:\/\/emeniro.lovehorses.lv\/ru\/wp-json\/wp\/v2\/comments?post=22538"}],"wp:featuredmedia":[{"embeddable":true,"href":"https:\/\/emeniro.lovehorses.lv\/ru\/wp-json\/wp\/v2\/media\/24136"}],"wp:attachment":[{"href":"https:\/\/emeniro.lovehorses.lv\/ru\/wp-json\/wp\/v2\/media?parent=22538"}],"wp:term":[{"taxonomy":"product_brand","embeddable":true,"href":"https:\/\/emeniro.lovehorses.lv\/ru\/wp-json\/wp\/v2\/product_brand?post=22538"},{"taxonomy":"product_cat","embeddable":true,"href":"https:\/\/emeniro.lovehorses.lv\/ru\/wp-json\/wp\/v2\/product_cat?post=22538"},{"taxonomy":"product_tag","embeddable":true,"href":"https:\/\/emeniro.lovehorses.lv\/ru\/wp-json\/wp\/v2\/product_tag?post=22538"}],"curies":[{"name":"wp","href":"https:\/\/api.w.org\/{rel}","templated":true}]}}