{"id":22552,"date":"2026-04-30T20:49:28","date_gmt":"2026-04-30T20:49:28","guid":{"rendered":"https:\/\/emeniro.lovehorses.lv\/product\/whirlpool-w5-822e-ox-w5822eox-189cm\/"},"modified":"2026-04-30T22:03:47","modified_gmt":"2026-04-30T22:03:47","slug":"whirlpool-w5-822e-ox-w5822eox-189cm","status":"publish","type":"product","link":"https:\/\/emeniro.lovehorses.lv\/ru\/product\/whirlpool-w5-822e-ox-w5822eox-189cm\/","title":{"rendered":"Whirlpool W5 822E OX (W5822EOX) 189 \u0441\u043c"},"content":{"rendered":"<\/p>\n<p>Ra\u017eot\u0101js\u00a0\u00a0\u00a0\u00a0 Whirlpool<br \/>Ekr\u0101ns +\u00a0\u00a0\u00a0\u00a0 J\u0101<br \/>Ska\u013cuma l\u012bmenis\u00a0\u00a0\u00a0\u00a0 39 dBA<br \/>Sald\u0113tavas ietilp\u012bba\u00a0\u00a0\u00a0\u00a0 111<br \/>Ledusskapja ietilp\u012bba\u00a0\u00a0\u00a0\u00a0 228<br \/>Mont\u0101\u017eas tips\u00a0\u00a0\u00a0\u00a0 Br\u012bvi st\u0101vo\u0161s<br \/>P\u0101rvald\u012bba\u00a0\u00a0\u00a0\u00a0 Elektronisks<br \/>Platuma interv\u0101ls, cm\u00a0\u00a0\u00a0\u00a0 50 \u2013 59 cm<br \/>Ener\u0123ijas klase\u00a0\u00a0\u00a0\u00a0 E<br \/>Ledusskapja tips\u00a0\u00a0\u00a0\u00a0 Sald\u0113tava apak\u0161\u0101<br \/>Sald\u0113\u0161anas sist\u0113ma\u00a0\u00a0\u00a0\u00a0 LOW FROST (neliela sald\u0113\u0161ana)<br \/>Temperat\u016bras kontrole\u00a0\u00a0\u00a0\u00a0 Elektronisks<br \/>Augstuma diapazons\u00a0\u00a0\u00a0\u00a0 180 \u2013 189 cm<br \/>Elektroener\u0123ijas pat\u0113ri\u0146\u0161 gad\u0101, kWh +\u00a0\u00a0\u00a0\u00a0 241<br \/>Invertora kompresors +\u00a0\u00a0\u00a0\u00a0 J\u0101<br \/>\u016adens savienojums\u00a0\u00a0\u00a0\u00a0 Nav oblig\u0101ts<br \/>\u016adens dispensers\u00a0\u00a0\u00a0\u00a0 Nav<br \/>Produkta kategorija\u00a0\u00a0\u00a0\u00a0 Ledusskapji<br \/>Kr\u0101sa\u00a0\u00a0\u00a0\u00a0 Ner\u016bs\u0113jo\u0161ais t\u0113rauds\/var\u0161<br \/>Dzi\u013cums\u00a0\u00a0\u00a0\u00a0 65.5 cm<br \/>Platums\u00a0\u00a0\u00a0\u00a0 59.5 cm<br \/>Svars, Kg\u00a0\u00a0\u00a0\u00a0 62<br \/>Augstums\u00a0\u00a0\u00a0\u00a0 188.9 cm<br \/>Ledus pagatavo\u0161anas funkcija\u00a0\u00a0\u00a0\u00a0 N\u0113<br \/>Durvju skaits\u00a0\u00a0\u00a0\u00a0 Vienas durvis<\/p><\/p>","protected":false},"excerpt":{"rendered":"<p>Ra\u017eot\u0101js\u00a0\u00a0\u00a0\u00a0 WhirlpoolEkr\u0101ns +\u00a0\u00a0\u00a0\u00a0 J\u0101Ska\u013cuma l\u012bmenis\u00a0\u00a0\u00a0\u00a0 39 dBASald\u0113tavas ietilp\u012bba\u00a0\u00a0\u00a0\u00a0 111Ledusskapja ietilp\u012bba\u00a0\u00a0\u00a0\u00a0 228Mont\u0101\u017eas tips\u00a0\u00a0\u00a0\u00a0 Br\u012bvi st\u0101vo\u0161sP\u0101rvald\u012bba\u00a0\u00a0\u00a0\u00a0 ElektronisksPlatuma interv\u0101ls, cm\u00a0\u00a0\u00a0\u00a0 50 \u2013 59 cmEner\u0123ijas klase\u00a0\u00a0\u00a0\u00a0 ELedusskapja tips\u00a0\u00a0\u00a0\u00a0 Sald\u0113tava apak\u0161\u0101Sald\u0113\u0161anas sist\u0113ma\u00a0\u00a0\u00a0\u00a0 LOW FROST (neliela sald\u0113\u0161ana)Temperat\u016bras kontrole\u00a0\u00a0\u00a0\u00a0 ElektronisksAugstuma diapazons\u00a0\u00a0\u00a0\u00a0 180 \u2013 189 cmElektroener\u0123ijas pat\u0113ri\u0146\u0161 gad\u0101, kWh +\u00a0\u00a0\u00a0\u00a0 241Invertora kompresors +\u00a0\u00a0\u00a0\u00a0 J\u0101\u016adens savienojums\u00a0\u00a0\u00a0\u00a0 Nav oblig\u0101ts\u016adens dispensers\u00a0\u00a0\u00a0\u00a0 NavProdukta kategorija\u00a0\u00a0\u00a0\u00a0 LedusskapjiKr\u0101sa\u00a0\u00a0\u00a0\u00a0 Ner\u016bs\u0113jo\u0161ais t\u0113rauds\/var\u0161Dzi\u013cums\u00a0\u00a0\u00a0\u00a0 [&hellip;]<\/p>\n","protected":false},"featured_media":24147,"comment_status":"open","ping_status":"closed","template":"","meta":{"_joinchat":[]},"product_brand":[286],"product_cat":[272],"product_tag":[],"class_list":{"0":"post-22552","1":"product","2":"type-product","3":"status-publish","4":"has-post-thumbnail","6":"product_brand-whirlpool","7":"product_cat-sadzives-tehnika-ledusskapji","9":"first","10":"instock","11":"shipping-taxable","12":"purchasable","13":"product-type-simple"},"_links":{"self":[{"href":"https:\/\/emeniro.lovehorses.lv\/ru\/wp-json\/wp\/v2\/product\/22552","targetHints":{"allow":["GET"]}}],"collection":[{"href":"https:\/\/emeniro.lovehorses.lv\/ru\/wp-json\/wp\/v2\/product"}],"about":[{"href":"https:\/\/emeniro.lovehorses.lv\/ru\/wp-json\/wp\/v2\/types\/product"}],"replies":[{"embeddable":true,"href":"https:\/\/emeniro.lovehorses.lv\/ru\/wp-json\/wp\/v2\/comments?post=22552"}],"wp:featuredmedia":[{"embeddable":true,"href":"https:\/\/emeniro.lovehorses.lv\/ru\/wp-json\/wp\/v2\/media\/24147"}],"wp:attachment":[{"href":"https:\/\/emeniro.lovehorses.lv\/ru\/wp-json\/wp\/v2\/media?parent=22552"}],"wp:term":[{"taxonomy":"product_brand","embeddable":true,"href":"https:\/\/emeniro.lovehorses.lv\/ru\/wp-json\/wp\/v2\/product_brand?post=22552"},{"taxonomy":"product_cat","embeddable":true,"href":"https:\/\/emeniro.lovehorses.lv\/ru\/wp-json\/wp\/v2\/product_cat?post=22552"},{"taxonomy":"product_tag","embeddable":true,"href":"https:\/\/emeniro.lovehorses.lv\/ru\/wp-json\/wp\/v2\/product_tag?post=22552"}],"curies":[{"name":"wp","href":"https:\/\/api.w.org\/{rel}","templated":true}]}}