{"id":22574,"date":"2026-04-30T20:49:52","date_gmt":"2026-04-30T20:49:52","guid":{"rendered":"https:\/\/emeniro.lovehorses.lv\/product\/liebherr-gp1386\/"},"modified":"2026-04-30T22:04:10","modified_gmt":"2026-04-30T22:04:10","slug":"liebherr-gp1386","status":"publish","type":"product","link":"https:\/\/emeniro.lovehorses.lv\/ru\/product\/liebherr-gp1386\/","title":{"rendered":"Liebherr GP1386"},"content":{"rendered":"<\/p>\n<p class=\"translation-block\"><p><\/p><p>\u041f\u0440\u043e\u0438\u0437\u0432\u043e\u0434\u0438\u0442\u0435\u043b\u044c Liebherr<br>\u0431\u0435\u043b\u044b\u0439 \u0446\u0432\u0435\u0442<br>EAN 4016803104810<br>\u041a\u043b\u0430\u0441\u0441 \u044d\u043d\u0435\u0440\u0433\u043e\u043f\u043e\u0442\u0440\u0435\u0431\u043b\u0435\u043d\u0438\u044f D<br>\u0413\u043e\u0434\u043e\u0432\u043e\u0435 \u044d\u043d\u0435\u0440\u0433\u043e\u043f\u043e\u0442\u0440\u0435\u0431\u043b\u0435\u043d\u0438\u0435 136 kWh<br>\u041e\u0431\u044a\u0451\u043c<br>\u041e\u0431\u044a\u0451\u043c \u043c\u043e\u0440\u043e\u0437\u0438\u043b\u044c\u043d\u043e\u0439 \u043a\u0430\u043c\u0435\u0440\u044b 103 \u043b<br>\u0423\u0440\u043e\u0432\u0435\u043d\u044c \u0448\u0443\u043c\u0430<br>\u0423\u0440\u043e\u0432\u0435\u043d\u044c \u0448\u0443\u043c\u0430 37 \u0434\u0411<br>\u041a\u043b\u0430\u0441\u0441 \u0430\u043a\u0443\u0441\u0442\u0438\u0447\u0435\u0441\u043a\u043e\u0433\u043e \u0448\u0443\u043c\u0430 C<br>\u0420\u0430\u0437\u043c\u0435\u0440\u044b, \u0432\u0435\u0441<br>\u0412\u044b\u0441\u043e\u0442\u0430 85,1 \u0441\u043c<br>\u0428\u0438\u0440\u0438\u043d\u0430 55,3 \u0441\u043c<br>\u0413\u043b\u0443\u0431\u0438\u043d\u0430 62,4 \u0441\u043c<br>\u0412\u0435\u0441 (\u0431\u0435\u0437 \u0443\u043f\u0430\u043a\u043e\u0432\u043a\u0438) 38,7 \u043a\u0433<br>\u0412\u0435\u0441 \u0431\u0440\u0443\u0442\u0442\u043e (\u0432 \u0443\u043f\u0430\u043a\u043e\u0432\u043a\u0435) 41,3 \u043a\u0433<br>\u0423\u043f\u0440\u0430\u0432\u043b\u0435\u043d\u0438\u0435<br>\u0422\u0438\u043f \u0443\u043f\u0440\u0430\u0432\u043b\u0435\u043d\u0438\u044f \u042d\u043b\u0435\u043a\u0442\u0440\u043e\u043d\u043d\u043e\u0435<br>\u0414\u043e\u043f\u043e\u043b\u043d\u0438\u0442\u0435\u043b\u044c\u043d\u044b\u0435 \u0444\u0443\u043d\u043a\u0446\u0438\u0438<br>\u041c\u043e\u0449\u043d\u043e\u0441\u0442\u044c \u0437\u0430\u043c\u043e\u0440\u0430\u0436\u0438\u0432\u0430\u043d\u0438\u044f \u043a\u0433\/24\u0447 7<br>\u041a\u043b\u0430\u0441\u0441 \u043c\u043e\u0440\u043e\u0437\u0438\u043b\u044c\u043d\u043e\u0439 \u043a\u0430\u043c\u0435\u0440\u044b ****<br>\u041a\u043b\u0438\u043c\u0430\u0442\u0438\u0447\u0435\u0441\u043a\u0438\u0439 \u043a\u043b\u0430\u0441\u0441 SN-T<br>\u0412\u0440\u0435\u043c\u044f \u0445\u0440\u0430\u043d\u0435\u043d\u0438\u044f \u0442\u0435\u043c\u043f\u0435\u0440\u0430\u0442\u0443\u0440\u044b \u043f\u0440\u0438 \u043e\u0442\u043a\u043b\u044e\u0447\u0435\u043d\u0438\u0438 \u044d\u043b. \u043f\u0438\u0442\u0430\u043d\u0438\u044f (\u0447) 15<br>\u0421\u0438\u0433\u043d\u0430\u043b \u043e\u0442\u043a\u0440\u044b\u0442\u043e\u0439 \u0434\u0432\u0435\u0440\u0438<br>\u0412\u043e\u0437\u043c\u043e\u0436\u043d\u043e\u0441\u0442\u044c \u043f\u0435\u0440\u0435\u043d\u0430\u0432\u0435\u0448\u0438\u0432\u0430\u043d\u0438\u044f \u0434\u0432\u0435\u0440\u0435\u0439<br>\u0422\u0438\u043f \u043f\u043e\u043b\u043e\u043a \u041f\u043b\u0430\u0441\u0442\u0438\u043a\u043e\u0432\u044b\u0435 \u044f\u0449\u0438\u043a\u0438<\/p><\/p>","protected":false},"excerpt":{"rendered":"<p>Ra\u017eot\u0101js Liebherrbalta kr\u0101saEAN 4016803104810D ener\u0123ijas klaseEner\u0123ijas pat\u0113ri\u0146\u0161 gad\u0101 136 kWhApjomsSald\u0113tavas tilpums 103 lSka\u013cuma l\u012bmenisTrok\u0161\u0146a l\u012bmenis 37 dBAkustisk\u0101 trok\u0161\u0146a klase CIzm\u0113ri, svarsAugstums 85,1 cmPlatums 55,3 cmDzi\u013cums 62,4cmSvars (bez iepakojuma) 38,7 kgBRUTO svars (iepakojuma svars) 41,3 kgKontroleVad\u012bbas veids ElektroniskaPapildu iesp\u0113jasSald\u0113\u0161anas jauda kg\/24h 7Sald\u0113tavas klase ****Klimata klase SN-TTemperat\u016bras saglab\u0101\u0161anas laiks, kad tas ir izsl\u0113gts. elektroen. (h) 15Atv\u0113rto durvju [&hellip;]<\/p>\n","protected":false},"featured_media":24162,"comment_status":"open","ping_status":"closed","template":"","meta":{"_joinchat":[]},"product_brand":[290],"product_cat":[289],"product_tag":[],"class_list":{"0":"post-22574","1":"product","2":"type-product","3":"status-publish","4":"has-post-thumbnail","6":"product_brand-liebherr","7":"product_cat-sadzives-tehnika-saldetavas","9":"first","10":"instock","11":"shipping-taxable","12":"purchasable","13":"product-type-simple"},"_links":{"self":[{"href":"https:\/\/emeniro.lovehorses.lv\/ru\/wp-json\/wp\/v2\/product\/22574","targetHints":{"allow":["GET"]}}],"collection":[{"href":"https:\/\/emeniro.lovehorses.lv\/ru\/wp-json\/wp\/v2\/product"}],"about":[{"href":"https:\/\/emeniro.lovehorses.lv\/ru\/wp-json\/wp\/v2\/types\/product"}],"replies":[{"embeddable":true,"href":"https:\/\/emeniro.lovehorses.lv\/ru\/wp-json\/wp\/v2\/comments?post=22574"}],"wp:featuredmedia":[{"embeddable":true,"href":"https:\/\/emeniro.lovehorses.lv\/ru\/wp-json\/wp\/v2\/media\/24162"}],"wp:attachment":[{"href":"https:\/\/emeniro.lovehorses.lv\/ru\/wp-json\/wp\/v2\/media?parent=22574"}],"wp:term":[{"taxonomy":"product_brand","embeddable":true,"href":"https:\/\/emeniro.lovehorses.lv\/ru\/wp-json\/wp\/v2\/product_brand?post=22574"},{"taxonomy":"product_cat","embeddable":true,"href":"https:\/\/emeniro.lovehorses.lv\/ru\/wp-json\/wp\/v2\/product_cat?post=22574"},{"taxonomy":"product_tag","embeddable":true,"href":"https:\/\/emeniro.lovehorses.lv\/ru\/wp-json\/wp\/v2\/product_tag?post=22574"}],"curies":[{"name":"wp","href":"https:\/\/api.w.org\/{rel}","templated":true}]}}