{"id":22650,"date":"2026-04-30T20:51:49","date_gmt":"2026-04-30T20:51:49","guid":{"rendered":"https:\/\/emeniro.lovehorses.lv\/product\/jura-e8-piano-black\/"},"modified":"2026-04-30T22:06:00","modified_gmt":"2026-04-30T22:06:00","slug":"jura-e8-piano-black","status":"publish","type":"product","link":"https:\/\/emeniro.lovehorses.lv\/ru\/product\/jura-e8-piano-black\/","title":{"rendered":"JURA E8 Piano Black"},"content":{"rendered":"<p>Produkta veids\u00a0 \u00a0 \u00a0Autom\u0101tiskie kafijas autom\u0101ti<\/p>\n<p>Z\u012bmols\u00a0 \u00a0 \u00a0JURA<br \/>Modelis\u00a0 \u00a0 \u00a0E8 Piano Black (EB)<br \/>Kafijas autom\u0101ta veids\u00a0 \u00a0 \u00a0Autom\u0101tisks<br \/>Piena sist\u0113mas tips\u00a0 \u00a0 \u00a0Autom\u0101tisks piena putu veidot\u0101js<br \/>Jauda\u00a0 \u00a0 1450 W<br \/>Maksim\u0101lais darba spiediens\u00a0 \u00a0 15 Bar<br \/>Korpusa materi\u0101ls\u00a0 \u00a0 \u00a0Ner\u016bs\u0113jo\u0161ais t\u0113rauds, Plastmasa<br \/>Izcelsmes valsts\u00a0 \u00a0 \u00a0Portug\u0101le<br \/>\u016adens filtrs\u00a0 \u00a0 J\u0101<br \/>Kr\u0101sa\u00a0 \u00a0 \u00a0Melna<br \/>Ekr\u0101ns\u00a0 \u00a0 \u00a0J\u0101<br \/>Ekr\u0101na tips\u00a0 \u00a0 \u00a0Kr\u0101su displejs<br \/>\u0412\u0438\u0434\u044b \u043a\u043e\u0444\u0435 \u0438 \u043f\u0440\u0438\u0433\u043e\u0442\u043e\u0432\u043b\u0435\u043d\u0438\u0435<br \/>Kafijas veids\u00a0 \u00a0 Kafijas pupi\u0146as, Malta kafija<br \/>Kafijas pagatavo\u0161anas metodes\u00a0 \u00a0 2 x Espresso, 2 x Meln\u0101 kafija, Caff\u00e8 Barista, Caff\u00e8 latte, Cappuccino Extra Shot, Cortado, Espresso, Espresso Macchiato, Espresso doppio, Flat White Extra Shot, Flat white, Kafija, Kapu\u010dino, Karsts \u016bdens, Latte Macchiato, Lungo, Lungo Barista, Piena putu porcija<br \/>Kafijas stipruma regul\u0113\u0161ana\u00a0 \u00a0 J\u0101<br \/>Iestat\u0101mi un individu\u0101li piel\u0101gojami kafijas stipruma l\u012bme\u0146i\u00a0 \u00a0 \u00a010<br \/>Kafijas dz\u0113rienu skaits\u00a0 \u00a0 \u00a017<br \/>\u0424\u0443\u043d\u043a\u0446\u0438\u0438 \u0438 \u0432\u043e\u0437\u043c\u043e\u0436\u043d\u043e\u0441\u0442\u0438<br \/>\u016adens ciet\u012bbas regul\u0113\u0161ana\u00a0 \u00a0 N\u0113<br \/>Vienlaic\u012bgi sagatavo vair\u0101kas devas\u00a0 \u00a0 J\u0101<br \/>Kr\u016bzes uzsild\u012b\u0161ana\u00a0 \u00a0 J\u0101<br \/>Tvaika uzgalis\u00a0 \u00a0 J\u0101<br \/>Saglab\u0101 kafijas veidus\u00a0 \u00a0 J\u0101<br \/>Programm\u0113jama \u016bdens temperat\u016bra\u00a0 \u00a0 \u00a0J\u0101<br \/>Programm\u0113jams kafijas daudzums\u00a0 \u00a0 \u00a0J\u0101<br \/>Ar manometru\u00a0 \u00a0 N\u0113<br \/>Regul\u0113jams spiediens\u00a0 \u00a0 \u00a0N\u0113<br \/>Aizsardz\u012bba pret \u016bdens nopl\u016bdi\u00a0 \u00a0 \u00a0J\u0101<br \/>Autom\u0101tisk\u0101 izsl\u0113g\u0161an\u0101s\u00a0 \u00a0 \u00a0J\u0101<br \/>Aukstu dz\u0113rienu pagatavo\u0161ana\u00a0 \u00a0 \u00a0N\u0113<br \/>Inteli\u0123ent\u0101 iepriek\u0161\u0113j\u0101 uzkars\u0113\u0161ana\u00a0 \u00a0 \u00a0J\u0101<br \/>Dz\u0113rienu kop\u0113\u0161ana un personaliz\u0113\u0161ana\u00a0 \u00a0 \u00a0J\u0101<br \/>Iestat\u0101ma piena\/ piena putu temperat\u016bra\u00a0 \u00a0 \u00a0N\u0113<br \/>Kafijas pupi\u0146u daudzuma kontrole\u00a0 \u00a0 \u00a0J\u0101<br \/>Pulvera tekne maltai kafijai\u00a0 \u00a0 \u00a0J\u0101<br \/>Porcijas izv\u0113le melnai kafijai\u00a0 \u00a0 \u00a02<br \/>Porcijas izv\u0113le kafijai ar pienu\u00a0 \u00a0 \u00a01<br \/>Programm\u0113jams porcijas lielums\u00a0 \u00a0 \u00a0J\u0101<br \/>Karst\u0101 \u016bdens sagatavo\u0161ana\u00a0 \u00a0 \u00a0J\u0101<br \/>Karst\u0101 piena pagatavo\u0161ana\u00a0 \u00a0 \u00a0N\u0113<br \/>Kontrol\u0113ts, izmantojot lietojumprogrammu\u00a0 \u00a0 \u00a0J\u0101<br \/>Kafijas pupi\u0146u daudzuma kontrole\u00a0 \u00a0 \u00a0J\u0101<br \/>Programm\u0113jams piena \/ piena putu daudzums\u00a0 \u00a0 \u00a0N\u0113<br \/>Vad\u012bbas tips\u00a0 \u00a0 \u00a0Autom\u0101tisk\u0101, Manu\u0101l\u0101<br \/>Sader\u012bgs ar J.O.E\u00ae\u00a0 \u00a0 \u00a0J\u0101<br \/>Notekpapl\u0101tes kontrole\u00a0 \u00a0 \u00a0J\u0101<br \/>Uzst\u0101d\u0101ms izsl\u0113g\u0161an\u0101s laiks\u00a0 \u00a0 \u00a0J\u0101<br \/>Ener\u0123ijas pat\u0113ri\u0146\u0161 gaid\u012b\u0161anas re\u017e\u012bm\u0101\u00a0 \u00a0 \u00a00 W<br \/>Pulsa ekstrakcijas process (P.E.P.\u00ae)\u00a0 \u00a0 \u00a0J\u0101<br \/>Lungo funkcija, ar vienu pogas piesk\u0101rienu\u00a0 \u00a0 \u00a0J\u0101<br \/>Funkcija ar vienas pogas piesk\u0101rienu\u00a0 \u00a0 \u00a0J\u0101<br \/>3D kafijas pagatavo\u0161anas tehnolo\u0123ija\u00a0 \u00a0 \u00a0J\u0101<br \/>Autom\u0101tisk\u0101 p\u0101rsl\u0113g\u0161an\u0101s no piena pagatavo\u0161anas uz piena put\u0101m\u00a0 \u00a0 \u00a0N\u0113<br \/>JURA Cockpit ar apkopes statusa att\u0113lo\u0161anu\u00a0 \u00a0 \u00a0J\u0101<br \/>Cold Extraction Process\u00a0 \u00a0 \u00a0N\u0113<br \/>Daudzfunkcion\u0101lais vad\u012bbas sl\u0113dzis\u00a0 \u00a0 \u00a0N\u0113<br \/>\u016adens daudzumu ir iesp\u0113jams uzst\u0101d\u012bt katrai pagatavo\u0161anas reizei\u00a0 \u00a0 \u00a0J\u0101<br \/>Kafijas pagatavo\u0161anas temperat\u016bru iesp\u0113jams uzst\u0101d\u012bt vair\u0101k\u0101s pak\u0101p\u0113s\u00a0 \u00a0 \u00a03<br \/>Karst\u0101 \u016bdens temperat\u016bru iesp\u0113jams uzst\u0101d\u012bt vair\u0101k\u0101s pak\u0101p\u0113s\u00a0 \u00a0 \u00a03<br \/>\u041a\u043e\u0444\u0435\u043c\u043e\u043b\u043a\u0430<br \/>Kafijas dzirnavi\u0146as\u00a0 \u00a0 J\u0101<br \/>Regul\u0113jama kafijas smalcin\u0101\u0161ana\u00a0 \u00a0 J\u0101<br \/>Kafijas pupi\u0146u ietilp\u012bba\u00a0 \u00a0 \u00a0280 g<br \/>Kafijas padeves kr\u0101na augstums\u00a0 \u00a0 \u00a065 \u2013 153 mm<br \/>Autom\u0101tisk\u0101 dzirnavi\u0146u piel\u0101go\u0161ana\u00a0 \u00a0 \u00a0N\u0113<br \/>Main\u012bga VC kafijas pagatavo\u0161anas ier\u012bce\u00a0 \u00a0 \u00a016 g<br \/>Arom\u0101ta saglab\u0101\u0161anas v\u0101ks\u00a0 \u00a0 \u00a0J\u0101<br \/>Autom\u0101tisk\u0101 dzirnavi\u0146u piel\u0101go\u0161ana (A.G.A.)\u00a0 \u00a0 \u00a0N\u0113<br \/>\u0420\u0435\u0437\u0435\u0440\u0432\u0443\u0430\u0440\u044b<br \/>\u016adens tvertne\u00a0 \u00a0 \u00a01.9 l<br \/>Kafijas konteiners (trauks)\u00a0 \u00a0 16<br \/>Piena trauks\u00a0 \u00a0 N\u0113<br \/>Maksim\u0101lais trauka augstums\u00a0 \u00a0 \u00a0150 mm<br \/>Inteli\u0123ent\u0101 \u016adens Sist\u0113ma (I.W.S.)\u00a0 \u00a0 \u00a0J\u0101<br \/>\u041e\u0447\u0438\u0441\u0442\u043a\u0430<br \/>Autom\u0101tiska mazg\u0101\u0161ana\u00a0 \u00a0 J\u0101<br \/>Autom\u0101tisk\u0101 atka\u013c\u0137o\u0161an\u0101s\u00a0 \u00a0 J\u0101<br \/>Autom\u0101tiska piena sist\u0113mas t\u012br\u012b\u0161ana\u00a0 \u00a0 \u00a0J\u0101<br \/>Piena sist\u0113mas t\u012br\u012b\u0161ana ar vienu piesk\u0101rienu (autom\u0101tiski)\u00a0 \u00a0 \u00a0J\u0101<br \/>Integr\u0113tas skalo\u0161anas, t\u012br\u012b\u0161anas un ka\u013c\u0137akmens no\u0146em\u0161anas programmas\u00a0 \u00a0 \u00a0J\u0101<br \/>JURA higi\u0113na: T\u00dcV-sertific\u0113ta\u00a0 \u00a0 \u00a0J\u0101<br \/>\u0420\u0430\u0437\u043c\u0435\u0440\u044b \u0438 \u0432\u0435\u0441<br \/>Dzi\u013cums\u00a0 \u00a0 \u00a044.6 cm<br \/>Platums\u00a0 \u00a0 \u00a028 cm<br \/>Augstums\u00a0 \u00a0 \u00a035.1 cm<br \/>Svars\u00a0 \u00a0 \u00a09.6 kg<br \/>\u0414\u043e\u043f\u043e\u043b\u043d\u0438\u0442\u0435\u043b\u044c\u043d\u043e<br \/>Komplekt\u0101cija\u00a0 \u00a0 \u00a0Tvertne piena sist\u0113mas t\u012br\u012b\u0161anai, doz\u0113\u0161anas karote maltai kafijai, piena sist\u0113mas \u0161\u013c\u016btene, t\u012br\u012b\u0161anas tabletes, \u016bdens filtrs, \u016bdens ciet\u012bbas testa str\u0113mele.<br \/>Telefona savienojums iek\u013cauts standarta komplekt\u0101\u00a0 \u00a0 \u00a0N\u0113<br \/>Vada garums\u00a0 \u00a0 \u00a01.1 m<br \/>Papildus inform\u0101cija\u00a0 \u00a0 \u00a0Tas\u012b\u0161u izgaismo\u0161ana. Savienojams WiFi t\u012bkl\u0101<br \/>Ener\u0123ijas taup\u012b\u0161anas re\u017e\u012bms (E.S.M. \u00a9)\u00a0 \u00a0 \u00a0J\u0101<br \/>Nulles ener\u0123ijas sl\u0113dzis vai jaudas sl\u0113dzis\u00a0 \u00a0 \u00a0J\u0101<br \/>Savienojams WiFi t\u012bkl\u0101\u00a0 \u00a0 \u00a0J\u0101<br \/>Raid\u012bt\u0101js ietilpst standarta komplekt\u0101\u00a0 \u00a0 \u00a0N\u0113\u00a0<\/p><\/p>","protected":false},"excerpt":{"rendered":"<p>Produkta veids\u00a0 \u00a0 \u00a0Autom\u0101tiskie kafijas autom\u0101ti Z\u012bmols\u00a0 \u00a0 \u00a0JURAModelis\u00a0 \u00a0 \u00a0E8 Piano Black (EB)Kafijas autom\u0101ta veids\u00a0 \u00a0 \u00a0Autom\u0101tisksPiena sist\u0113mas tips\u00a0 \u00a0 \u00a0Autom\u0101tisks piena putu veidot\u0101jsJauda\u00a0 \u00a0 1450 WMaksim\u0101lais darba spiediens\u00a0 \u00a0 15 BarKorpusa materi\u0101ls\u00a0 \u00a0 \u00a0Ner\u016bs\u0113jo\u0161ais t\u0113rauds, PlastmasaIzcelsmes valsts\u00a0 \u00a0 \u00a0Portug\u0101le\u016adens filtrs\u00a0 \u00a0 J\u0101Kr\u0101sa\u00a0 \u00a0 \u00a0MelnaEkr\u0101ns\u00a0 \u00a0 \u00a0J\u0101Ekr\u0101na tips\u00a0 \u00a0 \u00a0Kr\u0101su displejsKafijas veidi un pagatavo\u0161anaKafijas [&hellip;]<\/p>\n","protected":false},"featured_media":24225,"comment_status":"open","ping_status":"closed","template":"","meta":[],"product_brand":[334],"product_cat":[314],"product_tag":[],"class_list":{"0":"post-22650","1":"product","2":"type-product","3":"status-publish","4":"has-post-thumbnail","6":"product_brand-jura","7":"product_cat-maza-sadzives-tehnika-kafijas-automati","9":"first","10":"instock","11":"shipping-taxable","12":"purchasable","13":"product-type-simple"},"_links":{"self":[{"href":"https:\/\/emeniro.lovehorses.lv\/ru\/wp-json\/wp\/v2\/product\/22650","targetHints":{"allow":["GET"]}}],"collection":[{"href":"https:\/\/emeniro.lovehorses.lv\/ru\/wp-json\/wp\/v2\/product"}],"about":[{"href":"https:\/\/emeniro.lovehorses.lv\/ru\/wp-json\/wp\/v2\/types\/product"}],"replies":[{"embeddable":true,"href":"https:\/\/emeniro.lovehorses.lv\/ru\/wp-json\/wp\/v2\/comments?post=22650"}],"wp:featuredmedia":[{"embeddable":true,"href":"https:\/\/emeniro.lovehorses.lv\/ru\/wp-json\/wp\/v2\/media\/24225"}],"wp:attachment":[{"href":"https:\/\/emeniro.lovehorses.lv\/ru\/wp-json\/wp\/v2\/media?parent=22650"}],"wp:term":[{"taxonomy":"product_brand","embeddable":true,"href":"https:\/\/emeniro.lovehorses.lv\/ru\/wp-json\/wp\/v2\/product_brand?post=22650"},{"taxonomy":"product_cat","embeddable":true,"href":"https:\/\/emeniro.lovehorses.lv\/ru\/wp-json\/wp\/v2\/product_cat?post=22650"},{"taxonomy":"product_tag","embeddable":true,"href":"https:\/\/emeniro.lovehorses.lv\/ru\/wp-json\/wp\/v2\/product_tag?post=22650"}],"curies":[{"name":"wp","href":"https:\/\/api.w.org\/{rel}","templated":true}]}}