{"id":22903,"date":"2026-04-30T20:59:15","date_gmt":"2026-04-30T20:59:15","guid":{"rendered":"https:\/\/emeniro.lovehorses.lv\/product\/makita-dur368az\/"},"modified":"2026-04-30T22:11:16","modified_gmt":"2026-04-30T22:11:16","slug":"makita-dur368az","status":"publish","type":"product","link":"https:\/\/emeniro.lovehorses.lv\/ru\/product\/makita-dur368az\/","title":{"rendered":"Makita DUR368AZ"},"content":{"rendered":"<p>Produkta veids\u00a0\u00a0\u00a0\u00a0 Trimmeri<\/p>\n<p>Z\u012bmols\u00a0\u00a0\u00a0\u00a0 Makita<br \/>Modelis\u00a0\u00a0\u00a0\u00a0 DUR368AZ<br \/>P\u013cau\u0161anas veids\u00a0\u00a0\u00a0\u00a0 Aukla<br \/>\u0420\u0430\u0437\u043c\u0435\u0440\u044b, \u0432\u0435\u0441 \u0438 \u0446\u0432\u0435\u0442<br \/>Garums\u00a0\u00a0\u00a0\u00a0 1758 mm<br \/>Platums\u00a0\u00a0\u00a0\u00a0 615 mm<br \/>Augstums\u00a0\u00a0\u00a0\u00a0 442 mm<br \/>Svars\u00a0\u00a0\u00a0\u00a0 7 kg<br \/>Kr\u0101sa\u00a0\u00a0\u00a0\u00a0 Gai\u0161i zila, Melna, Sudraba<br \/>\u041f\u0438\u0442\u0430\u043d\u0438\u0435<br \/>Akumulatora tips\u00a0\u00a0\u00a0\u00a0 Li-Ion<br \/>Nepiecie\u0161amais akumulatoru skaits\u00a0\u00a0\u00a0\u00a0 2<br \/>Akumulators iek\u013cauts komplekt\u0101\u00a0\u00a0\u00a0\u00a0 N\u0113<br \/>Akumulatora spriegums\u00a0\u00a0\u00a0\u00a0 18 V<br \/>L\u0101d\u0113t\u0101js iek\u013cauts\u00a0\u00a0\u00a0\u00a0 N\u0113<br \/>Jauda un veiktsp\u0113ja<br \/>Darba platums\u00a0\u00a0\u00a0\u00a0 35 cm<br \/>Elektrisk\u0101 dzin\u0113ja tips\u00a0\u00a0\u00a0\u00a0 Bezsuku<br \/>Maksim\u0101lais motora darb\u012bbas \u0101trums\u00a0\u00a0\u00a0\u00a0 6500 rpm<br \/>Trok\u0161\u0146a l\u012bmenis\u00a0\u00a0\u00a0\u00a0 80 dB<br \/>V\u0101rpstas tips\u00a0\u00a0\u00a0\u00a0 Taisns<br \/>V\u0101rpstas garums\u00a0\u00a0\u00a0\u00a0 1758 mm<br \/>\u0414\u043e\u043f\u043e\u043b\u043d\u0438\u0442\u0435\u043b\u044c\u043d\u043e<br \/>Roktura veids\u00a0\u00a0\u00a0\u00a0 Papildus rokturi<br \/>Roktura vibr\u0101ciju l\u012bmenis\u00a0\u00a0\u00a0\u00a0 2.5 m\/s\u00b2<br \/>Ar dro\u0161\u012bbas jostu\u00a0\u00a0\u00a0\u00a0 J\u0101<br \/>Papildus inform\u0101cija\u00a0\u00a0\u00a0\u00a0 3 \u0101trumi<br \/>Izcelsmes valsts\u00a0\u00a0\u00a0\u00a0 \u0136\u012bna<\/p><\/p>","protected":false},"excerpt":{"rendered":"<p>Produkta veids\u00a0\u00a0\u00a0\u00a0 Trimmeri Z\u012bmols\u00a0\u00a0\u00a0\u00a0 MakitaModelis\u00a0\u00a0\u00a0\u00a0 DUR368AZP\u013cau\u0161anas veids\u00a0\u00a0\u00a0\u00a0 AuklaIzm\u0113ri, svars un kr\u0101saGarums\u00a0\u00a0\u00a0\u00a0 1758 mmPlatums\u00a0\u00a0\u00a0\u00a0 615 mmAugstums\u00a0\u00a0\u00a0\u00a0 442 mmSvars\u00a0\u00a0\u00a0\u00a0 7 kgKr\u0101sa\u00a0\u00a0\u00a0\u00a0 Gai\u0161i zila, Melna, SudrabaBaro\u0161anaAkumulatora tips\u00a0\u00a0\u00a0\u00a0 Li-IonNepiecie\u0161amais akumulatoru skaits\u00a0\u00a0\u00a0\u00a0 2Akumulators iek\u013cauts komplekt\u0101\u00a0\u00a0\u00a0\u00a0 N\u0113Akumulatora spriegums\u00a0\u00a0\u00a0\u00a0 18 VL\u0101d\u0113t\u0101js iek\u013cauts\u00a0\u00a0\u00a0\u00a0 N\u0113Jauda un veiktsp\u0113jaDarba platums\u00a0\u00a0\u00a0\u00a0 35 cmElektrisk\u0101 dzin\u0113ja tips\u00a0\u00a0\u00a0\u00a0 BezsukuMaksim\u0101lais motora darb\u012bbas \u0101trums\u00a0\u00a0\u00a0\u00a0 6500 rpmTrok\u0161\u0146a l\u012bmenis\u00a0\u00a0\u00a0\u00a0 80 dBV\u0101rpstas tips\u00a0\u00a0\u00a0\u00a0 TaisnsV\u0101rpstas garums\u00a0\u00a0\u00a0\u00a0 [&hellip;]<\/p>\n","protected":false},"featured_media":24422,"comment_status":"open","ping_status":"closed","template":"","meta":[],"product_brand":[],"product_cat":[312],"product_tag":[],"class_list":{"0":"post-22903","1":"product","2":"type-product","3":"status-publish","4":"has-post-thumbnail","6":"product_cat-darza-tehnika-trimmeri","8":"first","9":"instock","10":"shipping-taxable","11":"purchasable","12":"product-type-simple"},"_links":{"self":[{"href":"https:\/\/emeniro.lovehorses.lv\/ru\/wp-json\/wp\/v2\/product\/22903","targetHints":{"allow":["GET"]}}],"collection":[{"href":"https:\/\/emeniro.lovehorses.lv\/ru\/wp-json\/wp\/v2\/product"}],"about":[{"href":"https:\/\/emeniro.lovehorses.lv\/ru\/wp-json\/wp\/v2\/types\/product"}],"replies":[{"embeddable":true,"href":"https:\/\/emeniro.lovehorses.lv\/ru\/wp-json\/wp\/v2\/comments?post=22903"}],"wp:featuredmedia":[{"embeddable":true,"href":"https:\/\/emeniro.lovehorses.lv\/ru\/wp-json\/wp\/v2\/media\/24422"}],"wp:attachment":[{"href":"https:\/\/emeniro.lovehorses.lv\/ru\/wp-json\/wp\/v2\/media?parent=22903"}],"wp:term":[{"taxonomy":"product_brand","embeddable":true,"href":"https:\/\/emeniro.lovehorses.lv\/ru\/wp-json\/wp\/v2\/product_brand?post=22903"},{"taxonomy":"product_cat","embeddable":true,"href":"https:\/\/emeniro.lovehorses.lv\/ru\/wp-json\/wp\/v2\/product_cat?post=22903"},{"taxonomy":"product_tag","embeddable":true,"href":"https:\/\/emeniro.lovehorses.lv\/ru\/wp-json\/wp\/v2\/product_tag?post=22903"}],"curies":[{"name":"wp","href":"https:\/\/api.w.org\/{rel}","templated":true}]}}