{"id":22934,"date":"2026-04-30T20:59:49","date_gmt":"2026-04-30T20:59:49","guid":{"rendered":"https:\/\/emeniro.lovehorses.lv\/product\/aeg-bpe546360m\/"},"modified":"2026-04-30T22:11:50","modified_gmt":"2026-04-30T22:11:50","slug":"aeg-bpe546360m","status":"publish","type":"product","link":"https:\/\/emeniro.lovehorses.lv\/ru\/product\/aeg-bpe546360m\/","title":{"rendered":"AEG BPE546360M"},"content":{"rendered":"<p>\u0411\u0440\u0435\u043d\u0434 AEG<\/p>\n<p>\u041a\u043e\u0434 \u0442\u043e\u0432\u0430\u0440\u0430 944188666<br \/>\u0422\u0438\u043f \u0434\u0443\u0445\u043e\u0432\u043a\u0438 \u042d\u043b\u0435\u043a\u0442\u0440\u0438\u0447\u0435\u0441\u043a\u0430\u044f<br \/>\u041a\u043b\u0430\u0441\u0441 \u044d\u043d\u0435\u0440\u0433\u043e\u044d\u0444\u0444\u0435\u043a\u0442\u0438\u0432\u043d\u043e\u0441\u0442\u0438 A+<br \/>\u0426\u0432\u0435\u0442 \u041d\u0435\u0440\u0436\u0430\u0432\u0435\u044e\u0449\u0430\u044f \u0441\u0442\u0430\u043b\u044c<br \/>\u041e\u0431\u044a\u0435\u043c \u0434\u0443\u0445\u043e\u0432\u043a\u0438 71 \u043b<br \/>\u041e\u0431\u0449\u0430\u044f \u043c\u043e\u0449\u043d\u043e\u0441\u0442\u044c 3.5 \u043a\u0412\u0442<br \/>EAN 7332543841325<br \/>\u0414\u0440\u0443\u0433\u0438\u0435 \u043f\u0430\u0440\u0430\u043c\u0435\u0442\u0440\u044b<br \/>\u0420\u0430\u0437\u043c\u043e\u0440\u0430\u0436\u0438\u0432\u0430\u043d\u0438\u0435 \u0415\u0441\u0442\u044c<br \/>\u0413\u0440\u0438\u043b\u044c \u0434\u0443\u0445\u043e\u0432\u043a\u0438 \u0415\u0441\u0442\u044c<br \/>\u041a\u043e\u043d\u0432\u0435\u043a\u0446\u0438\u044f <br \/>\u0424\u0443\u043d\u043a\u0446\u0438\u044f \u043e\u0447\u0438\u0441\u0442\u043a\u0438 \u0434\u0443\u0445\u043e\u0432\u043a\u0438 \u041f\u0438\u0440\u043e\u043b\u0438\u0442\u0438\u0447\u0435\u0441\u043a\u0430\u044f<br \/>\u041f\u043e\u0434\u0441\u0432\u0435\u0442\u043a\u0430 \u0434\u0443\u0445\u043e\u0432\u043a\u0438 \u0415\u0441\u0442\u044c<br \/>\u0422\u0430\u0439\u043c\u0435\u0440 \u0415\u0441\u0442\u044c<br \/>\u0420\u0435\u0436\u0438\u043c\u044b 9<br \/>\u0420\u0430\u0437\u043c\u0435\u0440\u044b \u043c\u043c (\u0412\u0445\u0428\u0445\u0413) 594x595x567<br \/>\u0410\u043a\u0441\u0435\u0441\u0441\u0443\u0430\u0440\u044b 2 \u043f\u0440\u043e\u0442\u0438\u0432\u043d\u044f, 1 \u0440\u0435\u0448\u0435\u0442\u043a\u0430, \u0442\u0435\u0440\u043c\u043e\u0437\u043e\u043d\u0434<\/p>\n<p>\u0412\u0438\u0434\u0435\u043e \u043f\u0440\u0435\u0434\u0441\u0442\u0430\u0432\u043b\u0435\u043d\u043d\u0430\u044f\/\u0432\u0438\u0434\u0438\u043c\u0430\u044f \u0441\u043f\u0435\u0446\u0438\u0444\u0438\u043a\u0430\u0446\u0438\u044f\/\u043e\u043f\u0438\u0441\u0430\u043d\u0438\u0435 \u043c\u043e\u0436\u0435\u0442 \u0447\u0430\u0441\u0442\u0438\u0447\u043d\u043e \u043e\u0442\u043b\u0438\u0447\u0430\u0442\u044c\u0441\u044f \u0434\u043b\u044f \u044d\u0442\u043e\u0439 \u043c\u043e\u0434\u0435\u043b\u0438.<\/p>\n<p>\u0412\u0441\u0442\u0440\u043e\u0435\u043d\u043d\u0430\u044f \u0434\u0443\u0445\u043e\u0432\u043a\u0430 SenseCook \u0441\u0435\u0440\u0438\u0438 7000, 71 \u043b, \u043a\u043b\u0430\u0441\u0441 A+, \u043d\u0435\u0440\u0436\u0430\u0432\u0435\u044e\u0449\u0430\u044f \u0441\u0442\u0430\u043b\u044c \u0441 \u043f\u043e\u043a\u0440\u044b\u0442\u0438\u0435\u043c \u043e\u0442 \u043e\u0442\u043f\u0435\u0447\u0430\u0442\u043a\u043e\u0432 \u043f\u0430\u043b\u044c\u0446\u0435\u0432<br \/>\u041a\u0440\u043e\u0432\u0430\u0432\u044b\u0439. \u0421\u0440\u0435\u0434\u043d\u0435\u0439 \u043f\u0440\u043e\u0436\u0430\u0440\u043a\u0438. \u0425\u043e\u0440\u043e\u0448\u043e \u043f\u0440\u043e\u0436\u0430\u0440\u0435\u043d\u043d\u044b\u0439. \u041a\u0430\u043a \u0441\u043a\u0430\u0436\u0435\u0442\u0435!<br \/>\u041f\u043e\u0437\u043d\u0430\u043a\u043e\u043c\u044c\u0442\u0435\u0441\u044c \u0441 \u043d\u043e\u0432\u044b\u043c \u0448\u0435\u0444-\u043f\u043e\u0432\u0430\u0440\u043e\u043c. \u041e\u043d \u043f\u0440\u0438\u0433\u043e\u0442\u043e\u0432\u0438\u0442 \u0441\u0430\u043c\u044b\u0439 \u0441\u043e\u0447\u043d\u044b\u0439 \u044f\u0433\u043d\u0435\u043d\u043e\u043a \u0438 \u043d\u0435\u0436\u043d\u0435\u0439\u0448\u0435\u0435 \u0444\u0438\u043b\u0435 \u043b\u043e\u0441\u043e\u0441\u044f. \u0414\u0430\u0442\u0447\u0438\u043a \u0442\u0435\u043c\u043f\u0435\u0440\u0430\u0442\u0443\u0440\u044b \u043a\u043e\u043d\u0442\u0440\u043e\u043b\u0438\u0440\u0443\u0435\u0442 \u0441\u0442\u0435\u043f\u0435\u043d\u044c \u0433\u043e\u0442\u043e\u0432\u043d\u043e\u0441\u0442\u0438 \u2014 \u043a\u0440\u043e\u0432\u0430\u0432\u044b\u0439, \u0441\u0440\u0435\u0434\u043d\u0435\u0439 \u043f\u0440\u043e\u0436\u0430\u0440\u043a\u0438 \u0438\u043b\u0438 \u0445\u043e\u0440\u043e\u0448\u043e \u043f\u0440\u043e\u0436\u0430\u0440\u0435\u043d\u043d\u044b\u0439. \u0412\u0441\u0451, \u043e\u0442 \u0436\u0430\u0440\u043a\u043e\u0433\u043e \u0434\u043e \u0448\u043e\u043a\u043e\u043b\u0430\u0434\u043d\u044b\u0445 \u0434\u0435\u0441\u0435\u0440\u0442\u043e\u0432, \u043a\u043e\u043d\u0442\u0440\u043e\u043b\u0438\u0440\u0443\u0435\u0442\u0441\u044f \u0431\u0435\u0437 \u043e\u0442\u043a\u0440\u044b\u0442\u0438\u044f \u0434\u0432\u0435\u0440\u0446\u044b.<br \/>\u0411\u0435\u0437\u0443\u043f\u0440\u0435\u0447\u043d\u044b\u0435 \u0440\u0435\u0437\u0443\u043b\u044c\u0442\u0430\u0442\u044b \u0441 \u043f\u043e\u043c\u043e\u0449\u044c\u044e \u043f\u0438\u0449\u0435\u0432\u043e\u0433\u043e \u0434\u0430\u0442\u0447\u0438\u043a\u0430<br \/>\u0411\u043b\u0430\u0433\u043e\u0434\u0430\u0440\u044f \u043f\u0438\u0449\u0435\u0432\u043e\u043c\u0443 \u0434\u0430\u0442\u0447\u0438\u043a\u0443 \u044d\u0442\u043e\u0439 \u0434\u0443\u0445\u043e\u0432\u043a\u0438 \u0432\u044b \u043c\u043e\u0436\u0435\u0442\u0435 \u0438\u0437\u043c\u0435\u0440\u044f\u0442\u044c \u0432\u043d\u0443\u0442\u0440\u0435\u043d\u043d\u044e\u044e \u0442\u0435\u043c\u043f\u0435\u0440\u0430\u0442\u0443\u0440\u0443 \u0431\u043b\u044e\u0434\u0430 \u0432 \u0446\u0435\u043d\u0442\u0440\u0435 \u0432\u043e \u0432\u0440\u0435\u043c\u044f \u043f\u0440\u0438\u0433\u043e\u0442\u043e\u0432\u043b\u0435\u043d\u0438\u044f. \u041f\u043e\u044d\u0442\u043e\u043c\u0443 \u0440\u0435\u0437\u0443\u043b\u044c\u0442\u0430\u0442 \u0432\u0441\u0435\u0433\u0434\u0430 \u0431\u0435\u0437\u0443\u043f\u0440\u0435\u0447\u0435\u043d.<br \/>\u0423\u0434\u043e\u0431\u043d\u043e\u0435 \u0443\u043f\u0440\u0430\u0432\u043b\u0435\u043d\u0438\u0435. \u0421\u0432\u0435\u0442\u043e\u0434\u0438\u043e\u0434\u043d\u044b\u0439 \u0434\u0438\u0441\u043f\u043b\u0435\u0439 EXPlore \u0441 \u0441\u0435\u043d\u0441\u043e\u0440\u043d\u044b\u043c\u0438 \u043a\u043b\u0430\u0432\u0438\u0448\u0430\u043c\u0438<br \/>\u041e\u0442\u043a\u0440\u043e\u0439\u0442\u0435 \u0434\u043b\u044f \u0441\u0435\u0431\u044f \u043d\u043e\u0432\u044b\u0439 \u0441\u043f\u043e\u0441\u043e\u0431 \u043d\u0430\u0441\u043b\u0430\u0436\u0434\u0430\u0442\u044c\u0441\u044f \u0440\u0430\u0431\u043e\u0442\u043e\u0439 \u0434\u0443\u0445\u043e\u0432\u043a\u0438 \u0441 \u043f\u043e\u043c\u043e\u0449\u044c\u044e \u0441\u0432\u0435\u0442\u043e\u0434\u0438\u043e\u0434\u043d\u043e\u0433\u043e \u0434\u0438\u0441\u043f\u043b\u0435\u044f EXPlore \u0441 \u0441\u0435\u043d\u0441\u043e\u0440\u043d\u044b\u043c\u0438 \u043a\u043d\u043e\u043f\u043a\u0430\u043c\u0438. \u0418\u043d\u0442\u0443\u0438\u0442\u0438\u0432\u043d\u044b\u0439 \u0438\u043d\u0442\u0435\u0440\u0444\u0435\u0439\u0441 \u043e\u0431\u0435\u0441\u043f\u0435\u0447\u0438\u0432\u0430\u0435\u0442 \u0431\u044b\u0441\u0442\u0440\u044b\u0439 \u0434\u043e\u0441\u0442\u0443\u043f \u0438 \u0434\u0438\u043d\u0430\u043c\u0438\u0447\u0435\u0441\u043a\u0438\u0439 \u043a\u043e\u043d\u0442\u0440\u043e\u043b\u044c \u0432\u0440\u0435\u043c\u0435\u043d\u0438 \u043f\u0440\u0438\u0433\u043e\u0442\u043e\u0432\u043b\u0435\u043d\u0438\u044f, \u0442\u0435\u043c\u043f\u0435\u0440\u0430\u0442\u0443\u0440\u044b \u0438 \u0434\u0440\u0443\u0433\u0438\u0445 \u0444\u0443\u043d\u043a\u0446\u0438\u0439.<br \/>\u0414\u0443\u0445\u043e\u0432\u043a\u0430 \u0441 \u0444\u0443\u043d\u043a\u0446\u0438\u0435\u0439 \u0441\u0430\u043c\u043e\u043e\u0447\u0438\u0441\u0442\u043a\u0438<br \/>\u041e\u0434\u043d\u043e \u043d\u0430\u0436\u0430\u0442\u0438\u0435 \u043f\u0438\u0440\u043e\u043b\u0438\u0442\u0438\u0447\u0435\u0441\u043a\u043e\u0439 \u0444\u0443\u043d\u043a\u0446\u0438\u0438 \u043e\u0447\u0438\u0441\u0442\u043a\u0438 \u043f\u0440\u0435\u0432\u0440\u0430\u0449\u0430\u0435\u0442 \u0433\u0440\u044f\u0437\u044c, \u0436\u0438\u0440 \u0438 \u043e\u0441\u0442\u0430\u0442\u043a\u0438 \u043f\u0438\u0449\u0438 \u0432 \u043f\u0435\u043f\u0435\u043b, \u043a\u043e\u0442\u043e\u0440\u044b\u0439 \u043c\u043e\u0436\u043d\u043e \u043b\u0435\u0433\u043a\u043e \u043f\u0440\u043e\u0442\u0435\u0440\u0435\u0442\u044c \u0432\u043b\u0430\u0436\u043d\u043e\u0439 \u0442\u043a\u0430\u043d\u044c\u044e.<br \/>\u0420\u0430\u0432\u043d\u043e\u043c\u0435\u0440\u043d\u043e \u043f\u0440\u0438\u0433\u043e\u0442\u043e\u0432\u043b\u0435\u043d\u043e \u0432\u0435\u0437\u0434\u0435<br \/>\u042d\u043d\u0435\u0440\u0433\u043e\u0441\u0431\u0435\u0440\u0435\u0436\u0435\u043d\u0438\u0435 \u0432 \u044d\u0442\u043e\u043c \u0434\u0443\u0445\u043e\u0432\u043e\u043c \u0448\u043a\u0430\u0444\u0443 \u0442\u0430\u043a\u0436\u0435 \u0441\u0432\u044f\u0437\u0430\u043d\u043e \u0441 \u044d\u0444\u0444\u0435\u043a\u0442\u0438\u0432\u043d\u044b\u043c \u043f\u0440\u0438\u0433\u043e\u0442\u043e\u0432\u043b\u0435\u043d\u0438\u0435\u043c. \u041e\u043d \u043e\u0441\u043d\u0430\u0449\u0435\u043d \u043d\u043e\u0432\u043e\u0439 \u0441\u0438\u0441\u0442\u0435\u043c\u043e\u0439 \u043a\u043e\u043d\u0432\u0435\u043a\u0446\u0438\u0438 Hot Air, \u043a\u043e\u0442\u043e\u0440\u0430\u044f \u043e\u0431\u0435\u0441\u043f\u0435\u0447\u0438\u0432\u0430\u0435\u0442 \u0440\u0430\u0432\u043d\u043e\u043c\u0435\u0440\u043d\u0443\u044e \u0446\u0438\u0440\u043a\u0443\u043b\u044f\u0446\u0438\u044e \u0433\u043e\u0440\u044f\u0447\u0435\u0433\u043e \u0432\u043e\u0437\u0434\u0443\u0445\u0430 \u043f\u043e \u0432\u0441\u0435\u043c\u0443 \u043e\u0431\u044a\u0435\u043c\u0443 \u0434\u0443\u0445\u043e\u0432\u043e\u0433\u043e \u0448\u043a\u0430\u0444\u0430. \u0411\u043b\u0430\u0433\u043e\u0434\u0430\u0440\u044f \u044d\u0442\u043e\u043c\u0443 \u0434\u0443\u0445\u043e\u0432\u043e\u0439 \u0448\u043a\u0430\u0444 \u043d\u0430\u0433\u0440\u0435\u0432\u0430\u0435\u0442\u0441\u044f \u0431\u044b\u0441\u0442\u0440\u0435\u0435, \u0438 \u0442\u0435\u043c\u043f\u0435\u0440\u0430\u0442\u0443\u0440\u0443 \u043f\u0440\u0438\u0433\u043e\u0442\u043e\u0432\u043b\u0435\u043d\u0438\u044f \u043c\u043e\u0436\u043d\u043e \u0441\u043d\u0438\u0437\u0438\u0442\u044c \u043f\u043e\u0447\u0442\u0438 \u043d\u0430 20%, \u044d\u043a\u043e\u043d\u043e\u043c\u044f \u0432\u0440\u0435\u043c\u044f \u0438 \u044d\u043d\u0435\u0440\u0433\u0438\u044e.<br \/>PrevNext1234<br \/>\u0424\u0443\u043d\u043a\u0446\u0438\u0438<br \/>\u0412\u0441\u0442\u0440\u0430\u0438\u0432\u0430\u0435\u043c\u044b\u0439 \u0434\u0443\u0445\u043e\u0432\u043e\u0439 \u0448\u043a\u0430\u0444<br \/>\u041c\u043d\u043e\u0433\u043e\u0444\u0443\u043d\u043a\u0446\u0438\u043e\u043d\u0430\u043b\u044c\u043d\u044b\u0439 \u0434\u0443\u0445\u043e\u0432\u043e\u0439 \u0448\u043a\u0430\u0444 \u0441 \u043a\u043e\u043b\u044c\u0446\u0435\u0432\u044b\u043c \u043d\u0430\u0433\u0440\u0435\u0432\u0430\u0442\u0435\u043b\u044c\u043d\u044b\u043c \u044d\u043b\u0435\u043c\u0435\u043d\u0442\u043e\u043c<br \/>\u041a\u043b\u0430\u0441\u0441 \u044d\u043d\u0435\u0440\u0433\u043e\u043f\u043e\u0442\u0440\u0435\u0431\u043b\u0435\u043d\u0438\u044f \u0434\u0443\u0445\u043e\u0432\u043a\u0438: A+<br \/>\u0420\u0435\u0436\u0438\u043c\u044b \u043f\u0440\u0438\u0433\u043e\u0442\u043e\u0432\u043b\u0435\u043d\u0438\u044f \u0434\u0443\u0445\u043e\u0432\u043a\u0438: +<br \/>\u041d\u0435\u0440\u0436\u0430\u0432\u0435\u044e\u0449\u0430\u044f \u0441\u0442\u0430\u043b\u044c \u0441 \u043f\u043e\u043a\u0440\u044b\u0442\u0438\u0435\u043c \u043e\u0442 \u043e\u0442\u043f\u0435\u0447\u0430\u0442\u043a\u043e\u0432 \u043f\u0430\u043b\u044c\u0446\u0435\u0432<br \/>\u041e\u0431\u044a\u0435\u043c \u0434\u0443\u0445\u043e\u0432\u043e\u0433\u043e \u0448\u043a\u0430\u0444\u0430 \u0441 3 \u0443\u0440\u043e\u0432\u043d\u044f\u043c\u0438 \u043f\u0440\u0438\u0433\u043e\u0442\u043e\u0432\u043b\u0435\u043d\u0438\u044f<br \/>\u0424\u0443\u043d\u043a\u0446\u0438\u044f \u0431\u044b\u0441\u0442\u0440\u043e\u0433\u043e \u0440\u0430\u0437\u043e\u0433\u0440\u0435\u0432\u0430 \u0434\u0443\u0445\u043e\u0432\u043a\u0438<br \/>\u0422\u0435\u0440\u043c\u043e\u0437\u043e\u043d\u0434<br \/>PYROLUXE\u00ae \u0441\u0430\u043c\u043e\u043e\u0447\u0438\u0441\u0442\u043a\u0430 \u0441 \u0430\u0432\u0442\u043e\u043c\u0430\u0442\u0438\u0447\u0435\u0441\u043a\u0438\u043c \u043d\u0430\u043f\u043e\u043c\u0438\u043d\u0430\u043d\u0438\u0435\u043c<br \/>\u0410\u0432\u0442\u043e\u043c\u0430\u0442\u0438\u0447\u0435\u0441\u043a\u043e\u0435 \u043f\u0440\u0435\u0434\u043b\u043e\u0436\u0435\u043d\u0438\u0435 \u0442\u0435\u043c\u043f\u0435\u0440\u0430\u0442\u0443\u0440\u044b<br \/>\u042d\u043b\u0435\u043a\u0442\u0440\u043e\u043d\u043d\u0430\u044f \u0443\u0441\u0442\u0430\u043d\u043e\u0432\u043a\u0430 \u0442\u0435\u043c\u043f\u0435\u0440\u0430\u0442\u0443\u0440\u044b<br \/>\u042d\u043b\u0435\u043a\u0442\u0440\u043e\u043d\u043d\u0430\u044f \u0444\u0443\u043d\u043a\u0446\u0438\u044f \u0431\u043b\u043e\u043a\u0438\u0440\u043e\u0432\u043a\u0438<br \/>\u042d\u043b\u0435\u043a\u0442\u0440\u043e\u043d\u043d\u0430\u044f \u0444\u0443\u043d\u043a\u0446\u0438\u044f \u0437\u0430\u0449\u0438\u0442\u044b \u043e\u0442 \u0434\u0435\u0442\u0435\u0439<br \/>\u0424\u0443\u043d\u043a\u0446\u0438\u044f \u0430\u0432\u0442\u043e\u043c\u0430\u0442\u0438\u0447\u0435\u0441\u043a\u043e\u0433\u043e \u043e\u0442\u043a\u043b\u044e\u0447\u0435\u043d\u0438\u044f \u0434\u0443\u0445\u043e\u0432\u043a\u0438<br \/>\u0418\u043d\u0434\u0438\u043a\u0430\u0442\u043e\u0440 \u043e\u0441\u0442\u0430\u0442\u043e\u0447\u043d\u043e\u0433\u043e \u0442\u0435\u043f\u043b\u0430<br \/>\u0412\u0441\u0442\u0440\u0430\u0438\u0432\u0430\u0435\u043c\u044b\u0435 \u0440\u0435\u0433\u0443\u043b\u044f\u0442\u043e\u0440\u044b<br \/>\u042d\u043b\u0435\u043a\u0442\u0440\u043e\u043d\u043d\u044b\u0435 \u0444\u0443\u043d\u043a\u0446\u0438\u0438 \u0443\u043f\u0440\u0430\u0432\u043b\u0435\u043d\u0438\u044f \u0434\u0443\u0445\u043e\u0432\u043a\u043e\u0439: +<br \/>\u0413\u0430\u043b\u043e\u0433\u0435\u043d\u043d\u0430\u044f \u043f\u043e\u0434\u0441\u0432\u0435\u0442\u043a\u0430 \u0434\u0443\u0445\u043e\u0432\u043a\u0438<br \/>\u041f\u043e\u0434\u0441\u0432\u0435\u0442\u043a\u0430 \u0434\u0443\u0445\u043e\u0432\u043a\u0438 \u0432\u043a\u043b\u044e\u0447\u0430\u0435\u0442\u0441\u044f \u0430\u0432\u0442\u043e\u043c\u0430\u0442\u0438\u0447\u0435\u0441\u043a\u0438 \u043f\u0440\u0438 \u043e\u0442\u043a\u0440\u044b\u0442\u0438\u0438 \u0434\u0432\u0435\u0440\u0446\u044b<br \/>\u0412\u0435\u043d\u0442\u0438\u043b\u044f\u0442\u043e\u0440 \u043e\u0441\u0442\u0430\u043d\u0430\u0432\u043b\u0438\u0432\u0430\u0435\u0442\u0441\u044f \u043f\u0440\u0438 \u043e\u0442\u043a\u0440\u044b\u0442\u0438\u0438 \u0434\u0432\u0435\u0440\u0446\u044b<br \/>\u041e\u0445\u043b\u0430\u0436\u0434\u0430\u044e\u0449\u0438\u0439 \u0432\u0435\u043d\u0442\u0438\u043b\u044f\u0442\u043e\u0440<br \/>\u0412 \u043a\u043e\u043c\u043f\u043b\u0435\u043a\u0442\u0435 \u043f\u043e\u0434\u0434\u043e\u043d\u044b: +<br \/>\u0412 \u043a\u043e\u043c\u043f\u043b\u0435\u043a\u0442\u0435: 1 \u0445\u0440\u043e\u043c\u0438\u0440\u043e\u0432\u0430\u043d\u043d\u0430\u044f \u0440\u0435\u0448\u0435\u0442\u043a\u0430<br \/>\u0414\u0435\u043c\u043e\u043d\u0441\u0442\u0440\u0430\u0446\u0438\u043e\u043d\u043d\u044b\u0439 \u0440\u0435\u0436\u0438\u043c<br \/>\u0414\u043b\u0438\u043d\u0430 \u0441\u0435\u0442\u0435\u0432\u043e\u0433\u043e \u043a\u0430\u0431\u0435\u043b\u044f: 1.5 \u043c<br \/>\u0423\u0434\u043e\u0431\u043d\u044b\u0439 \u0434\u043e\u0441\u0442\u0443\u043f \u043a \u043a\u0430\u0436\u0434\u043e\u043c\u0443 \u0443\u0440\u043e\u0432\u043d\u044e<br \/>\u0425\u0430\u0440\u0430\u043a\u0442\u0435\u0440\u0438\u0441\u0442\u0438\u043a\u0438<br \/>\u0420\u0430\u0437\u043c\u0435\u0440\u044b \u0434\u043b\u044f \u0432\u0441\u0442\u0440\u0430\u0438\u0432\u0430\u043d\u0438\u044f \u0412\u0445\u0428\u0445\u0413, \u043c\u043c 590x560x550<br \/>\u0412\u0445\u0428\u0445\u0413, \u043c\u043c 594x595x567<br \/>\u0426\u0432\u0435\u0442 \u041d\u0435\u0440\u0436\u0430\u0432\u0435\u044e\u0449\u0430\u044f \u0441\u0442\u0430\u043b\u044c \u0441 \u043f\u043e\u043a\u0440\u044b\u0442\u0438\u0435\u043c \u043e\u0442 \u043e\u0442\u043f\u0435\u0447\u0430\u0442\u043a\u043e\u0432 \u043f\u0430\u043b\u044c\u0446\u0435\u0432<br \/>Kontaktdak\u0161a \u201cSchuko\u201d<br \/>\u0414\u043b\u0438\u043d\u0430 \u0448\u043d\u0443\u0440\u0430 \u043f\u0438\u0442\u0430\u043d\u0438\u044f, \u043c 1.5<br \/>\u041e\u0431\u0449\u0430\u044f \u043f\u043e\u0434\u043a\u043b\u044e\u0447\u0430\u0435\u043c\u0430\u044f \u043c\u043e\u0449\u043d\u043e\u0441\u0442\u044c, \u0412\u0442 3500<br \/>\u041d\u0430\u043f\u0440\u044f\u0436\u0435\u043d\u0438\u0435 \u0441\u0435\u0442\u0438, \u0412 230<br \/>\u041f\u0440\u0435\u0434\u043e\u0445\u0440\u0430\u043d\u0438\u0442\u0435\u043b\u044c, \u0410 16<br \/>\u041d\u043e\u043c\u0435\u0440 \u043f\u0440\u043e\u0434\u0443\u043a\u0442\u0430 944 188 666<br \/>\u0421\u0438\u0441\u0442\u0435\u043c\u0430 \u0431\u0435\u0437\u043e\u043f\u0430\u0441\u043d\u043e\u0441\u0442\u0438 \u0434\u0432\u0435\u0440\u0446\u044b \u044d\u043b\u0435\u043a\u0442\u0440\u043e\u043d\u043d\u0430\u044f \u0431\u043b\u043e\u043a\u0438\u0440\u043e\u0432\u043a\u0430 \u0434\u0432\u0435\u0440\u0446\u044b|\u043f\u0438\u0440\u043e\u043b\u0438\u0442\u0438\u0447\u0435\u0441\u043a\u0430\u044f \u0431\u043b\u043e\u043a\u0438\u0440\u043e\u0432\u043a\u0430 \u0434\u0432\u0435\u0440\u0446\u044b<br \/>\u041a\u043b\u0430\u0441\u0441 \u044d\u043d\u0435\u0440\u0433\u043e\u043f\u043e\u0442\u0440\u0435\u0431\u043b\u0435\u043d\u0438\u044f A+<br \/>\u0412\u0435\u0441 \u043f\u0440\u043e\u0434\u0443\u043a\u0442\u0430 36 \/ 35<br \/>\u0427\u0438\u0441\u0442\u044b\u0439 \u043e\u0431\u044a\u0435\u043c, \u043b 71<\/p>","protected":false},"excerpt":{"rendered":"<p>Pre\u010du z\u012bme AEG Produkta kods 944188666Cepe\u0161kr\u0101sns veids ElektriskaEnergoefektivit\u0101tes klase A+Kr\u0101sa Ner\u016bs\u0113jo\u0161a t\u0113raudaCepe\u0161kr\u0101sns tilpums 71 lKop\u0113j\u0101 jauda 3.5 kWEAN 7332543841325Citi parametriAtkaus\u0113\u0161ana IrGrils cepe\u0161kr\u0101snij IrKonvekcija Cepe\u0161kr\u0101sns t\u012br\u012b\u0161anas funkcija Pirol\u012btisk\u0101Cepe\u0161kr\u0101sns apgaismo\u0161ana IrTaimeris IrRe\u017e\u012bmi 9Izm\u0113ri mm (AxPxDz) 594x595x567Piederumi 2 cepe\u0161pannas, 1 re\u017e\u0123is, termozonde video nor\u0101d\u012bt\u0101\/redzam\u0101 specifik\u0101cija\/apraksts var tikai da\u013c\u0113ji atbilst \u0161im modelim. 7000. S\u0112RIJAS SENSECOOK IEB\u016aV\u0112JAMA CEPE\u0160KR\u0100SNS 71 L [&hellip;]<\/p>\n","protected":false},"featured_media":24447,"comment_status":"open","ping_status":"closed","template":"","meta":{"_joinchat":[]},"product_brand":[262],"product_cat":[266],"product_tag":[],"class_list":{"0":"post-22934","1":"product","2":"type-product","3":"status-publish","4":"has-post-thumbnail","6":"product_brand-aeg","7":"product_cat-iebuvejama-sadzives-tehnika-iebuvejamas-cepeskrasnis","9":"first","10":"instock","11":"shipping-taxable","12":"purchasable","13":"product-type-simple"},"_links":{"self":[{"href":"https:\/\/emeniro.lovehorses.lv\/ru\/wp-json\/wp\/v2\/product\/22934","targetHints":{"allow":["GET"]}}],"collection":[{"href":"https:\/\/emeniro.lovehorses.lv\/ru\/wp-json\/wp\/v2\/product"}],"about":[{"href":"https:\/\/emeniro.lovehorses.lv\/ru\/wp-json\/wp\/v2\/types\/product"}],"replies":[{"embeddable":true,"href":"https:\/\/emeniro.lovehorses.lv\/ru\/wp-json\/wp\/v2\/comments?post=22934"}],"wp:featuredmedia":[{"embeddable":true,"href":"https:\/\/emeniro.lovehorses.lv\/ru\/wp-json\/wp\/v2\/media\/24447"}],"wp:attachment":[{"href":"https:\/\/emeniro.lovehorses.lv\/ru\/wp-json\/wp\/v2\/media?parent=22934"}],"wp:term":[{"taxonomy":"product_brand","embeddable":true,"href":"https:\/\/emeniro.lovehorses.lv\/ru\/wp-json\/wp\/v2\/product_brand?post=22934"},{"taxonomy":"product_cat","embeddable":true,"href":"https:\/\/emeniro.lovehorses.lv\/ru\/wp-json\/wp\/v2\/product_cat?post=22934"},{"taxonomy":"product_tag","embeddable":true,"href":"https:\/\/emeniro.lovehorses.lv\/ru\/wp-json\/wp\/v2\/product_tag?post=22934"}],"curies":[{"name":"wp","href":"https:\/\/api.w.org\/{rel}","templated":true}]}}