{"id":23837,"date":"2026-04-30T21:56:19","date_gmt":"2026-04-30T21:56:19","guid":{"rendered":"https:\/\/emeniro.lovehorses.lv\/product\/xiaomi-robot-vacuum-h40\/"},"modified":"2026-04-30T21:56:19","modified_gmt":"2026-04-30T21:56:19","slug":"xiaomi-robot-vacuum-h40","status":"publish","type":"product","link":"https:\/\/emeniro.lovehorses.lv\/ru\/product\/xiaomi-robot-vacuum-h40\/","title":{"rendered":"Xiaomi \u0420\u043e\u0431\u043e\u0442-\u043f\u044b\u043b\u0435\u0441\u043e\u0441 H40"},"content":{"rendered":"<p>Produkta veids\u00a0 \u00a0 \u00a0Putek\u013cu s\u016bc\u0113js robots<\/p>\n<p>Z\u012bmols\u00a0 \u00a0 \u00a0Xiaomi<br \/>Modelis\u00a0 \u00a0 \u00a0Robot Vacuum H40<br \/>Garums\u00a0 \u00a0 \u00a034 cm<br \/>Platums\u00a0 \u00a0 \u00a034 cm<br \/>Augstums\u00a0 \u00a0 \u00a09.7 cm<br \/>Svars\u00a0 \u00a0 \u00a03.4 kg<br \/>Kr\u0101sa\u00a0 \u00a0 \u00a0Balta<br \/>Akumulatora tips\u00a0 \u00a0 \u00a0Li-Ion<br \/>Akumulatora kapacit\u0101te\u00a0 \u00a0 \u00a05200 mAh<br \/>Uzl\u0101des laiks\u00a0 \u00a0 \u00a0300 min<br \/>Darb\u012bbas ilgums p\u0113c uzl\u0101des\u00a0 \u00a0 \u00a0180 min<br \/>Maksim\u0101lais sliek\u0161\u0146a augstums\u00a0 \u00a0 \u00a02 cm<br \/>\u0160\u0137\u0113r\u0161\u013ca noteik\u0161ana\u00a0 \u00a0 \u00a0L\u0101zera r\u0101d\u012bt\u0101js<br \/>Trok\u0161\u0146a l\u012bmenis\u00a0 \u00a0 \u00a020 dB<br \/>S\u016bk\u0161anas jauda\u00a0 \u00a0 \u00a070 W<br \/>S\u016bk\u0161anas jauda, kPa\u00a0 \u00a0 \u00a010<br \/>\u016adens tvertnes tilpums\u00a0 \u00a0 \u00a00.21 l<br \/>Slapj\u0101s t\u012br\u012b\u0161anas sist\u0113ma\u00a0 \u00a0 \u00a0J\u0101<br \/>Navig\u0101cija ar iek\u0161telpu karti\u00a0 \u00a0 \u00a0J\u0101<br \/>S\u0101nu birstes skaits\u00a0 \u00a0 \u00a01<br \/>Autom\u0101tiska atgrie\u0161an\u0101s\u00a0 \u00a0 \u00a0J\u0101<br \/>Komplekts\u00a0 \u00a0 \u00a0Lietot\u0101ja rokasgr\u0101mata, robots putek\u013cs\u016bc\u0113js, galven\u0101 birstes galva, \u016bdens tvertne, galven\u0101s birstes p\u0101rsegs, putek\u013cu konteiners, garantijas dokuments, \u0101tr\u0101s lieto\u0161anas pam\u0101c\u012bba, b\u0101ze, 2 s\u0101nu birstes, pa\u0161att\u012br\u012b\u0161an\u0101s dokstacija uzl\u0101dei\u00a0<\/p><\/p>","protected":false},"excerpt":{"rendered":"<p>Produkta veids\u00a0 \u00a0 \u00a0Putek\u013cu s\u016bc\u0113js robots Z\u012bmols\u00a0 \u00a0 \u00a0XiaomiModelis\u00a0 \u00a0 \u00a0Robot Vacuum H40Garums\u00a0 \u00a0 \u00a034 cmPlatums\u00a0 \u00a0 \u00a034 cmAugstums\u00a0 \u00a0 \u00a09.7 cmSvars\u00a0 \u00a0 \u00a03.4 kgKr\u0101sa\u00a0 \u00a0 \u00a0BaltaAkumulatora tips\u00a0 \u00a0 \u00a0Li-IonAkumulatora kapacit\u0101te\u00a0 \u00a0 \u00a05200 mAhUzl\u0101des laiks\u00a0 \u00a0 \u00a0300 minDarb\u012bbas ilgums p\u0113c uzl\u0101des\u00a0 \u00a0 \u00a0180 minMaksim\u0101lais sliek\u0161\u0146a augstums\u00a0 \u00a0 \u00a02 cm\u0160\u0137\u0113r\u0161\u013ca noteik\u0161ana\u00a0 \u00a0 \u00a0L\u0101zera r\u0101d\u012bt\u0101jsTrok\u0161\u0146a l\u012bmenis\u00a0 \u00a0 [&hellip;]<\/p>\n","protected":false},"featured_media":23829,"comment_status":"open","ping_status":"closed","template":"","meta":{"_joinchat":[]},"product_brand":[329],"product_cat":[282],"product_tag":[],"class_list":{"0":"post-23837","1":"product","2":"type-product","3":"status-publish","4":"has-post-thumbnail","6":"product_brand-xiaomi","7":"product_cat-sadzives-tehnika-puteklu-suceji","9":"first","10":"instock","11":"shipping-taxable","12":"purchasable","13":"product-type-simple"},"_links":{"self":[{"href":"https:\/\/emeniro.lovehorses.lv\/ru\/wp-json\/wp\/v2\/product\/23837","targetHints":{"allow":["GET"]}}],"collection":[{"href":"https:\/\/emeniro.lovehorses.lv\/ru\/wp-json\/wp\/v2\/product"}],"about":[{"href":"https:\/\/emeniro.lovehorses.lv\/ru\/wp-json\/wp\/v2\/types\/product"}],"replies":[{"embeddable":true,"href":"https:\/\/emeniro.lovehorses.lv\/ru\/wp-json\/wp\/v2\/comments?post=23837"}],"wp:featuredmedia":[{"embeddable":true,"href":"https:\/\/emeniro.lovehorses.lv\/ru\/wp-json\/wp\/v2\/media\/23829"}],"wp:attachment":[{"href":"https:\/\/emeniro.lovehorses.lv\/ru\/wp-json\/wp\/v2\/media?parent=23837"}],"wp:term":[{"taxonomy":"product_brand","embeddable":true,"href":"https:\/\/emeniro.lovehorses.lv\/ru\/wp-json\/wp\/v2\/product_brand?post=23837"},{"taxonomy":"product_cat","embeddable":true,"href":"https:\/\/emeniro.lovehorses.lv\/ru\/wp-json\/wp\/v2\/product_cat?post=23837"},{"taxonomy":"product_tag","embeddable":true,"href":"https:\/\/emeniro.lovehorses.lv\/ru\/wp-json\/wp\/v2\/product_tag?post=23837"}],"curies":[{"name":"wp","href":"https:\/\/api.w.org\/{rel}","templated":true}]}}