{"id":24251,"date":"2026-04-30T22:06:57","date_gmt":"2026-04-30T22:06:57","guid":{"rendered":"https:\/\/emeniro.lovehorses.lv\/product\/makita-ur006gz02\/"},"modified":"2026-04-30T22:06:57","modified_gmt":"2026-04-30T22:06:57","slug":"makita-ur006gz02","status":"publish","type":"product","link":"https:\/\/emeniro.lovehorses.lv\/ru\/product\/makita-ur006gz02\/","title":{"rendered":"Makita UR006GZ02"},"content":{"rendered":"<p>Produkta veids\u00a0\u00a0\u00a0\u00a0 Trimmer<\/p>\n<p>Z\u012bmols\u00a0\u00a0\u00a0\u00a0 Makita<br \/>Modelis\u00a0\u00a0\u00a0\u00a0 UR006GZ02<br \/>Garums\u00a0\u00a0\u00a0\u00a0 181.5 cm<br \/>Platums\u00a0\u00a0\u00a0\u00a0 67.7 cm<br \/>Augstums\u00a0\u00a0\u00a0\u00a0 54 cm<br \/>Kr\u0101sa\u00a0\u00a0\u00a0\u00a0 Zila<br \/>Materi\u0101ls\u00a0\u00a0\u00a0\u00a0 Alum\u012bnijs, Plastmasa<br \/>Jauda\u00a0\u00a0\u00a0\u00a0 1000 W<br \/>\u0160\u0137\u0113ru tips\u00a0\u00a0\u00a0\u00a0 Akumulatora<br \/>Svars\u00a0\u00a0\u00a0\u00a0 4.9 kg<br \/>Sliedes garums\u00a0\u00a0\u00a0\u00a0 43 cm<br \/>Akumulators iek\u013cauts komplekt\u0101\u00a0\u00a0\u00a0\u00a0 N\u0113<br \/>Akumulatora tips\u00a0\u00a0\u00a0\u00a0 Li-Ion<br \/>Akumulatora spriegums\u00a0\u00a0\u00a0\u00a0 40 V<br \/>L\u0101d\u0113t\u0101js iek\u013cauts\u00a0\u00a0\u00a0\u00a0 N\u0113<br \/>Regul\u0113jams rokturis\u00a0\u00a0\u00a0\u00a0 J\u0101<br \/>Na\u017ea maksts\u00a0\u00a0\u00a0\u00a0 N\u0113<br \/>Izcelsmes valsts\u00a0\u00a0\u00a0\u00a0 \u0136\u012bna<\/p><\/p>","protected":false},"excerpt":{"rendered":"<p>Produkta veids\u00a0\u00a0\u00a0\u00a0 Trimmer Z\u012bmols\u00a0\u00a0\u00a0\u00a0 MakitaModelis\u00a0\u00a0\u00a0\u00a0 UR006GZ02Garums\u00a0\u00a0\u00a0\u00a0 181.5 cmPlatums\u00a0\u00a0\u00a0\u00a0 67.7 cmAugstums\u00a0\u00a0\u00a0\u00a0 54 cmKr\u0101sa\u00a0\u00a0\u00a0\u00a0 ZilaMateri\u0101ls\u00a0\u00a0\u00a0\u00a0 Alum\u012bnijs, PlastmasaJauda\u00a0\u00a0\u00a0\u00a0 1000 W\u0160\u0137\u0113ru tips\u00a0\u00a0\u00a0\u00a0 AkumulatoraSvars\u00a0\u00a0\u00a0\u00a0 4.9 kgSliedes garums\u00a0\u00a0\u00a0\u00a0 43 cmAkumulators iek\u013cauts komplekt\u0101\u00a0\u00a0\u00a0\u00a0 N\u0113Akumulatora tips\u00a0\u00a0\u00a0\u00a0 Li-IonAkumulatora spriegums\u00a0\u00a0\u00a0\u00a0 40 VL\u0101d\u0113t\u0101js iek\u013cauts\u00a0\u00a0\u00a0\u00a0 N\u0113Regul\u0113jams rokturis\u00a0\u00a0\u00a0\u00a0 J\u0101Na\u017ea maksts\u00a0\u00a0\u00a0\u00a0 N\u0113Izcelsmes valsts\u00a0\u00a0\u00a0\u00a0 \u0136\u012bna<\/p>","protected":false},"featured_media":24243,"comment_status":"open","ping_status":"closed","template":"","meta":[],"product_brand":[],"product_cat":[335],"product_tag":[],"class_list":{"0":"post-24251","1":"product","2":"type-product","3":"status-publish","4":"has-post-thumbnail","6":"product_cat-darza-tehnika-akumulatora-zales-plaveji","8":"first","9":"instock","10":"shipping-taxable","11":"purchasable","12":"product-type-simple"},"_links":{"self":[{"href":"https:\/\/emeniro.lovehorses.lv\/ru\/wp-json\/wp\/v2\/product\/24251","targetHints":{"allow":["GET"]}}],"collection":[{"href":"https:\/\/emeniro.lovehorses.lv\/ru\/wp-json\/wp\/v2\/product"}],"about":[{"href":"https:\/\/emeniro.lovehorses.lv\/ru\/wp-json\/wp\/v2\/types\/product"}],"replies":[{"embeddable":true,"href":"https:\/\/emeniro.lovehorses.lv\/ru\/wp-json\/wp\/v2\/comments?post=24251"}],"wp:featuredmedia":[{"embeddable":true,"href":"https:\/\/emeniro.lovehorses.lv\/ru\/wp-json\/wp\/v2\/media\/24243"}],"wp:attachment":[{"href":"https:\/\/emeniro.lovehorses.lv\/ru\/wp-json\/wp\/v2\/media?parent=24251"}],"wp:term":[{"taxonomy":"product_brand","embeddable":true,"href":"https:\/\/emeniro.lovehorses.lv\/ru\/wp-json\/wp\/v2\/product_brand?post=24251"},{"taxonomy":"product_cat","embeddable":true,"href":"https:\/\/emeniro.lovehorses.lv\/ru\/wp-json\/wp\/v2\/product_cat?post=24251"},{"taxonomy":"product_tag","embeddable":true,"href":"https:\/\/emeniro.lovehorses.lv\/ru\/wp-json\/wp\/v2\/product_tag?post=24251"}],"curies":[{"name":"wp","href":"https:\/\/api.w.org\/{rel}","templated":true}]}}