{"id":24473,"date":"2026-04-30T22:12:18","date_gmt":"2026-04-30T22:12:18","guid":{"rendered":"https:\/\/emeniro.lovehorses.lv\/product\/sharp-r20ds\/"},"modified":"2026-04-30T22:12:18","modified_gmt":"2026-04-30T22:12:18","slug":"sharp-r20ds","status":"publish","type":"product","link":"https:\/\/emeniro.lovehorses.lv\/ru\/product\/sharp-r20ds\/","title":{"rendered":"Sharp R20DS"},"content":{"rendered":"<\/p>\n<p>\u0422\u043e\u0440\u0433\u043e\u0432\u0430\u044f \u043c\u0430\u0440\u043a\u0430 Sharp<br \/>\u0426\u0432\u0435\u0442 \u0421\u0435\u0440\u0435\u0431\u0440\u043e<br \/>\u041e\u0431\u044a\u0435\u043c 20 \u043b<br \/>\u0420\u0430\u0437\u043c\u0435\u0440\u044b, \u0432\u0435\u0441<br \/>\u0420\u0430\u0437\u043c\u0435\u0440 (\u0428x\u0412x\u0413) \u043c\u043c 440x256x345<br \/>\u0412\u0435\u0441 11 \u043a\u0433<br \/>\u041f\u0430\u0440\u0430\u043c\u0435\u0442\u0440\u044b \u043c\u0438\u043a\u0440\u043e\u0432\u043e\u043b\u043d\u043e\u0432\u043e\u0439 \u043f\u0435\u0447\u0438<br \/>\u0423\u043f\u0440\u0430\u0432\u043b\u0435\u043d\u0438\u0435 \u041c\u0435\u0445\u0430\u043d\u0438\u0447\u0435\u0441\u043a\u043e\u0435<br \/>\u041c\u043e\u0449\u043d\u043e\u0441\u0442\u044c \u043c\u0438\u043a\u0440\u043e\u0432\u043e\u043b\u043d 800 \u0412\u0442<br \/>Grila jauda (W) \u2013<br \/>\u0422\u0430\u0439\u043c\u0435\u0440 \u0415\u0441\u0442\u044c<\/p>","protected":false},"excerpt":{"rendered":"<p>Pre\u010du z\u012bme SharpKr\u0101sa SudrabaTilpums 20 lIzm\u0113ri, svarsIzm\u0113rs (PxAxDz) mm 440x256x345Svars 11 kgMikrovi\u013c\u0146u kr\u0101sns parametriVad\u012bba Meh\u0101niskaMikrovi\u013c\u0146u izejas jauda 800 WGrila jauda (W) \u2013Taimeris Ir<\/p>","protected":false},"featured_media":24472,"comment_status":"open","ping_status":"closed","template":"","meta":{"_joinchat":[]},"product_brand":[339],"product_cat":[273],"product_tag":[],"class_list":{"0":"post-24473","1":"product","2":"type-product","3":"status-publish","4":"has-post-thumbnail","6":"product_brand-sharp","7":"product_cat-sadzives-tehnika-mikrovilnu-krasnis","9":"first","10":"instock","11":"shipping-taxable","12":"purchasable","13":"product-type-simple"},"_links":{"self":[{"href":"https:\/\/emeniro.lovehorses.lv\/ru\/wp-json\/wp\/v2\/product\/24473","targetHints":{"allow":["GET"]}}],"collection":[{"href":"https:\/\/emeniro.lovehorses.lv\/ru\/wp-json\/wp\/v2\/product"}],"about":[{"href":"https:\/\/emeniro.lovehorses.lv\/ru\/wp-json\/wp\/v2\/types\/product"}],"replies":[{"embeddable":true,"href":"https:\/\/emeniro.lovehorses.lv\/ru\/wp-json\/wp\/v2\/comments?post=24473"}],"wp:featuredmedia":[{"embeddable":true,"href":"https:\/\/emeniro.lovehorses.lv\/ru\/wp-json\/wp\/v2\/media\/24472"}],"wp:attachment":[{"href":"https:\/\/emeniro.lovehorses.lv\/ru\/wp-json\/wp\/v2\/media?parent=24473"}],"wp:term":[{"taxonomy":"product_brand","embeddable":true,"href":"https:\/\/emeniro.lovehorses.lv\/ru\/wp-json\/wp\/v2\/product_brand?post=24473"},{"taxonomy":"product_cat","embeddable":true,"href":"https:\/\/emeniro.lovehorses.lv\/ru\/wp-json\/wp\/v2\/product_cat?post=24473"},{"taxonomy":"product_tag","embeddable":true,"href":"https:\/\/emeniro.lovehorses.lv\/ru\/wp-json\/wp\/v2\/product_tag?post=24473"}],"curies":[{"name":"wp","href":"https:\/\/api.w.org\/{rel}","templated":true}]}}