{"id":24486,"date":"2026-04-30T22:13:08","date_gmt":"2026-04-30T22:13:08","guid":{"rendered":"https:\/\/emeniro.lovehorses.lv\/product\/whirlpool-oakz-97921-cs-nb-oakz97921csnb\/"},"modified":"2026-04-30T22:13:08","modified_gmt":"2026-04-30T22:13:08","slug":"whirlpool-oakz-97921-cs-nb-oakz97921csnb","status":"publish","type":"product","link":"https:\/\/emeniro.lovehorses.lv\/ru\/product\/whirlpool-oakz-97921-cs-nb-oakz97921csnb\/","title":{"rendered":"Whirlpool OAKZ 97921 CS NB (OAKZ97921CSNB)"},"content":{"rendered":"<p>\u0411\u0440\u0435\u043d\u0434 Whirlpool<\/p>\n<p>\u0422\u0438\u043f \u0434\u0443\u0445\u043e\u0432\u043a\u0438 \u042d\u043b\u0435\u043a\u0442\u0440\u0438\u0447\u0435\u0441\u043a\u0430\u044f<br \/>\u041a\u043b\u0430\u0441\u0441 \u044d\u043d\u0435\u0440\u0433\u043e\u044d\u0444\u0444\u0435\u043a\u0442\u0438\u0432\u043d\u043e\u0441\u0442\u0438 A+<br \/>\u0426\u0432\u0435\u0442 \u0427\u0435\u0440\u043d\u044b\u0439<br \/>\u041e\u0431\u044a\u0435\u043c \u0434\u0443\u0445\u043e\u0432\u043a\u0438 73 \u043b<br \/>\u0412\u0435\u0441 33 \u043a\u0433<br \/>\u0412\u0435\u0441 \u0441 \u0443\u043f\u0430\u043a\u043e\u0432\u043a\u043e\u0439 35 \u043a\u0433<br \/>\u0414\u0440\u0443\u0433\u0438\u0435 \u043f\u0430\u0440\u0430\u043c\u0435\u0442\u0440\u044b<br \/>\u0424\u0443\u043d\u043a\u0446\u0438\u044f \u043e\u0447\u0438\u0441\u0442\u043a\u0438 \u0434\u0443\u0445\u043e\u0432\u043a\u0438 \u041a\u0430\u0442\u0430\u043b\u0438\u0442\u0438\u0447\u0435\u0441\u043a\u0430\u044f<br \/>\u041f\u043e\u0434\u0441\u0432\u0435\u0442\u043a\u0430 \u0434\u0443\u0445\u043e\u0432\u043a\u0438 \u0415\u0441\u0442\u044c<br \/>\u0422\u0430\u0439\u043c\u0435\u0440 \u0415\u0441\u0442\u044c<br \/>\u0420\u0430\u0437\u043c\u0435\u0440\u044b \u043c\u043c (\u0412\u0445\u0428\u0445\u0413) 595x595x564<br \/>\u041a\u043e\u043c\u043f\u043b\u0435\u043a\u0442\u0430\u0446\u0438\u044f 1 \u0441\u0442\u0430\u043d\u0434\u0430\u0440\u0442\u043d\u044b\u0439 \u043f\u0440\u043e\u0442\u0438\u0432\u0435\u043d\u044c, 1 \u0433\u043b\u0443\u0431\u043e\u043a\u0438\u0439 \u043f\u0440\u043e\u0442\u0438\u0432\u0435\u043d\u044c, 1 \u0440\u0435\u0448\u0435\u0442\u043a\u0430<br \/>\u0414\u043e\u043f\u043e\u043b\u043d\u0438\u0442\u0435\u043b\u044c\u043d\u0430\u044f \u0438\u043d\u0444\u043e\u0440\u043c\u0430\u0446\u0438\u044f \u0413\u0440\u0438\u043b\u044c, \u043a\u043e\u043d\u0432\u0435\u043a\u0446\u0438\u044f, 6-\u044f \u0444\u0443\u043d\u043a\u0446\u0438\u044f, \u0444\u0443\u043d\u043a\u0446\u0438\u044f Cook3 \u043f\u043e\u0437\u0432\u043e\u043b\u044f\u0435\u0442 \u043e\u0434\u043d\u043e\u0432\u0440\u0435\u043c\u0435\u043d\u043d\u043e \u0433\u043e\u0442\u043e\u0432\u0438\u0442\u044c \u0442\u0440\u0438 \u043e\u0442\u0434\u0435\u043b\u044c\u043d\u044b\u0445 \u0431\u043b\u044e\u0434\u0430, \u043d\u0435 \u0440\u0438\u0441\u043a\u0443\u044f \u0441\u043c\u0435\u0448\u0430\u0442\u044c \u0430\u0440\u043e\u043c\u0430\u0442\u044b<\/p>","protected":false},"excerpt":{"rendered":"<p>Pre\u010du z\u012bme Whirlpool Cepe\u0161kr\u0101sns veids ElektriskaEnergoefektivit\u0101tes klase A+Kr\u0101sa MelnaCepe\u0161kr\u0101sns tilpums 73 lSvars 33 kgSvars ar iepakojumu 35 kgCiti parametriCepe\u0161kr\u0101sns t\u012br\u012b\u0161anas funkcija Katal\u012btisk\u0101Cepe\u0161kr\u0101sns apgaismo\u0161ana IrTaimeris IrIzm\u0113ri mm (AxPxDz) 595x595x564Piederumi 1 standarta panna, 1 dzi\u013c\u0101 panna, 1 re\u017e\u0123isPapildus inform\u0101cija Grils, konvekcija, 6.pr\u0101ts, Cook3 funkcija \u013cauj vienlaikus pagatavot tr\u012bs atsevi\u0161\u0137us \u0113dienus, nerisk\u0113jot sajaukt arom\u0101tus<\/p>","protected":false},"featured_media":24483,"comment_status":"open","ping_status":"closed","template":"","meta":{"_joinchat":[]},"product_brand":[286],"product_cat":[266],"product_tag":[],"class_list":{"0":"post-24486","1":"product","2":"type-product","3":"status-publish","4":"has-post-thumbnail","6":"product_brand-whirlpool","7":"product_cat-iebuvejama-sadzives-tehnika-iebuvejamas-cepeskrasnis","9":"first","10":"instock","11":"shipping-taxable","12":"purchasable","13":"product-type-simple"},"_links":{"self":[{"href":"https:\/\/emeniro.lovehorses.lv\/ru\/wp-json\/wp\/v2\/product\/24486","targetHints":{"allow":["GET"]}}],"collection":[{"href":"https:\/\/emeniro.lovehorses.lv\/ru\/wp-json\/wp\/v2\/product"}],"about":[{"href":"https:\/\/emeniro.lovehorses.lv\/ru\/wp-json\/wp\/v2\/types\/product"}],"replies":[{"embeddable":true,"href":"https:\/\/emeniro.lovehorses.lv\/ru\/wp-json\/wp\/v2\/comments?post=24486"}],"wp:featuredmedia":[{"embeddable":true,"href":"https:\/\/emeniro.lovehorses.lv\/ru\/wp-json\/wp\/v2\/media\/24483"}],"wp:attachment":[{"href":"https:\/\/emeniro.lovehorses.lv\/ru\/wp-json\/wp\/v2\/media?parent=24486"}],"wp:term":[{"taxonomy":"product_brand","embeddable":true,"href":"https:\/\/emeniro.lovehorses.lv\/ru\/wp-json\/wp\/v2\/product_brand?post=24486"},{"taxonomy":"product_cat","embeddable":true,"href":"https:\/\/emeniro.lovehorses.lv\/ru\/wp-json\/wp\/v2\/product_cat?post=24486"},{"taxonomy":"product_tag","embeddable":true,"href":"https:\/\/emeniro.lovehorses.lv\/ru\/wp-json\/wp\/v2\/product_tag?post=24486"}],"curies":[{"name":"wp","href":"https:\/\/api.w.org\/{rel}","templated":true}]}}