{"id":24525,"date":"2026-04-30T22:15:15","date_gmt":"2026-04-30T22:15:15","guid":{"rendered":"https:\/\/emeniro.lovehorses.lv\/product\/xiaomi-e10c\/"},"modified":"2026-04-30T22:15:15","modified_gmt":"2026-04-30T22:15:15","slug":"xiaomi-e10c","status":"publish","type":"product","link":"https:\/\/emeniro.lovehorses.lv\/ru\/product\/xiaomi-e10c\/","title":{"rendered":"Xiaomi E10C"},"content":{"rendered":"<p>Produkta veids\u00a0 \u00a0 \u00a0Putek\u013cu s\u016bc\u0113js robots<\/p>\n<p>Z\u012bmols\u00a0 \u00a0 \u00a0Xiaomi<br \/>Modelis\u00a0 \u00a0 \u00a0E10C<br \/>Augstums\u00a0 \u00a0 \u00a08 cm<br \/>Svars\u00a0 \u00a0 \u00a02 kg<br \/>Kr\u0101sa\u00a0 \u00a0 \u00a0Melna<br \/>Akumulatora tips\u00a0 \u00a0 \u00a0Li-Ion<br \/>Uzl\u0101des laiks\u00a0 \u00a0 \u00a0360 min<br \/>Darb\u012bbas ilgums p\u0113c uzl\u0101des\u00a0 \u00a0 \u00a0110 min<br \/>Putek\u013cu tvertnes tilpums\u00a0 \u00a0 \u00a00.4 l<br \/>Maksim\u0101lais sliek\u0161\u0146a augstums\u00a0 \u00a0 \u00a01.5 cm<br \/>\u0160\u0137\u0113r\u0161\u013ca noteik\u0161ana\u00a0 \u00a0 \u00a0Sensoru<br \/>Trok\u0161\u0146a l\u012bmenis\u00a0 \u00a0 \u00a055 dB<br \/>\u016adens tvertnes tilpums\u00a0 \u00a0 \u00a00.2 l<br \/>Slapj\u0101s t\u012br\u012b\u0161anas sist\u0113ma\u00a0 \u00a0 \u00a0J\u0101<br \/>Navig\u0101cija ar iek\u0161telpu karti\u00a0 \u00a0 \u00a0J\u0101<br \/>Autom\u0101tiska atgrie\u0161an\u0101s\u00a0 \u00a0 \u00a0J\u0101<\/p><\/p>","protected":false},"excerpt":{"rendered":"<p>Produkta veids\u00a0 \u00a0 \u00a0Putek\u013cu s\u016bc\u0113js robots Z\u012bmols\u00a0 \u00a0 \u00a0XiaomiModelis\u00a0 \u00a0 \u00a0E10CAugstums\u00a0 \u00a0 \u00a08 cmSvars\u00a0 \u00a0 \u00a02 kgKr\u0101sa\u00a0 \u00a0 \u00a0MelnaAkumulatora tips\u00a0 \u00a0 \u00a0Li-IonUzl\u0101des laiks\u00a0 \u00a0 \u00a0360 minDarb\u012bbas ilgums p\u0113c uzl\u0101des\u00a0 \u00a0 \u00a0110 minPutek\u013cu tvertnes tilpums\u00a0 \u00a0 \u00a00.4 lMaksim\u0101lais sliek\u0161\u0146a augstums\u00a0 \u00a0 \u00a01.5 cm\u0160\u0137\u0113r\u0161\u013ca noteik\u0161ana\u00a0 \u00a0 \u00a0SensoruTrok\u0161\u0146a l\u012bmenis\u00a0 \u00a0 \u00a055 dB\u016adens tvertnes tilpums\u00a0 \u00a0 \u00a00.2 lSlapj\u0101s t\u012br\u012b\u0161anas [&hellip;]<\/p>\n","protected":false},"featured_media":24517,"comment_status":"open","ping_status":"closed","template":"","meta":{"_joinchat":[]},"product_brand":[329],"product_cat":[282],"product_tag":[],"class_list":{"0":"post-24525","1":"product","2":"type-product","3":"status-publish","4":"has-post-thumbnail","6":"product_brand-xiaomi","7":"product_cat-sadzives-tehnika-puteklu-suceji","9":"first","10":"instock","11":"shipping-taxable","12":"purchasable","13":"product-type-simple"},"_links":{"self":[{"href":"https:\/\/emeniro.lovehorses.lv\/ru\/wp-json\/wp\/v2\/product\/24525","targetHints":{"allow":["GET"]}}],"collection":[{"href":"https:\/\/emeniro.lovehorses.lv\/ru\/wp-json\/wp\/v2\/product"}],"about":[{"href":"https:\/\/emeniro.lovehorses.lv\/ru\/wp-json\/wp\/v2\/types\/product"}],"replies":[{"embeddable":true,"href":"https:\/\/emeniro.lovehorses.lv\/ru\/wp-json\/wp\/v2\/comments?post=24525"}],"wp:featuredmedia":[{"embeddable":true,"href":"https:\/\/emeniro.lovehorses.lv\/ru\/wp-json\/wp\/v2\/media\/24517"}],"wp:attachment":[{"href":"https:\/\/emeniro.lovehorses.lv\/ru\/wp-json\/wp\/v2\/media?parent=24525"}],"wp:term":[{"taxonomy":"product_brand","embeddable":true,"href":"https:\/\/emeniro.lovehorses.lv\/ru\/wp-json\/wp\/v2\/product_brand?post=24525"},{"taxonomy":"product_cat","embeddable":true,"href":"https:\/\/emeniro.lovehorses.lv\/ru\/wp-json\/wp\/v2\/product_cat?post=24525"},{"taxonomy":"product_tag","embeddable":true,"href":"https:\/\/emeniro.lovehorses.lv\/ru\/wp-json\/wp\/v2\/product_tag?post=24525"}],"curies":[{"name":"wp","href":"https:\/\/api.w.org\/{rel}","templated":true}]}}