{"id":24701,"date":"2026-04-30T22:19:11","date_gmt":"2026-04-30T22:19:11","guid":{"rendered":"https:\/\/emeniro.lovehorses.lv\/product\/electrolux-ess43210sw-45cm\/"},"modified":"2026-04-30T22:19:11","modified_gmt":"2026-04-30T22:19:11","slug":"electrolux-ess43210sw-45cm","status":"publish","type":"product","link":"https:\/\/emeniro.lovehorses.lv\/ru\/product\/electrolux-ess43210sw-45cm\/","title":{"rendered":"Electrolux ESS43210SW 45 \u0441\u043c"},"content":{"rendered":"<p>\u0411\u0440\u0435\u043d\u0434 Electrolux<\/p>\n<p>\u0420\u0430\u0437\u043c\u0435\u0440 45 \u0441\u043c \u0448\u0438\u0440\u0438\u043d\u0430<br \/>\u0426\u0432\u0435\u0442 \u0411\u0435\u043b\u044b\u0439<br \/>\u041a\u043e\u0434 \u043f\u0440\u043e\u0434\u0443\u043a\u0442\u0430 911054087<br \/>EAN 7332543989737<br \/>\u041d\u043e\u0432\u0430\u044f \u044d\u043d\u0435\u0440\u0433\u0435\u0442\u0438\u0447\u0435\u0441\u043a\u0430\u044f \u043c\u0430\u0440\u043a\u0438\u0440\u043e\u0432\u043a\u0430 \u0441 2021 \u0433\u043e\u0434\u0430<br \/>\u041a\u043b\u0430\u0441\u0441 \u044d\u043d\u0435\u0440\u0433\u043e\u044d\u0444\u0444\u0435\u043a\u0442\u0438\u0432\u043d\u043e\u0441\u0442\u0438 E<br \/>\u041f\u043e\u0442\u0440\u0435\u0431\u043b\u0435\u043d\u0438\u0435 \u044d\u043b\u0435\u043a\u0442\u0440\u043e\u044d\u043d\u0435\u0440\u0433\u0438\u0438 \u0437\u0430 100 \u0446\u0438\u043a\u043b\u043e\u0432 \u043c\u044b\u0442\u044c\u044f 75 \u043a\u0412\u0442\u00b7\u0447<br \/>\u0401\u043c\u043a\u043e\u0441\u0442\u044c<br \/>\u041a\u043e\u043b\u0438\u0447\u0435\u0441\u0442\u0432\u043e \u043f\u0440\u0435\u0434\u043c\u0435\u0442\u043e\u0432 \u0432 \u043d\u0430\u0431\u043e\u0440\u0435 10<br \/>\u041c\u043e\u0439\u043a\u0430<br \/>\u0420\u0430\u0441\u0445\u043e\u0434 \u0432\u043e\u0434\u044b \u0437\u0430 \u043e\u0434\u0438\u043d \u0446\u0438\u043a\u043b \u043c\u044b\u0442\u044c\u044f 9.9 \u043b<br \/>\u0414\u043b\u0438\u0442\u0435\u043b\u044c\u043d\u043e\u0441\u0442\u044c \u044d\u043a\u043e\u043d\u043e\u043c\u0438\u0447\u043d\u043e\u0439 \u043f\u0440\u043e\u0433\u0440\u0430\u043c\u043c\u044b (\u0447\u0430\u0441\u044b : \u043c\u0438\u043d\u0443\u0442\u044b) 4:00<br \/>\u0423\u0440\u043e\u0432\u0435\u043d\u044c \u0448\u0443\u043c\u0430 46 \u0434\u0411<br \/>\u041a\u043b\u0430\u0441\u0441 \u0430\u043a\u0443\u0441\u0442\u0438\u0447\u0435\u0441\u043a\u043e\u0433\u043e \u0448\u0443\u043c\u0430 \u044d\u043c\u0438\u0441\u0441\u0438\u0438 C<br \/>\u0420\u0430\u0437\u043c\u0435\u0440\u044b, \u0432\u0435\u0441<br \/>\u0412\u044b\u0441\u043e\u0442\u0430 85 \u0441\u043c<br \/>\u0428\u0438\u0440\u0438\u043d\u0430 45 \u0441\u043c<br \/>\u0413\u043b\u0443\u0431\u0438\u043d\u0430 61,5 \u0441\u043c<br \/>\u0423\u043f\u0440\u0430\u0432\u043b\u0435\u043d\u0438\u0435<br \/>\u0423\u043f\u0440\u0430\u0432\u043b\u0435\u043d\u0438\u0435 \u042d\u043b\u0435\u043a\u0442\u0440\u043e\u043d\u043d\u043e\u0435<br \/>\u0414\u0440\u0443\u0433\u0438\u0435 \u043f\u0430\u0440\u0430\u043c\u0435\u0442\u0440\u044b<br \/>\u041a\u043e\u043b\u0438\u0447\u0435\u0441\u0442\u0432\u043e \u043a\u043e\u0440\u0437\u0438\u043d 3<br \/>\u041a\u043e\u043b\u0438\u0447\u0435\u0441\u0442\u0432\u043e \u043f\u0440\u043e\u0433\u0440\u0430\u043c\u043c 8<br \/>\u041a\u043e\u043b\u0438\u0447\u0435\u0441\u0442\u0432\u043e \u0442\u0435\u043c\u043f\u0435\u0440\u0430\u0442\u0443\u0440 4<br \/>\u0422\u0430\u0439\u043c\u0435\u0440 \u043e\u0442\u043b\u043e\u0436\u0435\u043d\u043d\u043e\u0433\u043e \u0441\u0442\u0430\u0440\u0442\u0430 \u0415\u0441\u0442\u044c<br \/>Nodro\u0161in\u0101jums pret appl\u016bdi Aqua Control\u00a0 \u00a0Ir<br \/>B\u0113rnu dro\u0161\u012bbas aizsardz\u012bba\u00a0 Ir<br \/>\u0418\u043d\u0434\u0438\u043a\u0430\u0442\u043e\u0440 \u0441\u043e\u043b\u0438 \u0438 \u043e\u043f\u043e\u043b\u0430\u0441\u043a\u0438\u0432\u0430\u0442\u0435\u043b\u044f \u0415\u0441\u0442\u044c<\/p>\n<p>\u041f\u043e\u0441\u0443\u0434\u043e\u043c\u043e\u0435\u0447\u043d\u0430\u044f \u043c\u0430\u0448\u0438\u043d\u0430 SatelliteClean 600 \u043e\u0442\u0434\u0435\u043b\u044c\u043d\u043e \u0441\u0442\u043e\u044f\u0449\u0430\u044f, \u0448\u0438\u0440\u0438\u043d\u0430 45 \u0441\u043c<br \/>\u041e\u0431\u0435\u0441\u043f\u0435\u0447\u0438\u0432\u0430\u0435\u0442 \u0432 \u0442\u0440\u0438 \u0440\u0430\u0437\u0430 \u043b\u0443\u0447\u0448\u0435\u0435 \u043c\u044b\u0442\u044c\u0435 \u0431\u0435\u0437 \u0434\u043e\u043f\u043e\u043b\u043d\u0438\u0442\u0435\u043b\u044c\u043d\u043e\u0433\u043e \u0440\u0430\u0441\u0445\u043e\u0434\u0430 \u0432\u043e\u0434\u044b<br \/>\u041f\u043e\u0441\u0443\u0434\u043e\u043c\u043e\u0435\u0447\u043d\u0430\u044f \u043c\u0430\u0448\u0438\u043d\u0430 600 SatelliteClean\u00ae \u043e\u0441\u043d\u0430\u0449\u0435\u043d\u0430 \u0438\u043d\u043d\u043e\u0432\u0430\u0446\u0438\u043e\u043d\u043d\u043e\u0439 \u0444\u043e\u0440\u0441\u0443\u043d\u043a\u043e\u0439, \u043a\u043e\u0442\u043e\u0440\u0430\u044f \u043e\u0431\u0435\u0441\u043f\u0435\u0447\u0438\u0432\u0430\u0435\u0442 \u0432 \u0442\u0440\u0438 \u0440\u0430\u0437\u0430 \u043b\u0443\u0447\u0448\u0435\u0435 \u043c\u044b\u0442\u044c\u0435 \u043f\u043e \u0441\u0440\u0430\u0432\u043d\u0435\u043d\u0438\u044e \u0441\u043e \u0441\u0442\u0430\u043d\u0434\u0430\u0440\u0442\u043d\u043e\u0439 \u0441\u0438\u0441\u0442\u0435\u043c\u043e\u0439. \u0413\u0430\u0440\u0430\u043d\u0442\u0438\u0440\u0443\u0435\u0442 \u0431\u0435\u0437\u0443\u043f\u0440\u0435\u0447\u043d\u0443\u044e \u0447\u0438\u0441\u0442\u043e\u0442\u0443 \u043e\u0442 \u043e\u0434\u043d\u043e\u0433\u043e \u0443\u0433\u043b\u0430 \u0434\u043e \u0434\u0440\u0443\u0433\u043e\u0433\u043e, \u0447\u0442\u043e\u0431\u044b \u0438\u0434\u0435\u0430\u043b\u044c\u043d\u043e \u0447\u0438\u0441\u0442\u044b\u043c\u0438 \u0431\u044b\u043b\u0438 \u0434\u0430\u0436\u0435 \u043f\u043b\u043e\u0442\u043d\u043e \u043f\u043e\u0441\u0442\u0430\u0432\u043b\u0435\u043d\u043d\u044b\u0435 \u0432\u043c\u0435\u0441\u0442\u0435 \u0431\u043b\u044e\u0434\u0430.<\/p>\n<p>SatelliteClean\u00ae. \u0411\u0435\u0437\u0443\u043f\u0440\u0435\u0447\u043d\u0430\u044f \u043c\u043e\u0439\u043a\u0430. \u0411\u0435\u0437 \u0434\u043e\u043f\u043e\u043b\u043d\u0438\u0442\u0435\u043b\u044c\u043d\u043e\u0439 \u0432\u043e\u0434\u044b<br \/>\u0412\u0430\u0448\u0438 \u0431\u043b\u044e\u0434\u0430 \u0431\u0443\u0434\u0443\u0442 \u0438\u0434\u0435\u0430\u043b\u044c\u043d\u043e \u0447\u0438\u0441\u0442\u044b\u043c\u0438 \u0441 SatelliteClean\u00ae, \u043a\u043e\u0442\u043e\u0440\u0430\u044f \u0440\u0430\u0431\u043e\u0442\u0430\u0435\u0442 \u0432 \u0442\u0440\u0438 \u0440\u0430\u0437\u0430 \u043b\u0443\u0447\u0448\u0435 \u0441\u0442\u0430\u043d\u0434\u0430\u0440\u0442\u043d\u043e\u0439 \u0441\u0438\u0441\u0442\u0435\u043c\u044b. \u0411\u043b\u0430\u0433\u043e\u0434\u0430\u0440\u044f \u0434\u0432\u043e\u0439\u043d\u043e\u0439 \u0432\u0440\u0430\u0449\u0430\u044e\u0449\u0435\u0439\u0441\u044f \u0444\u043e\u0440\u0441\u0443\u043d\u043a\u0435, \u043f\u043e\u0441\u0442\u043e\u044f\u043d\u043d\u043e \u043c\u0435\u043d\u044f\u044e\u0449\u0435\u0439 \u0443\u0433\u043e\u043b \u0440\u0430\u0441\u043f\u044b\u043b\u0435\u043d\u0438\u044f, \u0434\u0430\u0436\u0435 \u043f\u043b\u043e\u0442\u043d\u043e \u0440\u0430\u0441\u043f\u043e\u043b\u043e\u0436\u0435\u043d\u043d\u044b\u0435 \u0432\u043c\u0435\u0441\u0442\u0435 \u043f\u043e\u0441\u0443\u0434\u0430 \u0431\u0443\u0434\u0435\u0442 \u0431\u0435\u0437\u0443\u043f\u0440\u0435\u0447\u043d\u043e \u0447\u0438\u0441\u0442\u043e\u0439.<\/p>\n<p><img decoding=\"async\" src=\"https:\/\/media.flixcar.com\/delivery\/static\/inpage\/9\/images\/loading.gif\" data-flixsrcset=\"\/\/media.flixcar.com\/f360cdn\/Electrolux-97861971-PSEEDW20BIA00002.png 200w, \/\/media.flixcar.com\/f360cdn\/Electrolux-97861971-PSEEDW20BIA00002.png 400w, \/\/media.flixcar.com\/f360cdn\/Electrolux-97861971-PSEEDW20BIA00002.png 600w, \/\/media.flixcar.com\/f360cdn\/Electrolux-97861971-PSEEDW20BIA00002.png 800w, \/\/media.flixcar.com\/f360cdn\/Electrolux-97861971-PSEEDW20BIA00002.png 1000w\" data-sizes=\"auto\" alt=\"Visi j\u016bsu galda piederumi, t\u012bri vien\u0101 mazg\u0101\u0161anas reiz\u0113 ar \" style=\"vertical-align: baseline;margin: 0px;padding: 0px;line-height: 1.4;background: transparent;box-shadow: initial\"><\/p>\n<p>Visi j\u016bsu galda piederumi, t\u012bri vien\u0101 mazg\u0101\u0161anas reiz\u0113 ar \u201cMaxiFlex\u201d<br \/>\u201cMaxiFlex\u201d atvilktne ir paredz\u0113ta, lai taj\u0101 ietilptu visu formu un izm\u0113ru galda piederumi un trauki. Neatkar\u012bgi no t\u0101, vai tie ir lieli vai ne\u0113rti, piel\u0101gojamie dal\u012bt\u0101ji un dzi\u013ca atvilktne noz\u012bm\u0113, ka visu var viegli ievietot.<\/p>\n<p><img decoding=\"async\" src=\"https:\/\/media.flixcar.com\/delivery\/static\/inpage\/9\/images\/loading.gif\" data-flixsrcset=\"\/\/media.flixcar.com\/f360cdn\/Electrolux-110651924-PSEEDW18BIA0000B.png 200w, \/\/media.flixcar.com\/f360cdn\/Electrolux-110651924-PSEEDW18BIA0000B.png 400w, \/\/media.flixcar.com\/f360cdn\/Electrolux-110651924-PSEEDW18BIA0000B.png 600w, \/\/media.flixcar.com\/f360cdn\/Electrolux-110651924-PSEEDW18BIA0000B.png 800w, \/\/media.flixcar.com\/f360cdn\/Electrolux-110651924-PSEEDW18BIA0000B.png 1000w\" data-sizes=\"auto\" alt=\"M\u012bksts atbalsts j\u016bsu trauslaj\u0101m gl\u0101z\u0113m\" style=\"vertical-align: baseline;margin: 0px;padding: 0px;line-height: 1.4;background: transparent;box-shadow: initial\"><\/p>\n<p>\u041c\u044f\u0433\u043a\u0430\u044f \u043f\u043e\u0434\u0434\u0435\u0440\u0436\u043a\u0430 \u0434\u043b\u044f \u0432\u0430\u0448\u0438\u0445 \u0445\u0440\u0443\u043f\u043a\u0438\u0445 \u0441\u0442\u0430\u043a\u0430\u043d\u043e\u0432<br \/>\u0427\u0442\u043e\u0431\u044b \u0441\u043d\u0438\u0437\u0438\u0442\u044c \u0440\u0438\u0441\u043a \u043f\u043e\u0432\u0440\u0435\u0436\u0434\u0435\u043d\u0438\u0439 \u0438 \u0440\u0430\u0437\u0431\u0438\u0432\u0430\u043d\u0438\u044f \u0432\u043e \u0432\u0440\u0435\u043c\u044f \u043c\u044b\u0442\u044c\u044f \u043f\u043e\u0441\u0443\u0434\u044b, \u0440\u0435\u0437\u0438\u043d\u043e\u0432\u044b\u0435 \u043e\u043f\u043e\u0440\u044b SoftSpike \u0443\u0434\u0435\u0440\u0436\u0438\u0432\u0430\u044e\u0442 \u0432\u0430\u0448\u0438 \u0445\u0440\u0443\u043f\u043a\u0438\u0435 \u0441\u0442\u0430\u043a\u0430\u043d\u044b \u0432 \u0432\u0435\u0440\u0442\u0438\u043a\u0430\u043b\u044c\u043d\u043e\u043c \u043f\u043e\u043b\u043e\u0436\u0435\u043d\u0438\u0438.<\/p>\n<p><img decoding=\"async\" src=\"https:\/\/media.flixcar.com\/delivery\/static\/inpage\/9\/images\/loading.gif\" data-flixsrcset=\"\/\/media.flixcar.com\/f360cdn\/Electrolux-110412269-PSEEDL210IA00001.png 200w, \/\/media.flixcar.com\/f360cdn\/Electrolux-110412269-PSEEDL210IA00001.png 400w, \/\/media.flixcar.com\/f360cdn\/Electrolux-110412269-PSEEDL210IA00001.png 600w, \/\/media.flixcar.com\/f360cdn\/Electrolux-110412269-PSEEDL210IA00001.png 800w, \/\/media.flixcar.com\/f360cdn\/Electrolux-110412269-PSEEDL210IA00001.png 1000w\" data-sizes=\"auto\" alt=\"Atbr\u012bvojieties no bakt\u0113rij\u0101m uz traukiem ar ExtraHygiene opciju\" style=\"vertical-align: baseline;margin: 0px;padding: 0px;line-height: 1.4;background: transparent;box-shadow: initial\"><\/p>\n<p>\u0418\u0437\u0431\u0430\u0432\u044c\u0442\u0435\u0441\u044c \u043e\u0442 \u0431\u0430\u043a\u0442\u0435\u0440\u0438\u0439 \u043d\u0430 \u043f\u043e\u0441\u0443\u0434\u0435 \u0441 \u043f\u043e\u043c\u043e\u0449\u044c\u044e \u043e\u043f\u0446\u0438\u0438 ExtraHygiene<br \/>\u0412\u043a\u043b\u044e\u0447\u0438\u0432 \u043e\u043f\u0446\u0438\u044e ExtraHygiene, \u0432\u044b \u043f\u043e\u043b\u0443\u0447\u0438\u0442\u0435 \u043c\u0430\u043a\u0441\u0438\u043c\u0430\u043b\u044c\u043d\u043e \u0447\u0438\u0441\u0442\u0443\u044e \u043f\u043e\u0441\u0443\u0434\u0443. \u041a \u0446\u0438\u043a\u043b\u0443 \u043c\u044b\u0442\u044c\u044f \u0434\u043e\u0431\u0430\u0432\u043b\u044f\u0435\u0442\u0441\u044f \u0441\u043f\u0435\u0446\u0438\u0430\u043b\u044c\u043d\u0430\u044f \u0444\u0430\u0437\u0430 \u0434\u0435\u0437\u0438\u043d\u0444\u0435\u043a\u0446\u0438\u0438, \u0432\u043e \u0432\u0440\u0435\u043c\u044f \u043a\u043e\u0442\u043e\u0440\u043e\u0439 \u0442\u0435\u043c\u043f\u0435\u0440\u0430\u0442\u0443\u0440\u0430 \u0432\u043d\u0443\u0442\u0440\u0438 \u043f\u043e\u0441\u0443\u0434\u043e\u043c\u043e\u0435\u0447\u043d\u043e\u0439 \u043c\u0430\u0448\u0438\u043d\u044b \u043f\u043e\u0432\u044b\u0448\u0430\u0435\u0442\u0441\u044f \u0434\u043e 69\u00b0, \u0447\u0442\u043e \u0433\u0430\u0440\u0430\u043d\u0442\u0438\u0440\u0443\u0435\u0442 \u0443\u043d\u0438\u0447\u0442\u043e\u0436\u0435\u043d\u0438\u0435 \u043f\u0440\u0430\u043a\u0442\u0438\u0447\u0435\u0441\u043a\u0438 \u0432\u0441\u0435\u0445 \u0431\u0430\u043a\u0442\u0435\u0440\u0438\u0439 \u043d\u0430 \u043f\u043e\u0441\u0443\u0434\u0435.<\/p>\n<p>*\u00a0Test\u0113ts ar Micrococcus luteus un MS2 bakteriof\u0101gu \u0101rpakalpojum\u0101 veikt\u0101 test\u0101, kuru veica Swissatest Testmaterialien AG 2021.\u00a0gad\u0101 (Testa zi\u0146ojuma Nr.\u00a020212029).<\/p>\n<p>\u0412\u043e\u0434\u0430 \u0434\u043e\u0441\u0442\u0438\u0433\u0430\u0435\u0442 \u043a\u0430\u0436\u0434\u043e\u0433\u043e \u0443\u0433\u043b\u0430 \u0441 \u043f\u043e\u043c\u043e\u0449\u044c\u044e \u0434\u0432\u043e\u0439\u043d\u044b\u0445 \u0440\u0430\u0441\u043f\u044b\u043b\u0438\u0442\u0435\u043b\u0435\u0439<br \/>\u0414\u0432\u0430 \u0432\u0440\u0430\u0449\u0430\u044e\u0449\u0438\u0445\u0441\u044f \u0440\u0430\u0441\u043f\u044b\u043b\u0438\u0442\u0435\u043b\u044f \u043f\u043e\u0441\u0443\u0434\u043e\u043c\u043e\u0435\u0447\u043d\u043e\u0439 \u043c\u0430\u0448\u0438\u043d\u044b \u043f\u043e\u043a\u0440\u044b\u0432\u0430\u044e\u0442 \u043a\u0430\u0436\u0434\u0443\u044e \u0447\u0430\u0448\u043a\u0443, \u0442\u0430\u0440\u0435\u043b\u043a\u0443 \u0438 \u0431\u043b\u044e\u0434\u043e. \u0420\u0430\u0441\u043f\u044b\u043b\u0438\u0442\u0435\u043b\u0438 \u043e\u0431\u0435\u0441\u043f\u0435\u0447\u0438\u0432\u0430\u044e\u0442 \u043f\u043e\u043f\u0430\u0434\u0430\u043d\u0438\u0435 \u0432\u043e\u0434\u044b \u0432 \u043a\u0430\u0436\u0434\u044b\u0439 \u0443\u0433\u043e\u043b, \u0431\u043b\u0430\u0433\u043e\u0434\u0430\u0440\u044f \u0447\u0435\u043c\u0443 \u0432\u0430\u0448\u0430 \u043f\u043e\u0441\u0443\u0434\u0430 \u043f\u043e\u0441\u043b\u0435 \u043c\u044b\u0442\u044c\u044f \u0431\u0443\u0434\u0435\u0442 \u0441\u0432\u0435\u0440\u043a\u0430\u044e\u0449\u0435\u0439. \u041a\u0430\u043a \u0432 \u0432\u0435\u0440\u0445\u043d\u0435\u0439, \u0442\u0430\u043a \u0438 \u0432 \u043d\u0438\u0436\u043d\u0435\u0439 \u043a\u043e\u0440\u0437\u0438\u043d\u0435.<\/p>\n<p>\u0424\u0443\u043d\u043a\u0446\u0438\u0438<\/p>\n<ul>\n<li>\u0421\u0430\u0442\u0435\u043b\u043b\u0438\u0442\u043d\u044b\u0439 \u0440\u0430\u0441\u043f\u044b\u043b\u0438\u0442\u0435\u043b\u044c FlexiSpray<\/li>\n<li>Autom\u0101tiska izsl\u0113g\u0161an\u0101s<\/li>\n<li>\u0422\u0435\u0440\u043c\u043e\u044d\u0444\u0444\u0435\u043a\u0442\u0438\u0432\u043d\u0430\u044f \u0441\u0438\u0441\u0442\u0435\u043c\u0430<\/li>\n<li>\u0418\u043d\u0434\u0438\u043a\u0430\u0446\u0438\u044f \u043e\u0441\u0442\u0430\u0432\u0448\u0435\u0433\u043e\u0441\u044f \u0432\u0440\u0435\u043c\u0435\u043d\u0438 \u043f\u0440\u043e\u0433\u0440\u0430\u043c\u043c\u044b<\/li>\n<li>\u0414\u0430\u0442\u0447\u0438\u043a \u0432\u043e\u0434\u044b \u043e\u043f\u0440\u0435\u0434\u0435\u043b\u044f\u0435\u0442 \u0441\u0442\u0435\u043f\u0435\u043d\u044c \u0437\u0430\u0433\u0440\u044f\u0437\u043d\u0435\u043d\u0438\u044f \u0438 \u0440\u0435\u0433\u0443\u043b\u0438\u0440\u0443\u0435\u0442 \u043f\u043e\u0442\u0440\u0435\u0431\u043b\u0435\u043d\u0438\u0435 \u0432\u043e\u0434\u044b<\/li>\n<li>\u0418\u043d\u0434\u0438\u043a\u0430\u0446\u0438\u044f \u0437\u0430\u043f\u0440\u0430\u0432\u043a\u0438 \u0441\u043e\u043b\u0438 \u0438 \u043e\u043f\u043e\u043b\u0430\u0441\u043a\u0438\u0432\u0430\u0442\u0435\u043b\u044f<\/li>\n<li>Aug\u0161\u0113jais grozs ar \u201cFlexiLift\u201d sist\u0113mu<\/li>\n<li>\u0420\u0435\u0433\u0443\u043b\u0438\u0440\u043e\u0432\u043a\u0430 \u0432\u044b\u0441\u043e\u0442\u044b \u0432\u0435\u0440\u0445\u043d\u0435\u0439 \u043a\u043e\u0440\u0437\u0438\u043d\u044b \u0434\u0430\u0436\u0435 \u043f\u0440\u0438 \u043f\u043e\u043b\u043d\u043e\u0439 \u0437\u0430\u0433\u0440\u0443\u0437\u043a\u0435<\/li>\n<li>\u0421\u0438\u0441\u0442\u0435\u043c\u0430 \u0437\u0430\u0449\u0438\u0442\u044b \u043e\u0442 \u043f\u0440\u043e\u0442\u0435\u0447\u0435\u043a<\/li>\n<\/ul>\n<p>\u0425\u0430\u0440\u0430\u043a\u0442\u0435\u0440\u0438\u0441\u0442\u0438\u043a\u0438<\/p>\n<table>\n<tbody>\n<tr>\n<td>\u0412\u043c\u0435\u0441\u0442\u0438\u043c\u043e\u0441\u0442\u044c \u043f\u043e\u0441\u0443\u0434\u044b, \u043a\u043e\u043c\u043f\u043b\u0435\u043a\u0442\u043e\u0432<\/td>\n<td>10<\/td>\n<\/tr>\n<tr>\n<td>\u041f\u043e\u0442\u0440\u0435\u0431\u043b\u0435\u043d\u0438\u0435 \u044d\u043b\u0435\u043a\u0442\u0440\u043e\u044d\u043d\u0435\u0440\u0433\u0438\u0438, \u043a\u0412\u0442\u00b7\u0447\/100 \u0446\u0438\u043a\u043b\u043e\u0432<\/td>\n<td>75<\/td>\n<\/tr>\n<tr>\n<td>\u0412 x \u0428 x \u0413, \u043c\u043c<\/td>\n<td>850x446x615<\/td>\n<\/tr>\n<tr>\n<td><\/td>\n<td><\/td>\n<\/tr>\n<tr>\n<td>\u0426\u0432\u0435\u0442 \u043f\u0430\u043d\u0435\u043b\u0438 \u0443\u043f\u0440\u0430\u0432\u043b\u0435\u043d\u0438\u044f<\/td>\n<td>balta<\/td>\n<\/tr>\n<tr>\n<td>\u0426\u0432\u0435\u0442 \u0434\u0432\u0435\u0440\u0435\u0439<\/td>\n<td>balta<\/td>\n<\/tr>\n<tr>\n<td>\u0423\u0440\u043e\u0432\u0435\u043d\u044c \u0448\u0443\u043c\u0430, \u0434\u0411<\/td>\n<td>\u0411\u043e\u043b\u044c\u0448\u0435 45<\/td>\n<\/tr>\n<tr>\n<td>\u041a\u043e\u043b\u0438\u0447\u0435\u0441\u0442\u0432\u043e \u0442\u0435\u043c\u043f\u0435\u0440\u0430\u0442\u0443\u0440<\/td>\n<td>4<\/td>\n<\/tr>\n<tr>\n<td>\u041f\u0440\u043e\u0433\u0440\u0430\u043c\u043c\u044b \u0441\u0442\u0438\u0440\u043a\u0438<\/td>\n<td>160 \u043c\u0438\u043d\u0443\u0442|60 \u043c\u0438\u043d\u0443\u0442|90 \u043c\u0438\u043d\u0443\u0442|AUTO Sense|Eco|\u0427\u0438\u0441\u0442\u043a\u0430 \u0443\u0441\u0442\u0440\u043e\u0439\u0441\u0442\u0432\u0430|\u0411\u044b\u0441\u0442\u0440\u0430\u044f 30 \u043c\u0438\u043d\u0443\u0442|\u041f\u043e\u043b\u043e\u0441\u043a\u0430\u043d\u0438\u0435<\/td>\n<\/tr>\n<tr>\n<td>\u0422\u0435\u0445\u043d\u043e\u043b\u043e\u0433\u0438\u044f \u0441\u0443\u0448\u043a\u0438<\/td>\n<td>\u0422\u0435\u0445\u043d\u043e\u043b\u043e\u0433\u0438\u044f AirDry<\/td>\n<\/tr>\n<tr>\n<td><\/td>\n<td><\/td>\n<\/tr>\n<tr>\n<td>\u0410\u0432\u0442\u043e\u043c\u0430\u0442\u0438\u0447\u0435\u0441\u043a\u043e\u0435 \u0432\u044b\u043a\u043b\u044e\u0447\u0435\u043d\u0438\u0435<\/td>\n<td>\u0415\u0441\u0442\u044c<\/td>\n<\/tr>\n<tr>\n<td>\u041f\u0440\u0435\u0434\u043e\u0445\u0440\u0430\u043d\u0438\u0442\u0435\u043b\u044c, \u0410<\/td>\n<td>10<\/td>\n<\/tr>\n<tr>\n<td>\u041d\u0430\u043f\u0440\u044f\u0436\u0435\u043d\u0438\u0435 \u0432 \u0441\u0435\u0442\u0438, \u0412<\/td>\n<td>220-240<\/td>\n<\/tr>\n<tr>\n<td>\u041f\u043e\u0434\u043a\u043b\u044e\u0447\u0430\u0435\u043c\u0430\u044f \u043c\u043e\u0449\u043d\u043e\u0441\u0442\u044c, \u0412\u0442<\/td>\n<td>1950<\/td>\n<\/tr>\n<\/tbody>\n<\/table>","protected":false},"excerpt":{"rendered":"<p>Pre\u010du z\u012bme Electrolux Izm\u0113rs 45 cm platumsKr\u0101sa BaltaProdukta kods 911054087EAN 7332543989737Jaunais energomar\u0137\u0113jums no 2021.gadaEnergoefektivit\u0101tes klase EElektroener\u0123ijas pat\u0113ri\u0146\u0161 100 mazg\u0101\u0161anas ciklos 75 kWhIetilp\u012bbaTrauku komplektu skaits 10Mazg\u0101\u0161ana\u016adens pat\u0113ri\u0146\u0161 vien\u0101 mazg\u0101\u0161anas cikl\u0101 9.9 lEkonomisk\u0101s programmas ilgums (stundas : min\u016btes) 4:00Trok\u0161\u0146a l\u012bmenis 46 dBAkustisk\u0101 trok\u0161\u0146a emisijas klase CIzm\u0113ri, svarsAugstums 85 cmPlatums 45 cmDzi\u013cums 61.5 cmVad\u012bbaVad\u012bba ElektroniskaCiti parametriGrozu skaits 3Programmu [&hellip;]<\/p>\n","protected":false},"featured_media":24697,"comment_status":"open","ping_status":"closed","template":"","meta":{"_joinchat":[]},"product_brand":[265],"product_cat":[324],"product_tag":[],"class_list":{"0":"post-24701","1":"product","2":"type-product","3":"status-publish","4":"has-post-thumbnail","6":"product_brand-electrolux","7":"product_cat-sadzives-tehnika-trauku-masinas","9":"first","10":"instock","11":"shipping-taxable","12":"purchasable","13":"product-type-simple"},"_links":{"self":[{"href":"https:\/\/emeniro.lovehorses.lv\/ru\/wp-json\/wp\/v2\/product\/24701","targetHints":{"allow":["GET"]}}],"collection":[{"href":"https:\/\/emeniro.lovehorses.lv\/ru\/wp-json\/wp\/v2\/product"}],"about":[{"href":"https:\/\/emeniro.lovehorses.lv\/ru\/wp-json\/wp\/v2\/types\/product"}],"replies":[{"embeddable":true,"href":"https:\/\/emeniro.lovehorses.lv\/ru\/wp-json\/wp\/v2\/comments?post=24701"}],"wp:featuredmedia":[{"embeddable":true,"href":"https:\/\/emeniro.lovehorses.lv\/ru\/wp-json\/wp\/v2\/media\/24697"}],"wp:attachment":[{"href":"https:\/\/emeniro.lovehorses.lv\/ru\/wp-json\/wp\/v2\/media?parent=24701"}],"wp:term":[{"taxonomy":"product_brand","embeddable":true,"href":"https:\/\/emeniro.lovehorses.lv\/ru\/wp-json\/wp\/v2\/product_brand?post=24701"},{"taxonomy":"product_cat","embeddable":true,"href":"https:\/\/emeniro.lovehorses.lv\/ru\/wp-json\/wp\/v2\/product_cat?post=24701"},{"taxonomy":"product_tag","embeddable":true,"href":"https:\/\/emeniro.lovehorses.lv\/ru\/wp-json\/wp\/v2\/product_tag?post=24701"}],"curies":[{"name":"wp","href":"https:\/\/api.w.org\/{rel}","templated":true}]}}