{"id":24763,"date":"2026-04-30T22:21:11","date_gmt":"2026-04-30T22:21:11","guid":{"rendered":"https:\/\/emeniro.lovehorses.lv\/product\/gorenje-gi6401clbsc-indukcijas\/"},"modified":"2026-04-30T22:21:11","modified_gmt":"2026-04-30T22:21:11","slug":"gorenje-gi6401clbsc-indukcijas","status":"publish","type":"product","link":"https:\/\/emeniro.lovehorses.lv\/ru\/product\/gorenje-gi6401clbsc-indukcijas\/","title":{"rendered":"Gorenje GI6401CLBSC \u0418\u043d\u0434\u0443\u043a\u0446\u0438\u043e\u043d\u043d\u0430\u044f"},"content":{"rendered":"<p>\u041e\u0431\u0449\u0438\u0435 \u043f\u0430\u0440\u0430\u043c\u0435\u0442\u0440\u044b<\/p>\n<p>Virsmas tips:\u00a0\u00a0\u00a0 Indukcijas virsma \u00a0<br \/>Virsmas materi\u0101ls:\u00a0\u00a0\u00a0 Stikla keramika \u00a0<br \/>Elektrisko gatavo\u0161anas zonu skaits:\u00a0\u00a0\u00a0 4 indukcijas zonas\u00a0 \u00a0<br \/>Papla\u0161in\u0101t\u0101s uzsildes zonas:\u00a0\u00a0\u00a0 Nav\u00a0 \u00a0<br \/>Apmale:\u00a0\u00a0\u00a0 Bez apmales\u00a0 \u00a0<br \/>Kr\u0101sa:\u00a0\u00a0\u00a0 Melna \u00a0<br \/>\u0423\u043f\u0440\u0430\u0432\u043b\u0435\u043d\u0438\u0435<br \/>Vad\u012bbas tips:\u00a0\u00a0\u00a0 Sk\u0101rienjut\u012bga vad\u012bba \u00a0<br \/>Taimeris:\u00a0\u00a0\u00a0 Ir \u00a0<br \/>Vad\u012bbas pane\u013ca novietojums:\u00a0\u00a0\u00a0 Priek\u0161\u0101 \u00a0<br \/>\u042d\u043d\u0435\u0440\u0433\u043e\u043f\u043e\u0442\u0440\u0435\u0431\u043b\u0435\u043d\u0438\u0435<br \/>Maksim\u0101l\u0101 piesl\u0113guma jauda:\u00a0\u00a0\u00a0 7,2 kWh\u00a0 \u00a0<br \/>\u0421\u0438\u0441\u0442\u0435\u043c\u0430 \u0431\u0435\u0437\u043e\u043f\u0430\u0441\u043d\u043e\u0441\u0442\u0438<br \/>Vad\u012bbas blo\u0137\u0113\u0161ana \u201caizsardz\u012bba no b\u0113rniem\u201d:\u00a0\u00a0\u00a0 Ir \u00a0<br \/>Atliku\u0161\u0101 siltuma indik\u0101cija:\u00a0\u00a0\u00a0 Ir\u00a0 \u00a0<br \/>Hob2Hood:\u00a0\u00a0\u00a0 Nav \u00a0<br \/>Wi-Fi:\u00a0\u00a0\u00a0 Nav \u00a0<br \/>Trauku atpaz\u012b\u0161anas sensors:\u00a0\u00a0\u00a0 Ir\u00a0 \u00a0<br \/>\u0423\u043d\u0438\u043a\u0430\u043b\u044c\u043d\u044b\u0435 \u0441\u0432\u043e\u0439\u0441\u0442\u0432\u0430<br \/>Funkcija \u201cStop&Go\u201d:\u00a0\u00a0\u00a0 Nav\u00a0 \u00a0<br \/>Autom\u0101tisk\u0101 izsl\u0113g\u0161an\u0101s:\u00a0\u00a0\u00a0 Ir\u00a0 \u00a0<br \/>\u0100tr\u0101s uzsild\u012b\u0161anas funkcija (Booster):\u00a0\u00a0\u00a0 Ir\u00a0 \u00a0<br \/>\u0420\u0430\u0437\u043c\u0435\u0440\u044b<br \/>\u0420\u0430\u0437\u043c\u0435\u0440\u044b (\u0412x\u0428x\u0413): 5,4 x 59,5 x 52,0 \u0441\u043c\u00a0 \u00a0<br \/>\u00a0Garantija fizisk\u0101m person\u0101m:\u00a0\u00a0\u00a0 2 gadi<\/p><\/p>","protected":false},"excerpt":{"rendered":"<p>Kop\u0113jie parametri Virsmas tips:\u00a0\u00a0\u00a0 Indukcijas virsma \u00a0Virsmas materi\u0101ls:\u00a0\u00a0\u00a0 Stikla keramika \u00a0Elektrisko gatavo\u0161anas zonu skaits:\u00a0\u00a0\u00a0 4 indukcijas zonas\u00a0 \u00a0Papla\u0161in\u0101t\u0101s uzsildes zonas:\u00a0\u00a0\u00a0 Nav\u00a0 \u00a0Apmale:\u00a0\u00a0\u00a0 Bez apmales\u00a0 \u00a0Kr\u0101sa:\u00a0\u00a0\u00a0 Melna \u00a0Vad\u012bbaVad\u012bbas tips:\u00a0\u00a0\u00a0 Sk\u0101rienjut\u012bga vad\u012bba \u00a0Taimeris:\u00a0\u00a0\u00a0 Ir \u00a0Vad\u012bbas pane\u013ca novietojums:\u00a0\u00a0\u00a0 Priek\u0161\u0101 \u00a0Ener\u0123ijas pat\u0113ri\u0146\u0161Maksim\u0101l\u0101 piesl\u0113guma jauda:\u00a0\u00a0\u00a0 7,2 kWh\u00a0 \u00a0Dro\u0161\u012bbas sist\u0113maVad\u012bbas blo\u0137\u0113\u0161ana \u201caizsardz\u012bba no b\u0113rniem\u201d:\u00a0\u00a0\u00a0 Ir \u00a0Atliku\u0161\u0101 siltuma indik\u0101cija:\u00a0\u00a0\u00a0 Ir\u00a0 \u00a0Hob2Hood:\u00a0\u00a0\u00a0 Nav [&hellip;]<\/p>\n","protected":false},"featured_media":24758,"comment_status":"open","ping_status":"closed","template":"","meta":{"_joinchat":[]},"product_brand":[271],"product_cat":[264],"product_tag":[],"class_list":{"0":"post-24763","1":"product","2":"type-product","3":"status-publish","4":"has-post-thumbnail","6":"product_brand-gorenje","7":"product_cat-iebuvejama-sadzives-tehnika-iebuvejamas-elektriskas-plits-virsmas","9":"first","10":"instock","11":"shipping-taxable","12":"purchasable","13":"product-type-simple"},"_links":{"self":[{"href":"https:\/\/emeniro.lovehorses.lv\/ru\/wp-json\/wp\/v2\/product\/24763","targetHints":{"allow":["GET"]}}],"collection":[{"href":"https:\/\/emeniro.lovehorses.lv\/ru\/wp-json\/wp\/v2\/product"}],"about":[{"href":"https:\/\/emeniro.lovehorses.lv\/ru\/wp-json\/wp\/v2\/types\/product"}],"replies":[{"embeddable":true,"href":"https:\/\/emeniro.lovehorses.lv\/ru\/wp-json\/wp\/v2\/comments?post=24763"}],"wp:featuredmedia":[{"embeddable":true,"href":"https:\/\/emeniro.lovehorses.lv\/ru\/wp-json\/wp\/v2\/media\/24758"}],"wp:attachment":[{"href":"https:\/\/emeniro.lovehorses.lv\/ru\/wp-json\/wp\/v2\/media?parent=24763"}],"wp:term":[{"taxonomy":"product_brand","embeddable":true,"href":"https:\/\/emeniro.lovehorses.lv\/ru\/wp-json\/wp\/v2\/product_brand?post=24763"},{"taxonomy":"product_cat","embeddable":true,"href":"https:\/\/emeniro.lovehorses.lv\/ru\/wp-json\/wp\/v2\/product_cat?post=24763"},{"taxonomy":"product_tag","embeddable":true,"href":"https:\/\/emeniro.lovehorses.lv\/ru\/wp-json\/wp\/v2\/product_tag?post=24763"}],"curies":[{"name":"wp","href":"https:\/\/api.w.org\/{rel}","templated":true}]}}