{"id":24850,"date":"2026-04-30T22:23:04","date_gmt":"2026-04-30T22:23:04","guid":{"rendered":"https:\/\/emeniro.lovehorses.lv\/product\/makita-at638a-mat638a\/"},"modified":"2026-04-30T22:23:04","modified_gmt":"2026-04-30T22:23:04","slug":"makita-at638a-mat638a","status":"publish","type":"product","link":"https:\/\/emeniro.lovehorses.lv\/ru\/product\/makita-at638a-mat638a\/","title":{"rendered":"Makita AT638A MAT638A"},"content":{"rendered":"<p>Aug\u0161\u0113j\u0101s iekrau\u0161anas \u017eurn\u0101ls \u013cauj \u0101tri ievietot skavas no 13 l\u012bdz 38 mm garum\u0101. Neliels kontakta elements, kas nodro\u0161ina \u013coti labu redzam\u012bbu, k\u0101 ar\u012b precizit\u0101ti, \u0161aujot skavas. Tapu dzi\u013cumu var regul\u0113t bez instrumentiem, izmantojot rokturi. Gaisa p\u016b\u0161anas funkcija \u013cauj not\u012br\u012bt darba zonu no putek\u013ciem ar vienu piesk\u0101rienu poga.Iestr\u0113gu\u0161o skavu no\u0146em\u0161ana bez instrumentiem.. \u017durn\u0101la logs \u013cauj past\u0101v\u012bgi uzraudz\u012bt pieejamo skavu skaitu. 5.7 \u017durn\u0101la ietilp\u012bba: 100 gab. Darba spiediens: 4,9 \u2013 8,3 b\u0101ri Minim\u0101lais \u0161\u013c\u016btenes diametrs: 6,5 mm Izm\u0113ri (G x P x A): 230 x 75 x 251 mm Svars (EPTA): 1,2 kg Ieteicamais kompresors: AC1300\/AC1350<\/p>","protected":false},"excerpt":{"rendered":"<p>Aug\u0161\u0113j\u0101s iekrau\u0161anas \u017eurn\u0101ls \u013cauj \u0101tri ievietot skavas no 13 l\u012bdz 38 mm garum\u0101. Neliels kontakta elements, kas nodro\u0161ina \u013coti labu redzam\u012bbu, k\u0101 ar\u012b precizit\u0101ti, \u0161aujot skavas. Tapu dzi\u013cumu var regul\u0113t bez instrumentiem, izmantojot rokturi. Gaisa p\u016b\u0161anas funkcija \u013cauj not\u012br\u012bt darba zonu no putek\u013ciem ar vienu piesk\u0101rienu poga.Iestr\u0113gu\u0161o skavu no\u0146em\u0161ana bez instrumentiem.. \u017durn\u0101la logs \u013cauj past\u0101v\u012bgi [&hellip;]<\/p>\n","protected":false},"featured_media":24848,"comment_status":"open","ping_status":"closed","template":"","meta":{"_joinchat":[]},"product_brand":[],"product_cat":[342],"product_tag":[],"class_list":{"0":"post-24850","1":"product","2":"type-product","3":"status-publish","4":"has-post-thumbnail","6":"product_cat-celtniecibas-instrumenti","8":"first","9":"instock","10":"shipping-taxable","11":"purchasable","12":"product-type-simple"},"_links":{"self":[{"href":"https:\/\/emeniro.lovehorses.lv\/ru\/wp-json\/wp\/v2\/product\/24850","targetHints":{"allow":["GET"]}}],"collection":[{"href":"https:\/\/emeniro.lovehorses.lv\/ru\/wp-json\/wp\/v2\/product"}],"about":[{"href":"https:\/\/emeniro.lovehorses.lv\/ru\/wp-json\/wp\/v2\/types\/product"}],"replies":[{"embeddable":true,"href":"https:\/\/emeniro.lovehorses.lv\/ru\/wp-json\/wp\/v2\/comments?post=24850"}],"wp:featuredmedia":[{"embeddable":true,"href":"https:\/\/emeniro.lovehorses.lv\/ru\/wp-json\/wp\/v2\/media\/24848"}],"wp:attachment":[{"href":"https:\/\/emeniro.lovehorses.lv\/ru\/wp-json\/wp\/v2\/media?parent=24850"}],"wp:term":[{"taxonomy":"product_brand","embeddable":true,"href":"https:\/\/emeniro.lovehorses.lv\/ru\/wp-json\/wp\/v2\/product_brand?post=24850"},{"taxonomy":"product_cat","embeddable":true,"href":"https:\/\/emeniro.lovehorses.lv\/ru\/wp-json\/wp\/v2\/product_cat?post=24850"},{"taxonomy":"product_tag","embeddable":true,"href":"https:\/\/emeniro.lovehorses.lv\/ru\/wp-json\/wp\/v2\/product_tag?post=24850"}],"curies":[{"name":"wp","href":"https:\/\/api.w.org\/{rel}","templated":true}]}}