{"id":24982,"date":"2026-04-30T22:26:25","date_gmt":"2026-04-30T22:26:25","guid":{"rendered":"https:\/\/emeniro.lovehorses.lv\/product\/gorenje-fh25fpw\/"},"modified":"2026-04-30T22:26:25","modified_gmt":"2026-04-30T22:26:25","slug":"gorenje-fh25fpw","status":"publish","type":"product","link":"https:\/\/emeniro.lovehorses.lv\/ru\/product\/gorenje-fh25fpw\/","title":{"rendered":"Gorenje FH25FPW"},"content":{"rendered":"<\/p>\n<p class=\"translation-block\"><p><\/p><p><span class=\"jCAhz ChMk0b\"><span class=\"ryNqvb\">\u041f\u0440\u043e\u0438\u0437\u0432\u043e\u0434\u0438\u0442\u0435\u043b\u044c Gorenje<\/span><\/span><span class=\"jCAhz\"><span class=\"ryNqvb\"><br><\/span><\/span><span class=\"jCAhz ChMk0b\"><span class=\"ryNqvb\">\u0431\u0435\u043b\u044b\u0439 \u0446\u0432\u0435\u0442<\/span><\/span><span class=\"jCAhz\"><span class=\"ryNqvb\"><br><\/span><\/span><span class=\"jCAhz ChMk0b\"><span class=\"ryNqvb\">EAN&nbsp;3838782567216<\/span><\/span><span class=\"jCAhz\"><span class=\"ryNqvb\"><br><\/span><\/span><span class=\"jCAhz ChMk0b\"><span class=\"ryNqvb\">\u041a\u043b\u0430\u0441\u0441 \u044d\u043d\u0435\u0440\u0433\u043e\u044d\u0444\u0444\u0435\u043a\u0442\u0438\u0432\u043d\u043e\u0441\u0442\u0438 F<\/span><\/span><span class=\"jCAhz\"><span class=\"ryNqvb\"><br><\/span><\/span><span class=\"jCAhz ChMk0b\"><span class=\"ryNqvb\">\u0413\u043e\u0434\u043e\u0432\u043e\u0435 \u043f\u043e\u0442\u0440\u0435\u0431\u043b\u0435\u043d\u0438\u0435 \u044d\u043d\u0435\u0440\u0433\u0438\u0438 269 \u043a\u0412\u0442\u22c5\u0447<\/span><\/span><span class=\"jCAhz\"><span class=\"ryNqvb\"><br><\/span><\/span><span class=\"jCAhz ChMk0b\"><span class=\"ryNqvb\">\u041e\u0431\u044a\u0435\u043c<\/span><\/span><span class=\"jCAhz\"><span class=\"ryNqvb\"><br><\/span><\/span><span class=\"jCAhz ChMk0b\"><span class=\"ryNqvb\">\u041e\u0431\u044a\u0435\u043c \u043c\u043e\u0440\u043e\u0437\u0438\u043b\u044c\u043d\u043e\u0439 \u043a\u0430\u043c\u0435\u0440\u044b 248 \u043b<\/span><\/span><span class=\"jCAhz\"><span class=\"ryNqvb\"><br><\/span><\/span><span class=\"jCAhz ChMk0b\"><span class=\"ryNqvb\">\u0423\u0440\u043e\u0432\u0435\u043d\u044c \u0448\u0443\u043c\u0430<\/span><\/span><span class=\"jCAhz\"><span class=\"ryNqvb\"><br><\/span><\/span><span class=\"jCAhz ChMk0b\"><span class=\"ryNqvb\">\u0423\u0440\u043e\u0432\u0435\u043d\u044c \u0448\u0443\u043c\u0430 40 \u0434\u0411<\/span><\/span><span class=\"jCAhz\"><span class=\"ryNqvb\"><br><\/span><\/span><span class=\"jCAhz ChMk0b\"><span class=\"ryNqvb\">\u0410\u043a\u0443\u0441\u0442\u0438\u0447\u0435\u0441\u043a\u0438\u0439 \u043a\u043b\u0430\u0441\u0441 \u0448\u0443\u043c\u0430 C<\/span><\/span><span class=\"jCAhz\"><span class=\"ryNqvb\"><br><\/span><\/span><span class=\"jCAhz ChMk0b\"><span class=\"ryNqvb\">\u0420\u0430\u0437\u043c\u0435\u0440\u044b \u0438 \u0432\u0435\u0441<\/span><\/span><span class=\"jCAhz\"><span class=\"ryNqvb\"><br><\/span><\/span><span class=\"jCAhz ChMk0b\"><span class=\"ryNqvb\">\u0412\u044b\u0441\u043e\u0442\u0430 84,7 \u0441\u043c<\/span><\/span><span class=\"jCAhz\"><span class=\"ryNqvb\"><br><\/span><\/span><span class=\"jCAhz ChMk0b\"><span class=\"ryNqvb\">\u0428\u0438\u0440\u0438\u043d\u0430 96,3 \u0441\u043c<\/span><\/span><span class=\"jCAhz\"><span class=\"ryNqvb\"><br><\/span><\/span><span class=\"jCAhz ChMk0b\"><span class=\"ryNqvb\">\u0413\u043b\u0443\u0431\u0438\u043d\u0430 63,2 \u0441\u043c<\/span><\/span><span class=\"jCAhz\"><span class=\"ryNqvb\"><br><\/span><\/span><span class=\"jCAhz ChMk0b\"><span class=\"ryNqvb\">\u0412\u0435\u0441 (\u0431\u0435\u0437 \u0443\u043f\u0430\u043a\u043e\u0432\u043a\u0438) 36 \u043a\u0433<\/span><\/span><span class=\"jCAhz\"><span class=\"ryNqvb\"><br><\/span><\/span><span class=\"jCAhz ChMk0b\"><span class=\"ryNqvb\">\u0411\u0420\u0423\u0422\u0422\u041e \u0432\u0435\u0441 (\u0432\u0435\u0441 \u0443\u043f\u0430\u043a\u043e\u0432\u043a\u0438) 39 \u043a\u0433<\/span><\/span><span class=\"jCAhz\"><span class=\"ryNqvb\"><br><\/span><\/span><span class=\"jCAhz ChMk0b\"><span class=\"ryNqvb\">\u0423\u043f\u0440\u0430\u0432\u043b\u0435\u043d\u0438\u0435<\/span><\/span><span class=\"jCAhz\"><span class=\"ryNqvb\"><br><\/span><\/span><span class=\"jCAhz ChMk0b\"><span class=\"ryNqvb\">\u0422\u0438\u043f \u0443\u043f\u0440\u0430\u0432\u043b\u0435\u043d\u0438\u044f \u041c\u0435\u0445\u0430\u043d\u0438\u0447\u0435\u0441\u043a\u043e\u0435<\/span><\/span><span class=\"jCAhz\"><span class=\"ryNqvb\"><br><\/span><\/span><span class=\"jCAhz ChMk0b\"><span class=\"ryNqvb\">\u0414\u043e\u043f\u043e\u043b\u043d\u0438\u0442\u0435\u043b\u044c\u043d\u044b\u0435 \u0444\u0443\u043d\u043a\u0446\u0438\u0438<\/span><\/span><span class=\"jCAhz\"><span class=\"ryNqvb\"><br><\/span><\/span><span class=\"jCAhz ChMk0b\"><span class=\"ryNqvb\">\u041a\u043e\u043b\u0438\u0447\u0435\u0441\u0442\u0432\u043e \u043a\u043e\u0440\u0437\u0438\u043d 2<\/span><\/span><span class=\"jCAhz\"><span class=\"ryNqvb\"><br><\/span><\/span><span class=\"jCAhz ChMk0b\"><span class=\"ryNqvb\">\u041c\u043e\u0449\u043d\u043e\u0441\u0442\u044c \u0437\u0430\u043c\u043e\u0440\u0430\u0436\u0438\u0432\u0430\u043d\u0438\u044f \u043a\u0433\/24\u0447 11.2<\/span><\/span><span class=\"jCAhz\"><span class=\"ryNqvb\"><br><\/span><\/span><span class=\"jCAhz ChMk0b\"><span class=\"ryNqvb\">\u041a\u043b\u0430\u0441\u0441 \u043c\u043e\u0440\u043e\u0437\u0438\u043b\u044c\u043d\u043e\u0439 \u043a\u0430\u043c\u0435\u0440\u044b ****<\/span><\/span><span class=\"jCAhz\"><span class=\"ryNqvb\"><br><\/span><\/span><span class=\"jCAhz ChMk0b\"><span class=\"ryNqvb\">\u041a\u043b\u0438\u043c\u0430\u0442\u0438\u0447\u0435\u0441\u043a\u0438\u0439 \u043a\u043b\u0430\u0441\u0441 N-ST<\/span><\/span><span class=\"jCAhz\"><span class=\"ryNqvb\"><br><\/span><\/span><span class=\"jCAhz ChMk0b\"><span class=\"ryNqvb\">\u0412\u0440\u0435\u043c\u044f \u0441\u043e\u0445\u0440\u0430\u043d\u0435\u043d\u0438\u044f \u0442\u0435\u043c\u043f\u0435\u0440\u0430\u0442\u0443\u0440\u044b \u043f\u0440\u0438 \u043e\u0442\u043a\u043b\u044e\u0447\u0435\u043d\u0438\u0438 \u044d\u043b\u0435\u043a\u0442\u0440\u043e\u044d\u043d\u0435\u0440\u0433\u0438\u0438.<\/span><\/span> <span class=\"jCAhz ChMk0b\"><span class=\"ryNqvb\">\u044d\u043b\u0435\u043a\u0442\u0440\u043e\u0441\u043d\u0430\u0431\u0436\u0435\u043d\u0438\u044f.<\/span><\/span> <span class=\"jCAhz ChMk0b\"><span class=\"ryNqvb\">(\u0447) 39<\/span><\/span><\/p><p><\/p><\/p><\/p>","protected":false},"excerpt":{"rendered":"<p>Ra\u017eot\u0101js Gorenjebalta kr\u0101saEAN\u00a03838782567216F ener\u0123ijas klaseEner\u0123ijas pat\u0113ri\u0146\u0161 gad\u0101 269 kWhApjomsSald\u0113tavas tilpums 248 lSka\u013cuma l\u012bmenisTrok\u0161\u0146a l\u012bmenis 40 dBAkustisk\u0101 trok\u0161\u0146a klase CIzm\u0113ri, svarsAugstums 84,7 cmPlatums 96,3 cmDzi\u013cums 63,2 cmSvars (bez iepakojuma) 36 kgBRUTO svars (iepakojuma svars) 39 kgKontroleVad\u012bbas veids Meh\u0101niskaisPapildu iesp\u0113jasGrozu skaits 2Sald\u0113\u0161anas jauda kg\/24h 11.2Sald\u0113tavas klase ****Klimata klase N-STTemperat\u016bras saglab\u0101\u0161anas laiks, kad tas ir izsl\u0113gts. elektroen. (h) [&hellip;]<\/p>\n","protected":false},"featured_media":24979,"comment_status":"open","ping_status":"closed","template":"","meta":{"_joinchat":[]},"product_brand":[271],"product_cat":[289],"product_tag":[],"class_list":{"0":"post-24982","1":"product","2":"type-product","3":"status-publish","4":"has-post-thumbnail","6":"product_brand-gorenje","7":"product_cat-sadzives-tehnika-saldetavas","9":"first","10":"instock","11":"shipping-taxable","12":"purchasable","13":"product-type-simple"},"_links":{"self":[{"href":"https:\/\/emeniro.lovehorses.lv\/ru\/wp-json\/wp\/v2\/product\/24982","targetHints":{"allow":["GET"]}}],"collection":[{"href":"https:\/\/emeniro.lovehorses.lv\/ru\/wp-json\/wp\/v2\/product"}],"about":[{"href":"https:\/\/emeniro.lovehorses.lv\/ru\/wp-json\/wp\/v2\/types\/product"}],"replies":[{"embeddable":true,"href":"https:\/\/emeniro.lovehorses.lv\/ru\/wp-json\/wp\/v2\/comments?post=24982"}],"wp:featuredmedia":[{"embeddable":true,"href":"https:\/\/emeniro.lovehorses.lv\/ru\/wp-json\/wp\/v2\/media\/24979"}],"wp:attachment":[{"href":"https:\/\/emeniro.lovehorses.lv\/ru\/wp-json\/wp\/v2\/media?parent=24982"}],"wp:term":[{"taxonomy":"product_brand","embeddable":true,"href":"https:\/\/emeniro.lovehorses.lv\/ru\/wp-json\/wp\/v2\/product_brand?post=24982"},{"taxonomy":"product_cat","embeddable":true,"href":"https:\/\/emeniro.lovehorses.lv\/ru\/wp-json\/wp\/v2\/product_cat?post=24982"},{"taxonomy":"product_tag","embeddable":true,"href":"https:\/\/emeniro.lovehorses.lv\/ru\/wp-json\/wp\/v2\/product_tag?post=24982"}],"curies":[{"name":"wp","href":"https:\/\/api.w.org\/{rel}","templated":true}]}}