{"id":25000,"date":"2026-04-30T22:27:16","date_gmt":"2026-04-30T22:27:16","guid":{"rendered":"https:\/\/emeniro.lovehorses.lv\/product\/esperanza-ehf001ww\/"},"modified":"2026-04-30T22:27:16","modified_gmt":"2026-04-30T22:27:16","slug":"esperanza-ehf001ww","status":"publish","type":"product","link":"https:\/\/emeniro.lovehorses.lv\/ru\/product\/esperanza-ehf001ww\/","title":{"rendered":"ESPERANZA EHF001WW"},"content":{"rendered":"<p><em>IR UZ VIETAS!<\/em><\/p>\n<p>Maksim\u0101l\u0101 jauda 50 vati<\/p>\n<p>Gaisa \u0101truma kontrole 3 \u0101trumu<br \/>Visor diametrs 46 cm<br \/>balta kr\u0101sa<br \/>Augstums 130 cm<br \/>\u0428\u0438\u0440\u0438\u043d\u0430 50 \u0441\u043c<\/p><\/p>","protected":false},"excerpt":{"rendered":"<p>IR UZ VIETAS! Maksim\u0101l\u0101 jauda 50 vati Gaisa \u0101truma kontrole 3 \u0101trumuVisor diametrs 46 cmbalta kr\u0101saAugstums 130 cmPlatums 50 cm<\/p>","protected":false},"featured_media":24999,"comment_status":"open","ping_status":"closed","template":"","meta":[],"product_brand":[],"product_cat":[319],"product_tag":[],"class_list":{"0":"post-25000","1":"product","2":"type-product","3":"status-publish","4":"has-post-thumbnail","6":"product_cat-maza-sadzives-tehnika-gaisa-ventilatori","8":"first","9":"instock","10":"shipping-taxable","11":"purchasable","12":"product-type-simple"},"_links":{"self":[{"href":"https:\/\/emeniro.lovehorses.lv\/ru\/wp-json\/wp\/v2\/product\/25000","targetHints":{"allow":["GET"]}}],"collection":[{"href":"https:\/\/emeniro.lovehorses.lv\/ru\/wp-json\/wp\/v2\/product"}],"about":[{"href":"https:\/\/emeniro.lovehorses.lv\/ru\/wp-json\/wp\/v2\/types\/product"}],"replies":[{"embeddable":true,"href":"https:\/\/emeniro.lovehorses.lv\/ru\/wp-json\/wp\/v2\/comments?post=25000"}],"wp:featuredmedia":[{"embeddable":true,"href":"https:\/\/emeniro.lovehorses.lv\/ru\/wp-json\/wp\/v2\/media\/24999"}],"wp:attachment":[{"href":"https:\/\/emeniro.lovehorses.lv\/ru\/wp-json\/wp\/v2\/media?parent=25000"}],"wp:term":[{"taxonomy":"product_brand","embeddable":true,"href":"https:\/\/emeniro.lovehorses.lv\/ru\/wp-json\/wp\/v2\/product_brand?post=25000"},{"taxonomy":"product_cat","embeddable":true,"href":"https:\/\/emeniro.lovehorses.lv\/ru\/wp-json\/wp\/v2\/product_cat?post=25000"},{"taxonomy":"product_tag","embeddable":true,"href":"https:\/\/emeniro.lovehorses.lv\/ru\/wp-json\/wp\/v2\/product_tag?post=25000"}],"curies":[{"name":"wp","href":"https:\/\/api.w.org\/{rel}","templated":true}]}}