{"id":25060,"date":"2026-04-30T22:29:14","date_gmt":"2026-04-30T22:29:14","guid":{"rendered":"https:\/\/emeniro.lovehorses.lv\/product\/lenovo-loq-15-12450hx-16-gb-512-gb-15-6-nvidia-geforce-rtx-2050\/"},"modified":"2026-04-30T22:29:14","modified_gmt":"2026-04-30T22:29:14","slug":"lenovo-loq-15-12450hx-16-gb-512-gb-15-6-nvidia-geforce-rtx-2050","status":"publish","type":"product","link":"https:\/\/emeniro.lovehorses.lv\/ru\/product\/lenovo-loq-15-12450hx-16-gb-512-gb-15-6-nvidia-geforce-rtx-2050\/","title":{"rendered":"Lenovo LOQ 15, 12450HX, 16 \u0413\u0411, 512 \u0413\u0411, 15.6\", Nvidia GeForce RTX 2050"},"content":{"rendered":"<p>Produkta veids\u00a0 \u00a0 \u00a0Portat\u012bvie datori<\/p>\n<p>Z\u012bmols\u00a0 \u00a0 \u00a0Lenovo<br \/>S\u0113rija\u00a0 \u00a0 \u00a0Lenovo LOQ 15<br \/>Modelis\u00a0 \u00a0 \u00a0\u2013<br \/>Datora tips\u00a0 \u00a0 \u00a0Biznesam<br \/>Atjaunots\u00a0 \u00a0 N\u0113<br \/>Korpusa kr\u0101sa\u00a0 \u00a0 \u00a0Pel\u0113ka<br \/>Svars\u00a0 \u00a0 \u00a01.77 kg<br \/>Garums\u00a0 \u00a0 \u00a0359.3 mm<br \/>Platums\u00a0 \u00a0 \u00a0236 mm<br \/>Augstums\u00a0 \u00a0 \u00a022.95 mm<br \/>\u042d\u043a\u0440\u0430\u043d<br \/>Ekr\u0101na izm\u0113rs pa diagon\u0101li\u00a0 \u00a0 \u00a015.6 \u201c<br \/>Ekr\u0101na virsmas tips\u00a0 \u00a0 Mat\u0113ts<br \/>IPS ekr\u0101ns\u00a0 \u00a0 J\u0101<br \/>Ieb\u016bv\u0113ts priv\u0101tuma filtrs\u00a0 \u00a0 N\u0113<br \/>Sk\u0101rienj\u016bt\u012bgais ekr\u0101ns\u00a0 \u00a0 \u00a0N\u0113<br \/>Ekr\u0101na iz\u0161\u0137irtsp\u0113ja\u00a0 \u00a0 \u00a01920 x 1080<br \/>Ekr\u0101na frekvence\u00a0 \u00a0 \u00a0144 Hz<br \/>Ekr\u0101na tips\u00a0 \u00a0 \u00a0IPS<br \/>\u041e\u043f\u0435\u0440\u0430\u0446\u0438\u043e\u043d\u043d\u0430\u044f \u0441\u0438\u0441\u0442\u0435\u043c\u0430<br \/>Oper\u0113t\u0101jsist\u0113ma\u00a0 \u00a0 Nav<br \/>\u041f\u0440\u043e\u0446\u0435\u0441\u0441\u043e\u0440<br \/>Procesora klase\u00a0 \u00a0 \u00a0Intel\u00ae Core\u2122 i5<br \/>Procesora paaudze\u00a0 \u00a0 \u00a0Alder Lake (Intel)<br \/>Procesora tips\u00a0 \u00a0 Intel<br \/>Procesora modelis\u00a0 \u00a0 \u00a012450HX<br \/>Procesora kodoli\u00a0 \u00a0 8<br \/>Procesora frekvence\u00a0 \u00a0 \u00a03.10 GHz<br \/>Ke\u0161atmi\u0146a\u00a0 \u00a0 12 MB<br \/>\u041e\u043f\u0435\u0440\u0430\u0442\u0438\u0432\u043d\u0430\u044f \u043f\u0430\u043c\u044f\u0442\u044c<br \/>Operat\u012bv\u0101s atmi\u0146as tips\u00a0 \u00a0 DDR5<br \/>Operat\u012bv\u0101 atmi\u0146a (RAM)\u00a0 \u00a0 16 GB<br \/>Maksim\u0101lais operat\u012bv\u0101s atmi\u0146as daudzums (RAM)\u00a0 \u00a0 32 GB<br \/>Operat\u012bv\u0101s atmi\u0146as taktiskais bie\u017eums\u00a0 \u00a0 \u00a04800 MHz<br \/>\u0416\u0451\u0441\u0442\u043a\u0438\u0439 \u0434\u0438\u0441\u043a<br \/>Multivides tips\u00a0 \u00a0 \u00a0SSD<br \/>SSD\/eMMC diska ietilp\u012bba\u00a0 \u00a0 512 GB<br \/>Kop\u0113j\u0101 datora atmi\u0146as ietilp\u012bba\u00a0 \u00a0 \u00a0512 GB<br \/>\u0412\u0438\u0434\u0435\u043e\u043a\u0430\u0440\u0442\u0430<br \/>Integr\u0113ta video karte\u00a0 \u00a0 \u00a0N\u0113<br \/>Video kartes tips\u00a0 \u00a0 \u00a0Nvidia<br \/>Video kar\u0161u s\u0113rija\u00a0 \u00a0 \u00a0Geforce<br \/>Video kartes modelis\u00a0 \u00a0 Nvidia GeForce RTX 2050<br \/>Video kartes atmi\u0146a\u00a0 \u00a0 4 GB GDDR6<br \/>VR (Virtual reality) ready\u00a0 \u00a0 N\u0113<br \/>nVidia G-Sync\u00a0 \u00a0 N\u0113<br \/>AMD FreeSync\u00a0 \u00a0 N\u0113<br \/>\u0424\u0438\u0437\u0438\u0447\u0435\u0441\u043a\u0438\u0435 \u0441\u043e\u0435\u0434\u0438\u043d\u0435\u043d\u0438\u044f \u0438 \u0443\u043f\u0440\u0430\u0432\u043b\u0435\u043d\u0438\u0435<br \/>Bluetooth interfeiss\u00a0 \u00a0 \u00a0J\u0101<br \/>\u0412\u0441\u0442\u0440\u043e\u0435\u043d\u043d\u044b\u0435 \u0434\u043e\u043f\u043e\u043b\u043d\u0438\u0442\u0435\u043b\u044c\u043d\u044b\u0435 \u0443\u0441\u0442\u0440\u043e\u0439\u0441\u0442\u0432\u0430<br \/>Diskdzinis\u00a0 \u00a0 N\u0113<br \/>Ar video kameru\u00a0 \u00a0 J\u0101<br \/>Ieb\u016bv\u0113ts mikrofons\u00a0 \u00a0 J\u0101<br \/>Ieb\u016bv\u0113ts kar\u0161u las\u012bt\u0101js\u00a0 \u00a0 J\u0101<br \/>Ska\u0146as sist\u0113ma\u00a0 \u00a0 \u00a0Stereo<br \/>\u041a\u043b\u0430\u0432\u0438\u0430\u0442\u0443\u0440\u0430 \u0438 \u043a\u043e\u0440\u043f\u0443\u0441<br \/>Korpusa materi\u0101ls\u00a0 \u00a0 \u00a0ABS plastmasa, Polikarbon\u0101ts<br \/>Tastat\u016bras valoda\u00a0 \u00a0 \u00a0Ang\u013cu<br \/>Tastat\u016bras apgaismojums\u00a0 \u00a0 \u00a0J\u0101<br \/>Atsevi\u0161\u0137s ciparu bloks\u00a0 \u00a0 N\u0113<br \/>Meh\u0101niskie tausti\u0146i\u00a0 \u00a0 N\u0113<br \/>Mitrumdro\u0161a klaviat\u016bra\u00a0 \u00a0 \u00a0N\u0113<br \/>\u0411\u0430\u0442\u0430\u0440\u0435\u044f \u0438 \u0431\u0435\u0437\u043e\u043f\u0430\u0441\u043d\u043e\u0441\u0442\u044c<br \/>Akumulatora jauda (Wh)\u00a0 \u00a0 \u00a057\u00a0<\/p><\/p>","protected":false},"excerpt":{"rendered":"<p>Produkta veids\u00a0 \u00a0 \u00a0Portat\u012bvie datori Z\u012bmols\u00a0 \u00a0 \u00a0LenovoS\u0113rija\u00a0 \u00a0 \u00a0Lenovo LOQ 15Modelis\u00a0 \u00a0 \u00a0\u2013Datora tips\u00a0 \u00a0 \u00a0BiznesamAtjaunots\u00a0 \u00a0 N\u0113Korpusa kr\u0101sa\u00a0 \u00a0 \u00a0Pel\u0113kaSvars\u00a0 \u00a0 \u00a01.77 kgGarums\u00a0 \u00a0 \u00a0359.3 mmPlatums\u00a0 \u00a0 \u00a0236 mmAugstums\u00a0 \u00a0 \u00a022.95 mmEkr\u0101nsEkr\u0101na izm\u0113rs pa diagon\u0101li\u00a0 \u00a0 \u00a015.6 \u201cEkr\u0101na virsmas tips\u00a0 \u00a0 Mat\u0113tsIPS ekr\u0101ns\u00a0 \u00a0 J\u0101Ieb\u016bv\u0113ts priv\u0101tuma filtrs\u00a0 \u00a0 N\u0113Sk\u0101rienj\u016bt\u012bgais ekr\u0101ns\u00a0 \u00a0 \u00a0N\u0113Ekr\u0101na iz\u0161\u0137irtsp\u0113ja\u00a0 [&hellip;]<\/p>\n","protected":false},"featured_media":25052,"comment_status":"open","ping_status":"closed","template":"","meta":{"_joinchat":[]},"product_brand":[111],"product_cat":[345],"product_tag":[],"class_list":{"0":"post-25060","1":"product","2":"type-product","3":"status-publish","4":"has-post-thumbnail","6":"product_brand-lenovo","7":"product_cat-datortehnika-preces-birojam-portativie-datori-un-citas-preces","9":"first","10":"instock","11":"shipping-taxable","12":"purchasable","13":"product-type-simple"},"_links":{"self":[{"href":"https:\/\/emeniro.lovehorses.lv\/ru\/wp-json\/wp\/v2\/product\/25060","targetHints":{"allow":["GET"]}}],"collection":[{"href":"https:\/\/emeniro.lovehorses.lv\/ru\/wp-json\/wp\/v2\/product"}],"about":[{"href":"https:\/\/emeniro.lovehorses.lv\/ru\/wp-json\/wp\/v2\/types\/product"}],"replies":[{"embeddable":true,"href":"https:\/\/emeniro.lovehorses.lv\/ru\/wp-json\/wp\/v2\/comments?post=25060"}],"wp:featuredmedia":[{"embeddable":true,"href":"https:\/\/emeniro.lovehorses.lv\/ru\/wp-json\/wp\/v2\/media\/25052"}],"wp:attachment":[{"href":"https:\/\/emeniro.lovehorses.lv\/ru\/wp-json\/wp\/v2\/media?parent=25060"}],"wp:term":[{"taxonomy":"product_brand","embeddable":true,"href":"https:\/\/emeniro.lovehorses.lv\/ru\/wp-json\/wp\/v2\/product_brand?post=25060"},{"taxonomy":"product_cat","embeddable":true,"href":"https:\/\/emeniro.lovehorses.lv\/ru\/wp-json\/wp\/v2\/product_cat?post=25060"},{"taxonomy":"product_tag","embeddable":true,"href":"https:\/\/emeniro.lovehorses.lv\/ru\/wp-json\/wp\/v2\/product_tag?post=25060"}],"curies":[{"name":"wp","href":"https:\/\/api.w.org\/{rel}","templated":true}]}}