{"id":25170,"date":"2026-04-30T22:32:42","date_gmt":"2026-04-30T22:32:42","guid":{"rendered":"https:\/\/emeniro.lovehorses.lv\/product\/gardena-ths-42-18v\/"},"modified":"2026-04-30T22:32:42","modified_gmt":"2026-04-30T22:32:42","slug":"gardena-ths-42-18v","status":"publish","type":"product","link":"https:\/\/emeniro.lovehorses.lv\/ru\/product\/gardena-ths-42-18v\/","title":{"rendered":"Gardena THS 42\/18V"},"content":{"rendered":"<p>Produkta veids\u00a0\u00a0\u00a0\u00a0 Dz\u012bv\u017eoga \u0161\u0137\u0113res<\/p>\n<p>Z\u012bmols\u00a0\u00a0\u00a0\u00a0 Gardena<br \/>Modelis\u00a0\u00a0\u00a0\u00a0 THS 42\/18V<br \/>Kr\u0101sa\u00a0\u00a0\u00a0\u00a0 Melna, Za\u013ca<br \/>\u0160\u0137\u0113ru tips\u00a0\u00a0\u00a0\u00a0 Akumulatora<br \/>Svars\u00a0\u00a0\u00a0\u00a0 7 kg<br \/>Sliedes garums\u00a0\u00a0\u00a0\u00a0 42 cm<br \/>Akumulators iek\u013cauts komplekt\u0101\u00a0\u00a0\u00a0\u00a0 J\u0101<br \/>Akumulatora tips\u00a0\u00a0\u00a0\u00a0 Li-Ion<br \/>Akumulatora spriegums\u00a0\u00a0\u00a0\u00a0 18 V<br \/>L\u0101d\u0113t\u0101js iek\u013cauts\u00a0\u00a0\u00a0\u00a0 J\u0101<br \/>Darb\u012bbas ilgums p\u0113c uzl\u0101des\u00a0\u00a0\u00a0\u00a0 100 min<br \/>Regul\u0113jams rokturis\u00a0\u00a0\u00a0\u00a0 N\u0113<br \/>Na\u017ea maksts\u00a0\u00a0\u00a0\u00a0 N\u0113<br \/>Garantija\u00a0\u00a0\u00a0\u00a0 24 m\u0113n<\/p><\/p>","protected":false},"excerpt":{"rendered":"<p>Produkta veids\u00a0\u00a0\u00a0\u00a0 Dz\u012bv\u017eoga \u0161\u0137\u0113res Z\u012bmols\u00a0\u00a0\u00a0\u00a0 GardenaModelis\u00a0\u00a0\u00a0\u00a0 THS 42\/18VKr\u0101sa\u00a0\u00a0\u00a0\u00a0 Melna, Za\u013ca\u0160\u0137\u0113ru tips\u00a0\u00a0\u00a0\u00a0 AkumulatoraSvars\u00a0\u00a0\u00a0\u00a0 7 kgSliedes garums\u00a0\u00a0\u00a0\u00a0 42 cmAkumulators iek\u013cauts komplekt\u0101\u00a0\u00a0\u00a0\u00a0 J\u0101Akumulatora tips\u00a0\u00a0\u00a0\u00a0 Li-IonAkumulatora spriegums\u00a0\u00a0\u00a0\u00a0 18 VL\u0101d\u0113t\u0101js iek\u013cauts\u00a0\u00a0\u00a0\u00a0 J\u0101Darb\u012bbas ilgums p\u0113c uzl\u0101des\u00a0\u00a0\u00a0\u00a0 100 minRegul\u0113jams rokturis\u00a0\u00a0\u00a0\u00a0 N\u0113Na\u017ea maksts\u00a0\u00a0\u00a0\u00a0 N\u0113Garantija\u00a0\u00a0\u00a0\u00a0 24 m\u0113n<\/p>","protected":false},"featured_media":25166,"comment_status":"open","ping_status":"closed","template":"","meta":[],"product_brand":[],"product_cat":[328],"product_tag":[],"class_list":{"0":"post-25170","1":"product","2":"type-product","3":"status-publish","4":"has-post-thumbnail","6":"product_cat-darza-tehnika-dzivzogu-skeres","8":"first","9":"instock","10":"shipping-taxable","11":"purchasable","12":"product-type-simple"},"_links":{"self":[{"href":"https:\/\/emeniro.lovehorses.lv\/ru\/wp-json\/wp\/v2\/product\/25170","targetHints":{"allow":["GET"]}}],"collection":[{"href":"https:\/\/emeniro.lovehorses.lv\/ru\/wp-json\/wp\/v2\/product"}],"about":[{"href":"https:\/\/emeniro.lovehorses.lv\/ru\/wp-json\/wp\/v2\/types\/product"}],"replies":[{"embeddable":true,"href":"https:\/\/emeniro.lovehorses.lv\/ru\/wp-json\/wp\/v2\/comments?post=25170"}],"wp:featuredmedia":[{"embeddable":true,"href":"https:\/\/emeniro.lovehorses.lv\/ru\/wp-json\/wp\/v2\/media\/25166"}],"wp:attachment":[{"href":"https:\/\/emeniro.lovehorses.lv\/ru\/wp-json\/wp\/v2\/media?parent=25170"}],"wp:term":[{"taxonomy":"product_brand","embeddable":true,"href":"https:\/\/emeniro.lovehorses.lv\/ru\/wp-json\/wp\/v2\/product_brand?post=25170"},{"taxonomy":"product_cat","embeddable":true,"href":"https:\/\/emeniro.lovehorses.lv\/ru\/wp-json\/wp\/v2\/product_cat?post=25170"},{"taxonomy":"product_tag","embeddable":true,"href":"https:\/\/emeniro.lovehorses.lv\/ru\/wp-json\/wp\/v2\/product_tag?post=25170"}],"curies":[{"name":"wp","href":"https:\/\/api.w.org\/{rel}","templated":true}]}}