{"id":25270,"date":"2026-04-30T22:35:08","date_gmt":"2026-04-30T22:35:08","guid":{"rendered":"https:\/\/emeniro.lovehorses.lv\/product\/dreame-aqua-10-ultra-roller-complete-black-rlh71de1bk\/"},"modified":"2026-04-30T22:35:08","modified_gmt":"2026-04-30T22:35:08","slug":"dreame-aqua-10-ultra-roller-complete-black-rlh71de1bk","status":"publish","type":"product","link":"https:\/\/emeniro.lovehorses.lv\/ru\/product\/dreame-aqua-10-ultra-roller-complete-black-rlh71de1bk\/","title":{"rendered":"D\u0440\u0438\u043c\u0438 \u0410\u043a\u0432\u0430 10 \u0423\u043b\u044c\u0442\u0440\u0430 \u0420\u043e\u043b\u043b\u0435\u0440 \u041a\u043e\u043c\u043f\u043b\u0438\u0442 \u0427\u0435\u0440\u043d\u044b\u0439 RLH71DE1BK"},"content":{"rendered":"<p>Pre\u010du z\u012bme\u00a0 \u00a0 Dreame<\/p>\n<p>\u00a0 \u00a0 Modelis\u00a0 \u00a0 Aqua10 Ultra Roller Complete<br \/>\u00a0 \u00a0 Putek\u013cu s\u016bc\u0113ja tips\u00a0 \u00a0 Saus\u0101s un mitr\u0101s uzkop\u0161anas robots<br \/>\u00a0 \u00a0 Atkritumu tips\u00a0 \u00a0 Mitrie un sausie<br \/>\u00a0 \u00a0 Kr\u0101sa\u00a0 \u00a0 Melna<br \/>\u00a0 \u00a0 Uzl\u0101des ilgums (h)\u00a0 \u00a0 4.5<br \/>\u00a0 \u00a0 Darb\u012bbas ilgums (min)\u00a0 \u00a0 l\u012bdz 175<br \/>\u00a0 \u00a0 Baro\u0161anas avota tips\u00a0 \u00a0 Li-Ion<br \/>\u00a0 \u00a0 Akumulatora jauda, mAh\u00a0 \u00a0 6400<br \/>\u00a0 \u00a0 Spriegums (V)\u00a0 \u00a0 14.4<br \/>\u00a0 \u00a0 EAN\u00a0 \u00a0 6978515254666<br \/>\u0420\u0430\u0437\u043c\u0435\u0440\u044b, \u0432\u0435\u0441<br \/>\u00a0 \u00a0 Augstums\u00a0 \u00a0 9 cm<br \/>\u00a0 \u00a0 Platums\u00a0 \u00a0 35 cm<br \/>\u00a0 \u00a0 Dzi\u013cums\u00a0 \u00a0 35.2 cm<br \/>\u00a0 \u00a0 Svars\u00a0 \u00a0 4.13 kg<br \/>\u00a0 \u00a0 Svars ar iepakojumu\u00a0 \u00a0 13.1 kg<br \/>\u0414\u0440\u0443\u0433\u0438\u0435 \u043f\u0430\u0440\u0430\u043c\u0435\u0442\u0440\u044b<br \/>\u00a0 \u00a0 Putek\u013cs\u016bc\u0113ja filtra veids\u00a0 \u00a0 HEPA<br \/>\u00a0 \u00a0 Putek\u013cu sav\u0101k\u0161anas tvertne\u00a0 \u00a0 0.22 l<br \/>\u00a0 \u00a0 \u016adens tvertnes tilpums\u00a0 \u00a0 0.1 l<br \/>\u00a0 \u00a0 Net\u012br\u0101 \u016bdens tilpums\u00a0 \u00a0 0.14 l<br \/>\u00a0 \u00a0 Trok\u0161\u0146a l\u012bmenis\u00a0 \u00a0 74 dB<br \/>\u00a0 \u00a0 Komplekt\u0101\u00a0 \u00a0 \u201cComplete\u201d versija ietver papildu piederumus ilg\u0101kai un \u0113rt\u0101kai apkopei.<br \/>\u00a0 \u00a0 Papildu inform\u0101cija\u00a0 \u00a0 AquaRoll mopa tehnolo\u0123ija ar rull\u012b\u0161a stila mopa paliktni. Atgrie\u017eoties daudzfunkcion\u0101laj\u0101 dokstacij\u0101 mopa rull\u012btis autom\u0101tiski tiek mazg\u0101ts 100 gr\u0101di p\u0113c Celsija.<\/p>\n<p>\u00a0 \u00a0 \u0422\u0435\u0445\u043d\u043e\u043b\u043e\u0433\u0438\u044f \u043c\u043e\u0439\u043a\u0438 AquaRoll\u2122<br \/>\u00a0 \u00a0 \u0422\u0435\u0445\u043d\u043e\u043b\u043e\u0433\u0438\u044f FluffRoll\u2122<br \/>\u00a0 \u00a0 \u0417\u0430\u0449\u0438\u0442\u043d\u0430\u044f \u043a\u0440\u044b\u0448\u043a\u0430 \u0440\u043e\u043b\u0438\u043a\u0430 AutoSeal\u2122<br \/>\u00a0 \u00a0 \u0423\u043b\u0443\u0447\u0448\u0435\u043d\u043d\u0430\u044f \u0441\u0438\u0441\u0442\u0435\u043c\u0430 ProLeap\u2122<br \/>\u00a0 \u00a0 \u0421\u0438\u0441\u0442\u0435\u043c\u0430 AstroVision\u2122<\/p><\/p>","protected":false},"excerpt":{"rendered":"<p>Pre\u010du z\u012bme\u00a0 \u00a0 Dreame \u00a0 \u00a0 Modelis\u00a0 \u00a0 Aqua10 Ultra Roller Complete\u00a0 \u00a0 Putek\u013cu s\u016bc\u0113ja tips\u00a0 \u00a0 Saus\u0101s un mitr\u0101s uzkop\u0161anas robots\u00a0 \u00a0 Atkritumu tips\u00a0 \u00a0 Mitrie un sausie\u00a0 \u00a0 Kr\u0101sa\u00a0 \u00a0 Melna\u00a0 \u00a0 Uzl\u0101des ilgums (h)\u00a0 \u00a0 4.5\u00a0 \u00a0 Darb\u012bbas ilgums (min)\u00a0 \u00a0 l\u012bdz 175\u00a0 \u00a0 Baro\u0161anas avota tips\u00a0 \u00a0 Li-Ion\u00a0 \u00a0 Akumulatora jauda, [&hellip;]<\/p>\n","protected":false},"featured_media":25265,"comment_status":"open","ping_status":"closed","template":"","meta":{"_joinchat":[]},"product_brand":[],"product_cat":[282],"product_tag":[],"class_list":{"0":"post-25270","1":"product","2":"type-product","3":"status-publish","4":"has-post-thumbnail","6":"product_cat-sadzives-tehnika-puteklu-suceji","8":"first","9":"instock","10":"shipping-taxable","11":"purchasable","12":"product-type-simple"},"_links":{"self":[{"href":"https:\/\/emeniro.lovehorses.lv\/ru\/wp-json\/wp\/v2\/product\/25270","targetHints":{"allow":["GET"]}}],"collection":[{"href":"https:\/\/emeniro.lovehorses.lv\/ru\/wp-json\/wp\/v2\/product"}],"about":[{"href":"https:\/\/emeniro.lovehorses.lv\/ru\/wp-json\/wp\/v2\/types\/product"}],"replies":[{"embeddable":true,"href":"https:\/\/emeniro.lovehorses.lv\/ru\/wp-json\/wp\/v2\/comments?post=25270"}],"wp:featuredmedia":[{"embeddable":true,"href":"https:\/\/emeniro.lovehorses.lv\/ru\/wp-json\/wp\/v2\/media\/25265"}],"wp:attachment":[{"href":"https:\/\/emeniro.lovehorses.lv\/ru\/wp-json\/wp\/v2\/media?parent=25270"}],"wp:term":[{"taxonomy":"product_brand","embeddable":true,"href":"https:\/\/emeniro.lovehorses.lv\/ru\/wp-json\/wp\/v2\/product_brand?post=25270"},{"taxonomy":"product_cat","embeddable":true,"href":"https:\/\/emeniro.lovehorses.lv\/ru\/wp-json\/wp\/v2\/product_cat?post=25270"},{"taxonomy":"product_tag","embeddable":true,"href":"https:\/\/emeniro.lovehorses.lv\/ru\/wp-json\/wp\/v2\/product_tag?post=25270"}],"curies":[{"name":"wp","href":"https:\/\/api.w.org\/{rel}","templated":true}]}}