{"id":25283,"date":"2026-04-30T22:35:26","date_gmt":"2026-04-30T22:35:26","guid":{"rendered":"https:\/\/emeniro.lovehorses.lv\/product\/makita-ur017gz\/"},"modified":"2026-04-30T22:35:26","modified_gmt":"2026-04-30T22:35:26","slug":"makita-ur017gz","status":"publish","type":"product","link":"https:\/\/emeniro.lovehorses.lv\/ru\/product\/makita-ur017gz\/","title":{"rendered":"Makita UR017GZ"},"content":{"rendered":"<p>Produkta veids\u00a0\u00a0\u00a0\u00a0 Trimmeri<\/p>\n<p>Z\u012bmols\u00a0\u00a0\u00a0\u00a0 Makita<br \/>Modelis\u00a0\u00a0\u00a0\u00a0 UR017GZ<br \/>P\u013cau\u0161anas veids\u00a0\u00a0\u00a0\u00a0 Asmens<br \/>\u0420\u0430\u0437\u043c\u0435\u0440\u044b, \u0432\u0435\u0441 \u0438 \u0446\u0432\u0435\u0442<br \/>Garums\u00a0\u00a0\u00a0\u00a0 1890 mm<br \/>Platums\u00a0\u00a0\u00a0\u00a0 362 mm<br \/>Augstums\u00a0\u00a0\u00a0\u00a0 265 mm<br \/>Svars\u00a0\u00a0\u00a0\u00a0 3.9 kg<br \/>Kr\u0101sa\u00a0\u00a0\u00a0\u00a0 Zila<br \/>\u041f\u0438\u0442\u0430\u043d\u0438\u0435<br \/>Akumulatora tips\u00a0\u00a0\u00a0\u00a0 Li-Ion<br \/>Nepiecie\u0161amais akumulatoru skaits\u00a0\u00a0\u00a0\u00a0 1<br \/>Akumulators iek\u013cauts komplekt\u0101\u00a0\u00a0\u00a0\u00a0 N\u0113<br \/>Akumulatora spriegums\u00a0\u00a0\u00a0\u00a0 40 V<br \/>L\u0101d\u0113t\u0101js iek\u013cauts\u00a0\u00a0\u00a0\u00a0 N\u0113<br \/>Uzl\u0101des laiks\u00a0\u00a0\u00a0\u00a0 60 min<br \/>\u041c\u043e\u0449\u043d\u043e\u0441\u0442\u044c \u0438 \u043f\u0440\u043e\u0438\u0437\u0432\u043e\u0434\u0438\u0442\u0435\u043b\u044c\u043d\u043e\u0441\u0442\u044c<br \/>Darba platums\u00a0\u00a0\u00a0\u00a0 33 cm<br \/>Jauda\u00a0\u00a0\u00a0\u00a0 500 W<br \/>Elektrisk\u0101 dzin\u0113ja tips\u00a0\u00a0\u00a0\u00a0 Bezsuku<br \/>Maksim\u0101lais motora darb\u012bbas \u0101trums\u00a0\u00a0\u00a0\u00a0 6500 rpm<br \/>Trok\u0161\u0146a l\u012bmenis\u00a0\u00a0\u00a0\u00a0 94.1 dB<br \/>V\u0101rpstas tips\u00a0\u00a0\u00a0\u00a0 Taisns<br \/>\u0414\u043e\u043f\u043e\u043b\u043d\u0438\u0442\u0435\u043b\u044c\u043d\u043e<br \/>Roktura veids\u00a0\u00a0\u00a0\u00a0 Papildus rokturi<br \/>Ar dro\u0161\u012bbas jostu\u00a0\u00a0\u00a0\u00a0 N\u0113<br \/>Garantija\u00a0\u00a0\u00a0\u00a0 24 m\u0113n<br \/>Izcelsmes valsts\u00a0\u00a0\u00a0\u00a0 \u0136\u012bna<\/p><\/p>","protected":false},"excerpt":{"rendered":"<p>Produkta veids\u00a0\u00a0\u00a0\u00a0 Trimmeri Z\u012bmols\u00a0\u00a0\u00a0\u00a0 MakitaModelis\u00a0\u00a0\u00a0\u00a0 UR017GZP\u013cau\u0161anas veids\u00a0\u00a0\u00a0\u00a0 AsmensIzm\u0113ri, svars un kr\u0101saGarums\u00a0\u00a0\u00a0\u00a0 1890 mmPlatums\u00a0\u00a0\u00a0\u00a0 362 mmAugstums\u00a0\u00a0\u00a0\u00a0 265 mmSvars\u00a0\u00a0\u00a0\u00a0 3.9 kgKr\u0101sa\u00a0\u00a0\u00a0\u00a0 ZilaBaro\u0161anaAkumulatora tips\u00a0\u00a0\u00a0\u00a0 Li-IonNepiecie\u0161amais akumulatoru skaits\u00a0\u00a0\u00a0\u00a0 1Akumulators iek\u013cauts komplekt\u0101\u00a0\u00a0\u00a0\u00a0 N\u0113Akumulatora spriegums\u00a0\u00a0\u00a0\u00a0 40 VL\u0101d\u0113t\u0101js iek\u013cauts\u00a0\u00a0\u00a0\u00a0 N\u0113Uzl\u0101des laiks\u00a0\u00a0\u00a0\u00a0 60 minJauda un veiktsp\u0113jaDarba platums\u00a0\u00a0\u00a0\u00a0 33 cmJauda\u00a0\u00a0\u00a0\u00a0 500 WElektrisk\u0101 dzin\u0113ja tips\u00a0\u00a0\u00a0\u00a0 BezsukuMaksim\u0101lais motora darb\u012bbas \u0101trums\u00a0\u00a0\u00a0\u00a0 6500 rpmTrok\u0161\u0146a l\u012bmenis\u00a0\u00a0\u00a0\u00a0 94.1 dBV\u0101rpstas tips\u00a0\u00a0\u00a0\u00a0 [&hellip;]<\/p>\n","protected":false},"featured_media":25278,"comment_status":"open","ping_status":"closed","template":"","meta":{"_joinchat":[]},"product_brand":[],"product_cat":[312],"product_tag":[],"class_list":{"0":"post-25283","1":"product","2":"type-product","3":"status-publish","4":"has-post-thumbnail","6":"product_cat-darza-tehnika-trimmeri","8":"first","9":"instock","10":"shipping-taxable","11":"purchasable","12":"product-type-simple"},"_links":{"self":[{"href":"https:\/\/emeniro.lovehorses.lv\/ru\/wp-json\/wp\/v2\/product\/25283","targetHints":{"allow":["GET"]}}],"collection":[{"href":"https:\/\/emeniro.lovehorses.lv\/ru\/wp-json\/wp\/v2\/product"}],"about":[{"href":"https:\/\/emeniro.lovehorses.lv\/ru\/wp-json\/wp\/v2\/types\/product"}],"replies":[{"embeddable":true,"href":"https:\/\/emeniro.lovehorses.lv\/ru\/wp-json\/wp\/v2\/comments?post=25283"}],"wp:featuredmedia":[{"embeddable":true,"href":"https:\/\/emeniro.lovehorses.lv\/ru\/wp-json\/wp\/v2\/media\/25278"}],"wp:attachment":[{"href":"https:\/\/emeniro.lovehorses.lv\/ru\/wp-json\/wp\/v2\/media?parent=25283"}],"wp:term":[{"taxonomy":"product_brand","embeddable":true,"href":"https:\/\/emeniro.lovehorses.lv\/ru\/wp-json\/wp\/v2\/product_brand?post=25283"},{"taxonomy":"product_cat","embeddable":true,"href":"https:\/\/emeniro.lovehorses.lv\/ru\/wp-json\/wp\/v2\/product_cat?post=25283"},{"taxonomy":"product_tag","embeddable":true,"href":"https:\/\/emeniro.lovehorses.lv\/ru\/wp-json\/wp\/v2\/product_tag?post=25283"}],"curies":[{"name":"wp","href":"https:\/\/api.w.org\/{rel}","templated":true}]}}