{"id":25313,"date":"2026-04-30T22:36:07","date_gmt":"2026-04-30T22:36:07","guid":{"rendered":"https:\/\/emeniro.lovehorses.lv\/product\/lg-32lq630b6la\/"},"modified":"2026-04-30T22:36:07","modified_gmt":"2026-04-30T22:36:07","slug":"lg-32lq630b6la","status":"publish","type":"product","link":"https:\/\/emeniro.lovehorses.lv\/ru\/product\/lg-32lq630b6la\/","title":{"rendered":"LG 32LQ630B6LA"},"content":{"rendered":"<\/p>\n<p>\u0422\u043e\u0440\u0433\u043e\u0432\u0430\u044f \u043c\u0430\u0440\u043a\u0430 LG<br \/>\u041e\u043f\u0435\u0440\u0430\u0446\u0438\u043e\u043d\u043d\u0430\u044f \u0441\u0438\u0441\u0442\u0435\u043c\u0430 webOS<br \/>\u041a\u043e\u043b\u0438\u0447\u0435\u0441\u0442\u0432\u043e \u044f\u0434\u0435\u0440 \u043f\u0440\u043e\u0446\u0435\u0441\u0441\u043e\u0440\u0430 4<br \/>\u0426\u0432\u0435\u0442 \u0427\u0435\u0440\u043d\u044b\u0439<br \/>\u041d\u043e\u0432\u0430\u044f \u044d\u043d\u0435\u0440\u0433\u0435\u0442\u0438\u0447\u0435\u0441\u043a\u0430\u044f \u043c\u0430\u0440\u043a\u0438\u0440\u043e\u0432\u043a\u0430 \u0441 2021 \u0433\u043e\u0434\u0430<br \/>\u041a\u043b\u0430\u0441\u0441 \u044d\u043d\u0435\u0440\u0433\u043e\u044d\u0444\u0444\u0435\u043a\u0442\u0438\u0432\u043d\u043e\u0441\u0442\u0438 (SDR) E<br \/>Ener\u0123ijas pat\u0113ri\u0146\u0161 standarta dinamisk\u0101 diapazona re\u017e\u012bm\u0101 (SDR), 1000 h 26 kWh<br \/>\u041a\u043b\u0430\u0441\u0441 \u044d\u043d\u0435\u0440\u0433\u043e\u044d\u0444\u0444\u0435\u043a\u0442\u0438\u0432\u043d\u043e\u0441\u0442\u0438 (HDR) G<br \/>Ener\u0123ijas pat\u0113ri\u0146\u0161 augsta dinamisk\u0101 diapazona re\u017e\u012bm\u0101 (HDR), 1000 h 37 kWh<br \/>\u0420\u0430\u0437\u043c\u0435\u0440 \u044d\u043a\u0440\u0430\u043d\u0430 (\u0434\u044e\u0439\u043c\u044b\/\u0441\u043c) 32\/80<br \/>\u0420\u0430\u0437\u0440\u0435\u0448\u0435\u043d\u0438\u0435 \u044d\u043a\u0440\u0430\u043d\u0430 1366 x 768 (HD Ready)<br \/>\u042d\u043a\u0440\u0430\u043d<br \/>\u0422\u0438\u043f \u044d\u043a\u0440\u0430\u043d\u0430 \u041f\u043b\u043e\u0441\u043a\u0438\u0439 (Flat)<br \/>\u0421\u043e\u0435\u0434\u0438\u043d\u0435\u043d\u0438\u044f<br \/>HDMI 3<br \/>USB 2<br \/>\u041e\u043f\u0442\u0438\u0447\u0435\u0441\u043a\u0438\u0439 \u0430\u0443\u0434\u0438\u043e\u0432\u044b\u0445\u043e\u0434 \u0415\u0441\u0442\u044c<br \/>\u0411\u0435\u0441\u043f\u0440\u043e\u0432\u043e\u0434\u043d\u044b\u0435 \u0441\u043e\u0435\u0434\u0438\u043d\u0435\u043d\u0438\u044f<br \/>Wi-Fi \u0415\u0441\u0442\u044c<br \/>Bluetooth \u0412\u043a\u043b.<br \/>\u041f\u0440\u0438\u0435\u043c\u043d\u0438\u043a\u0438<br \/>DVB-T \u0415\u0441\u0442\u044c<br \/>DVB-T2 \u0415\u0441\u0442\u044c<br \/>DVB-C \u0418\u0440<br \/>DVB-S2 \u0415\u0441\u0442\u044c<br \/>\u0420\u0430\u0437\u043c\u0435\u0440\u044b, \u0432\u0435\u0441<br \/>Augstums 43.7 cm<br \/>Augstums ar stat\u012bvu 46.4 cm<br \/>Platums 73.6 cm<br \/>Dzi\u013cums 8.2 cm<br \/>Dzi\u013cums ar stat\u012bvu 18 m<br \/>Svars 4.6 kg<br \/>Svars ar iepakojumu 4.7 kg<br \/>\u0414\u0440\u0443\u0433\u0438\u0435 \u043f\u0430\u0440\u0430\u043c\u0435\u0442\u0440\u044b<br \/>Att\u0101lums starp skr\u016bvju viet\u0101m stiprin\u0101\u0161ainai pie sienas (mm) 200\u00d7200<\/p>","protected":false},"excerpt":{"rendered":"<p>Pre\u010du z\u012bme LGOper\u0113t\u0101jsist\u0113ma webOSProcesora kodolu skaits 4Kr\u0101sa MelnaJaunais energomar\u0137\u0113jums no 2021.gadaEnergoefektivit\u0101tes klase (SDR) EEner\u0123ijas pat\u0113ri\u0146\u0161 standarta dinamisk\u0101 diapazona re\u017e\u012bm\u0101 (SDR), 1000 h 26 kWhEnergoefektivit\u0101tes klase (HDR) GEner\u0123ijas pat\u0113ri\u0146\u0161 augsta dinamisk\u0101 diapazona re\u017e\u012bm\u0101 (HDR), 1000 h 37 kWhEkr\u0101na izm\u0113rs (collas\/cm) 32\/80Ekr\u0101na iz\u0161\u0137irtsp\u0113ja 1366 x 768 (HD Ready)Ekr\u0101nsEkr\u0101na tips Plakans (Flat)SavienojumiHDMI 3USB 2Optisk\u0101 audio izeja IrBezvadu savienojumiWi-Fi [&hellip;]<\/p>\n","protected":false},"featured_media":25308,"comment_status":"open","ping_status":"closed","template":"","meta":[],"product_brand":[112],"product_cat":[294],"product_tag":[],"class_list":{"0":"post-25313","1":"product","2":"type-product","3":"status-publish","4":"has-post-thumbnail","6":"product_brand-lg","7":"product_cat-tv-foto-video-audio-televizori-un-aksesuari-led-televizori","9":"first","10":"instock","11":"shipping-taxable","12":"purchasable","13":"product-type-simple"},"_links":{"self":[{"href":"https:\/\/emeniro.lovehorses.lv\/ru\/wp-json\/wp\/v2\/product\/25313","targetHints":{"allow":["GET"]}}],"collection":[{"href":"https:\/\/emeniro.lovehorses.lv\/ru\/wp-json\/wp\/v2\/product"}],"about":[{"href":"https:\/\/emeniro.lovehorses.lv\/ru\/wp-json\/wp\/v2\/types\/product"}],"replies":[{"embeddable":true,"href":"https:\/\/emeniro.lovehorses.lv\/ru\/wp-json\/wp\/v2\/comments?post=25313"}],"wp:featuredmedia":[{"embeddable":true,"href":"https:\/\/emeniro.lovehorses.lv\/ru\/wp-json\/wp\/v2\/media\/25308"}],"wp:attachment":[{"href":"https:\/\/emeniro.lovehorses.lv\/ru\/wp-json\/wp\/v2\/media?parent=25313"}],"wp:term":[{"taxonomy":"product_brand","embeddable":true,"href":"https:\/\/emeniro.lovehorses.lv\/ru\/wp-json\/wp\/v2\/product_brand?post=25313"},{"taxonomy":"product_cat","embeddable":true,"href":"https:\/\/emeniro.lovehorses.lv\/ru\/wp-json\/wp\/v2\/product_cat?post=25313"},{"taxonomy":"product_tag","embeddable":true,"href":"https:\/\/emeniro.lovehorses.lv\/ru\/wp-json\/wp\/v2\/product_tag?post=25313"}],"curies":[{"name":"wp","href":"https:\/\/api.w.org\/{rel}","templated":true}]}}