{"id":25356,"date":"2026-04-30T22:37:26","date_gmt":"2026-04-30T22:37:26","guid":{"rendered":"https:\/\/emeniro.lovehorses.lv\/product\/ninja-foodi-max-dual-zone-af400eucp\/"},"modified":"2026-04-30T22:37:26","modified_gmt":"2026-04-30T22:37:26","slug":"ninja-foodi-max-dual-zone-af400eucp","status":"publish","type":"product","link":"https:\/\/emeniro.lovehorses.lv\/ru\/product\/ninja-foodi-max-dual-zone-af400eucp\/","title":{"rendered":"Ninja Foodi MAX Dual Zone AF400EUCP"},"content":{"rendered":"<p><span class=\"HwtZe\" lang=\"lv\"><span class=\"jCAhz ChMk0b\"><span class=\"ryNqvb\">\u0411\u0440\u0435\u043d\u0434: Ninja<\/span><\/span><\/span><\/p>\n<p><span class=\"HwtZe\" lang=\"lv\"><span class=\"jCAhz ChMk0b\"><span class=\"ryNqvb\">\u041c\u043e\u0434\u0435\u043b\u044c: AF400EUCP<br \/>\u0426\u0432\u0435\u0442: \u0427\u0435\u0440\u043d\u044b\u0439<br \/>\u0420\u0430\u0437\u043c\u0435\u0440\u044b \u043f\u0440\u043e\u0434\u0443\u043a\u0442\u0430: 27 x 41,5 x 32,5 \u0441\u043c<br \/>\u0412\u0435\u0441 \u043f\u0440\u043e\u0434\u0443\u043a\u0442\u0430: 8,8 \u043a\u0433<br \/>\u041e\u0431\u044a\u0435\u043c \u0447\u0430\u0448\u0438: 9,5 \u043b<br \/>\u041e\u0431\u044a\u0435\u043c \u043a\u043e\u0440\u0437\u0438\u043d\u044b: 4,75 \u043a\u0433<br \/>\u041c\u043e\u0449\u043d\u043e\u0441\u0442\u044c: 2470 \u0412\u0442<br \/>\u0422\u0438\u043f: \u0411\u0435\u0437 \u043c\u0430\u0441\u043b\u0430<br \/>\u0424\u0443\u043d\u043a\u0446\u0438\u0438: \u0410\u0432\u0442\u043e\u043c\u0430\u0442\u0438\u0447\u0435\u0441\u043a\u0438\u0435 \u043f\u0440\u043e\u0433\u0440\u0430\u043c\u043c\u044b, \u043a\u043e\u043d\u0442\u0440\u043e\u043b\u044c \u0442\u0435\u043c\u043f\u0435\u0440\u0430\u0442\u0443\u0440\u044b, \u0442\u0430\u0439\u043c\u0435\u0440<br \/>\u0411\u0435\u0437\u043e\u043f\u0430\u0441\u043d\u043e\u0441\u0442\u044c: \u0417\u0430\u0449\u0438\u0442\u0430 \u043e\u0442 \u043f\u0435\u0440\u0435\u0433\u0440\u0435\u0432\u0430<br \/>\u0414\u043e\u043f\u043e\u043b\u043d\u0438\u0442\u0435\u043b\u044c\u043d\u044b\u0435 \u0444\u0443\u043d\u043a\u0446\u0438\u0438: \u0418\u043d\u0434\u0438\u043a\u0430\u0442\u043e\u0440<br \/>\u041c\u0430\u0442\u0435\u0440\u0438\u0430\u043b: \u041c\u0435\u0434\u044c<br \/>\u041e\u0441\u043e\u0431\u044b\u0435 \u0444\u0443\u043d\u043a\u0446\u0438\u0438: 6 \u0444\u0443\u043d\u043a\u0446\u0438\u0439 \u043f\u0440\u0438\u0433\u043e\u0442\u043e\u0432\u043b\u0435\u043d\u0438\u044f, \u0432\u043e\u0437\u0434\u0443\u0448\u043d\u0430\u044f \u0436\u0430\u0440\u043a\u0430, \u043c\u0430\u043a\u0441\u0438\u043c\u0430\u043b\u044c\u043d\u0430\u044f \u0445\u0440\u0443\u0441\u0442\u044f\u0449\u0435\u0441\u0442\u044c, \u0432\u044b\u043f\u0435\u0447\u043a\u0430, \u043f\u043e\u0432\u0442\u043e\u0440\u043d\u044b\u0439 \u043f\u043e\u0434\u043e\u0433\u0440\u0435\u0432, \u0441\u0443\u0448\u043a\u0430, \u0430\u043d\u0442\u0438\u043f\u0440\u0438\u0433\u0430\u0440\u043d\u043e\u0435 \u043f\u043e\u043a\u0440\u044b\u0442\u0438\u0435, \u0434\u0435\u0442\u0430\u043b\u0438 \u043f\u0440\u0438\u0433\u043e\u0434\u043d\u044b \u0434\u043b\u044f \u043c\u044b\u0442\u044c\u044f \u0432 \u043f\u043e\u0441\u0443\u0434\u043e\u043c\u043e\u0435\u0447\u043d\u043e\u0439 \u043c\u0430\u0448\u0438\u043d\u0435<\/span><\/span><\/span><\/p><\/p>","protected":false},"excerpt":{"rendered":"<p>Z\u012bmols: Ninja Modelis: AF400EUCPKr\u0101sa: MelnaProdukta izm\u0113ri: 27 x 41,5 x 32,5 cmProdukta svars: 8,8 kgB\u013codas tilpums: 9,5 lGroza tilpums: 4,75 kgJauda: 2470 WTips: Bez e\u013c\u013casFunkcijas: Autom\u0101tisk\u0101s programmas, temperat\u016bras kontrole, taimerisDro\u0161\u012bba: Aizsardz\u012bba pret p\u0101rkar\u0161anuPapildu funkcijas: Indikatora lampi\u0146aMateri\u0101ls: Var\u0161\u012apa\u0161\u0101s funkcijas: 6 gatavo\u0161anas funkcijas, Gaisa cep\u0161ana, Maksim\u0101la krauk\u0161\u0137\u012bgums, Cep\u0161ana, atk\u0101rtota uzsild\u012b\u0161ana, dehidrat\u0101cija, nepiedego\u0161s p\u0101rkl\u0101jums, trauku mazg\u0101jam\u0101 ma\u0161\u012bn\u0101 mazg\u0101jamas [&hellip;]<\/p>\n","protected":false},"featured_media":25350,"comment_status":"open","ping_status":"closed","template":"","meta":{"_joinchat":[]},"product_brand":[350],"product_cat":[349],"product_tag":[],"class_list":{"0":"post-25356","1":"product","2":"type-product","3":"status-publish","4":"has-post-thumbnail","6":"product_brand-ninja","7":"product_cat-maza-sadzives-tehnika-aerogrili-karsta-gaisa-friteri-taukvares-katli","9":"first","10":"instock","11":"shipping-taxable","12":"purchasable","13":"product-type-simple"},"_links":{"self":[{"href":"https:\/\/emeniro.lovehorses.lv\/ru\/wp-json\/wp\/v2\/product\/25356","targetHints":{"allow":["GET"]}}],"collection":[{"href":"https:\/\/emeniro.lovehorses.lv\/ru\/wp-json\/wp\/v2\/product"}],"about":[{"href":"https:\/\/emeniro.lovehorses.lv\/ru\/wp-json\/wp\/v2\/types\/product"}],"replies":[{"embeddable":true,"href":"https:\/\/emeniro.lovehorses.lv\/ru\/wp-json\/wp\/v2\/comments?post=25356"}],"wp:featuredmedia":[{"embeddable":true,"href":"https:\/\/emeniro.lovehorses.lv\/ru\/wp-json\/wp\/v2\/media\/25350"}],"wp:attachment":[{"href":"https:\/\/emeniro.lovehorses.lv\/ru\/wp-json\/wp\/v2\/media?parent=25356"}],"wp:term":[{"taxonomy":"product_brand","embeddable":true,"href":"https:\/\/emeniro.lovehorses.lv\/ru\/wp-json\/wp\/v2\/product_brand?post=25356"},{"taxonomy":"product_cat","embeddable":true,"href":"https:\/\/emeniro.lovehorses.lv\/ru\/wp-json\/wp\/v2\/product_cat?post=25356"},{"taxonomy":"product_tag","embeddable":true,"href":"https:\/\/emeniro.lovehorses.lv\/ru\/wp-json\/wp\/v2\/product_tag?post=25356"}],"curies":[{"name":"wp","href":"https:\/\/api.w.org\/{rel}","templated":true}]}}