{"id":25442,"date":"2026-04-30T22:39:31","date_gmt":"2026-04-30T22:39:31","guid":{"rendered":"https:\/\/emeniro.lovehorses.lv\/product\/eleyus-fw-e15100\/"},"modified":"2026-04-30T22:39:31","modified_gmt":"2026-04-30T22:39:31","slug":"eleyus-fw-e15100","status":"publish","type":"product","link":"https:\/\/emeniro.lovehorses.lv\/ru\/product\/eleyus-fw-e15100\/","title":{"rendered":"ELEYUS FW-E15100"},"content":{"rendered":"<\/p>\n<p class=\"translation-block\"><p><\/p><p>\u0422\u0438\u043f \u043f\u0440\u0438\u043d\u0430\u0434\u043b\u0435\u0436\u043d\u043e\u0441\u0442\u0438:<br>\u0424\u0438\u043b\u044c\u0442\u0440&nbsp;&nbsp;<br>\u0422\u0438\u043f \u0444\u0438\u043b\u044c\u0442\u0440\u0430:<br>\u0423\u0433\u043e\u043b\u044c\u043d\u044b\u0439 \u0444\u0438\u043b\u044c\u0442\u0440&nbsp;&nbsp;<br>\u041c\u043e\u044e\u0449\u0438\u0439\u0441\u044f \u0444\u0438\u043b\u044c\u0442\u0440:<br>\u041d\u0435\u0442&nbsp;&nbsp;<br>\u041d\u0435\u043e\u0431\u0445\u043e\u0434\u0438\u043c\u043e\u0435 \u043a\u043e\u043b\u0438\u0447\u0435\u0441\u0442\u0432\u043e \u0434\u043b\u044f \u0443\u0441\u0442\u0430\u043d\u043e\u0432\u043a\u0438:&nbsp;<br>2&nbsp;&nbsp;<br>\u041a\u043e\u043b\u0438\u0447\u0435\u0441\u0442\u0432\u043e \u0444\u0438\u043b\u044c\u0442\u0440\u043e\u0432 \u0432 \u0443\u043f\u0430\u043a\u043e\u0432\u043a\u0435:<br>1&nbsp;&nbsp;<br>\u0414\u043b\u044f \u043c\u043e\u0434\u0435\u043b\u0435\u0439 \u0432\u044b\u0442\u044f\u0436\u0435\u043a:<br>MOD L 15.., PRM.., AKR.., VTR.., VNR.., VST.., VSS.., TLS L 15..&nbsp;&nbsp;<br>\u0423\u0433\u043e\u043b\u044c\u043d\u044b\u0439 \u0444\u0438\u043b\u044c\u0442\u0440 \u0434\u043b\u044f \u0432\u044b\u0442\u044f\u0436\u0435\u043a Eleyus:<br>ELEYUS VCL L 15 200xxx<br>ELEYUS MOD L 15 200xxx<br>ELEYUS TPM L 15 200xxx<br>ELEYUS CSL L 15 200xxx<br>ELEYUS TLT L 15 200xxx<br>ELEYUS TLS L 15 200xxx<br>ELEYUS CTM L 15 200xxx<br>ELEYUS VTN L 15 200xxx<br>ELEYUS VTR L 15 200xxx<br>ELEYUS VNR L 15 200xxx<br>ELEYUS VST L 15 200xxx<br>\u0422\u0440\u0435\u0431\u0443\u0435\u0442\u0441\u044f \u043a\u043e\u043c\u043f\u043b\u0435\u043a\u0442 \u0438\u0437 2 \u0448\u0442.<\/p><\/p>","protected":false},"excerpt":{"rendered":"<p>Piederuma tips:Filtrs\u00a0\u00a0Filtra veids:Ogles filtrs\u00a0\u00a0Mazg\u0101jams filtrs:N\u0113\u00a0\u00a0Uzst\u0101d\u012b\u0161anai nepiecie\u0161amais daudzums:\u00a02\u00a0\u00a0Filtru daudzums iepakojum\u0101:1\u00a0\u00a0Tvaika nos\u016bc\u0113ja modelim:MOD L 15.., PRM.., AKR.., VTR.., VNR.., VST.., VSS.., TLS L 15..\u00a0\u00a0Ogles filtrs tvaika nos\u016bc\u0113jiem Eleyus:ELEYUS VCL L 15 200xxxELEYUS MOD L 15 200xxxELEYUS TPM L 15 200xxxELEYUS CSL L 15 200xxxELEYUS TLT L 15 200xxxELEYUS TLS L 15 200xxxELEYUS CTM L 15 200xxxELEYUS VTN [&hellip;]<\/p>\n","protected":false},"featured_media":25441,"comment_status":"open","ping_status":"closed","template":"","meta":{"_joinchat":[]},"product_brand":[],"product_cat":[298],"product_tag":[],"class_list":{"0":"post-25442","1":"product","2":"type-product","3":"status-publish","4":"has-post-thumbnail","6":"product_cat-iebuvejama-sadzives-tehnika-iebuvejamie-tvaika-nosuceji","8":"first","9":"instock","10":"shipping-taxable","11":"purchasable","12":"product-type-simple"},"_links":{"self":[{"href":"https:\/\/emeniro.lovehorses.lv\/ru\/wp-json\/wp\/v2\/product\/25442","targetHints":{"allow":["GET"]}}],"collection":[{"href":"https:\/\/emeniro.lovehorses.lv\/ru\/wp-json\/wp\/v2\/product"}],"about":[{"href":"https:\/\/emeniro.lovehorses.lv\/ru\/wp-json\/wp\/v2\/types\/product"}],"replies":[{"embeddable":true,"href":"https:\/\/emeniro.lovehorses.lv\/ru\/wp-json\/wp\/v2\/comments?post=25442"}],"wp:featuredmedia":[{"embeddable":true,"href":"https:\/\/emeniro.lovehorses.lv\/ru\/wp-json\/wp\/v2\/media\/25441"}],"wp:attachment":[{"href":"https:\/\/emeniro.lovehorses.lv\/ru\/wp-json\/wp\/v2\/media?parent=25442"}],"wp:term":[{"taxonomy":"product_brand","embeddable":true,"href":"https:\/\/emeniro.lovehorses.lv\/ru\/wp-json\/wp\/v2\/product_brand?post=25442"},{"taxonomy":"product_cat","embeddable":true,"href":"https:\/\/emeniro.lovehorses.lv\/ru\/wp-json\/wp\/v2\/product_cat?post=25442"},{"taxonomy":"product_tag","embeddable":true,"href":"https:\/\/emeniro.lovehorses.lv\/ru\/wp-json\/wp\/v2\/product_tag?post=25442"}],"curies":[{"name":"wp","href":"https:\/\/api.w.org\/{rel}","templated":true}]}}