{"id":25515,"date":"2026-04-30T22:41:21","date_gmt":"2026-04-30T22:41:21","guid":{"rendered":"https:\/\/emeniro.lovehorses.lv\/product\/beko-fse13030n\/"},"modified":"2026-04-30T22:41:21","modified_gmt":"2026-04-30T22:41:21","slug":"beko-fse13030n","status":"publish","type":"product","link":"https:\/\/emeniro.lovehorses.lv\/ru\/product\/beko-fse13030n\/","title":{"rendered":"Beko FSE13030N"},"content":{"rendered":"<p>\u0411\u0440\u0435\u043d\u0434 Beko<\/p>\n<p>\u041a\u043e\u0434 \u043f\u0440\u043e\u0434\u0443\u043a\u0442\u0430 7223340510<br \/>\u0426\u0432\u0435\u0442 \u0411\u0435\u043b\u044b\u0439<br \/>EAN 8690842514456<br \/>\u041d\u043e\u0432\u0430\u044f \u044d\u043d\u0435\u0440\u0433\u0435\u0442\u0438\u0447\u0435\u0441\u043a\u0430\u044f \u043c\u0430\u0440\u043a\u0438\u0440\u043e\u0432\u043a\u0430 \u0441 2021 \u0433\u043e\u0434\u0430<br \/>\u041a\u043b\u0430\u0441\u0441 \u044d\u043d\u0435\u0440\u0433\u043e\u044d\u0444\u0444\u0435\u043a\u0442\u0438\u0432\u043d\u043e\u0441\u0442\u0438 F<br \/>\u0413\u043e\u0434\u043e\u0432\u043e\u0435 \u043f\u043e\u0442\u0440\u0435\u0431\u043b\u0435\u043d\u0438\u0435 \u044d\u043b\u0435\u043a\u0442\u0440\u043e\u044d\u043d\u0435\u0440\u0433\u0438\u0438 218 \u043a\u0412\u0442\u00b7\u0447<br \/>\u0401\u043c\u043a\u043e\u0441\u0442\u044c<br \/>\u041e\u0431\u044a\u0435\u043c \u043e\u0442\u0434\u0435\u043b\u0435\u043d\u0438\u044f \u0434\u043b\u044f \u0437\u0430\u043c\u043e\u0440\u043e\u0436\u0435\u043d\u043d\u044b\u0445 \u043f\u0440\u043e\u0434\u0443\u043a\u0442\u043e\u0432 117 \u043b<br \/>\u0423\u0440\u043e\u0432\u0435\u043d\u044c \u0448\u0443\u043c\u0430<br \/>\u0423\u0440\u043e\u0432\u0435\u043d\u044c \u0448\u0443\u043c\u0430 37 \u0434\u0411<br \/>\u041a\u043b\u0430\u0441\u0441 \u0430\u043a\u0443\u0441\u0442\u0438\u0447\u0435\u0441\u043a\u043e\u0433\u043e \u0448\u0443\u043c\u0430 \u044d\u043c\u0438\u0441\u0441\u0438\u0438 C<br \/>\u0420\u0430\u0437\u043c\u0435\u0440\u044b, \u0432\u0435\u0441<br \/>\u0412\u044b\u0441\u043e\u0442\u0430 102 \u0441\u043c<br \/>\u0428\u0438\u0440\u0438\u043d\u0430 54 \u0441\u043c<br \/>\u0413\u043b\u0443\u0431\u0438\u043d\u0430 63.8 \u0441\u043c<br \/>\u0412\u0435\u0441 32,6 \u043a\u0433<br \/>\u0412\u0435\u0441 \u0441 \u0443\u043f\u0430\u043a\u043e\u0432\u043a\u043e\u0439 36 \u043a\u0433<br \/>\u0423\u043f\u0440\u0430\u0432\u043b\u0435\u043d\u0438\u0435<br \/>\u0423\u043f\u0440\u0430\u0432\u043b\u0435\u043d\u0438\u0435 \u041c\u0435\u0445\u0430\u043d\u0438\u0447\u0435\u0441\u043a\u043e\u0435<br \/>\u0414\u0440\u0443\u0433\u0438\u0435 \u043f\u0430\u0440\u0430\u043c\u0435\u0442\u0440\u044b<br \/>\u041c\u043e\u0449\u043d\u043e\u0441\u0442\u044c \u0437\u0430\u043c\u043e\u0440\u0430\u0436\u0438\u0432\u0430\u043d\u0438\u044f \u043a\u0433\/24\u0447 5.4<br \/>\u041a\u043b\u0430\u0441\u0441 \u043c\u043e\u0440\u043e\u0437\u0438\u043b\u044c\u043d\u043e\u0439 \u043a\u0430\u043c\u0435\u0440\u044b ****<br \/>\u041a\u043b\u0438\u043c\u0430\u0442\u0438\u0447\u0435\u0441\u043a\u0438\u0439 \u043a\u043b\u0430\u0441\u0441 SN-T<br \/>\u0421\u043e\u0445\u0440\u0430\u043d\u0435\u043d\u0438\u0435 \u0445\u043e\u043b\u043e\u0434\u0430 \u043f\u0440\u0438 \u043e\u0442\u043a\u043b\u044e\u0447\u0435\u043d\u0438\u0438 \u044d\u043b\u0435\u043a\u0442\u0440\u043e\u044d\u043d\u0435\u0440\u0433\u0438\u0438 (\u0447) 18<br \/>\u0412\u043e\u0437\u043c\u043e\u0436\u043d\u043e\u0441\u0442\u044c \u0434\u0432\u0443\u0441\u0442\u043e\u0440\u043e\u043d\u043d\u0435\u0439 \u0443\u0441\u0442\u0430\u043d\u043e\u0432\u043a\u0438 \u0434\u0432\u0435\u0440\u0435\u0439 \u0415\u0441\u0442\u044c<br \/>Plauktu veids Plastik\u0101ta atvilknes\u00a0 Ir<\/p>\n<p><img decoding=\"async\" src=\"https:\/\/media.flixcar.com\/delivery\/static\/inpage\/1320\/images\/beko_logo.svg\" style=\"vertical-align: baseline;border-width: initial;border-style: none;line-height: initial;padding: 0px;background: transparent;box-shadow: initial;margin: 0px\"><\/p>\n<p><img decoding=\"async\" src=\"https:\/\/media.flixcar.com\/delivery\/static\/inpage\/9\/images\/loading.gif\" data-flixsrcset=\"\/\/media.flixcar.com\/f360cdn\/Beko-109143393-1649856041_7223340510_FSE13030N_MDM_LOW_1.png 200w, \/\/media.flixcar.com\/f360cdn\/Beko-109143393-1649856041_7223340510_FSE13030N_MDM_LOW_1.png 400w, \/\/media.flixcar.com\/f360cdn\/Beko-109143393-1649856041_7223340510_FSE13030N_MDM_LOW_1.png 600w, \/\/media.flixcar.com\/f360cdn\/Beko-109143393-1649856041_7223340510_FSE13030N_MDM_LOW_1.png 800w, \/\/media.flixcar.com\/f360cdn\/Beko-109143393-1649856041_7223340510_FSE13030N_MDM_LOW_1.png 1000w\" data-sizes=\"auto\" alt=\"image\" style=\"vertical-align: baseline;border-width: initial;border-style: none;line-height: initial;margin: 0px;padding: 5px;background: transparent;box-shadow: initial;max-height: 500px;width: auto\"><br \/>FSE13030N<\/p>\n<p>\u0424\u0443\u043d\u043a\u0446\u0438\u0438<br \/><img decoding=\"async\" src=\"https:\/\/media.flixcar.com\/delivery\/static\/inpage\/9\/images\/loading.gif\" data-flixsrcset=\"\/\/media.flixcar.com\/f360cdn\/Beko-109116021-1610542903_fast-20freeze.jpg 200w, \/\/media.flixcar.com\/f360cdn\/Beko-109116021-1610542903_fast-20freeze.jpg 400w, \/\/media.flixcar.com\/f360cdn\/Beko-109116021-1610542903_fast-20freeze.jpg 600w, \/\/media.flixcar.com\/f360cdn\/Beko-109116021-1610542903_fast-20freeze.jpg 800w, \/\/media.flixcar.com\/f360cdn\/Beko-109116021-1610542903_fast-20freeze.jpg 1000w\" data-sizes=\"auto\" alt=\"beko\" style=\"vertical-align: baseline;border-width: initial;border-style: none;line-height: initial;margin: 0px;padding: 0px;background: transparent;box-shadow: initial\"><\/p>\n<p>FAST FREEZE<br \/>\u0420\u0435\u0436\u0438\u043c \u0431\u044b\u0441\u0442\u0440\u043e\u0439 \u0437\u0430\u043c\u043e\u0440\u043e\u0437\u043a\u0438, \u0438\u0434\u0435\u0430\u043b\u044c\u043d\u043e \u043f\u043e\u0434\u0445\u043e\u0434\u044f\u0449\u0438\u0439 \u0434\u043b\u044f \u0441\u043e\u0445\u0440\u0430\u043d\u0435\u043d\u0438\u044f \u0432\u0438\u0442\u0430\u043c\u0438\u043d\u043e\u0432 \u0438 \u043f\u0438\u0442\u0430\u0442\u0435\u043b\u044c\u043d\u044b\u0445 \u0432\u0435\u0449\u0435\u0441\u0442\u0432 \u0432 \u043f\u0440\u043e\u0434\u0443\u043a\u0442\u0430\u0445, \u0440\u0435\u043a\u043e\u043c\u0435\u043d\u0434\u0443\u0435\u0442\u0441\u044f \u0438\u0441\u043f\u043e\u043b\u044c\u0437\u043e\u0432\u0430\u0442\u044c \u043f\u0440\u0438 \u043e\u0434\u043d\u043e\u0432\u0440\u0435\u043c\u0435\u043d\u043d\u043e\u0439 \u0437\u0430\u043c\u043e\u0440\u043e\u0437\u043a\u0435 \u0431\u043e\u043b\u044c\u0448\u043e\u0433\u043e \u043a\u043e\u043b\u0438\u0447\u0435\u0441\u0442\u0432\u0430 \u0441\u0432\u0435\u0436\u0438\u0445 \u043f\u0440\u043e\u0434\u0443\u043a\u0442\u043e\u0432.<\/p>\n<p>\u0424\u043e\u0442\u043e \u0413\u0430\u043b\u0435\u0440\u0435\u044f<\/p>\n<ul>\n<li><a href=\"https:\/\/media.flixcar.com\/f360cdn\/Beko-109143399-1649856041_7223340510_FSE13030N_MDM_LOW_3-zoom.png\"><img decoding=\"async\" src=\"https:\/\/media.flixcar.com\/delivery\/static\/inpage\/9\/images\/loading.gif\" data-flixsrcset=\"\/\/media.flixcar.com\/f360cdn\/Beko-109143399-1649856041_7223340510_FSE13030N_MDM_LOW_3-preview.png 200w, \/\/media.flixcar.com\/f360cdn\/Beko-109143399-1649856041_7223340510_FSE13030N_MDM_LOW_3-preview.png 400w, \/\/media.flixcar.com\/f360cdn\/Beko-109143399-1649856041_7223340510_FSE13030N_MDM_LOW_3-preview.png 600w, \/\/media.flixcar.com\/f360cdn\/Beko-109143399-1649856041_7223340510_FSE13030N_MDM_LOW_3-preview.png 800w, \/\/media.flixcar.com\/f360cdn\/Beko-109143399-1649856041_7223340510_FSE13030N_MDM_LOW_3-preview.png 1000w\" data-sizes=\"auto\" width=\"150\" style=\"vertical-align: baseline;border-width: initial;border-style: none;line-height: initial;margin: 0px;padding: 0px;background: transparent;box-shadow: initial;max-width: 150px;max-height: 150px;width: auto\"><\/a><\/li>\n<\/ul>\n<p>\u0425\u0430\u0440\u0430\u043a\u0442\u0435\u0440\u0438\u0441\u0442\u0438\u043a\u0438<\/p>\n<table>\n<tbody>\n<tr>\n<th colspan=\"2\">\u041e\u0441\u043d\u043e\u0432\u043d\u043e\u0435<\/th>\n<\/tr>\n<tr>\n<td>\u0426\u0432\u0435\u0442<\/td>\n<td>balts<\/td>\n<\/tr>\n<tr>\n<td>\u0422\u0438\u043f \u0441\u0438\u0441\u0442\u0435\u043c\u044b \u043e\u0445\u043b\u0430\u0436\u0434\u0435\u043d\u0438\u044f<\/td>\n<td>\u0421\u0442\u0430\u0442\u0438\u0447\u0435\u0441\u043a\u0430\u044f<\/td>\n<\/tr>\n<tr>\n<td>\u0427\u0438\u0441\u0442\u044b\u0439 \u043e\u0431\u044a\u0435\u043c \u043c\u043e\u0440\u043e\u0437\u0438\u043b\u044c\u043d\u043e\u0439 \u043a\u0430\u043c\u0435\u0440\u044b (\u043b)<\/td>\n<td>117 \u043b\u0438\u0442\u0440\u043e\u0432<\/td>\n<\/tr>\n<tr>\n<td>\u0412\u044b\u0441\u043e\u0442\u0430<\/td>\n<td>102,0 \u0441\u0430\u043d\u0442\u0438\u043c\u0435\u0442\u0440\u0430<\/td>\n<\/tr>\n<tr>\n<th colspan=\"2\">\u041e\u0441\u043d\u043e\u0432\u043d\u044b\u0435 \u043e\u043f\u0440\u0435\u0434\u0435\u043b\u0435\u043d\u0438\u044f<\/th>\n<\/tr>\n<tr>\n<td>\u041c\u0430\u0440\u043a\u0435\u0442\u0438\u043d\u0433\u043e\u0432\u044b\u0439 \u043a\u043e\u0434<\/td>\n<td>FSE13030N<\/td>\n<\/tr>\n<tr>\n<td><\/td>\n<td><\/td>\n<\/tr>\n<tr>\n<td>SAP \u043a\u043e\u0434<\/td>\n<td>7223340510<\/td>\n<\/tr>\n<tr>\n<td>EAN \u043a\u043e\u0434<\/td>\n<td>8690842514456<\/td>\n<\/tr>\n<tr>\n<td>\u0421\u0438\u0441\u0442\u0435\u043c\u0430 \u0443\u043f\u0440\u0430\u0432\u043b\u0435\u043d\u0438\u044f<\/td>\n<td>\u041c\u0435\u0445\u0430\u043d\u0438\u0447\u0435\u0441\u043a\u043e\u0435 \u0441 \u0434\u0430\u0442\u0447\u0438\u043a\u043e\u043c<\/td>\n<\/tr>\n<tr>\n<th colspan=\"2\">\u0424\u0443\u043d\u043a\u0446\u0438\u0438 \u0438 \u0445\u0430\u0440\u0430\u043a\u0442\u0435\u0440\u0438\u0441\u0442\u0438\u043a\u0438<\/th>\n<\/tr>\n<tr>\n<td><\/td>\n<td><\/td>\n<\/tr>\n<tr>\n<td>\u041f\u0435\u0440\u0435\u0432\u0435\u0448\u0438\u0432\u0430\u0435\u043c\u044b\u0435 \u0434\u0432\u0435\u0440\u0438<\/td>\n<td>\u0414\u0430<\/td>\n<\/tr>\n<tr>\n<td><\/td>\n<td><\/td>\n<\/tr>\n<tr>\n<th colspan=\"2\">\u0422\u0435\u0445\u043d\u0438\u0447\u0435\u0441\u043a\u0438\u0435 \u0445\u0430\u0440\u0430\u043a\u0442\u0435\u0440\u0438\u0441\u0442\u0438\u043a\u0438<\/th>\n<\/tr>\n<tr>\n<td>\u041a\u043b\u0430\u0441\u0441 \u044d\u043d\u0435\u0440\u0433\u0438\u0438<\/td>\n<td>F<\/td>\n<\/tr>\n<tr>\n<td><\/td>\n<td><\/td>\n<\/tr>\n<tr>\n<td>\u041e\u0431\u0449\u0438\u0439 \u043e\u0431\u044a\u0435\u043c (\u043b)<\/td>\n<td>117 \u043b\u0438\u0442\u0440\u043e\u0432<\/td>\n<\/tr>\n<tr>\n<td>\u0427\u0438\u0441\u0442\u044b\u0439 \u043e\u0431\u044a\u0435\u043c \u043e\u0442\u0434\u0435\u043b\u0435\u043d\u0438\u044f \u0434\u043b\u044f \u0441\u0432\u0435\u0436\u0438\u0445 \u043f\u0440\u043e\u0434\u0443\u043a\u0442\u043e\u0432 (\u043b)<\/td>\n<td>0 \u043b\u0438\u0442\u0440\u043e\u0432<\/td>\n<\/tr>\n<tr>\n<td>\u041f\u043e\u0442\u0440\u0435\u0431\u043b\u0435\u043d\u0438\u0435 \u044d\u043d\u0435\u0440\u0433\u0438\u0438 \u0432 \u0434\u0435\u043d\u044c \u043f\u0440\u0438 25\u00b0C (\u043a\u0412\u0442\u00b7\u0447\/24\u0447)<\/td>\n<td>0.538<\/td>\n<\/tr>\n<tr>\n<td>\u0415\u043c\u043a\u043e\u0441\u0442\u044c \u0437\u0430\u043c\u043e\u0440\u043e\u0437\u043a\u0438 \u0432 \u0441\u0443\u0442\u043a\u0438 (\u043a\u0433)<\/td>\n<td>10<\/td>\n<\/tr>\n<tr>\n<td>\u0423\u0440\u043e\u0432\u0435\u043d\u044c \u0448\u0443\u043c\u0430 (\u0434\u0411\u0410)<\/td>\n<td>37 \u0434\u0411\u0410<\/td>\n<\/tr>\n<tr>\n<td>\u0412\u0440\u0435\u043c\u044f \u0441\u043e\u0445\u0440\u0430\u043d\u0435\u043d\u0438\u044f \u0442\u0435\u043c\u043f\u0435\u0440\u0430\u0442\u0443\u0440\u044b (\u0447\u0430\u0441\u044b)<\/td>\n<td>18<\/td>\n<\/tr>\n<tr>\n<th colspan=\"2\">\u0424\u0443\u043d\u043a\u0446\u0438\u0438 \u043e\u0442\u0434\u0435\u043b\u0435\u043d\u0438\u044f \u043c\u043e\u0440\u043e\u0437\u0438\u043b\u044c\u043d\u043e\u0439 \u043a\u0430\u043c\u0435\u0440\u044b<\/th>\n<\/tr>\n<tr>\n<td>\u041a\u043e\u043b\u0438\u0447\u0435\u0441\u0442\u0432\u043e \u043f\u043e\u043b\u043e\u043a<\/td>\n<td>1<\/td>\n<\/tr>\n<tr>\n<td>\u041a\u043e\u043b\u0438\u0447\u0435\u0441\u0442\u0432\u043e \u044f\u0449\u0438\u043a\u043e\u0432 \u043c\u043e\u0440\u043e\u0437\u0438\u043b\u044c\u043d\u043e\u0439 \u043a\u0430\u043c\u0435\u0440\u044b<\/td>\n<td>3<\/td>\n<\/tr>\n<tr>\n<td>\u041f\u043e\u043b\u043a\u0430 \u0434\u043b\u044f \u0431\u044b\u0441\u0442\u0440\u043e\u0433\u043e \u0437\u0430\u043c\u043e\u0440\u0430\u0436\u0438\u0432\u0430\u043d\u0438\u044f<\/td>\n<td>\u0421 \u0448\u0435\u043b\u043a\u043e\u0433\u0440\u0430\u0444\u0438\u0435\u0439<\/td>\n<\/tr>\n<tr>\n<td>\u0422\u0438\u043f \u043b\u0435\u0434\u043e\u0433\u0435\u043d\u0435\u0440\u0430\u0442\u043e\u0440\u0430<\/td>\n<td>IceBank \u0441 IceBox<\/td>\n<\/tr>\n<tr>\n<td>\u041a\u043e\u043b\u0438\u0447\u0435\u0441\u0442\u0432\u043e \u043a\u043e\u043d\u0442\u0435\u0439\u043d\u0435\u0440\u043e\u0432 \u0434\u043b\u044f \u043b\u044c\u0434\u0430<\/td>\n<td>1<\/td>\n<\/tr>\n<tr>\n<th colspan=\"2\">\u0424\u0443\u043d\u043a\u0446\u0438\u0438 \u0445\u043e\u043b\u043e\u0434\u0438\u043b\u044c\u043d\u043e\u0433\u043e \u043e\u0442\u0434\u0435\u043b\u0435\u043d\u0438\u044f<\/th>\n<\/tr>\n<tr>\n<td><\/td>\n<td><\/td>\n<\/tr>\n<tr>\n<td>\u041e\u0442\u0441\u0435\u043a \u0434\u043b\u044f \u043c\u043e\u043b\u043e\u0447\u043d\u044b\u0445 \u043f\u0440\u043e\u0434\u0443\u043a\u0442\u043e\u0432<\/td>\n<td>\u041d\u0435 \u043f\u0440\u0438\u043c\u0435\u043d\u044f\u0435\u0442\u0441\u044f<\/td>\n<\/tr>\n<tr>\n<th colspan=\"2\">\u0423\u043f\u0430\u043a\u043e\u0432\u043a\u0430 \u0438 \u0440\u0430\u0437\u043c\u0435\u0440\u044b<\/th>\n<\/tr>\n<tr>\n<td>\u0413\u043b\u0443\u0431\u0438\u043d\u0430<\/td>\n<td>59,3 \u0441\u0430\u043d\u0442\u0438\u043c\u0435\u0442\u0440\u0430<\/td>\n<\/tr>\n<tr>\n<td>\u0428\u0438\u0440\u0438\u043d\u0430<\/td>\n<td>54,0 \u0441\u0430\u043d\u0442\u0438\u043c\u0435\u0442\u0440\u0430<\/td>\n<\/tr>\n<tr>\n<td>\u0412\u0435\u0441<\/td>\n<td>32,600 \u043a\u0438\u043b\u043e\u0433\u0440\u0430\u043c\u043c\u0430<\/td>\n<\/tr>\n<\/tbody>\n<\/table>","protected":false},"excerpt":{"rendered":"<p>Pre\u010du z\u012bme Beko Produkta kods 7223340510Kr\u0101sa BaltaEAN 8690842514456Jaunais energomar\u0137\u0113jums no 2021.gadaEnergoefektivit\u0101tes klase FElektroener\u0123ijas pat\u0113ri\u0146\u0161 gad\u0101 218 kWhIetilp\u012bbaSald\u0113to p\u0101rtikas produktu nodal\u012bjuma tilpums 117 lTrok\u0161\u0146a l\u012bmenisTrok\u0161\u0146a l\u012bmenis 37 dBAkustisk\u0101 trok\u0161\u0146a emisijas klase CIzm\u0113ri, svarsAugstums 102 cmPlatums 54 cmDzi\u013cums 63.8 cmSvars 32.6 kgSvars ar iepakojumu 36 kgVad\u012bbaVad\u012bba Meh\u0101niskaCiti parametriSasald\u0113\u0161anas jauda kg\/24h 5.4Sald\u0113tavas klases apz\u012bm\u0113jums ****Klimata klase SN-TAukstuma saglab\u0101\u0161ana [&hellip;]<\/p>\n","protected":false},"featured_media":25512,"comment_status":"open","ping_status":"closed","template":"","meta":{"_joinchat":[]},"product_brand":[269],"product_cat":[289],"product_tag":[],"class_list":{"0":"post-25515","1":"product","2":"type-product","3":"status-publish","4":"has-post-thumbnail","6":"product_brand-beko","7":"product_cat-sadzives-tehnika-saldetavas","9":"first","10":"instock","11":"shipping-taxable","12":"purchasable","13":"product-type-simple"},"_links":{"self":[{"href":"https:\/\/emeniro.lovehorses.lv\/ru\/wp-json\/wp\/v2\/product\/25515","targetHints":{"allow":["GET"]}}],"collection":[{"href":"https:\/\/emeniro.lovehorses.lv\/ru\/wp-json\/wp\/v2\/product"}],"about":[{"href":"https:\/\/emeniro.lovehorses.lv\/ru\/wp-json\/wp\/v2\/types\/product"}],"replies":[{"embeddable":true,"href":"https:\/\/emeniro.lovehorses.lv\/ru\/wp-json\/wp\/v2\/comments?post=25515"}],"wp:featuredmedia":[{"embeddable":true,"href":"https:\/\/emeniro.lovehorses.lv\/ru\/wp-json\/wp\/v2\/media\/25512"}],"wp:attachment":[{"href":"https:\/\/emeniro.lovehorses.lv\/ru\/wp-json\/wp\/v2\/media?parent=25515"}],"wp:term":[{"taxonomy":"product_brand","embeddable":true,"href":"https:\/\/emeniro.lovehorses.lv\/ru\/wp-json\/wp\/v2\/product_brand?post=25515"},{"taxonomy":"product_cat","embeddable":true,"href":"https:\/\/emeniro.lovehorses.lv\/ru\/wp-json\/wp\/v2\/product_cat?post=25515"},{"taxonomy":"product_tag","embeddable":true,"href":"https:\/\/emeniro.lovehorses.lv\/ru\/wp-json\/wp\/v2\/product_tag?post=25515"}],"curies":[{"name":"wp","href":"https:\/\/api.w.org\/{rel}","templated":true}]}}