{"id":25681,"date":"2026-04-30T22:45:49","date_gmt":"2026-04-30T22:45:49","guid":{"rendered":"https:\/\/emeniro.lovehorses.lv\/product\/candy-cid30-1\/"},"modified":"2026-04-30T22:45:49","modified_gmt":"2026-04-30T22:45:49","slug":"candy-cid30-1","status":"publish","type":"product","link":"https:\/\/emeniro.lovehorses.lv\/ru\/product\/candy-cid30-1\/","title":{"rendered":"Candy CID30\/1"},"content":{"rendered":"<p>Pre\u010du z\u012bme\u00a0 \u00a0 Candy<\/p>\n<p>\u00a0 \u00a0 Tips\u00a0 \u00a0 Indukcijas<br \/>\u00a0 \u00a0 Kr\u0101sa\u00a0 \u00a0 Melna<br \/>\u00a0 \u00a0 Sildri\u0146\u0137u skaits\u00a0 \u00a0 2<br \/>\u00a0 \u00a0 EAN\u00a0 \u00a0 8059019100302<br \/>\u0423\u043f\u0440\u0430\u0432\u043b\u0435\u043d\u0438\u0435<br \/>\u00a0 \u00a0 Vad\u012bba\u00a0 \u00a0 Sk\u0101rienvad\u012bba<br \/>\u00a0 \u00a0 Vad\u012bbas panelis\u00a0 \u00a0 Sk\u0101rienj\u016bt\u012bgs<br \/>\u0420\u0430\u0437\u043c\u0435\u0440\u044b \u0438 \u0432\u0435\u0441<br \/>\u00a0 \u00a0 Izm\u0113ri (cm)\u00a0 \u00a0 5.6\u00d728.8\u00d752<br \/>\u00a0 \u00a0 Svars\u00a0 \u00a0 5 kg<br \/>\u00a0 \u00a0 Svars ar iepakojumu\u00a0 \u00a0 6 kg<br \/>\u0414\u0440\u0443\u0433\u0438\u0435 \u043f\u0430\u0440\u0430\u043c\u0435\u0442\u0440\u044b<br \/>\u00a0 \u00a0 Taimeris\u00a0 \u00a0 Ir<br \/>\u00a0 \u00a0 \u0417\u0430\u0449\u0438\u0442\u0430 \u0434\u0435\u0442\u0441\u043a\u043e\u0439 \u0431\u0435\u0437\u043e\u043f\u0430\u0441\u043d\u043e\u0441\u0442\u0438\u00a0 \u00a0\u00a0<br \/>\u00a0 \u00a0 Kop\u0113j\u0101 jauda\u00a0 \u00a0 3.5 kW<\/p><\/p>","protected":false},"excerpt":{"rendered":"<p>Pre\u010du z\u012bme\u00a0 \u00a0 Candy \u00a0 \u00a0 Tips\u00a0 \u00a0 Indukcijas\u00a0 \u00a0 Kr\u0101sa\u00a0 \u00a0 Melna\u00a0 \u00a0 Sildri\u0146\u0137u skaits\u00a0 \u00a0 2\u00a0 \u00a0 EAN\u00a0 \u00a0 8059019100302Vad\u012bba\u00a0 \u00a0 Vad\u012bba\u00a0 \u00a0 Sk\u0101rienvad\u012bba\u00a0 \u00a0 Vad\u012bbas panelis\u00a0 \u00a0 Sk\u0101rienj\u016bt\u012bgsIzm\u0113rs, svars\u00a0 \u00a0 Izm\u0113ri (cm)\u00a0 \u00a0 5.6\u00d728.8\u00d752\u00a0 \u00a0 Svars\u00a0 \u00a0 5 kg\u00a0 \u00a0 Svars ar iepakojumu\u00a0 \u00a0 6 kgCiti parametri\u00a0 \u00a0 Taimeris\u00a0 \u00a0 Ir\u00a0 \u00a0 [&hellip;]<\/p>\n","protected":false},"featured_media":25676,"comment_status":"open","ping_status":"closed","template":"","meta":{"_joinchat":[]},"product_brand":[267],"product_cat":[351],"product_tag":[],"class_list":{"0":"post-25681","1":"product","2":"type-product","3":"status-publish","4":"has-post-thumbnail","6":"product_brand-candy","7":"product_cat-iebuvejama-sadzives-tehnika-indukcijas-virsmas","9":"first","10":"instock","11":"shipping-taxable","12":"purchasable","13":"product-type-simple"},"_links":{"self":[{"href":"https:\/\/emeniro.lovehorses.lv\/ru\/wp-json\/wp\/v2\/product\/25681","targetHints":{"allow":["GET"]}}],"collection":[{"href":"https:\/\/emeniro.lovehorses.lv\/ru\/wp-json\/wp\/v2\/product"}],"about":[{"href":"https:\/\/emeniro.lovehorses.lv\/ru\/wp-json\/wp\/v2\/types\/product"}],"replies":[{"embeddable":true,"href":"https:\/\/emeniro.lovehorses.lv\/ru\/wp-json\/wp\/v2\/comments?post=25681"}],"wp:featuredmedia":[{"embeddable":true,"href":"https:\/\/emeniro.lovehorses.lv\/ru\/wp-json\/wp\/v2\/media\/25676"}],"wp:attachment":[{"href":"https:\/\/emeniro.lovehorses.lv\/ru\/wp-json\/wp\/v2\/media?parent=25681"}],"wp:term":[{"taxonomy":"product_brand","embeddable":true,"href":"https:\/\/emeniro.lovehorses.lv\/ru\/wp-json\/wp\/v2\/product_brand?post=25681"},{"taxonomy":"product_cat","embeddable":true,"href":"https:\/\/emeniro.lovehorses.lv\/ru\/wp-json\/wp\/v2\/product_cat?post=25681"},{"taxonomy":"product_tag","embeddable":true,"href":"https:\/\/emeniro.lovehorses.lv\/ru\/wp-json\/wp\/v2\/product_tag?post=25681"}],"curies":[{"name":"wp","href":"https:\/\/api.w.org\/{rel}","templated":true}]}}