{"id":25687,"date":"2026-04-30T22:45:57","date_gmt":"2026-04-30T22:45:57","guid":{"rendered":"https:\/\/emeniro.lovehorses.lv\/product\/liebherr-cff2500\/"},"modified":"2026-04-30T22:45:57","modified_gmt":"2026-04-30T22:45:57","slug":"liebherr-cff2500","status":"publish","type":"product","link":"https:\/\/emeniro.lovehorses.lv\/ru\/product\/liebherr-cff2500\/","title":{"rendered":"Liebherr CFF2500"},"content":{"rendered":"<p>\u0411\u0440\u0435\u043d\u0434 Liebherr<\/p>\n<p>\u041a\u043e\u0434 \u043f\u0440\u043e\u0434\u0443\u043a\u0442\u0430 993860351<br \/>\u0426\u0432\u0435\u0442 \u0411\u0435\u043b\u044b\u0439<br \/>EAN 9550000031012<br \/>\u041d\u043e\u0432\u0430\u044f \u044d\u043d\u0435\u0440\u0433\u0435\u0442\u0438\u0447\u0435\u0441\u043a\u0430\u044f \u043c\u0430\u0440\u043a\u0438\u0440\u043e\u0432\u043a\u0430 \u0441 2021 \u0433\u043e\u0434\u0430<br \/>\u041a\u043b\u0430\u0441\u0441 \u044d\u043d\u0435\u0440\u0433\u043e\u044d\u0444\u0444\u0435\u043a\u0442\u0438\u0432\u043d\u043e\u0441\u0442\u0438 F<br \/>\u0413\u043e\u0434\u043e\u0432\u043e\u0435 \u043f\u043e\u0442\u0440\u0435\u0431\u043b\u0435\u043d\u0438\u0435 \u044d\u043b\u0435\u043a\u0442\u0440\u043e\u044d\u043d\u0435\u0440\u0433\u0438\u0438 324 \u043a\u0412\u0442\u0447<br \/>\u0401\u043c\u043a\u043e\u0441\u0442\u044c<br \/>\u041e\u0431\u044a\u0435\u043c \u043e\u0442\u0434\u0435\u043b\u0435\u043d\u0438\u044f \u0434\u043b\u044f \u0437\u0430\u043c\u043e\u0440\u043e\u0436\u0435\u043d\u043d\u044b\u0445 \u043f\u0440\u043e\u0434\u0443\u043a\u0442\u043e\u0432 497 \u043b<br \/>\u0423\u0440\u043e\u0432\u0435\u043d\u044c \u0448\u0443\u043c\u0430<br \/>\u0423\u0440\u043e\u0432\u0435\u043d\u044c \u0448\u0443\u043c\u0430 39 \u0434\u0411<br \/>\u041a\u043b\u0430\u0441\u0441 \u0430\u043a\u0443\u0441\u0442\u0438\u0447\u0435\u0441\u043a\u043e\u0433\u043e \u0448\u0443\u043c\u0430 \u044d\u043c\u0438\u0441\u0441\u0438\u0438 C<br \/>\u0420\u0430\u0437\u043c\u0435\u0440\u044b, \u0432\u0435\u0441<br \/>\u0412\u044b\u0441\u043e\u0442\u0430 82.5 \u0441\u043c<br \/>\u0428\u0438\u0440\u0438\u043d\u0430 167.5 \u0441\u043c<br \/>\u0413\u043b\u0443\u0431\u0438\u043d\u0430 72.2 \u0441\u043c<br \/>\u0412\u0435\u0441 70.3 \u043a\u0433<br \/>\u0412\u0435\u0441 \u0441 \u0443\u043f\u0430\u043a\u043e\u0432\u043a\u043e\u0439 76 \u043a\u0433<br \/>\u0423\u043f\u0440\u0430\u0432\u043b\u0435\u043d\u0438\u0435<br \/>\u042d\u043b\u0435\u043a\u0442\u0440\u043e\u043d\u043d\u044b\u0439 \u0434\u0438\u0441\u043f\u043b\u0435\u0439 \u0415\u0441\u0442\u044c<br \/>\u0423\u043f\u0440\u0430\u0432\u043b\u0435\u043d\u0438\u0435 \u042d\u043b\u0435\u043a\u0442\u0440\u043e\u043d\u043d\u043e\u0435<br \/>\u0414\u0440\u0443\u0433\u0438\u0435 \u043f\u0430\u0440\u0430\u043c\u0435\u0442\u0440\u044b<br \/>\u041a\u043e\u043b\u0438\u0447\u0435\u0441\u0442\u0432\u043e \u043a\u043e\u0440\u0437\u0438\u043d 2<br \/>\u041c\u043e\u0449\u043d\u043e\u0441\u0442\u044c \u0437\u0430\u043c\u043e\u0440\u0430\u0436\u0438\u0432\u0430\u043d\u0438\u044f \u043a\u0433\/24\u0447 20<br \/>\u041a\u043b\u0430\u0441\u0441 \u043c\u043e\u0440\u043e\u0437\u0438\u043b\u044c\u043d\u043e\u0439 \u043a\u0430\u043c\u0435\u0440\u044b ****<br \/>\u041a\u043b\u0438\u043c\u0430\u0442\u0438\u0447\u0435\u0441\u043a\u0438\u0439 \u043a\u043b\u0430\u0441\u0441 SN-T<br \/>\u0421\u043e\u0445\u0440\u0430\u043d\u0435\u043d\u0438\u0435 \u0445\u043e\u043b\u043e\u0434\u0430 \u043f\u0440\u0438 \u043e\u0442\u043a\u043b\u044e\u0447\u0435\u043d\u0438\u0438 \u043f\u0438\u0442\u0430\u043d\u0438\u044f (\u0447) 40<br \/>\u0421\u0438\u0433\u043d\u0430\u043b\u0438\u0437\u0430\u0446\u0438\u044f \u043e\u0442\u043a\u0440\u044b\u0442\u043e\u0439 \u0434\u0432\u0435\u0440\u0438 \u0415\u0441\u0442\u044c<br \/>\u041f\u043e\u0434\u0445\u043e\u0434\u0438\u0442 \u0434\u043b\u044f \u043d\u0438\u0437\u043a\u0438\u0445 \u0442\u0435\u043c\u043f\u0435\u0440\u0430\u0442\u0443\u0440 -15\u00b0C<\/p>","protected":false},"excerpt":{"rendered":"<p>Pre\u010du z\u012bme Liebherr Produkta kods 993860351Kr\u0101sa BaltaEAN 9550000031012Jaunais energomar\u0137\u0113jums no 2021.gadaEnergoefektivit\u0101tes klase FElektroener\u0123ijas pat\u0113ri\u0146\u0161 gad\u0101 324 kWhIetilp\u012bbaSald\u0113to p\u0101rtikas produktu nodal\u012bjuma tilpums 497 lTrok\u0161\u0146a l\u012bmenisTrok\u0161\u0146a l\u012bmenis 39 dBAkustisk\u0101 trok\u0161\u0146a emisijas klase CIzm\u0113ri, svarsAugstums 82.5 cmPlatums 167.5 cmDzi\u013cums 72.2 cmSvars 70.3 kgSvars ar iepakojumu 76 kgVad\u012bbaElektroniskais displejs IrVad\u012bba ElektroniskaCiti parametriGrozu skaits 2Sasald\u0113\u0161anas jauda kg\/24h 20Sald\u0113tavas klases apz\u012bm\u0113jums [&hellip;]<\/p>\n","protected":false},"featured_media":25682,"comment_status":"open","ping_status":"closed","template":"","meta":{"_joinchat":[]},"product_brand":[290],"product_cat":[289],"product_tag":[],"class_list":{"0":"post-25687","1":"product","2":"type-product","3":"status-publish","4":"has-post-thumbnail","6":"product_brand-liebherr","7":"product_cat-sadzives-tehnika-saldetavas","9":"first","10":"instock","11":"shipping-taxable","12":"purchasable","13":"product-type-simple"},"_links":{"self":[{"href":"https:\/\/emeniro.lovehorses.lv\/ru\/wp-json\/wp\/v2\/product\/25687","targetHints":{"allow":["GET"]}}],"collection":[{"href":"https:\/\/emeniro.lovehorses.lv\/ru\/wp-json\/wp\/v2\/product"}],"about":[{"href":"https:\/\/emeniro.lovehorses.lv\/ru\/wp-json\/wp\/v2\/types\/product"}],"replies":[{"embeddable":true,"href":"https:\/\/emeniro.lovehorses.lv\/ru\/wp-json\/wp\/v2\/comments?post=25687"}],"wp:featuredmedia":[{"embeddable":true,"href":"https:\/\/emeniro.lovehorses.lv\/ru\/wp-json\/wp\/v2\/media\/25682"}],"wp:attachment":[{"href":"https:\/\/emeniro.lovehorses.lv\/ru\/wp-json\/wp\/v2\/media?parent=25687"}],"wp:term":[{"taxonomy":"product_brand","embeddable":true,"href":"https:\/\/emeniro.lovehorses.lv\/ru\/wp-json\/wp\/v2\/product_brand?post=25687"},{"taxonomy":"product_cat","embeddable":true,"href":"https:\/\/emeniro.lovehorses.lv\/ru\/wp-json\/wp\/v2\/product_cat?post=25687"},{"taxonomy":"product_tag","embeddable":true,"href":"https:\/\/emeniro.lovehorses.lv\/ru\/wp-json\/wp\/v2\/product_tag?post=25687"}],"curies":[{"name":"wp","href":"https:\/\/api.w.org\/{rel}","templated":true}]}}