{"id":25852,"date":"2026-04-30T22:50:39","date_gmt":"2026-04-30T22:50:39","guid":{"rendered":"https:\/\/emeniro.lovehorses.lv\/product\/bosch-bfl523mb3-iebuvejama-mikrovilnu-krasns\/"},"modified":"2026-04-30T22:50:39","modified_gmt":"2026-04-30T22:50:39","slug":"bosch-bfl523mb3-iebuvejama-mikrovilnu-krasns","status":"publish","type":"product","link":"https:\/\/emeniro.lovehorses.lv\/ru\/product\/bosch-bfl523mb3-iebuvejama-mikrovilnu-krasns\/","title":{"rendered":"\u0412\u0441\u0442\u0440\u0430\u0438\u0432\u0430\u0435\u043c\u0430\u044f \u043c\u0438\u043a\u0440\u043e\u0432\u043e\u043b\u043d\u043e\u0432\u0430\u044f \u043f\u0435\u0447\u044c Bosch BFL523MB3"},"content":{"rendered":"<p>\u0411\u0440\u0435\u043d\u0434 Bosch<\/p>\n<p>\u0426\u0432\u0435\u0442 \u0427\u0435\u0440\u043d\u044b\u0439<br \/>\u041e\u0431\u044a\u0435\u043c 20 \u043b<br \/>EAN 4242005291243<br \/>\u0420\u0430\u0437\u043c\u0435\u0440\u044b \u0438 \u0432\u0435\u0441<br \/>\u0420\u0430\u0437\u043c\u0435\u0440 (\u0428x\u0412x\u0413) \u043c\u043c 495x382x335<br \/>\u0412\u0435\u0441 15 \u043a\u0433<br \/>\u0412\u0435\u0441 \u0441 \u0443\u043f\u0430\u043a\u043e\u0432\u043a\u043e\u0439 16 \u043a\u0433<br \/>\u041f\u0430\u0440\u0430\u043c\u0435\u0442\u0440\u044b \u043c\u0438\u043a\u0440\u043e\u0432\u043e\u043b\u043d\u043e\u0432\u043e\u0439 \u043f\u0435\u0447\u0438<br \/>\u0423\u043f\u0440\u0430\u0432\u043b\u0435\u043d\u0438\u0435 \u042d\u043b\u0435\u043a\u0442\u0440\u043e\u043d\u043d\u043e\u0435<br \/>\u041c\u043e\u0449\u043d\u043e\u0441\u0442\u044c \u043c\u0438\u043a\u0440\u043e\u0432\u043e\u043b\u043d 800 \u0412\u0442<\/p>","protected":false},"excerpt":{"rendered":"<p>Pre\u010du z\u012bme Bosch Kr\u0101sa MelnaTilpums 20 lEAN 4242005291243Izm\u0113rs, svarsIzm\u0113rs (PxAxDz) mm 495x382x335Svars 15 kgSvars ar iepakojumu 16 kgMikrovi\u013c\u0146u kr\u0101sns parametriVad\u012bba ElektroniskaMikrovi\u013c\u0146u izejas jauda 800 W<\/p>","protected":false},"featured_media":25848,"comment_status":"open","ping_status":"closed","template":"","meta":{"_joinchat":[]},"product_brand":[281],"product_cat":[321],"product_tag":[],"class_list":{"0":"post-25852","1":"product","2":"type-product","3":"status-publish","4":"has-post-thumbnail","6":"product_brand-bosch","7":"product_cat-iebuvejama-sadzives-tehnika-iebuvejamas-mikrovilnu-krasnis","9":"first","10":"instock","11":"shipping-taxable","12":"purchasable","13":"product-type-simple"},"_links":{"self":[{"href":"https:\/\/emeniro.lovehorses.lv\/ru\/wp-json\/wp\/v2\/product\/25852","targetHints":{"allow":["GET"]}}],"collection":[{"href":"https:\/\/emeniro.lovehorses.lv\/ru\/wp-json\/wp\/v2\/product"}],"about":[{"href":"https:\/\/emeniro.lovehorses.lv\/ru\/wp-json\/wp\/v2\/types\/product"}],"replies":[{"embeddable":true,"href":"https:\/\/emeniro.lovehorses.lv\/ru\/wp-json\/wp\/v2\/comments?post=25852"}],"wp:featuredmedia":[{"embeddable":true,"href":"https:\/\/emeniro.lovehorses.lv\/ru\/wp-json\/wp\/v2\/media\/25848"}],"wp:attachment":[{"href":"https:\/\/emeniro.lovehorses.lv\/ru\/wp-json\/wp\/v2\/media?parent=25852"}],"wp:term":[{"taxonomy":"product_brand","embeddable":true,"href":"https:\/\/emeniro.lovehorses.lv\/ru\/wp-json\/wp\/v2\/product_brand?post=25852"},{"taxonomy":"product_cat","embeddable":true,"href":"https:\/\/emeniro.lovehorses.lv\/ru\/wp-json\/wp\/v2\/product_cat?post=25852"},{"taxonomy":"product_tag","embeddable":true,"href":"https:\/\/emeniro.lovehorses.lv\/ru\/wp-json\/wp\/v2\/product_tag?post=25852"}],"curies":[{"name":"wp","href":"https:\/\/api.w.org\/{rel}","templated":true}]}}